{"id":5381,"date":"2025-05-04T16:44:51","date_gmt":"2025-05-04T16:44:51","guid":{"rendered":"https:\/\/bio.ufpr.br\/cbio\/?page_id=5381"},"modified":"2025-05-04T16:46:34","modified_gmt":"2025-05-04T16:46:34","slug":"programa-de-orientacao-academica","status":"publish","type":"page","link":"https:\/\/bio.ufpr.br\/cbio\/programa-de-orientacao-academica\/","title":{"rendered":"Programa de Orienta\u00e7\u00e3o Acad\u00eamica"},"content":{"rendered":"<p>O<strong>\u00a0Programa de Orienta\u00e7\u00e3o Acad\u00eamica<\/strong>\u00a0\u00e9 uma pol\u00edtica institu\u00edda na UFPR pela\u00a0<a href=\"http:\/\/www.prograd.ufpr.br\/portal\/copeg\/wp-content\/uploads\/sites\/3\/2023\/02\/POA-RESOLUCAO-95-A-15-CEPE.pdf\">Resolu\u00e7\u00e3o n\u00ba 95-A\/15 \u2013 CEPE,<\/a>\u00a0para acompanhar estudantes, por meio de metodologias de tutoria, durante sua trajet\u00f3ria na universidade.<\/p>\n<p>Atualmente, o POA do curso de Ci\u00eancias Biol\u00f3gicas est\u00e1 em fase de implementa\u00e7\u00e3o, com previs\u00e3o para in\u00edcio das opera\u00e7\u00f5es no segundo semestre de 2025.<\/p>\n<p>Confira as orienta\u00e7\u00f5es gerais da Coordena\u00e7\u00e3o de Pol\u00edticas e A\u00e7\u00f5es Estrat\u00e9gicas &#8211; COPLAE: <a href=\"http:\/\/www.prograd.ufpr.br\/portal\/copeg\/programa-de-orientacao-academica-poa\">http:\/\/www.prograd.ufpr.br\/portal\/copeg\/programa-de-orientacao-academica-poa<\/a><\/p>\n","protected":false},"excerpt":{"rendered":"<p>O\u00a0Programa de Orienta\u00e7\u00e3o Acad\u00eamica\u00a0\u00e9 uma pol\u00edtica institu\u00edda na UFPR pela\u00a0Resolu\u00e7\u00e3o n\u00ba 95-A\/15 \u2013 CEPE,\u00a0para acompanhar estudantes, por meio de metodologias de tutoria, durante sua trajet\u00f3ria na universidade. Atualmente, o POA do curso de Ci\u00eancias Biol\u00f3gicas est\u00e1 em fase de implementa\u00e7\u00e3o, com previs\u00e3o para in\u00edcio das opera\u00e7\u00f5es no segundo semestre de 2025. Confira as orienta\u00e7\u00f5es gerais [&hellip;]<\/p>\n","protected":false},"author":2135,"featured_media":0,"parent":0,"menu_order":0,"comment_status":"closed","ping_status":"closed","template":"","meta":{"_acf_changed":false,"_monsterinsights_skip_tracking":false,"_monsterinsights_sitenote_active":false,"_monsterinsights_sitenote_note":"","_monsterinsights_sitenote_category":0,"footnotes":""},"class_list":["post-5381","page","type-page","status-publish","hentry"],"acf":[],"_links":{"self":[{"href":"https:\/\/bio.ufpr.br\/cbio\/wp-json\/wp\/v2\/pages\/5381","targetHints":{"allow":["GET"]}}],"collection":[{"href":"https:\/\/bio.ufpr.br\/cbio\/wp-json\/wp\/v2\/pages"}],"about":[{"href":"https:\/\/bio.ufpr.br\/cbio\/wp-json\/wp\/v2\/types\/page"}],"author":[{"embeddable":true,"href":"https:\/\/bio.ufpr.br\/cbio\/wp-json\/wp\/v2\/users\/2135"}],"replies":[{"embeddable":true,"href":"https:\/\/bio.ufpr.br\/cbio\/wp-json\/wp\/v2\/comments?post=5381"}],"version-history":[{"count":3,"href":"https:\/\/bio.ufpr.br\/cbio\/wp-json\/wp\/v2\/pages\/5381\/revisions"}],"predecessor-version":[{"id":5385,"href":"https:\/\/bio.ufpr.br\/cbio\/wp-json\/wp\/v2\/pages\/5381\/revisions\/5385"}],"wp:attachment":[{"href":"https:\/\/bio.ufpr.br\/cbio\/wp-json\/wp\/v2\/media?parent=5381"}],"curies":[{"name":"wp","href":"https:\/\/api.w.org\/{rel}","templated":true}]}}