{"id":56,"date":"2013-04-26T18:47:07","date_gmt":"2013-04-26T18:47:07","guid":{"rendered":"https:\/\/bio.ufpr.br\/cbio\/?page_id=56"},"modified":"2025-10-01T20:59:33","modified_gmt":"2025-10-01T20:59:33","slug":"forma-de-ingresso","status":"publish","type":"page","link":"https:\/\/bio.ufpr.br\/cbio\/forma-de-ingresso\/","title":{"rendered":"Formas de Ingresso"},"content":{"rendered":"\r\n<p>H\u00e1 tr\u00eas formas de ingressar em curso de gradua\u00e7\u00e3o na UFPR, s\u00e3o elas:<\/p>\r\n<p>&nbsp;<\/p>\r\n<p><strong><span class=\"mu-course-details\">1. PROCESSO SELETIVO UFPR\u00a0<\/span> &#8211; VESTIBULAR \u00a0 \u00a0 \u00a0\u00a0<\/strong><\/p>\r\n\r\n<p>&nbsp;<\/p>\r\n\r\n<p>O exame Vestibular \u00e9 realizado anualmente pela UFPR para selecionar candidatos a uma vaga nos cursos de gradua\u00e7\u00e3o. Normalmente, as inscri\u00e7\u00f5es ao processo seletivo s\u00e3o abertas em agosto e, as provas, realizadas em dezembro. Mais informa\u00e7\u00f5es em:\u00a0<a href=\"http:\/\/www.nc.ufpr.br\/\" target=\"_blank\" rel=\"noreferrer noopener\">www.nc.ufpr.br<\/a><\/p>\r\n\r\n\r\n\r\n\r\n\r\n<p>&nbsp;<\/p>\r\n<p><strong><span class=\"mu-course-details\">2. SISTEMA DE SELE\u00c7\u00c3O UNIFICADA\u00a0<\/span> &#8211; SISU\u00a0 \u00a0\u00a0<\/strong><\/p>\r\n<p>&nbsp;<\/p>\r\n<p>O Sistema de Sele\u00e7\u00e3o Unificada (Sisu) re\u00fane em um sistema eletr\u00f4nico gerido pelo MEC as vagas ofertadas por institui\u00e7\u00f5es p\u00fablicas de ensino superior de todo o Brasil, sendo a grande maioria delas ofertada por institui\u00e7\u00f5es federais (universidades e institutos). O sistema executa a sele\u00e7\u00e3o dos estudantes com base na nota do Exame Nacional do Ensino M\u00e9dio (Enem). At\u00e9 o limite da oferta das vagas, por curso e modalidade de concorr\u00eancia, de acordo com as escolhas dos candidatos inscritos, eles s\u00e3o selecionados por ordem de maior classifica\u00e7\u00e3o, em cada uma das duas edi\u00e7\u00f5es anuais do Sisu.<\/p>\r\n<p>&nbsp;<\/p>\r\n<p><strong>3. PROCESSO DE OCUPA\u00c7\u00c3O DE VAGAS REMANESCENTES &#8211; PROVAR<\/strong><\/p>\r\n<p>&nbsp;<\/p>\r\n\r\n\r\n\r\n<p>O Processo de Ocupa\u00e7\u00e3o de Vagas Remanescentes (Provar) \u00e9 uma sele\u00e7\u00e3o anual da UFPR para preencher as vagas remanescentes a partir do 2\u00ba ano dos cursos. O Provar atende os alunos da pr\u00f3pria UFPR \u2013 com troca de turno e habilita\u00e7\u00e3o; alunos de outras institui\u00e7\u00f5es; e ex-alunos da UFPR que queiram voltar para seus cursos ou mesmo aqueles profissionais que queiram fazer outro curso de gradua\u00e7\u00e3o. Mais informa\u00e7\u00f5es no site\u00a0<a href=\"http:\/\/www.provar.ufpr.br\/\" target=\"_blank\" rel=\"noreferrer noopener\">www.provar.ufpr.br<\/a><\/p>\r\n\r\n<p>&nbsp;<\/p>\r\n\r\n<p style=\"padding-left: 40px\"><span style=\"font-size: 20px\">&#x1f4cd;<\/span><em><b>Modalidades de PROVAR p<\/b><b>ara a comunidade interna<\/b>:<\/em><span data-ccp-props=\"{&quot;201341983&quot;:2,&quot;335551550&quot;:6,&quot;335551620&quot;:6,&quot;335559739&quot;:150,&quot;335559740&quot;:420}\">\u00a0<\/span><\/p>\r\n\r\n\r\n\r\n<p style=\"padding-left: 80px\"><span style=\"font-size: 20px\">&#x1f539;<\/span><b><span data-contrast=\"none\">Mudan\u00e7a de turno:<\/span><\/b><span data-ccp-props=\"{&quot;201341983&quot;:0,&quot;335559739&quot;:0,&quot;335559740&quot;:240}\">\u00a0<\/span><span data-contrast=\"none\">Destinada a estudantes da UFPR interessados em mudan\u00e7a de turno entre cursos com matrizes curriculares similares que permitam um elevado n\u00famero de equival\u00eancias entre si.<\/span><span data-ccp-props=\"{&quot;201341983&quot;:2,&quot;335551550&quot;:6,&quot;335551620&quot;:6,&quot;335559739&quot;:150,&quot;335559740&quot;:420}\">\u00a0<\/span><\/p>\r\n\r\n\r\n\r\n<p style=\"padding-left: 80px\"><span style=\"font-size: 20px\">&#x1f539;<\/span><b><span data-contrast=\"none\">Mudan\u00e7a de habilita\u00e7\u00e3o:<\/span><\/b><span data-ccp-props=\"{&quot;201341983&quot;:0,&quot;335559739&quot;:0,&quot;335559740&quot;:240}\">\u00a0<\/span><span data-contrast=\"none\">Destinada a estudantes da UFPR interessados em mudan\u00e7a de habilita\u00e7\u00e3o entre cursos com matrizes curriculares similares que permitam um elevado n\u00famero de equival\u00eancias entre si.<\/span><span data-ccp-props=\"{&quot;201341983&quot;:2,&quot;335551550&quot;:6,&quot;335551620&quot;:6,&quot;335559739&quot;:150,&quot;335559740&quot;:420}\">\u00a0<\/span><\/p>\r\n\r\n\r\n\r\n<p style=\"padding-left: 80px\"><span style=\"font-size: 20px\">&#x1f539;<\/span><b><span data-contrast=\"none\">Mudan\u00e7a de campus:<\/span><\/b><span data-ccp-props=\"{&quot;201341983&quot;:0,&quot;335559739&quot;:0,&quot;335559740&quot;:240}\">\u00a0<\/span><span data-contrast=\"none\">Destinada a estudantes da UFPR interessados em mudan\u00e7a para outro campus entre cursos com matrizes curriculares similares que permitam um elevado n\u00famero de equival\u00eancias entre si.<\/span><span data-ccp-props=\"{&quot;201341983&quot;:2,&quot;335551550&quot;:6,&quot;335551620&quot;:6,&quot;335559739&quot;:150,&quot;335559740&quot;:420}\">\u00a0<\/span><\/p>\r\n\r\n\r\n\r\n<p style=\"padding-left: 80px\"><span style=\"font-size: 20px\">&#x1f539;<\/span><b><span data-contrast=\"none\">Reop\u00e7\u00e3o de curso:<\/span><\/b><span data-ccp-props=\"{&quot;201341983&quot;:0,&quot;335559739&quot;:0,&quot;335559740&quot;:240}\">\u00a0<\/span><span data-contrast=\"none\">Destinada a estudantes da UFPR interessados em mudan\u00e7a entre cursos com matrizes curriculares distintas, desde que o curso de origem seja identificado como curso afim pela coordena\u00e7\u00e3o do curso desejado.<\/span><span data-ccp-props=\"{&quot;201341983&quot;:2,&quot;335551550&quot;:6,&quot;335551620&quot;:6,&quot;335559739&quot;:150,&quot;335559740&quot;:420}\">\u00a0<\/span><\/p>\r\n\r\n<p style=\"padding-left: 80px\">\u00a0<\/p>\r\n\r\n<p style=\"padding-left: 40px\"><span style=\"font-size: 20px\">&#x1f4cd;<\/span><em><b> Modalidades de PROVAR para a comunidade externa:<\/b><\/em><\/p>\r\n\r\n\r\n\r\n<p style=\"padding-left: 80px\"><span style=\"font-size: 20px\">&#x1f539;<\/span><b><span data-contrast=\"none\">Reintegra\u00e7\u00e3o de ex-aluno:<\/span><\/b><span data-ccp-props=\"{&quot;201341983&quot;:0,&quot;335559739&quot;:0,&quot;335559740&quot;:240}\">\u00a0<\/span><span data-contrast=\"none\">Destinada a estudantes com registro cancelado na UFPR interessados em reingressar em vers\u00e3o ativa do seu curso de origem.<\/span><span data-ccp-props=\"{&quot;201341983&quot;:2,&quot;335551550&quot;:6,&quot;335551620&quot;:6,&quot;335559739&quot;:150,&quot;335559740&quot;:420}\">\u00a0<\/span><\/p>\r\n\r\n\r\n\r\n<p style=\"padding-left: 80px\"><span style=\"font-size: 20px\">&#x1f539;<\/span><b><span data-contrast=\"none\">Transfer\u00eancia externa:<\/span><\/b><span data-ccp-props=\"{&quot;201341983&quot;:0,&quot;335559739&quot;:0,&quot;335559740&quot;:240}\">\u00a0<\/span><span data-contrast=\"none\">Destinada a estudantes com registro acad\u00eamico ativo em outra institui\u00e7\u00e3o de ensino superior nacional ou estrangeira interessados em ingressar em curso ofertado pela UFPR desde que o seu curso de origem seja identificado como curso afim pela coordena\u00e7\u00e3o do curso desejado.<\/span><span data-ccp-props=\"{&quot;201341983&quot;:2,&quot;335551550&quot;:6,&quot;335551620&quot;:6,&quot;335559739&quot;:150,&quot;335559740&quot;:420}\">\u00a0<\/span><\/p>\r\n\r\n\r\n\r\n<p style=\"padding-left: 80px\"><span style=\"font-size: 20px\">&#x1f539;<\/span><b><span data-contrast=\"none\">Complementa\u00e7\u00e3o de estudos:<\/span><\/b><span data-ccp-props=\"{&quot;201341983&quot;:0,&quot;335559739&quot;:0,&quot;335559740&quot;:240}\">\u00a0<\/span><span data-contrast=\"none\">Destinada a estudantes graduados em qualquer institui\u00e7\u00e3o de ensino superior interessado em ingressar na UFPR para obter uma nova habilita\u00e7\u00e3o em curso ofertado pela UFPR.<\/span><span data-ccp-props=\"{&quot;201341983&quot;:2,&quot;335551550&quot;:6,&quot;335551620&quot;:6,&quot;335559739&quot;:150,&quot;335559740&quot;:420}\">\u00a0<\/span><\/p>\r\n\r\n\r\n\r\n<p style=\"padding-left: 80px\"><span style=\"font-size: 20px\">&#x1f539;<\/span><b><span data-contrast=\"none\">Aproveitamento de curso superior:<\/span><\/b><span data-ccp-props=\"{&quot;201341983&quot;:0,&quot;335559739&quot;:0,&quot;335559740&quot;:240}\">\u00a0Destinada a graduados em qualquer institui\u00e7\u00e3o de ensino superior interessado em ingressar na UFPR para obter uma nova gradua\u00e7\u00e3o em curso ofertado pela UFPR.\u00a0<\/span><\/p>\r\n\r\n<h2><br \/>Casos especiais:\u00a0TRANSFER\u00caNCIA EX-OFFICIO<\/h2>\r\n\r\n\r\n\r\n<p>A transfer\u00eancia ex-officio para a UFPR poder\u00e1 ser solicitada por servidores p\u00fablicos civis ou militares, estaduais ou federais, ou seus respectivos dependentes. que sejam transferidos ex-officio para a cidade de Curitiba-PR e que estejam vinculados a uma Institui\u00e7\u00e3o p\u00fablica de ensino superior.<\/p>\r\n\r\n\r\n\r\n<p>Informa\u00e7\u00f5es e procedimentos est\u00e3o dispon\u00edveis no endere\u00e7o: <a href=\"http:\/\/www.prograd.ufpr.br\/portal\/copap\/transferencias\/\">http:\/\/www.prograd.ufpr.br\/portal\/copap\/transferencias\/<\/a><\/p>\r\n<p>&nbsp;<\/p>\r\n<p>Atualizado em: 01\/10\/2025<\/p>\r\n","protected":false},"excerpt":{"rendered":"<p>H\u00e1 tr\u00eas formas de ingressar em curso de gradua\u00e7\u00e3o na UFPR, s\u00e3o elas: &nbsp; 1. PROCESSO SELETIVO UFPR\u00a0 &#8211; VESTIBULAR \u00a0 \u00a0 \u00a0\u00a0 &nbsp; O exame Vestibular \u00e9 realizado anualmente pela UFPR para selecionar candidatos a uma vaga nos cursos de gradua\u00e7\u00e3o. Normalmente, as inscri\u00e7\u00f5es ao processo seletivo s\u00e3o abertas em agosto e, as provas, [&hellip;]<\/p>\n","protected":false},"author":7,"featured_media":0,"parent":0,"menu_order":0,"comment_status":"open","ping_status":"open","template":"","meta":{"_acf_changed":false,"_monsterinsights_skip_tracking":false,"_monsterinsights_sitenote_active":false,"_monsterinsights_sitenote_note":"","_monsterinsights_sitenote_category":0,"footnotes":""},"class_list":["post-56","page","type-page","status-publish","hentry"],"acf":[],"_links":{"self":[{"href":"https:\/\/bio.ufpr.br\/cbio\/wp-json\/wp\/v2\/pages\/56","targetHints":{"allow":["GET"]}}],"collection":[{"href":"https:\/\/bio.ufpr.br\/cbio\/wp-json\/wp\/v2\/pages"}],"about":[{"href":"https:\/\/bio.ufpr.br\/cbio\/wp-json\/wp\/v2\/types\/page"}],"author":[{"embeddable":true,"href":"https:\/\/bio.ufpr.br\/cbio\/wp-json\/wp\/v2\/users\/7"}],"replies":[{"embeddable":true,"href":"https:\/\/bio.ufpr.br\/cbio\/wp-json\/wp\/v2\/comments?post=56"}],"version-history":[{"count":40,"href":"https:\/\/bio.ufpr.br\/cbio\/wp-json\/wp\/v2\/pages\/56\/revisions"}],"predecessor-version":[{"id":5645,"href":"https:\/\/bio.ufpr.br\/cbio\/wp-json\/wp\/v2\/pages\/56\/revisions\/5645"}],"wp:attachment":[{"href":"https:\/\/bio.ufpr.br\/cbio\/wp-json\/wp\/v2\/media?parent=56"}],"curies":[{"name":"wp","href":"https:\/\/api.w.org\/{rel}","templated":true}]}}