{"id":10,"date":"2018-12-20T09:05:25","date_gmt":"2018-12-20T09:05:25","guid":{"rendered":"https:\/\/bio.ufpr.br\/cef\/?page_id=10"},"modified":"2025-02-11T11:02:54","modified_gmt":"2025-02-11T11:02:54","slug":"a-coordenacao","status":"publish","type":"page","link":"https:\/\/bio.ufpr.br\/cef\/a-coordenacao\/","title":{"rendered":"A Coordena\u00e7\u00e3o"},"content":{"rendered":"<p><strong>Gest\u00e3o 2024\/2026<\/strong><\/p>\n<p>Coordenador: <strong>Profa. Dra. Cinthia Lopes da Silva<\/strong><br \/>\nVice-Coordenadora:\u00a0 <strong>Profa. Dra. Danielle Torri<\/strong><\/p>\n<p>Secretariado:<br \/>\n<strong>Guilherme Negr\u00e3o (TAE)<\/strong><br \/>\n<strong> Alexandre Mendes Paz (TAE)<\/strong><\/p>\n<p><strong>HOR\u00c1RIO DE ATENDIMENTO DA SECRETARIA:<\/strong><\/p>\n<div><span style=\"color: #0000ff\">ATENDIMENTO PRESENCIAL\u00a0(SUGERIMOS CONTATO PR\u00c9VIO)<\/span><\/div>\n<div><strong>De segunda a sexta &#8211; exceto feriados, das 09:30h \u00e0s 11:30h e das 14:00h \u00e0s 15:30h.<\/strong><\/div>\n<div><\/div>\n<div><strong>Obs.<\/strong> O atendimento com a Coordenadora do Curso coincide com o hor\u00e1rio de funcionamento da Secretaria da Coordena\u00e7\u00e3o. Os agendamentos poder\u00e3o ser realizados via e-mail da coordena\u00e7\u00e3o.<\/div>\n<div>\n<p>Para agendar atendimento, enviar mensagem para &#8216;<span style=\"color: #0000ff\">coordenacao.edf@ufpr.br<\/span>&#8216;<\/p>\n<p><span style=\"color: #333399\">Atendimento por telefone inativo para chamadas externas.<\/span><\/p>\n<\/div>\n","protected":false},"excerpt":{"rendered":"<p>Gest\u00e3o 2024\/2026 Coordenador: Profa. Dra. Cinthia Lopes da Silva Vice-Coordenadora:\u00a0 Profa. Dra. Danielle Torri Secretariado: Guilherme Negr\u00e3o (TAE) Alexandre Mendes Paz (TAE) HOR\u00c1RIO DE ATENDIMENTO DA SECRETARIA: ATENDIMENTO PRESENCIAL\u00a0(SUGERIMOS CONTATO PR\u00c9VIO) De segunda a sexta &#8211; exceto feriados, das 09:30h \u00e0s 11:30h e das 14:00h \u00e0s 15:30h. Obs. O atendimento com a Coordenadora do Curso [&hellip;]<\/p>\n","protected":false},"author":6,"featured_media":0,"parent":0,"menu_order":0,"comment_status":"closed","ping_status":"closed","template":"","meta":{"_acf_changed":false,"_monsterinsights_skip_tracking":false,"_monsterinsights_sitenote_active":false,"_monsterinsights_sitenote_note":"","_monsterinsights_sitenote_category":0,"footnotes":""},"class_list":["post-10","page","type-page","status-publish","hentry"],"acf":[],"_links":{"self":[{"href":"https:\/\/bio.ufpr.br\/cef\/wp-json\/wp\/v2\/pages\/10","targetHints":{"allow":["GET"]}}],"collection":[{"href":"https:\/\/bio.ufpr.br\/cef\/wp-json\/wp\/v2\/pages"}],"about":[{"href":"https:\/\/bio.ufpr.br\/cef\/wp-json\/wp\/v2\/types\/page"}],"author":[{"embeddable":true,"href":"https:\/\/bio.ufpr.br\/cef\/wp-json\/wp\/v2\/users\/6"}],"replies":[{"embeddable":true,"href":"https:\/\/bio.ufpr.br\/cef\/wp-json\/wp\/v2\/comments?post=10"}],"version-history":[{"count":23,"href":"https:\/\/bio.ufpr.br\/cef\/wp-json\/wp\/v2\/pages\/10\/revisions"}],"predecessor-version":[{"id":4087,"href":"https:\/\/bio.ufpr.br\/cef\/wp-json\/wp\/v2\/pages\/10\/revisions\/4087"}],"wp:attachment":[{"href":"https:\/\/bio.ufpr.br\/cef\/wp-json\/wp\/v2\/media?parent=10"}],"curies":[{"name":"wp","href":"https:\/\/api.w.org\/{rel}","templated":true}]}}