{"id":221,"date":"2017-05-16T12:45:30","date_gmt":"2017-05-16T12:45:30","guid":{"rendered":"https:\/\/bio.ufpr.br\/cef\/?page_id=221"},"modified":"2024-11-08T18:39:46","modified_gmt":"2024-11-08T18:39:46","slug":"normas","status":"publish","type":"page","link":"https:\/\/bio.ufpr.br\/cef\/normas\/","title":{"rendered":"Normas"},"content":{"rendered":"<p><a href=\"https:\/\/bio.ufpr.br\/cef\/wp-content\/uploads\/sites\/33\/2017\/05\/cepe3797.pdf\" target=\"_blank\" rel=\"noopener\"><strong>RESOLU\u00c7\u00c3O N\u00ba 37\/97-CEPE<\/strong><\/a><br \/>\nAprova normas b\u00e1sicas de controle e registro da atividade acad\u00eamica\u00a0dos cursos de gradua\u00e7\u00e3o da Universidade.<\/p>\n<p><a href=\"https:\/\/bio.ufpr.br\/cef\/wp-content\/uploads\/sites\/33\/2017\/05\/Estatuto_UFPR.pdf\" target=\"_blank\" rel=\"noopener\"><strong>ESTATUTO DA UNIVERSIDADE FEDERAL DO PARAN\u00c1-UFPR<\/strong><\/a><\/p>\n<p><a href=\"https:\/\/bio.ufpr.br\/cef\/wp-content\/uploads\/sites\/33\/2017\/05\/Regimento_Geral_UFPR.pdf\" target=\"_blank\" rel=\"noopener\"><strong>REGIMENTO GERAL DA UNIVERSIDADE FEDERAL DO PARAN\u00c1 \u2013 UFPR<\/strong><\/a><\/p>\n<p><a href=\"https:\/\/bio.ufpr.br\/cef\/wp-content\/uploads\/sites\/33\/2017\/05\/Regimento_biologicas_coplad3407.pdf\" target=\"_blank\" rel=\"noopener\"><strong>RESOLU\u00c7\u00c3O N\u00ba 34\/07-COPLAD<\/strong><\/a><br \/>\nRegimento do Setor de Ci\u00eancias Biol\u00f3gicas da Universidade\u00a0Federal do Paran\u00e1.<\/p>\n<p>MANUAL DO ESTUDANTE 2024 (para ingresso em 2025.1) &#8211; <a href=\"http:\/\/www.prograd.ufpr.br\/portal\/wp-content\/uploads\/2024\/02\/Manual-para-Estudantes-da-UFPR-2024-3.pdf\">LINK<\/a><\/p>\n<p>Orienta\u00e7\u00f5es sobre o POA &#8211; <a href=\"https:\/\/bio.ufpr.br\/cef\/wp-content\/uploads\/sites\/33\/2024\/11\/POA-RE1.pdf\">Resolu\u00e7\u00e3o 95-A-15<\/a><\/p>\n","protected":false},"excerpt":{"rendered":"<p>RESOLU\u00c7\u00c3O N\u00ba 37\/97-CEPE Aprova normas b\u00e1sicas de controle e registro da atividade acad\u00eamica\u00a0dos cursos de gradua\u00e7\u00e3o da Universidade. ESTATUTO DA UNIVERSIDADE FEDERAL DO PARAN\u00c1-UFPR REGIMENTO GERAL DA UNIVERSIDADE FEDERAL DO PARAN\u00c1 \u2013 UFPR RESOLU\u00c7\u00c3O N\u00ba 34\/07-COPLAD Regimento do Setor de Ci\u00eancias Biol\u00f3gicas da Universidade\u00a0Federal do Paran\u00e1. MANUAL DO ESTUDANTE 2024 (para ingresso em 2025.1) &#8211; [&hellip;]<\/p>\n","protected":false},"author":6,"featured_media":0,"parent":0,"menu_order":0,"comment_status":"closed","ping_status":"closed","template":"","meta":{"_acf_changed":false,"_monsterinsights_skip_tracking":false,"_monsterinsights_sitenote_active":false,"_monsterinsights_sitenote_note":"","_monsterinsights_sitenote_category":0,"footnotes":""},"class_list":["post-221","page","type-page","status-publish","hentry"],"acf":[],"_links":{"self":[{"href":"https:\/\/bio.ufpr.br\/cef\/wp-json\/wp\/v2\/pages\/221","targetHints":{"allow":["GET"]}}],"collection":[{"href":"https:\/\/bio.ufpr.br\/cef\/wp-json\/wp\/v2\/pages"}],"about":[{"href":"https:\/\/bio.ufpr.br\/cef\/wp-json\/wp\/v2\/types\/page"}],"author":[{"embeddable":true,"href":"https:\/\/bio.ufpr.br\/cef\/wp-json\/wp\/v2\/users\/6"}],"replies":[{"embeddable":true,"href":"https:\/\/bio.ufpr.br\/cef\/wp-json\/wp\/v2\/comments?post=221"}],"version-history":[{"count":8,"href":"https:\/\/bio.ufpr.br\/cef\/wp-json\/wp\/v2\/pages\/221\/revisions"}],"predecessor-version":[{"id":4001,"href":"https:\/\/bio.ufpr.br\/cef\/wp-json\/wp\/v2\/pages\/221\/revisions\/4001"}],"wp:attachment":[{"href":"https:\/\/bio.ufpr.br\/cef\/wp-json\/wp\/v2\/media?parent=221"}],"curies":[{"name":"wp","href":"https:\/\/api.w.org\/{rel}","templated":true}]}}