{"id":2949,"date":"2022-08-23T14:30:32","date_gmt":"2022-08-23T14:30:32","guid":{"rendered":"https:\/\/bio.ufpr.br\/cef\/?page_id=2949"},"modified":"2023-07-17T17:07:06","modified_gmt":"2023-07-17T17:07:06","slug":"quadro-de-disciplinas-ofertadas","status":"publish","type":"page","link":"https:\/\/bio.ufpr.br\/cef\/quadro-de-disciplinas-ofertadas\/","title":{"rendered":"EMENTAS (Grade de disciplinas Bacharelado e Licenciatura at\u00e9 2022)"},"content":{"rendered":"<p>O quadro abaixo cont\u00e9m as disciplinas ofertadas pelos cursos 38C-Licenciatura e 38D-Bacharelado, nos curr\u00edculos que estiveram vigentes de 2012 a 2022. A lista est\u00e1 em ordem alfanum\u00e9rica da coluna &#8216;C\u00f3digo&#8217;. Na primeira coluna est\u00e3o listados os Departamentos que ofertam as disciplinas.<\/p>\n<p>Nestes links voc\u00ea poder\u00e1 fazer download das ementas do<a href=\"https:\/\/drive.google.com\/drive\/folders\/14bFT5ufqEfZk7HywitOsFgKbz3V_FEbx?usp=sharing\" target=\"_blank\"><strong><span style=\"color: #ff6600\"> Curso 38C-Educa\u00e7\u00e3o F\u00edsica-Licenciatura-Curr\u00edculo 2012-2022<\/span><\/strong><\/a> e do <a href=\"https:\/\/drive.google.com\/drive\/folders\/1Gq96sApFNkVr2dDz4aJnqJAlLcygtV6Q?usp=sharing\" target=\"_blank\"><strong><span style=\"color: #339966\">Curso 38D-Educa\u00e7\u00e3o F\u00edsica-Bacharelado-Curr\u00edculo 2014-2022<\/span><\/strong><\/a>.\u00a0Se desejar\u00a0c\u00f3pia assinada de uma ou mais ementas, \u00e9 necess\u00e1rio contactar o Departamento que a(s) oferta. Na\u00a0segunda tabela, no fim da p\u00e1gina, constam os endere\u00e7os de e-mail dos Departamentos. Para ementas de disciplinas ofertadas em curr\u00edculos anteriores (o ano de refer\u00eancia do curr\u00edculo aparece no canto superior direito do Hist\u00f3rico), \u00e9 necess\u00e1rio contatar os Departamentos que ofertaram as\u00a0disciplinas, indicando c\u00f3digo, nome e ano de refer\u00eancia.<\/p>\n<p>Voc\u00ea pode ver <strong><a href=\"https:\/\/bio.ufpr.br\/cef\/wp-content\/uploads\/sites\/33\/2016\/10\/Periodiza%C3%A7%C3%A3o-recomendada-3.pdf\" target=\"_blank\">NESTE LINK<\/a><\/strong>, a periodiza\u00e7\u00e3o recomendada por semestre no curr\u00edculo 2012\/2014-2022.<\/p>\n<p>As c\u00e9lulas destacadas em cor azul e verde referem-se, respectivamente, \u00e0 disciplina de Semin\u00e1rios de Monografia A e B.\u00a0Discentes dos dois cursos podem realizar essa disciplina nos c\u00f3digos BE073 e BE079, ofertados pelo Departamento de Educa\u00e7\u00e3o F\u00edsica. Apenas as\/os discentes da Licenciatura podem realizar essas disciplinas nos c\u00f3digos-espelho ofertados por Departamentos do Setor de\u00a0Educa\u00e7\u00e3o (DTPEN, DTFE e DEPLAE). A escolha dos c\u00f3digos se dar\u00e1 de acordo com o Departamento ao qual pertence o\/a docente orientador\/a\u00a0indicado\/a.<\/p>\n<table width=\"866\">\n<tbody>\n<tr style=\"background-color: #8cad80\">\n<td style=\"text-align: center\" width=\"122\"><strong>Departamento<\/strong><\/td>\n<td style=\"text-align: center\" width=\"115\"><strong>C\u00f3digo<\/strong><\/td>\n<td style=\"text-align: center\" width=\"465\"><strong>Disciplina<\/strong><\/td>\n<td style=\"text-align: center\" width=\"90\"><strong>Per\u00edodo Ideal BACH<\/strong><\/td>\n<td style=\"text-align: center\" width=\"74\"><strong>Per\u00edodo Ideal LIC<\/strong><\/td>\n<\/tr>\n<tr>\n<td>DANAT<\/td>\n<td>BA028<\/td>\n<td>ANATOMIA APLICADA \u00c0 EDUCA\u00c7\u00c3O F\u00cdSICA<\/td>\n<td>1<\/td>\n<td>2<\/td>\n<\/tr>\n<tr>\n<td>DEDFIS<\/td>\n<td>BE048<\/td>\n<td>INTRODU\u00c7\u00c3O \u00c0 EDUCA\u00c7\u00c3O F\u00cdSICA<\/td>\n<td>1<\/td>\n<td>1<\/td>\n<\/tr>\n<tr>\n<td>DEDFIS<\/td>\n<td>BE049<\/td>\n<td>ATIVIDADES R\u00cdTMICAS<\/td>\n<td>2<\/td>\n<td>1<\/td>\n<\/tr>\n<tr>\n<td>DEDFIS<\/td>\n<td>BE050<\/td>\n<td>ESPORTES I<\/td>\n<td>1<\/td>\n<td>1<\/td>\n<\/tr>\n<tr>\n<td>DEDFIS<\/td>\n<td>BE051<\/td>\n<td>FUNDAMENTOS GIN\u00c1STICOS<\/td>\n<td>1<\/td>\n<td>2<\/td>\n<\/tr>\n<tr>\n<td>DEDFIS<\/td>\n<td>BE052<\/td>\n<td>FILOSOFIA E EDUCA\u00c7\u00c3O F\u00cdSICA<\/td>\n<td>1<\/td>\n<td>2<\/td>\n<\/tr>\n<tr>\n<td>DEDFIS<\/td>\n<td>BE053<\/td>\n<td>DESENVOLVIMENTO MOTOR<\/td>\n<td>2<\/td>\n<td>2<\/td>\n<\/tr>\n<tr>\n<td>DEDFIS<\/td>\n<td>BE054<\/td>\n<td>ESPORTES II<\/td>\n<td>2<\/td>\n<td>2<\/td>\n<\/tr>\n<tr>\n<td>DEDFIS<\/td>\n<td>BE055<\/td>\n<td>HIST\u00d3RIA DA EDUCA\u00c7\u00c3O F\u00cdSICA<\/td>\n<td>2<\/td>\n<td>1<\/td>\n<\/tr>\n<tr>\n<td>DEDFIS<\/td>\n<td>BE056<\/td>\n<td>BIOESTAT\u00cdSTICA<\/td>\n<td>3<\/td>\n<td>\u00a0&#8211;<\/td>\n<\/tr>\n<tr>\n<td>DEDFIS<\/td>\n<td>BE057<\/td>\n<td>INTRODU\u00c7\u00c3O \u00c0 EDUCA\u00c7\u00c3O F\u00cdSICA ADAPTADA<\/td>\n<td>3<\/td>\n<td>4<\/td>\n<\/tr>\n<tr>\n<td>DEDFIS<\/td>\n<td>BE058<\/td>\n<td>ESPORTES AQU\u00c1TICOS<\/td>\n<td>3<\/td>\n<td>4<\/td>\n<\/tr>\n<tr>\n<td>DEDFIS<\/td>\n<td>BE059<\/td>\n<td>CONTROLE E APRENDIZAGEM MOTORA<\/td>\n<td>4<\/td>\n<td>3<\/td>\n<\/tr>\n<tr>\n<td>DEDFIS<\/td>\n<td>BE060<\/td>\n<td>ESPORTES III<\/td>\n<td>4<\/td>\n<td>3<\/td>\n<\/tr>\n<tr>\n<td>DEDFIS<\/td>\n<td>BE061<\/td>\n<td>FUNDAMENTOS DO LAZER<\/td>\n<td>4<\/td>\n<td>3<\/td>\n<\/tr>\n<tr>\n<td>DEDFIS<\/td>\n<td>BE062<\/td>\n<td>DAN\u00c7A<\/td>\n<td>4<\/td>\n<td>3<\/td>\n<\/tr>\n<tr>\n<td>DEDFIS<\/td>\n<td>BE063<\/td>\n<td>ESPORTES IV<\/td>\n<td>5<\/td>\n<td>5<\/td>\n<\/tr>\n<tr>\n<td>DEDFIS<\/td>\n<td>BE064<\/td>\n<td>ATIVIDADES F\u00cdSICAS DE ACADEMIA<\/td>\n<td>5<\/td>\n<td>\u00a0&#8211;<\/td>\n<\/tr>\n<tr>\n<td>DEDFIS<\/td>\n<td>BE065<\/td>\n<td>INTRODU\u00c7\u00c3O \u00c0 BIOMEC\u00c2NICA<\/td>\n<td>5<\/td>\n<td>\u00a0&#8211;<\/td>\n<\/tr>\n<tr>\n<td>DEDFIS<\/td>\n<td>BE066<\/td>\n<td>FISIOLOGIA DO EXERC\u00cdCIO<\/td>\n<td>5<\/td>\n<td>\u00a0&#8211;<\/td>\n<\/tr>\n<tr>\n<td>DEDFIS<\/td>\n<td>BE067<\/td>\n<td>METODOLOGIA DA PESQUISA<\/td>\n<td>5<\/td>\n<td>5<\/td>\n<\/tr>\n<tr>\n<td>DEDFIS<\/td>\n<td>BE068<\/td>\n<td>MEDIDAS E AVALIA\u00c7\u00c3O EM EDUCA\u00c7\u00c3O F\u00cdSICA<\/td>\n<td>6<\/td>\n<td>\u00a0&#8211;<\/td>\n<\/tr>\n<tr>\n<td>DEDFIS<\/td>\n<td>BE069<\/td>\n<td>EXERC\u00cdCIO PARA INDIV\u00cdDUOS EM CONDI\u00c7\u00d5ES ESPECIAIS DE SA\u00daDE<\/td>\n<td>6<\/td>\n<td>\u00a0&#8211;<\/td>\n<\/tr>\n<tr>\n<td>DEDFIS<\/td>\n<td>BE070<\/td>\n<td>SOCIOLOGIA DO ESPORTE<\/td>\n<td>6<\/td>\n<td>\u00a0&#8211;<\/td>\n<\/tr>\n<tr>\n<td>DEDFIS<\/td>\n<td>BE071<\/td>\n<td>ESPORTES GIN\u00c1STICOS<\/td>\n<td>6<\/td>\n<td>5<\/td>\n<\/tr>\n<tr>\n<td>DEDFIS<\/td>\n<td>BE072<\/td>\n<td>EST\u00c1GIO A<\/td>\n<td>6<\/td>\n<td><\/td>\n<\/tr>\n<tr style=\"background-color: #9cd1e6\">\n<td>DEDFIS<\/td>\n<td>BE073<\/td>\n<td>SEMIN\u00c1RIO DE MONOGRAFIA A<\/td>\n<td>7<\/td>\n<td>7<\/td>\n<\/tr>\n<tr style=\"background-color: #9cd1e6\">\n<td>DTPEN<\/td>\n<td>EM167<\/td>\n<td>SEMIN\u00c1RIO DE MONOGRAFIA A<\/td>\n<td>&#8211;<\/td>\n<td>7<\/td>\n<\/tr>\n<tr style=\"background-color: #9cd1e6\">\n<td>DTFE<\/td>\n<td>ET078<\/td>\n<td>SEMIN\u00c1RIO DE MONOGRAFIA A<\/td>\n<td>&#8211;<\/td>\n<td>7<\/td>\n<\/tr>\n<tr style=\"background-color: #9cd1e6\">\n<td>DEPLAE<\/td>\n<td>EP155<\/td>\n<td>SEMIN\u00c1RIO DE MONOGRAFIA A<\/td>\n<td>&#8211;<\/td>\n<td>7<\/td>\n<\/tr>\n<tr>\n<td>DEDFIS<\/td>\n<td>BE074<\/td>\n<td>ATUA\u00c7\u00c3O PROFISSIONAL NO LAZER<\/td>\n<td>7<\/td>\n<td>\u00a0&#8211;<\/td>\n<\/tr>\n<tr>\n<td>DEDFIS<\/td>\n<td>BE075<\/td>\n<td>POL\u00cdTICAS P\u00daBLICAS PARA O ESPORTE E LAZER<\/td>\n<td>7<\/td>\n<td>\u00a0&#8211;<\/td>\n<\/tr>\n<tr>\n<td>DEDFIS<\/td>\n<td>BE076<\/td>\n<td>ORGANIZA\u00c7\u00c3O E ADMINISTRA\u00c7\u00c3O NA EDUCA\u00c7\u00c3O F\u00cdSICA<\/td>\n<td>7<\/td>\n<td>8<\/td>\n<\/tr>\n<tr>\n<td>DEDFIS<\/td>\n<td>BE077<\/td>\n<td>ATIVIDADE F\u00cdSICA E SA\u00daDE<\/td>\n<td>7<\/td>\n<td>\u00a0&#8211;<\/td>\n<\/tr>\n<tr>\n<td>DEDFIS<\/td>\n<td>BE078<\/td>\n<td>EST\u00c1GIO B<\/td>\n<td>7<\/td>\n<td>\u00a0&#8211;<\/td>\n<\/tr>\n<tr style=\"background-color: #9bebaf\">\n<td>DEDFIS<\/td>\n<td>BE079<\/td>\n<td>SEMIN\u00c1RIO DE MONOGRAFIA B<\/td>\n<td>8<\/td>\n<td>8<\/td>\n<\/tr>\n<tr style=\"background-color: #9bebaf\">\n<td>DTPEN<\/td>\n<td>EM168<\/td>\n<td>SEMIN\u00c1RIO DE MONOGRAFIA B<\/td>\n<td>&#8211;<\/td>\n<td>8<\/td>\n<\/tr>\n<tr style=\"background-color: #9bebaf\">\n<td>DTFE<\/td>\n<td>ET079<\/td>\n<td>SEMIN\u00c1RIO DE MONOGRAFIA B<\/td>\n<td>&#8211;<\/td>\n<td>8<\/td>\n<\/tr>\n<tr style=\"background-color: #9bebaf\">\n<td>DEPLAE<\/td>\n<td>EP156<\/td>\n<td>SEMIN\u00c1RIO DE MONOGRAFIA B<\/td>\n<td>&#8211;<\/td>\n<td>8<\/td>\n<\/tr>\n<tr>\n<td>DEDFIS<\/td>\n<td>BE080<\/td>\n<td>LUTAS<\/td>\n<td>8<\/td>\n<td>7<\/td>\n<\/tr>\n<tr>\n<td>DEDFIS<\/td>\n<td>BE081<\/td>\n<td>PREVEN\u00c7\u00c3O DE ACIDENTES E PRIMEIROS SOCORROS<\/td>\n<td>8<\/td>\n<td>7<\/td>\n<\/tr>\n<tr>\n<td>DEDFIS<\/td>\n<td>BE082<\/td>\n<td>METODOLOGIA DO TREINAMENTO DESPORTIVO<\/td>\n<td>8<\/td>\n<td>\u00a0&#8211;<\/td>\n<\/tr>\n<tr>\n<td>DEDFIS<\/td>\n<td>BE083<\/td>\n<td>T\u00d3PICOS ESPECIAIS EM EXERC\u00cdCIO E ESPORTE<\/td>\n<td>8<\/td>\n<td>\u00a0&#8211;<\/td>\n<\/tr>\n<tr>\n<td>DEDFIS<\/td>\n<td>BE084<\/td>\n<td>EST\u00c1GIO C<\/td>\n<td>8<\/td>\n<td>\u00a0&#8211;<\/td>\n<\/tr>\n<tr>\n<td>DEDFIS<\/td>\n<td>BE085<\/td>\n<td>SOCIOLOGIA E EDUCA\u00c7\u00c3O F\u00cdSICA<\/td>\n<td>Opcional<\/td>\n<td>4<\/td>\n<\/tr>\n<tr>\n<td>DEDFIS<\/td>\n<td>BE086<\/td>\n<td>ATIVIDADE F\u00cdSICA NA INF\u00c2NCIA E NA ADOLESC\u00caNCIA<\/td>\n<td>Opcional<\/td>\n<td>5<\/td>\n<\/tr>\n<tr>\n<td>DEDFIS<\/td>\n<td>BE087<\/td>\n<td>EDUCA\u00c7\u00c3O F\u00cdSICA EM CONTEXTOS EDUCATIVOS I<\/td>\n<td>Opcional<\/td>\n<td>6<\/td>\n<\/tr>\n<tr>\n<td>DEDFIS<\/td>\n<td>BE088<\/td>\n<td>EDUCA\u00c7\u00c3O F\u00cdSICA EM CONTEXTOS EDUCATIVOS II<\/td>\n<td>Opcional<\/td>\n<td>7<\/td>\n<\/tr>\n<tr>\n<td>DEDFIS<\/td>\n<td>BE089<\/td>\n<td>EDUCA\u00c7\u00c3O F\u00cdSICA EM CONTEXTOS EDUCATIVOS III<\/td>\n<td>Opcional<\/td>\n<td>8<\/td>\n<\/tr>\n<tr>\n<td>DEDFIS<\/td>\n<td>BE096<\/td>\n<td>CURR\u00cdCULOS EM EDUCA\u00c7\u00c3O F\u00cdSICA<\/td>\n<td>Opcional<\/td>\n<td>6<\/td>\n<\/tr>\n<tr>\n<td>DEDFIS<\/td>\n<td>BE097<\/td>\n<td>BASES FILOS\u00d3FICAS DO PENSAMENTO DA EDUCA\u00c7\u00c3O F\u00cdSICA ESCOLAR<\/td>\n<td>Opcional<\/td>\n<td>6<\/td>\n<\/tr>\n<tr>\n<td>DEDFIS<\/td>\n<td>BE098<\/td>\n<td>PEDAGOGIAS DA EDUCA\u00c7\u00c3O F\u00cdSICA<\/td>\n<td>Opcional<\/td>\n<td>6<\/td>\n<\/tr>\n<tr>\n<td>DEDFIS<\/td>\n<td>BE099<\/td>\n<td>SEMIN\u00c1RIOS TEM\u00c1TICOS A<\/td>\n<td>Opcional<\/td>\n<td>7<\/td>\n<\/tr>\n<tr>\n<td>DEDFIS<\/td>\n<td>BE100<\/td>\n<td>SEMIN\u00c1RIOS TEM\u00c1TICOS B<\/td>\n<td>Opcional<\/td>\n<td>8<\/td>\n<\/tr>\n<tr>\n<td>DEDFIS<\/td>\n<td>BE101<\/td>\n<td>PEDAGOGIA DO MOVIMENTO HUMANO<\/td>\n<td>3<\/td>\n<td>\u00a0&#8211;<\/td>\n<\/tr>\n<tr>\n<td>DEDFIS<\/td>\n<td>BE102<\/td>\n<td>TEMAS EMERGENTES EM SA\u00daDE I<\/td>\n<td>Optativa<\/td>\n<td style=\"font-weight: 400\">\u00a0&#8211;<\/td>\n<\/tr>\n<tr>\n<td>DEDFIS<\/td>\n<td>BE103<\/td>\n<td>TEMAS EMERGENTES EM SA\u00daDE II<\/td>\n<td>Optativa<\/td>\n<td style=\"font-weight: 400\">\u00a0&#8211;<\/td>\n<\/tr>\n<tr>\n<td>DEDFIS<\/td>\n<td>BE104<\/td>\n<td>TEMAS EMERGENTES EM ESPORTE I<\/td>\n<td>Optativa<\/td>\n<td style=\"font-weight: 400\">\u00a0&#8211;<\/td>\n<\/tr>\n<tr>\n<td>DEDFIS<\/td>\n<td>BE105<\/td>\n<td>TEMAS EMERGENTES EM ESPORTE II<\/td>\n<td>Optativa<\/td>\n<td style=\"font-weight: 400\">\u00a0&#8211;<\/td>\n<\/tr>\n<tr>\n<td>DEDFIS<\/td>\n<td>BE106<\/td>\n<td>TEMAS EMERGERTES EM LAZER I<\/td>\n<td>Optativa<\/td>\n<td style=\"font-weight: 400\">\u00a0&#8211;<\/td>\n<\/tr>\n<tr>\n<td>DEDFIS<\/td>\n<td>BE107<\/td>\n<td>TEMAS EMERGENTES EM LAZER II<\/td>\n<td>Optativa<\/td>\n<td style=\"font-weight: 400\">\u00a0&#8211;<\/td>\n<\/tr>\n<tr>\n<td>DFISIO<\/td>\n<td>BF081<\/td>\n<td>FISIOLOGIA HUMANA<\/td>\n<td>4<\/td>\n<td>3<\/td>\n<\/tr>\n<tr>\n<td>DGEN<\/td>\n<td>BG036<\/td>\n<td>GEN\u00c9TICA HUMANA E EVOLU\u00c7\u00c3O &#8211; EDUCA\u00c7\u00c3O F\u00cdSICA<\/td>\n<td>6<\/td>\n<td>\u00a0&#8211;<\/td>\n<\/tr>\n<tr>\n<td>DBIOQ<\/td>\n<td>BQ025<\/td>\n<td>FUNDAMENTOS DE BIOQU\u00cdMICA<\/td>\n<td>3<\/td>\n<td style=\"font-weight: 400\">\u00a0&#8211;<\/td>\n<\/tr>\n<tr>\n<td>CLEDFIS<\/td>\n<td>CEF002<\/td>\n<td>PROJETOS INTEGRADOS A<\/td>\n<td>\u00a0&#8211;<\/td>\n<td>5<\/td>\n<\/tr>\n<tr>\n<td>CLEDFIS<\/td>\n<td>CEF003<\/td>\n<td>PROJETOS INTEGRADOS B<\/td>\n<td>\u00a0&#8211;<\/td>\n<td>6<\/td>\n<\/tr>\n<tr>\n<td>CLEDFIS<\/td>\n<td>CEF004<\/td>\n<td>PROJETOS INTEGRADOS C<\/td>\n<td>\u00a0&#8211;<\/td>\n<td>7<\/td>\n<\/tr>\n<tr>\n<td>CLEDFIS<\/td>\n<td>CEF005<\/td>\n<td>PROJETOS INTEGRADOS D<\/td>\n<td>\u00a0&#8211;<\/td>\n<td>8<\/td>\n<\/tr>\n<tr>\n<td>DTPEN<\/td>\n<td>EM104<\/td>\n<td>METODOLOGIA DO ENSINO DA EDUCA\u00c7\u00c3O F\u00cdSICA<\/td>\n<td>\u00a0&#8211;<\/td>\n<td>4<\/td>\n<\/tr>\n<tr>\n<td>DTPEN<\/td>\n<td>EM105<\/td>\n<td>PR\u00c1TICA DE ENSINO A<\/td>\n<td>\u00a0&#8211;<\/td>\n<td>7<\/td>\n<\/tr>\n<tr>\n<td>DTPEN<\/td>\n<td>EM106<\/td>\n<td>PR\u00c1TICA DE ENSINO B<\/td>\n<td>\u00a0&#8211;<\/td>\n<td>8<\/td>\n<\/tr>\n<tr>\n<td>DTPEN<\/td>\n<td>EM200 ou EM001<\/td>\n<td>DIDATICA I<\/td>\n<td>\u00a0&#8211;<\/td>\n<td>4<\/td>\n<\/tr>\n<tr>\n<td>DEPLAE<\/td>\n<td>EP073 ou EP072<\/td>\n<td>POL\u00cdTICA E PLANEJAMENTO DA EDUCA\u00c7\u00c3O BRASILEIRA<\/td>\n<td>\u00a0&#8211;<\/td>\n<td>6<\/td>\n<\/tr>\n<tr>\n<td>DEPLAE<\/td>\n<td>EP074 ou EP063<\/td>\n<td>ORGANIZA\u00c7\u00c3O DO TRABALHO PEDAG\u00d3GICO NA ESCOLA<\/td>\n<td>\u00a0&#8211;<\/td>\n<td>5<\/td>\n<\/tr>\n<tr>\n<td>DTFE<\/td>\n<td>ET052<\/td>\n<td>FUNDAMENTOS PSICOL\u00d3GICOS DA EDUCA\u00c7\u00c3O<\/td>\n<td>2<\/td>\n<td>1<\/td>\n<\/tr>\n<tr>\n<td>LETRAS-LIB<\/td>\n<td>LIB038<\/td>\n<td>LIBRAS<\/td>\n<td>Livre<\/td>\n<td>Livre<\/td>\n<\/tr>\n<\/tbody>\n<\/table>\n<p>&nbsp;<\/p>\n<p style=\"text-align: center\"><strong>ENDERE\u00c7OS DE E-MAIL DOS DEPARTAMENTOS<\/strong><\/p>\n<div id=\"app\">\n<div class=\"_2kUAzKQd_A7zj30wwO3Tty body-155\">\n<div class=\"zZJcFiYp1GsQ-Zkcz02eC\">\n<div class=\"mXEfuMleN9V2Rx6d6qvsu\">\n<div class=\"_2aSECY2_aC8BM-pa12gLyl\">\n<div class=\"_1ODGxzlP0LoH0z5WBlaKIV\">\n<div class=\"_1dBL6mV6xRANqjh_Z8BjN6\">\n<div class=\"_3O5VW6cr2qOqPhMqw-gxyk css-156\">\n<div class=\"_3tea2qB15VCCcZHGuh1EJQ\">\n<div class=\"_1jvp4Dqet20DWUHHs5mtWB _3H-aDJS5lve7ygwD0TXE6R _1Gd6viaptR7BjyUckf-7kV\">\n<div class=\"_12R4Y5HY4asDLcTre4Gwl7 css-190\">\n<div id=\"ReadingPaneContainerId\" class=\"_3cGn21Hgi7DFUbUhlRCP46\">\n<div class=\"_2qM5JFJlSDFbw17aZw2PSp\">\n<div class=\"LXc0AFtlSiX4R6aYow6BV\">\n<div class=\"_2RHr4NuGmNruCPzxGzLjJU\">\n<div class=\"_1smn6wvuqmljaEvi28SQVz customScrollBar\">\n<div class=\"_3BpnlUwgtfNUWLoQytJYRy\">\n<div class=\"\">\n<div class=\"wide-content-host\">\n<div class=\"_3BL964mseejjC_nzEeda9o NN4ve7-zXI11J6Er51ULd\">\n<div class=\"_2Qk4AbDuWwkuLB005ds2jm QMubUjbS-BOly_BTHEZj7 allowTextSelection\">\n<div dir=\"ltr\">\n<div dir=\"ltr\">\n<div dir=\"ltr\">\n<div dir=\"ltr\">\n<blockquote>\n<table class=\" aligncenter\" style=\"height: 324px\" width=\"534\">\n<tbody>\n<tr style=\"background-color: #628bc4\">\n<td style=\"text-align: center\"><span style=\"color: #000000\"><strong>Departamento<\/strong><\/span><\/td>\n<td style=\"text-align: center\"><span style=\"color: #000000\"><strong>Email<\/strong><\/span><\/td>\n<\/tr>\n<tr>\n<td>DEDFIS &#8211; Ed. F\u00edsica<\/td>\n<td>educafisica@ufpr.br<\/td>\n<\/tr>\n<tr>\n<td>DANAT &#8211; Anatomia<\/td>\n<td>anatomia@ufpr.br<\/td>\n<\/tr>\n<tr>\n<td>DPLAE &#8211; Planejamento e Administra\u00e7\u00e3o Escolar<\/td>\n<td>deplae@ufpr.br<\/td>\n<\/tr>\n<tr>\n<td>DTPEN &#8211; Teoria e Pr\u00e1tica de Ensino<\/td>\n<td>dtpen@ufpr.br;\u00a0dtpen@educacao.ufpr.br<\/td>\n<\/tr>\n<tr>\n<td>DFISIO\u00a0 Fisiologia<\/td>\n<td>fisiologia@ufpr.br<\/td>\n<\/tr>\n<tr>\n<td>DGEN &#8211; Gen\u00e9tica<\/td>\n<td>genetica@ufpr.br<\/td>\n<\/tr>\n<tr>\n<td>DTFE &#8211; Teoria e Fundamentos da Educa\u00e7\u00e3o<\/td>\n<td>dtfe@ufpr.br<\/td>\n<\/tr>\n<tr>\n<td>DBIOQ &#8211; Bioqu\u00edmica e Biologia Molecular<\/td>\n<td>bioqui@ufpr.br<\/td>\n<\/tr>\n<tr>\n<td>CLEDFIS &#8211; Coordena\u00e7\u00e3o Ed. F\u00edsica<\/td>\n<td>coordenacao.edf@ufpr.br<\/td>\n<\/tr>\n<tr>\n<td>LETRAS-LIBRAS<\/td>\n<td>letraslibras@ufpr.br<\/td>\n<\/tr>\n<\/tbody>\n<\/table>\n<\/blockquote>\n<\/div>\n<\/div>\n<\/div>\n<\/div>\n<\/div>\n<\/div>\n<\/div>\n<\/div>\n<\/div>\n<\/div>\n<\/div>\n<\/div>\n<\/div>\n<\/div>\n<\/div>\n<\/div>\n<\/div>\n<\/div>\n<\/div>\n<\/div>\n<\/div>\n<\/div>\n<\/div>\n<\/div>\n<\/div>\n","protected":false},"excerpt":{"rendered":"<p>O quadro abaixo cont\u00e9m as disciplinas ofertadas pelos cursos 38C-Licenciatura e 38D-Bacharelado, nos curr\u00edculos que estiveram vigentes de 2012 a 2022. A lista est\u00e1 em ordem alfanum\u00e9rica da coluna &#8216;C\u00f3digo&#8217;. Na primeira coluna est\u00e3o listados os Departamentos que ofertam as disciplinas. Nestes links voc\u00ea poder\u00e1 fazer download das ementas do Curso 38C-Educa\u00e7\u00e3o F\u00edsica-Licenciatura-Curr\u00edculo 2012-2022 e [&hellip;]<\/p>\n","protected":false},"author":1987,"featured_media":0,"parent":0,"menu_order":0,"comment_status":"closed","ping_status":"closed","template":"","meta":{"_acf_changed":false,"_monsterinsights_skip_tracking":false,"_monsterinsights_sitenote_active":false,"_monsterinsights_sitenote_note":"","_monsterinsights_sitenote_category":0,"footnotes":""},"class_list":["post-2949","page","type-page","status-publish","hentry"],"acf":[],"_links":{"self":[{"href":"https:\/\/bio.ufpr.br\/cef\/wp-json\/wp\/v2\/pages\/2949","targetHints":{"allow":["GET"]}}],"collection":[{"href":"https:\/\/bio.ufpr.br\/cef\/wp-json\/wp\/v2\/pages"}],"about":[{"href":"https:\/\/bio.ufpr.br\/cef\/wp-json\/wp\/v2\/types\/page"}],"author":[{"embeddable":true,"href":"https:\/\/bio.ufpr.br\/cef\/wp-json\/wp\/v2\/users\/1987"}],"replies":[{"embeddable":true,"href":"https:\/\/bio.ufpr.br\/cef\/wp-json\/wp\/v2\/comments?post=2949"}],"version-history":[{"count":17,"href":"https:\/\/bio.ufpr.br\/cef\/wp-json\/wp\/v2\/pages\/2949\/revisions"}],"predecessor-version":[{"id":3400,"href":"https:\/\/bio.ufpr.br\/cef\/wp-json\/wp\/v2\/pages\/2949\/revisions\/3400"}],"wp:attachment":[{"href":"https:\/\/bio.ufpr.br\/cef\/wp-json\/wp\/v2\/media?parent=2949"}],"curies":[{"name":"wp","href":"https:\/\/api.w.org\/{rel}","templated":true}]}}