{"id":305,"date":"2019-11-27T15:47:16","date_gmt":"2019-11-27T15:47:16","guid":{"rendered":"https:\/\/bio.ufpr.br\/cef\/?page_id=305"},"modified":"2025-02-18T11:00:52","modified_gmt":"2025-02-18T11:00:52","slug":"estagio","status":"publish","type":"page","link":"https:\/\/bio.ufpr.br\/cef\/estagio\/","title":{"rendered":"EST\u00c1GIOS"},"content":{"rendered":"\r\n<p>\u00c9 o ato educativo escolar supervisionado, desenvolvido no ambiente de trabalho, que visa a prepara\u00e7\u00e3o para o trabalho produtivo de educandos que estejam frequentando o ensino regular em institui\u00e7\u00f5es de educa\u00e7\u00e3o superior.<\/p>\r\n\r\n\r\n\r\n<p class=\"has-text-color has-background has-link-color wp-elements-2e0b9a59ac49c4114a33e15e071aa572\" style=\"color: #6627e4;background: linear-gradient(135deg,#e1d8b7 0%,#8bd9e6 54%,#e7e98c 100%)\"><strong><a href=\"http:\/\/www.prograd.ufpr.br\/portal\/coafe\/ue\/perguntas-frequentes\/\" target=\"_blank\" rel=\"noreferrer noopener\" data-type=\"link\" data-id=\"http:\/\/www.prograd.ufpr.br\/portal\/coafe\/ue\/perguntas-frequentes\/\">ACESSE AQUI AS PERGUNTAS E RESPOSTAS FREQUENTES SOBRE EST\u00c1GIO NO SITE DA PROGRAD<\/a><\/strong><\/p>\r\n\r\n\r\n\r\n<p class=\"has-text-align-center\"><strong><a href=\"https:\/\/bio.ufpr.br\/cef\/wp-content\/uploads\/sites\/33\/2024\/09\/Manual-de-Estagios-Versao-Final.pdf\" data-type=\"link\" data-id=\"https:\/\/bio.ufpr.br\/cef\/wp-content\/uploads\/sites\/33\/2024\/09\/Manual-de-Estagios-Versao-Final.pdf\">Neste link: MANUAL DE EST\u00c1GIOS DA UFPR<\/a><\/strong><\/p>\r\n\r\n\r\n\r\n<p>Abaixo, constam todas as inform\u00e7\u00f5es acerca das modalidades de est\u00e1gios no Curso de Educa\u00e7\u00e3o F\u00edsica da UFPR<\/p>\r\n\r\n\r\n\r\n<h3 class=\"wp-block-heading\">COAFE:<\/h3>\r\n\r\n\r\n\r\n<p>\u00c9 a inst\u00e2ncia respons\u00e1vel por analisar as condi\u00e7\u00f5es e deliberar aceca da realiza\u00e7\u00e3o est\u00e1gios <em>n\u00e3o obrigat\u00f3rios<\/em> dos\/as discentes. Portanto, <strong><mark class=\"has-inline-color\" style=\"background-color: #f9dcbd;color: #a71313\">TODOS os est\u00e1gios <em>n\u00e3o obrigat\u00f3rios<\/em> do curso dever\u00e3o passar pela COAFE<\/mark><\/strong>.<\/p>\r\n\r\n\r\n\r\n<h2 class=\"wp-block-heading has-x-large-font-size\"><strong>Est\u00e1gio <em>Obrigat\u00f3rio<\/em>:<\/strong><\/h2>\r\n\r\n\r\n\r\n<p>\u00c9 uma disciplina que consta no projeto pedag\u00f3gico de cada curso (e no hist\u00f3rico escolar do(a) aluno(a)), cuja matr\u00edcula, frequ\u00eancia e aprova\u00e7\u00e3o s\u00e3o requisitos para a integraliza\u00e7\u00e3o da carga hor\u00e1ria e obten\u00e7\u00e3o do diploma.<\/p>\r\n\r\n\r\n\r\n<p class=\"has-medium-font-size\"><strong>Informa\u00e7\u00f5es importantes:<\/strong><\/p>\r\n\r\n\r\n\r\n<ul class=\"wp-block-list\">\r\n<li>O aluno dever\u00e1 obrigatoriamente estar matriculado no Siga na disciplina de Est\u00e1gio correspondente ao seu curr\u00edculo, e encaminhar o contrato de est\u00e1gio para a coordena\u00e7\u00e3o e posterior anu\u00eancia da COAFE;<\/li>\r\n\r\n\r\n\r\n<li>Para est\u00e1gios <em>obrigat\u00f3rios internos<\/em>, o contrato de est\u00e1gio deve ser emitido via formul\u00e1rio disponibilizado pela Prograd neste <strong><a href=\"http:\/\/www.prograd.ufpr.br\/estagio\/formularios\/\">LINK<\/a>.<\/strong> Para o est\u00e1gio <em>obrigat\u00f3rio externo<\/em>, a concedente pode fornecer um termo\/contrato. Caso n\u00e3o forne\u00e7a, o contrato pode ser emitido via formul\u00e1rio da Prograd;<\/li>\r\n\r\n\r\n\r\n<li>O contrato gerado dever\u00e1 ser assinado por todas as partes (assinatura f\u00edsica ou digital) e encaminhado em formato .PDF para o email da coordena\u00e7\u00e3o &lt;<mark class=\"has-inline-color\" style=\"background-color: #ffffff;color: #163ffa\"><strong>coordenacao.edf@ufpr.br<\/strong><\/mark>&gt; indicando que se trata de est\u00e1gio <em>obrigat\u00f3rio<\/em>;<\/li>\r\n\r\n\r\n\r\n<li>O est\u00e1gio <em>obrigat\u00f3rio<\/em> tem dura\u00e7\u00e3o <span style=\"color: #993300\"><strong>m\u00e1xima<\/strong><\/span> de um semestre letivo. Termos com vig\u00eancia registrada para ap\u00f3s o fim do semestre letivo n\u00e3o ser\u00e3o aceitos;<\/li>\r\n\r\n\r\n\r\n<li>As documenta\u00e7\u00f5es e avalia\u00e7\u00f5es da disciplina de est\u00e1gio <em>obrigat\u00f3rio<\/em> ser\u00e3o conduzidas pelo(a) PROFESSOR(a) respons\u00e1vel pela turma em que o(a) aluno(a) est\u00e1 matriculado(a).<\/li>\r\n\r\n\r\n\r\n<li><mark class=\"has-inline-color\" style=\"background-color: #ffcc9e\">Caso o aluno possua um est\u00e1gio <em>n\u00e3o obrigat\u00f3rio<\/em> vigente, e queira utiliz\u00e1-lo como <em>obrigat\u00f3rio<\/em>, poder\u00e1 encaminhar para a coordena\u00e7\u00e3o um TERMO ADITIVO de altera\u00e7\u00e3o de modalidade est\u00e1gio, tamb\u00e9m j\u00e1 com todas as assinaturas, que poder\u00e1 ser providenciado pela ag\u00eancia integradora de est\u00e1gio ou pela empresa concedente de est\u00e1gio <strong>DESDE QUE O PROFESSOR DA DISCIPLINA AUTORIZE<\/strong>. O termo aditivo dever\u00e1 informar a <strong>altera\u00e7\u00e3o <\/strong>DE est\u00e1gio <em>n\u00e3o obrigat\u00f3rio<\/em> PARA est\u00e1gio <em>obrigat\u00f3rio<\/em>, e tamb\u00e9m o per\u00edodo (&#8220;que ser\u00e1 obrigat\u00f3rio da data tal at\u00e9 a data tal&#8221;)<\/mark>.<\/li>\r\n\r\n\r\n\r\n<li><mark class=\"has-inline-color\" style=\"color: #a02323\"><strong>IMPORTANTE!! <\/strong><\/mark><mark class=\"has-inline-color\" style=\"background-color: #f9d7d7\">A COAFE tem exigido que o termo aditivo de est\u00e1gio seja emitido conforme o contrato original de est\u00e1gio n\u00e3o obrigat\u00f3rio. Por exemplo: se o aluno inicialmente emitiu um contrato de est\u00e1gio n\u00e3o obrigat\u00f3rio pelo CIEE, o Termo aditivo ALTERANDO QUAISQUER CL\u00c1USULAS DO CONTRATO dever\u00e1 ser lan\u00e7ado pelo CIEE. Mas se o contrato inicial foi emitido pela p\u00e1gina da Prograd, o termo aditivo tamb\u00e9m dever\u00e1 ser gerado pela p\u00e1gina da Prograd.<\/mark><\/li>\r\n\r\n\r\n\r\n<li><mark class=\"has-inline-color\" style=\"color: #a02323\"><strong>ATEN\u00c7\u00c3O!! \u00e9 expressamente proibido pela PROGRAD a realiza\u00e7\u00e3o de est\u00e1gio <em>obrigat\u00f3rio<\/em> REMUNERADO em \u00f3rg\u00e3os p\u00fablicos nas esferas municipal, estadual ou federal<\/strong><\/mark>. Em empresas privadas, o est\u00e1gio <em>obrigat\u00f3rio<\/em> poder\u00e1 ser remunerado.<\/li>\r\n\r\n\r\n\r\n<li>Os contratos de est\u00e1gio obrigat\u00f3rio n\u00e3o precisam passar pela COE.<\/li>\r\n\r\n\r\n\r\n<li><strong><mark class=\"has-inline-color\" style=\"background-color: #f4d49a\">Ao final da disciplina, todos(as) os(as) discentes dever\u00e3o encaminhar o relat\u00f3rio de est\u00e1gio <em>obrigat\u00f3rio<\/em> para a Coordena\u00e7\u00e3o &#8211; via e-mail, com c\u00f3pia para o(a) professor(a) orientador. O relat\u00f3rio poder\u00e1 ser elaborado por meio deste <a href=\"http:\/\/www.prograd.ufpr.br\/estagio\/formularios\/\">LINK<\/a><\/mark>.<\/strong><\/li>\r\n\r\n\r\n<\/ul>\r\n\r\n\r\n\r\n<p>&nbsp;<\/p>\r\n\r\n\r\n\r\n<p class=\"has-medium-font-size\"><strong>Tr\u00e2mites processuais:<\/strong><\/p>\r\n\r\n\r\n\r\n<ol class=\"wp-block-list\">\r\n<li><span style=\"text-decoration: underline\"><span style=\"color: #ff0000\"><strong>O Contrato de est\u00e1gio \u00e9 encaminhado para a Coordena\u00e7\u00e3o em PDF com anteced\u00eancia de, no m\u00ednimo, 10 dias a contar da data de in\u00edcio do est\u00e1gio, devidamente assinados. Obs.: caso n\u00e3o sejam depositadas as assinaturas do professor orientador ou do(a) coordenador(a), a coordena\u00e7\u00e3o poder\u00e1 providenciar as assinaturas.<\/strong><\/span><\/span><\/li>\r\n\r\n\r\n\r\n<li>\u00c9 iniciado um processo SEI com a documenta\u00e7\u00e3o do(a) aluno(a) e encaminhado para anu\u00eancia da COAFE.<\/li>\r\n\r\n\r\n\r\n<li>Ap\u00f3s registro do est\u00e1gio do(a) aluno(a) pela COAFE, ser\u00e1 encaminhado os despachos de anu\u00eancia via e-mail.<\/li>\r\n<\/ol>\r\n\r\n\r\n\r\n<h2 class=\"wp-block-heading has-x-large-font-size\"><strong>Est\u00e1gio <em>N\u00e3o Obrigat\u00f3rio<\/em>:<\/strong><\/h2>\r\n\r\n\r\n\r\n<p>\u00c9 uma atividade <strong>opcional<\/strong>, remunerada, que poder\u00e1 ser realizada de forma complementar \u00e0 gradua\u00e7\u00e3o. Os hor\u00e1rios de est\u00e1gio <em>n\u00e3o obrigat\u00f3rio<\/em> precisam ser compat\u00edveis com os hor\u00e1rios da grade hor\u00e1ria do aluno, uma vez que dever\u00e1 ser priorizada a integraliza\u00e7\u00e3o das disciplinas do curso.<\/p>\r\n\r\n\r\n\r\n<p class=\"has-medium-font-size\"><strong>COE &#8211; Comiss\u00e3o Orientadora de Est\u00e1gio:<\/strong><\/p>\r\n\r\n\r\n\r\n<p>Cada curso tem regras pr\u00f3prias e uma inst\u00e2ncia interna\u00a0para\u00a0acompanhamento de\u00a0est\u00e1gios, chamada de\u00a0COE-Comiss\u00e3o\u00a0Orientadora de\u00a0Est\u00e1gios, formada por\u00a0docentes\u00a0do\u00a0curso. Todos\u00a0os\u00a0contratos de est\u00e1gio n\u00e3o obrigat\u00f3rio devem ser analisados e deferidos\u00a0ou indeferidos por esta comiss\u00e3o. Nessa comiss\u00e3o, os docentes s\u00e3o respons\u00e1veis pelo planejamento, acompanhamento e avalia\u00e7\u00e3o das atividades referentes a todos os est\u00e1gios do curso, bem como pela interlocu\u00e7\u00e3o com potenciais unidades e representa\u00e7\u00e3o junto ao Colegiado e \u00e0 Coordena\u00e7\u00e3o do curso nos assuntos relativos a est\u00e1gios.<\/p>\r\n\r\n\r\n\r\n<p class=\"has-text-color has-link-color has-medium-font-size wp-elements-402ec1c7a1e62c55da186aa6e987ccc2\" style=\"color: #235ab2\"><strong>Membros da COE (atualizado em fevereiro\/2025)<\/strong><\/p>\r\n\r\n\r\n\r\n<ul class=\"wp-block-list\">\r\n<li>Profa. Ang\u00e9lica Miki Stein &#8211;\u00a0 DEDFIS<\/li>\r\n<li>Prof. Fabr\u00edcio Cieslak &#8211; DEDFIS<\/li>\r\n<li>Prof. Fernando Renato Cavichiolli &#8211; DEDFIS<\/li>\r\n\r\n\r\n\r\n<li>Prof. Herrmann Vinicius de Oliveira Muller &#8211; DEDFIS<\/li>\r\n<li>Profa. Roberta Castilhos Det\u00e2nico Bohrer &#8211; DEDFIS<\/li>\r\n<li>Profa. Thais Reichert &#8211; DEDFIS<\/li>\r\n\r\n\r\n\r\n<li>Profa. Veronica Werle &#8211; DTPEN<\/li>\r\n<\/ul>\r\n\r\n\r\n\r\n<p>&nbsp;<\/p>\r\n\r\n\r\n\r\n<p class=\"has-text-align-center has-medium-font-size\"><strong>Algumas empresas contratantes exigem a intermedia\u00e7\u00e3o de um Agente de Integra\u00e7\u00e3o (p.e. CIEE\/Super Est\u00e1gios\/Gerar, etc.) para elabora\u00e7\u00e3o do Termo de Contrato de Est\u00e1gio; <span style=\"color: #993300\">isso tem de ser verificado com o seu contratante<\/span>.<\/strong><\/p>\r\n\r\n\r\n\r\n<p class=\"has-text-align-center has-text-color has-background has-link-color has-medium-font-size wp-elements-f83657cda4f9fb8384986b47d5357d9a\" style=\"color: #6627e4;background: linear-gradient(135deg,#e1d8b7 0%,#8bd9e6 54%,#e7e98c 100%)\"><strong><a href=\"http:\/\/www.prograd.ufpr.br\/estagio\/formularios\/\" target=\"_blank\" rel=\"noreferrer noopener\" data-type=\"link\" data-id=\"http:\/\/www.prograd.ufpr.br\/portal\/coafe\/ue\/perguntas-frequentes\/\">Caso a empresa n\u00e3o forne\u00e7a contrato,<\/a> <a href=\"http:\/\/www.prograd.ufpr.br\/estagio\/formularios\/\" target=\"_blank\" rel=\"noreferrer noopener\" data-type=\"link\" data-id=\"http:\/\/www.prograd.ufpr.br\/portal\/coafe\/ue\/perguntas-frequentes\/\">ACESSE AQUI O FORMUL\u00c1RIO PARA PREENCHIMENTO DO CONTRATO DE EST\u00c1GIO ou RELAT\u00d3RIO DE EST\u00c1GIO<\/a><\/strong>.<\/p>\r\n\r\n\r\n\r\n<p class=\"has-text-align-center has-medium-font-size\"><mark class=\"has-inline-color\" style=\"background-color: #ffffff;color: #5743e7\">O link acima pode ser acessado tanto para gerar o <strong>CONTRATO <\/strong>de est\u00e1gio, quanto para realizar o <strong>RELAT\u00d3RIO DE EST\u00c1GIO<\/strong>, e o(a) aluno dever\u00e1 proceder com o preenchimento dos campos necess\u00e1rios.<\/mark><\/p>\r\n\r\n\r\n\r\n<p>.<\/p>\r\n\r\n\r\n\r\n<h3 class=\"wp-block-heading\">Crit\u00e9rios para est\u00e1gio n\u00e3o obrigat\u00f3rio:<\/h3>\r\n\r\n\r\n\r\n<p>O est\u00e1gio n\u00e3o obrigat\u00f3rio no Curso de Gradua\u00e7\u00e3o em Educa\u00e7\u00e3o F\u00edsica est\u00e1 em conformidade com a Resolu\u00e7\u00e3o 46\/10-CEPE e, ainda resguardado por <strong>um regimento pr\u00f3prio de\u00a0est\u00e1gios (conforme PPC), definido em Colegiado,\u00a0o\u00a0qual determina os seguintes crit\u00e9rios\u00a0SIMULTANEAMENTE\u00a0para libera\u00e7\u00e3o do est\u00e1gio:<\/strong><\/p>\r\n\r\n\r\n\r\n<h2 class=\"wp-block-heading\"><mark class=\"has-inline-color\" style=\"color: #3369f1\">PARA ALUNOS DO ANTIGO CURR\u00cdCULO (38C-2012 e 38D-2014)<\/mark><\/h2>\r\n\r\n\r\n\r\n<ul class=\"wp-block-list\">\r\n<li><mark class=\"has-inline-color\" style=\"background-color: #faf7b0;color: #9a0f0f\"><strong>TER CUMPRIDO PELO MENOS 50% DA CARGA HOR\u00c1RIA TOTAL DO CURSO.<\/strong> <\/mark>No caso dos alunos de bacharelado &#8211; 3.200 horas \/ licenciatura &#8211; 2.930 horas. As horas j\u00e1 cumpridas pelo(a) aluno(a) poder\u00e3o ser acessadas gerando o relat\u00f3rio de integraliza\u00e7\u00e3o no pr\u00f3prio Siga.<\/li>\r\n\r\n\r\n\r\n<li>Estar matriculado na carga hor\u00e1ria m\u00ednima exigida no semestre vigente;<\/li>\r\n\r\n\r\n\r\n<li>Ter tido aprova\u00e7\u00e3o em pelo menos 50% das disciplinas dos 4 (quatro) primeiros per\u00edodos do curso;<\/li>\r\n\r\n\r\n\r\n<li>Ter cursado disciplina(s) correlata(s) \u00e0 \u00e1rea pretendida para o est\u00e1gio;<\/li>\r\n\r\n\r\n\r\n<li><strong><mark class=\"has-inline-color\" style=\"background-color: #faf7b0;color: #9a0f0f\">N\u00e3o ter reprova\u00e7\u00e3o por frequ\u00eancia em nenhuma disciplina do semestre imediatamente anterior<\/mark><\/strong>;<\/li>\r\n\r\n\r\n\r\n<li><strong>Excepcionalmente<\/strong>, e mediante an\u00e1lise, alunos que tenham cursado menos de 50% do curso, podem solicitar a libera\u00e7\u00e3o\/ aprova\u00e7\u00e3o \u00e0\u00a0COE atrav\u00e9s de requerimento (<a href=\"https:\/\/bio.ufpr.br\/cef\/wp-content\/uploads\/sites\/33\/2024\/09\/2-Requerimento-Geral-2.pdf\" target=\"_blank\" rel=\"noreferrer noopener\" data-type=\"link\" data-id=\"https:\/\/bio.ufpr.br\/cef\/wp-content\/uploads\/sites\/33\/2024\/09\/FORMULARIO-REQUERIMENTO.pdf\">AQUI<\/a>) desde que seja ESPECIFICANDO A EXPERI\u00caCIA NA \u00c1REA de Educa\u00e7\u00e3o F\u00edsica com a devida comprova\u00e7\u00e3o em anexo de <strong>certificados e\/ou declara\u00e7\u00f5es.<\/strong><\/li>\r\n<\/ul>\r\n\r\n\r\n\r\n<h2 class=\"wp-block-heading\"><mark class=\"has-inline-color\" style=\"color: #3369f1\">PARA ALUNOS DO NOVO CURR\u00cdCULO (2023)<\/mark><\/h2>\r\n<ul>\r\n\r\n\r\n<li>Estar matriculado com a carga hor\u00e1ria m\u00ednima exigida no semestre;<\/li>\r\n<li>Ter cumprido, com aprova\u00e7\u00e3o, pelo menos 75% da carga hor\u00e1ria correspondente aos 4 (quatro) primeiros semestres do curso (N\u00facleo Comum);<\/li>\r\n\r\n\r\n\r\n<li>N\u00e3o ter reprova\u00e7\u00e3o por falta\/frequ\u00eancia em disciplina alguma no semestre imediatamente anterior \u00e0 solicita\u00e7\u00e3o.<\/li>\r\n\r\n\r\n<\/ul>\r\n<!-- \/wp:post-content -->\r\n\r\n<!-- wp:paragraph -->\r\n<p>.<\/p>\r\n<!-- \/wp:paragraph -->\r\n\r\n<!-- wp:heading {\"textAlign\":\"center\"} -->\r\n<h2 class=\"wp-block-heading has-text-align-center\">Para abrir o processo no SEI e enviar a documenta\u00e7\u00e3o para an\u00e1lise da COE, a secretaria da Coordena\u00e7\u00e3o observar\u00e1 o primeiro crit\u00e9rio: se o\/a aluno\/a cumpriu 50% do curso (para os curr\u00edculos antigos) \/ 75% do N\u00facleo Comum (curr\u00edculo novo), ou se enviou requerimento + documenta\u00e7\u00e3o comprobat\u00f3ria de forma\u00e7\u00e3o\/experi\u00eancia na \u00e1rea.<\/h2>\r\n<!-- \/wp:heading -->\r\n\r\n<!-- wp:paragraph {\"fontSize\":\"medium\"} -->\r\n<p class=\"has-medium-font-size\"><strong>Tr\u00e2mites processuais:<\/strong><\/p>\r\n<!-- \/wp:paragraph -->\r\n\r\n<!-- wp:list {\"ordered\":true} -->\r\n<ol><!-- wp:list-item -->\r\n<li>O Contrato de est\u00e1gio <em><strong>n\u00e3o obrigat\u00f3rio<\/strong><\/em> \u00e9 encaminhado para O EMAIL da Coordena\u00e7\u00e3o &lt;<strong><mark class=\"has-inline-color\" style=\"background-color: #ffffff;color: #1843c5\">coordenacao.edf@ufpr.br<\/mark><\/strong>&gt; em <strong><mark class=\"has-inline-color\" style=\"background-color: #ffffff;color: #ca1515\">PDF<\/mark><\/strong> <strong><span style=\"text-decoration: underline\"><mark class=\"has-inline-color\" style=\"background-color: #faedb0\">com anteced\u00eancia de no m\u00ednimo 10 dias<\/mark><\/span>, a contar da data de in\u00edcio do est\u00e1gio<\/strong>, devidamente assinado &#8211; <strong><mark class=\"has-inline-color\" style=\"background-color: #fff4b8\">PELO ALUNO, PELA EMPRESA CONCEDENTE, PELA AGENCIA INTEGRADORA DE EST\u00c1GIOS<\/mark><\/strong>, E, SE POSS\u00cdVEL, PELO PROFESSOR ORIENTADOR e DO(A) COORDENADOR(A) DO CURSO. <strong><mark class=\"has-inline-color\" style=\"background-color: #ffffff;color: #bd0e0e\">O nome do professor orientador tamb\u00e9m dever\u00e1 ser indicado no corpo do e-mail. <\/mark>Obs<\/strong>. caso n\u00e3o sejam depositadas as assinaturas do professor orientador ou do(a) coordenador(a), a coordena\u00e7\u00e3o poder\u00e1 providenciar as assinaturas destes.<\/li>\r\n<!-- \/wp:list-item -->\r\n\r\n<!-- wp:list-item -->\r\n<li>\u00c9 iniciado um processo SEI com a documenta\u00e7\u00e3o do(a) aluno(a) e encaminhado para a assinatura do(a) Orientador(a) e do(a) Coordenador(a) do Curso, caso ainda n\u00e3o tenham sido feitas.<\/li>\r\n<!-- \/wp:list-item -->\r\n\r\n<!-- wp:list-item -->\r\n<li>Ap\u00f3s as assinaturas, ser\u00e1 encaminhado para an\u00e1lise da COE, que emitir\u00e1 parecer FAVOR\u00c1VEL ou DESFAVOR\u00c1VEL.<\/li>\r\n<!-- \/wp:list-item -->\r\n\r\n<!-- wp:list-item -->\r\n<li>Em caso de parecer DESFAVOR\u00c1VEL, ser\u00e1 encaminhado ao aluno o despacho para conhecimento; em caso de parecer FAVOR\u00c1VEL, o processo ser\u00e1 encaminhado para autoriza\u00e7\u00e3o da COAFE.<\/li>\r\n<!-- \/wp:list-item -->\r\n\r\n<!-- wp:list-item -->\r\n<li>A COAFE poder\u00e1 emitir parecer FAVOR\u00c1VEL, DESFAVOR\u00c1VEL, ou AJUSTE DE PEND\u00caNCIA, a depender do caso. A decis\u00e3o ser\u00e1 enviada para o aluno(a) via e-mail.<\/li>\r\n<!-- \/wp:list-item -->\r\n\r\n<!-- wp:list-item -->\r\n<li><strong>Ressaltamos a import\u00e2ncia de enviar o contrato de est\u00e1gio com anteced\u00eancia pois os procedimentos poder\u00e3o demorar alguns dias at\u00e9 serem finalizados, a depender da demanda de trabalho de cada Unidade envolvida<\/strong>.<\/li>\r\n<!-- \/wp:list-item -->\r\n\r\n<!-- wp:list-item -->\r\n<li>Em caso de registro do est\u00e1gio do(a) aluno(a) pela COAFE, ser\u00e1 encaminhado todos os despachos de anu\u00eancia via e-mail.<\/li>\r\n<!-- \/wp:list-item -->\r\n\r\n<!-- wp:list-item -->\r\n<li><strong><mark class=\"has-inline-color\" style=\"background-color: #f4d49a\">Ao final da disciplina, todos(as) os(as) discentes dever\u00e3o encaminhar o relat\u00f3rio de est\u00e1gio N\u00c3O obrigat\u00f3rio para a Coordena\u00e7\u00e3o &#8211; via e-mail, com c\u00f3pia para o(a) professor(a) orientador. O relat\u00f3rio poder\u00e1 ser elaborado por meio deste <a href=\"http:\/\/www.prograd.ufpr.br\/estagio\/formularios\/\">LINK<\/a><\/mark>.<\/strong><\/li>\r\n<!-- \/wp:list-item --><\/ol>\r\n<!-- \/wp:list -->\r\n\r\n<!-- wp:paragraph -->\r\n<p>.<\/p>\r\n<!-- \/wp:paragraph -->\r\n\r\n<!-- wp:heading {\"textAlign\":\"center\",\"level\":3,\"style\":{\"color\":{\"text\":\"#840a0a\",\"gradient\":\"linear-gradient(135deg,rgb(255,245,203) 0%,rgb(182,227,212) 50%,rgb(178,181,51) 100%)\"},\"elements\":{\"link\":{\"color\":{\"text\":\"#840a0a\"}}}}} -->\r\n<h3 class=\"wp-block-heading has-text-align-center has-text-color has-background has-link-color\" style=\"color: #840a0a;background: linear-gradient(135deg,#fff5cb 0%,#b6e3d4 50%,#b2b533 100%)\">ATEN\u00c7\u00c3O!<\/h3>\r\n<!-- \/wp:heading -->\r\n\r\n<!-- wp:paragraph {\"align\":\"center\"} -->\r\n<p class=\"has-text-align-center\"><strong>N\u00e3o ser\u00e3o aceitos contratos ileg\u00edveis ou com informa\u00e7\u00f5es faltantes.<\/strong><\/p>\r\n<!-- \/wp:paragraph -->\r\n\r\n<!-- wp:paragraph {\"align\":\"center\"} -->\r\n<p class=\"has-text-align-center\"><strong>SE o aluno tiver algum CONTRATO DE EST\u00c1GIO ANTERIOR, ser\u00e1 preciso apresentar o RELAT\u00d3RIO FINAL DESTE, assim como o TERMO DE RESCIS\u00c3O, caso a data de t\u00e9rmino ainda n\u00e3o tenha sido atingida.<\/strong><\/p>\r\n<!-- \/wp:paragraph -->\r\n\r\n<!-- wp:paragraph {\"align\":\"center\"} -->\r\n<p class=\"has-text-align-center\"><strong>A COAFE N\u00c3O ACEITA CONTRATOS de est\u00e1gio com DATA RETROATIVA<\/strong>.<\/p>\r\n<!-- \/wp:paragraph -->\r\n\r\n<!-- wp:paragraph -->\r\n<p>&nbsp;<\/p>\r\n<!-- \/wp:paragraph -->","protected":false},"excerpt":{"rendered":"<p>\u00c9 o ato educativo escolar supervisionado, desenvolvido no ambiente de trabalho, que visa a prepara\u00e7\u00e3o para o trabalho produtivo de educandos que estejam frequentando o ensino regular em institui\u00e7\u00f5es de educa\u00e7\u00e3o superior. ACESSE AQUI AS PERGUNTAS E RESPOSTAS FREQUENTES SOBRE EST\u00c1GIO NO SITE DA PROGRAD Neste link: MANUAL DE EST\u00c1GIOS DA UFPR Abaixo, constam todas [&hellip;]<\/p>\n","protected":false},"author":1987,"featured_media":0,"parent":0,"menu_order":0,"comment_status":"closed","ping_status":"closed","template":"","meta":{"_acf_changed":false,"_monsterinsights_skip_tracking":false,"_monsterinsights_sitenote_active":false,"_monsterinsights_sitenote_note":"","_monsterinsights_sitenote_category":0,"footnotes":""},"class_list":["post-305","page","type-page","status-publish","hentry"],"acf":[],"_links":{"self":[{"href":"https:\/\/bio.ufpr.br\/cef\/wp-json\/wp\/v2\/pages\/305","targetHints":{"allow":["GET"]}}],"collection":[{"href":"https:\/\/bio.ufpr.br\/cef\/wp-json\/wp\/v2\/pages"}],"about":[{"href":"https:\/\/bio.ufpr.br\/cef\/wp-json\/wp\/v2\/types\/page"}],"author":[{"embeddable":true,"href":"https:\/\/bio.ufpr.br\/cef\/wp-json\/wp\/v2\/users\/1987"}],"replies":[{"embeddable":true,"href":"https:\/\/bio.ufpr.br\/cef\/wp-json\/wp\/v2\/comments?post=305"}],"version-history":[{"count":50,"href":"https:\/\/bio.ufpr.br\/cef\/wp-json\/wp\/v2\/pages\/305\/revisions"}],"predecessor-version":[{"id":4102,"href":"https:\/\/bio.ufpr.br\/cef\/wp-json\/wp\/v2\/pages\/305\/revisions\/4102"}],"wp:attachment":[{"href":"https:\/\/bio.ufpr.br\/cef\/wp-json\/wp\/v2\/media?parent=305"}],"curies":[{"name":"wp","href":"https:\/\/api.w.org\/{rel}","templated":true}]}}