{"id":307,"date":"2019-12-18T15:00:22","date_gmt":"2019-12-18T15:00:22","guid":{"rendered":"https:\/\/bio.ufpr.br\/cef\/?page_id=307"},"modified":"2024-10-29T11:15:35","modified_gmt":"2024-10-29T11:15:35","slug":"formularios-gerais","status":"publish","type":"page","link":"https:\/\/bio.ufpr.br\/cef\/formularios-gerais\/","title":{"rendered":"Formul\u00e1rios Gerais"},"content":{"rendered":"<p><strong>Link para a p\u00e1gina com os principais formul\u00e1rios da PROGRAD-UFPR<\/strong><\/p>\n<p><a href=\"http:\/\/www.prograd.ufpr.br\/portal\/copap\/formularios\/\">http:\/\/www.prograd.ufpr.br\/copap\/formularios<\/a><\/p>\n<p><strong>Link para a p\u00e1gina com os principais formul\u00e1rios da\u00a0COAFE (Unidade de Est\u00e1gios)<\/strong><\/p>\n<p><a href=\"http:\/\/www.prograd.ufpr.br\/estagio\/formularios\/\" target=\"_blank\" rel=\"noopener\">http:\/\/www.prograd.ufpr.br\/estagio\/formularios\/<\/a><\/p>\n<p><strong>Formul\u00e1rios \u00fateis para o Curso<\/strong><\/p>\n<p><a href=\"https:\/\/bio.ufpr.br\/cef\/formularios-gerais\/licenca-para-tratamento-saude-e-aluna-gestante\/\" rel=\"attachment wp-att-517\">Licen\u00e7a sa\u00fade e aluna gestante<\/a><\/p>\n<p><a href=\"https:\/\/bio.ufpr.br\/cef\/wp-content\/uploads\/sites\/33\/2018\/11\/termo_compromisso_mono.pdf\">Termo de Compromisso Semin\u00e1rio de Monografia A e B<\/a><\/p>\n<p><a href=\"http:\/\/www.prograd.ufpr.br\/portal\/copap\/wp-content\/uploads\/sites\/2\/2019\/12\/2-Requerimento-Geral.pdf\">Requerimento para solicita\u00e7\u00f5es em geral<\/a><\/p>\n<p><a href=\"https:\/\/bio.ufpr.br\/cef\/wp-content\/uploads\/sites\/33\/2018\/12\/declara\u00e7\u00e3o-data-da-prova-para-est\u00e1gio.pdf\">Declara\u00e7\u00e3o data da prova &#8211; para est\u00e1gio<\/a><\/p>\n<p><a href=\"https:\/\/bio.ufpr.br\/cef\/wp-content\/uploads\/sites\/33\/2018\/12\/Modelo-planejamento-de-hor\u00e1rio-de-disciplinas.pdf\">Modelo-planejamento-de-hor\u00e1rio-de-disciplinas<\/a><\/p>\n<p><a href=\"https:\/\/bio.ufpr.br\/cef\/wp-content\/uploads\/sites\/33\/2019\/12\/Requerimento-de-dispensa-de-frequ\u00eancia-1.pdf\">Requerimento de dispensa de frequ\u00eancia<\/a><\/p>\n","protected":false},"excerpt":{"rendered":"<p>Link para a p\u00e1gina com os principais formul\u00e1rios da PROGRAD-UFPR http:\/\/www.prograd.ufpr.br\/copap\/formularios Link para a p\u00e1gina com os principais formul\u00e1rios da\u00a0COAFE (Unidade de Est\u00e1gios) http:\/\/www.prograd.ufpr.br\/estagio\/formularios\/ Formul\u00e1rios \u00fateis para o Curso Licen\u00e7a sa\u00fade e aluna gestante Termo de Compromisso Semin\u00e1rio de Monografia A e B Requerimento para solicita\u00e7\u00f5es em geral Declara\u00e7\u00e3o data da prova &#8211; para est\u00e1gio [&hellip;]<\/p>\n","protected":false},"author":6,"featured_media":0,"parent":0,"menu_order":0,"comment_status":"closed","ping_status":"closed","template":"","meta":{"_acf_changed":false,"_monsterinsights_skip_tracking":false,"_monsterinsights_sitenote_active":false,"_monsterinsights_sitenote_note":"","_monsterinsights_sitenote_category":0,"footnotes":""},"class_list":["post-307","page","type-page","status-publish","hentry"],"acf":[],"_links":{"self":[{"href":"https:\/\/bio.ufpr.br\/cef\/wp-json\/wp\/v2\/pages\/307","targetHints":{"allow":["GET"]}}],"collection":[{"href":"https:\/\/bio.ufpr.br\/cef\/wp-json\/wp\/v2\/pages"}],"about":[{"href":"https:\/\/bio.ufpr.br\/cef\/wp-json\/wp\/v2\/types\/page"}],"author":[{"embeddable":true,"href":"https:\/\/bio.ufpr.br\/cef\/wp-json\/wp\/v2\/users\/6"}],"replies":[{"embeddable":true,"href":"https:\/\/bio.ufpr.br\/cef\/wp-json\/wp\/v2\/comments?post=307"}],"version-history":[{"count":24,"href":"https:\/\/bio.ufpr.br\/cef\/wp-json\/wp\/v2\/pages\/307\/revisions"}],"predecessor-version":[{"id":3978,"href":"https:\/\/bio.ufpr.br\/cef\/wp-json\/wp\/v2\/pages\/307\/revisions\/3978"}],"wp:attachment":[{"href":"https:\/\/bio.ufpr.br\/cef\/wp-json\/wp\/v2\/media?parent=307"}],"curies":[{"name":"wp","href":"https:\/\/api.w.org\/{rel}","templated":true}]}}