{"id":312,"date":"2021-07-21T11:20:41","date_gmt":"2021-07-21T11:20:41","guid":{"rendered":"https:\/\/bio.ufpr.br\/cef\/?page_id=312"},"modified":"2024-12-02T18:34:33","modified_gmt":"2024-12-02T18:34:33","slug":"colegiado","status":"publish","type":"page","link":"https:\/\/bio.ufpr.br\/cef\/colegiado\/","title":{"rendered":"Colegiado"},"content":{"rendered":"<h4 style=\"text-align: left\"><span style=\"color: #0000ff\">\u00daltima atualiza\u00e7\u00e3o: 12\/2024<\/span><\/h4>\n<h3 style=\"text-align: center\"><span style=\"text-decoration: underline\"><strong>COLEGIADO DO CURSO DE EDUCA\u00c7\u00c3O F\u00cdSICA 2024<\/strong><\/span><\/h3>\n<p style=\"text-align: left\">\n<p>[a compor]<\/p>\n<table width=\"609\">\n<tbody>\n<tr>\n<td style=\"text-align: center\" width=\"346\">REPRESENTA\u00c7\u00c3O<\/td>\n<td style=\"text-align: center\" width=\"263\">REPRESENTANTE<\/td>\n<\/tr>\n<tr>\n<td style=\"text-align: center\" colspan=\"2\">TITULARES<\/td>\n<\/tr>\n<tr>\n<td>Departamento de Anatomia<\/td>\n<td><span data-sheets-root=\"1\">Carlos Alexandre dos Santos Haemmerle<\/span><\/td>\n<\/tr>\n<tr>\n<td>Departamento de Bioqu\u00edmica<\/td>\n<td><span data-sheets-root=\"1\">Rose Adele Monteiro<\/span><\/td>\n<\/tr>\n<tr>\n<td>Departamento de Educa\u00e7\u00e3o F\u00edsica NATO: COORD<\/td>\n<td>Cinthia Lopes da Silva<\/td>\n<\/tr>\n<tr>\n<td>Departamento de Educa\u00e7\u00e3o F\u00edsica 1<\/td>\n<td>Wagner de Campos<\/td>\n<\/tr>\n<tr>\n<td>Departamento de Educa\u00e7\u00e3o F\u00edsica 2<\/td>\n<td><span data-sheets-root=\"1\" data-sheets-value=\"{&quot;1&quot;:2,&quot;2&quot;:&quot;Roberta Castilhos Det\u00e2nico Bohrer&quot;}\" data-sheets-userformat=\"{&quot;2&quot;:13161,&quot;3&quot;:{&quot;1&quot;:0},&quot;6&quot;:{&quot;1&quot;:[{&quot;1&quot;:2,&quot;2&quot;:0,&quot;5&quot;:{&quot;1&quot;:2,&quot;2&quot;:8421504}},{&quot;1&quot;:0,&quot;2&quot;:0,&quot;3&quot;:3},{&quot;1&quot;:1,&quot;2&quot;:0,&quot;4&quot;:1}]},&quot;8&quot;:{&quot;1&quot;:[{&quot;1&quot;:2,&quot;2&quot;:0,&quot;5&quot;:{&quot;1&quot;:2,&quot;2&quot;:8421504}},{&quot;1&quot;:0,&quot;2&quot;:0,&quot;3&quot;:3},{&quot;1&quot;:1,&quot;2&quot;:0,&quot;4&quot;:1}]},&quot;9&quot;:1,&quot;11&quot;:0,&quot;12&quot;:0,&quot;15&quot;:&quot;Arial, sans-serif&quot;,&quot;16&quot;:11}\">Roberta Castilhos Det\u00e2nico Bohrer<\/span><\/td>\n<\/tr>\n<tr>\n<td>Departamento de Educa\u00e7\u00e3o F\u00edsica 3<\/td>\n<td>Danielle Torri<\/td>\n<\/tr>\n<tr>\n<td>Departamento de Educa\u00e7\u00e3o F\u00edsica 4<\/td>\n<td>Doralice Lange de Souza<\/td>\n<\/tr>\n<tr>\n<td>Departamento de Educa\u00e7\u00e3o F\u00edsica 5<\/td>\n<td>Julimar Pereira<\/td>\n<\/tr>\n<tr>\n<td>Departamento de Educa\u00e7\u00e3o F\u00edsica 6<\/td>\n<td>Let\u00edcia Godoy<\/td>\n<\/tr>\n<tr>\n<td>Departamento de Educa\u00e7\u00e3o F\u00edsica 7<\/td>\n<td><span data-sheets-root=\"1\" data-sheets-value=\"{&quot;1&quot;:2,&quot;2&quot;:&quot;Marcelo Moraes E Silva&quot;}\" data-sheets-userformat=\"{&quot;2&quot;:13161,&quot;3&quot;:{&quot;1&quot;:0},&quot;6&quot;:{&quot;1&quot;:[{&quot;1&quot;:2,&quot;2&quot;:0,&quot;5&quot;:{&quot;1&quot;:2,&quot;2&quot;:8421504}},{&quot;1&quot;:0,&quot;2&quot;:0,&quot;3&quot;:3},{&quot;1&quot;:1,&quot;2&quot;:0,&quot;4&quot;:1}]},&quot;8&quot;:{&quot;1&quot;:[{&quot;1&quot;:2,&quot;2&quot;:0,&quot;5&quot;:{&quot;1&quot;:2,&quot;2&quot;:8421504}},{&quot;1&quot;:0,&quot;2&quot;:0,&quot;3&quot;:3},{&quot;1&quot;:1,&quot;2&quot;:0,&quot;4&quot;:1}]},&quot;9&quot;:1,&quot;11&quot;:0,&quot;12&quot;:0,&quot;15&quot;:&quot;Arial, sans-serif&quot;,&quot;16&quot;:11}\">Marcelo Moraes e Silva<\/span><\/td>\n<\/tr>\n<tr>\n<td>Departamento de Educa\u00e7\u00e3o F\u00edsica 8<\/td>\n<td>Rosecler Vendruscolo<\/td>\n<\/tr>\n<tr>\n<td>Departamento de Educa\u00e7\u00e3o F\u00edsica 9<\/td>\n<td>Soraya Corr\u00eaa Domingues<\/td>\n<\/tr>\n<tr>\n<td>Departamento de Educa\u00e7\u00e3o F\u00edsica 10<\/td>\n<td>Vera Luiza Moro<\/td>\n<\/tr>\n<tr>\n<td>Departamento de Fisiologia<\/td>\n<td>Ana Maria Caliman Filadelfi<\/td>\n<\/tr>\n<tr>\n<td>Departamento de Planejamento Escolar<\/td>\n<td>Angelo Ricardo de Souza<\/td>\n<\/tr>\n<tr>\n<td>Departamento de Teoria e Fundamentos da Educa\u00e7\u00e3o<\/td>\n<td><span data-sheets-root=\"1\" data-sheets-value=\"{&quot;1&quot;:2,&quot;2&quot;:&quot;Josaf\u00e1 Moreira da Cunha&quot;}\" data-sheets-userformat=\"{&quot;2&quot;:15209,&quot;3&quot;:{&quot;1&quot;:0},&quot;6&quot;:{&quot;1&quot;:[{&quot;1&quot;:2,&quot;2&quot;:0,&quot;5&quot;:{&quot;1&quot;:2,&quot;2&quot;:8421504}},{&quot;1&quot;:0,&quot;2&quot;:0,&quot;3&quot;:3},{&quot;1&quot;:1,&quot;2&quot;:0,&quot;4&quot;:1}]},&quot;8&quot;:{&quot;1&quot;:[{&quot;1&quot;:2,&quot;2&quot;:0,&quot;5&quot;:{&quot;1&quot;:2,&quot;2&quot;:8421504}},{&quot;1&quot;:0,&quot;2&quot;:0,&quot;3&quot;:3},{&quot;1&quot;:1,&quot;2&quot;:0,&quot;4&quot;:1}]},&quot;9&quot;:1,&quot;11&quot;:0,&quot;12&quot;:0,&quot;14&quot;:{&quot;1&quot;:2,&quot;2&quot;:12582912},&quot;15&quot;:&quot;Arial, sans-serif&quot;,&quot;16&quot;:11}\">Josaf\u00e1 Moreira da Cunha<\/span><\/td>\n<\/tr>\n<tr>\n<td>Departamento de Teoria e Pr\u00e1tica de Ensino<\/td>\n<td>Sidmar Meurer<\/td>\n<\/tr>\n<tr>\n<td colspan=\"2\">SUPLENTES<\/td>\n<\/tr>\n<tr>\n<td>Departamento de Anatomia<\/td>\n<td><span data-sheets-root=\"1\">Silvio Gomes Bettega<\/span><\/td>\n<\/tr>\n<tr>\n<td>Departamento de Bioqu\u00edmica<\/td>\n<td>Elaine Machado Benelli<\/td>\n<\/tr>\n<tr>\n<td>Departamento de Educa\u00e7\u00e3o F\u00edsica NATO: VICE-COORD<\/td>\n<td>VAGO<\/td>\n<\/tr>\n<tr>\n<td>Departamento de Educa\u00e7\u00e3o F\u00edsica 1<\/td>\n<td><span data-sheets-root=\"1\" data-sheets-value=\"{&quot;1&quot;:2,&quot;2&quot;:&quot;Adriana In\u00eas de Paula&quot;}\" data-sheets-userformat=\"{&quot;2&quot;:13161,&quot;3&quot;:{&quot;1&quot;:0},&quot;6&quot;:{&quot;1&quot;:[{&quot;1&quot;:2,&quot;2&quot;:0,&quot;5&quot;:{&quot;1&quot;:2,&quot;2&quot;:8421504}},{&quot;1&quot;:0,&quot;2&quot;:0,&quot;3&quot;:3},{&quot;1&quot;:1,&quot;2&quot;:0,&quot;4&quot;:1}]},&quot;8&quot;:{&quot;1&quot;:[{&quot;1&quot;:2,&quot;2&quot;:0,&quot;5&quot;:{&quot;1&quot;:2,&quot;2&quot;:8421504}},{&quot;1&quot;:0,&quot;2&quot;:0,&quot;3&quot;:3},{&quot;1&quot;:1,&quot;2&quot;:0,&quot;4&quot;:1}]},&quot;9&quot;:1,&quot;11&quot;:0,&quot;12&quot;:0,&quot;15&quot;:&quot;Arial, sans-serif&quot;,&quot;16&quot;:11}\">Adriana In\u00eas de Paula<\/span><\/td>\n<\/tr>\n<tr>\n<td>Departamento de Educa\u00e7\u00e3o F\u00edsica 2<\/td>\n<td><span data-sheets-root=\"1\" data-sheets-value=\"{&quot;1&quot;:2,&quot;2&quot;:&quot;Bruno Barth Pinto Tucunduva&quot;}\" data-sheets-userformat=\"{&quot;2&quot;:13161,&quot;3&quot;:{&quot;1&quot;:0},&quot;6&quot;:{&quot;1&quot;:[{&quot;1&quot;:2,&quot;2&quot;:0,&quot;5&quot;:{&quot;1&quot;:2,&quot;2&quot;:8421504}},{&quot;1&quot;:0,&quot;2&quot;:0,&quot;3&quot;:3},{&quot;1&quot;:1,&quot;2&quot;:0,&quot;4&quot;:1}]},&quot;8&quot;:{&quot;1&quot;:[{&quot;1&quot;:2,&quot;2&quot;:0,&quot;5&quot;:{&quot;1&quot;:2,&quot;2&quot;:8421504}},{&quot;1&quot;:0,&quot;2&quot;:0,&quot;3&quot;:3},{&quot;1&quot;:1,&quot;2&quot;:0,&quot;4&quot;:1}]},&quot;9&quot;:1,&quot;11&quot;:0,&quot;12&quot;:0,&quot;15&quot;:&quot;Arial, sans-serif&quot;,&quot;16&quot;:11}\">Bruno Barth Pinto Tucunduva<\/span><\/td>\n<\/tr>\n<tr>\n<td>Departamento de Educa\u00e7\u00e3o F\u00edsica 3<\/td>\n<td>Valdomiro de Oliveira<\/td>\n<\/tr>\n<tr>\n<td>Departamento de Educa\u00e7\u00e3o F\u00edsica 4<\/td>\n<td>Raul Osiecki<\/td>\n<\/tr>\n<tr>\n<td>Departamento de Educa\u00e7\u00e3o F\u00edsica 5<\/td>\n<td>Wanderley Marchi Jr.<\/td>\n<\/tr>\n<tr>\n<td>Departamento de Educa\u00e7\u00e3o F\u00edsica 6<\/td>\n<td><span data-sheets-root=\"1\" data-sheets-value=\"{&quot;1&quot;:2,&quot;2&quot;:&quot;Fabricio Cieslak&quot;}\" data-sheets-userformat=\"{&quot;2&quot;:13161,&quot;3&quot;:{&quot;1&quot;:0},&quot;6&quot;:{&quot;1&quot;:[{&quot;1&quot;:2,&quot;2&quot;:0,&quot;5&quot;:{&quot;1&quot;:2,&quot;2&quot;:8421504}},{&quot;1&quot;:0,&quot;2&quot;:0,&quot;3&quot;:3},{&quot;1&quot;:1,&quot;2&quot;:0,&quot;4&quot;:1}]},&quot;8&quot;:{&quot;1&quot;:[{&quot;1&quot;:2,&quot;2&quot;:0,&quot;5&quot;:{&quot;1&quot;:2,&quot;2&quot;:8421504}},{&quot;1&quot;:0,&quot;2&quot;:0,&quot;3&quot;:3},{&quot;1&quot;:1,&quot;2&quot;:0,&quot;4&quot;:1}]},&quot;9&quot;:1,&quot;11&quot;:0,&quot;12&quot;:0,&quot;15&quot;:&quot;Arial, sans-serif&quot;,&quot;16&quot;:11}\">Fabricio Cieslak<\/span><\/td>\n<\/tr>\n<tr>\n<td>Departamento de Educa\u00e7\u00e3o F\u00edsica 7<\/td>\n<td>Vidal Palacios Calderon<\/td>\n<\/tr>\n<tr>\n<td>Departamento de Educa\u00e7\u00e3o F\u00edsica 8<\/td>\n<td>Fernando Cavichiolli<\/td>\n<\/tr>\n<tr>\n<td>Departamento de Educa\u00e7\u00e3o F\u00edsica 9<\/td>\n<td>VAGO<\/td>\n<\/tr>\n<tr>\n<td>Departamento de Educa\u00e7\u00e3o F\u00edsica 10<\/td>\n<td>Let\u00edcia Queiroz Lima<\/td>\n<\/tr>\n<tr>\n<td>Departamento de Fisiologia<\/td>\n<td>Claudia Maria Sallai Tanhoffer<\/td>\n<\/tr>\n<tr>\n<td>Departamento de Planejamento Escolar<\/td>\n<td>M\u00f4nica Ribeiro<\/td>\n<\/tr>\n<tr>\n<td>Departamento de Teoria e Fundamentos da Educa\u00e7\u00e3o<\/td>\n<td><span data-sheets-root=\"1\" data-sheets-value=\"{&quot;1&quot;:2,&quot;2&quot;:&quot;Helga Loos&quot;}\" data-sheets-userformat=\"{&quot;2&quot;:13161,&quot;3&quot;:{&quot;1&quot;:0},&quot;6&quot;:{&quot;1&quot;:[{&quot;1&quot;:2,&quot;2&quot;:0,&quot;5&quot;:{&quot;1&quot;:2,&quot;2&quot;:8421504}},{&quot;1&quot;:0,&quot;2&quot;:0,&quot;3&quot;:3},{&quot;1&quot;:1,&quot;2&quot;:0,&quot;4&quot;:1}]},&quot;8&quot;:{&quot;1&quot;:[{&quot;1&quot;:2,&quot;2&quot;:0,&quot;5&quot;:{&quot;1&quot;:2,&quot;2&quot;:8421504}},{&quot;1&quot;:0,&quot;2&quot;:0,&quot;3&quot;:3},{&quot;1&quot;:1,&quot;2&quot;:0,&quot;4&quot;:1}]},&quot;9&quot;:1,&quot;11&quot;:0,&quot;12&quot;:0,&quot;15&quot;:&quot;Arial, sans-serif&quot;,&quot;16&quot;:11}\">Helga Loos<\/span><\/td>\n<\/tr>\n<tr>\n<td>Departamento de Teoria e Pr\u00e1tica de Ensino<\/td>\n<td>S\u00e9rgio Roberto Chaves Jr.<\/td>\n<\/tr>\n<tr>\n<td colspan=\"2\">DISCENTES<\/td>\n<\/tr>\n<tr>\n<td>Representa\u00e7\u00e3o discente TITULAR 1<\/td>\n<td>Ernesto Treitny<\/td>\n<\/tr>\n<tr>\n<td>Representa\u00e7\u00e3o discente SUPLENTE 1<\/td>\n<td>Marcelo Vieira Pereira<\/td>\n<\/tr>\n<tr>\n<td>Representa\u00e7\u00e3o discente TITULAR 2<\/td>\n<td>Ana Paula Teixeira<\/td>\n<\/tr>\n<tr>\n<td>Representa\u00e7\u00e3o discente SUPLENTE 2<\/td>\n<td>Marco Aur\u00e9lio Junior<\/td>\n<\/tr>\n<\/tbody>\n<\/table>\n<p><strong>\u00a0<\/strong><\/p>\n","protected":false},"excerpt":{"rendered":"<p>\u00daltima atualiza\u00e7\u00e3o: 12\/2024 COLEGIADO DO CURSO DE EDUCA\u00c7\u00c3O F\u00cdSICA 2024 [a compor] REPRESENTA\u00c7\u00c3O REPRESENTANTE TITULARES Departamento de Anatomia Carlos Alexandre dos Santos Haemmerle Departamento de Bioqu\u00edmica Rose Adele Monteiro Departamento de Educa\u00e7\u00e3o F\u00edsica NATO: COORD Cinthia Lopes da Silva Departamento de Educa\u00e7\u00e3o F\u00edsica 1 Wagner de Campos Departamento de Educa\u00e7\u00e3o F\u00edsica 2 Roberta Castilhos Det\u00e2nico [&hellip;]<\/p>\n","protected":false},"author":6,"featured_media":0,"parent":0,"menu_order":0,"comment_status":"closed","ping_status":"closed","template":"","meta":{"_acf_changed":false,"_monsterinsights_skip_tracking":false,"_monsterinsights_sitenote_active":false,"_monsterinsights_sitenote_note":"","_monsterinsights_sitenote_category":0,"footnotes":""},"class_list":["post-312","page","type-page","status-publish","hentry"],"acf":[],"_links":{"self":[{"href":"https:\/\/bio.ufpr.br\/cef\/wp-json\/wp\/v2\/pages\/312","targetHints":{"allow":["GET"]}}],"collection":[{"href":"https:\/\/bio.ufpr.br\/cef\/wp-json\/wp\/v2\/pages"}],"about":[{"href":"https:\/\/bio.ufpr.br\/cef\/wp-json\/wp\/v2\/types\/page"}],"author":[{"embeddable":true,"href":"https:\/\/bio.ufpr.br\/cef\/wp-json\/wp\/v2\/users\/6"}],"replies":[{"embeddable":true,"href":"https:\/\/bio.ufpr.br\/cef\/wp-json\/wp\/v2\/comments?post=312"}],"version-history":[{"count":14,"href":"https:\/\/bio.ufpr.br\/cef\/wp-json\/wp\/v2\/pages\/312\/revisions"}],"predecessor-version":[{"id":4020,"href":"https:\/\/bio.ufpr.br\/cef\/wp-json\/wp\/v2\/pages\/312\/revisions\/4020"}],"wp:attachment":[{"href":"https:\/\/bio.ufpr.br\/cef\/wp-json\/wp\/v2\/media?parent=312"}],"curies":[{"name":"wp","href":"https:\/\/api.w.org\/{rel}","templated":true}]}}