{"id":315,"date":"2017-05-19T12:23:33","date_gmt":"2017-05-19T12:23:33","guid":{"rendered":"https:\/\/bio.ufpr.br\/cef\/?page_id=315"},"modified":"2024-07-17T17:36:12","modified_gmt":"2024-07-17T17:36:12","slug":"nucleo-docente","status":"publish","type":"page","link":"https:\/\/bio.ufpr.br\/cef\/nucleo-docente\/","title":{"rendered":"N\u00facleo Docente Estruturante &#8211; NDE"},"content":{"rendered":"<h4 style=\"text-align: left\">\u00daltima atualiza\u00e7\u00e3o: 07\/2024<\/h4>\n<p>Composi\u00e7\u00e3o dos membros, conforme Reuni\u00e3o Departamental em 11\/07\/2024.<\/p>\n<h4 style=\"text-align: left\"><strong>NDE &#8211; 2024<\/strong><\/h4>\n<table style=\"height: 534px\" width=\"699\">\n<tbody>\n<tr style=\"background-color: #b8b2b2\">\n<td width=\"344\"><strong>Representa\u00e7\u00e3o<\/strong><\/td>\n<td width=\"213\"><strong>Representante<\/strong><\/td>\n<\/tr>\n<tr>\n<td width=\"344\">COORDENA\u00c7\u00c3O<\/td>\n<td width=\"213\">Cinthia Lopes da Silva<\/td>\n<\/tr>\n<tr>\n<td width=\"344\">Departamento de Educa\u00e7\u00e3o F\u00edsica<\/td>\n<td width=\"213\">Danielle Torri<\/td>\n<\/tr>\n<tr>\n<td width=\"344\">Departamento de Educa\u00e7\u00e3o F\u00edsica<\/td>\n<td width=\"213\">Julimar Pereira<\/td>\n<\/tr>\n<tr>\n<td width=\"344\">Departamento de Educa\u00e7\u00e3o F\u00edsica<\/td>\n<td width=\"213\">Fabr\u00edcio Cieslak<\/td>\n<\/tr>\n<tr>\n<td width=\"344\">Departamento de Educa\u00e7\u00e3o F\u00edsica<\/td>\n<td width=\"213\">Andr\u00e9 Capraro<\/td>\n<\/tr>\n<tr>\n<td width=\"344\">Departamento de Educa\u00e7\u00e3o F\u00edsica<\/td>\n<td width=\"213\">Sergio Greg\u00f3rio<\/td>\n<\/tr>\n<tr>\n<td width=\"344\">Departamento de Educa\u00e7\u00e3o F\u00edsica<\/td>\n<td width=\"213\">Soraya C Domingues<\/td>\n<\/tr>\n<tr>\n<td width=\"344\">Departamento de Anatomia<\/td>\n<td width=\"213\">Carlos Alexandre Haemmerle<\/td>\n<\/tr>\n<tr>\n<td width=\"344\">Departamento de Planejamento Escolar<\/td>\n<td width=\"213\">Angelo Ricardo de Souza<\/td>\n<\/tr>\n<tr>\n<td width=\"344\">Departamento de Teoria e Pr\u00e1tica de Ensino<\/td>\n<td width=\"213\">S\u00e9rgio Roberto Chaves Jr.<\/td>\n<\/tr>\n<tr>\n<td width=\"344\">Departamento de Fisiologia<\/td>\n<td width=\"213\">Ana Maria Caliman Filadelfi<\/td>\n<\/tr>\n<tr>\n<td width=\"344\">Departamento de Teoria e Fundamentos da Educa\u00e7\u00e3o<\/td>\n<td width=\"213\"><span data-sheets-root=\"1\" data-sheets-value=\"{&quot;1&quot;:2,&quot;2&quot;:&quot;Josaf\u00e1 Moreira da Cunha&quot;}\" data-sheets-userformat=\"{&quot;2&quot;:13161,&quot;3&quot;:{&quot;1&quot;:0},&quot;6&quot;:{&quot;1&quot;:[{&quot;1&quot;:2,&quot;2&quot;:0,&quot;5&quot;:{&quot;1&quot;:2,&quot;2&quot;:8421504}},{&quot;1&quot;:0,&quot;2&quot;:0,&quot;3&quot;:3},{&quot;1&quot;:1,&quot;2&quot;:0,&quot;4&quot;:1}]},&quot;8&quot;:{&quot;1&quot;:[{&quot;1&quot;:2,&quot;2&quot;:0,&quot;5&quot;:{&quot;1&quot;:2,&quot;2&quot;:8421504}},{&quot;1&quot;:0,&quot;2&quot;:0,&quot;3&quot;:3},{&quot;1&quot;:1,&quot;2&quot;:0,&quot;4&quot;:1}]},&quot;9&quot;:1,&quot;11&quot;:0,&quot;12&quot;:0,&quot;15&quot;:&quot;Arial, sans-serif&quot;,&quot;16&quot;:11}\">Josaf\u00e1 Moreira da Cunha<\/span><\/td>\n<\/tr>\n<tr>\n<td width=\"344\">Departamento de Bioqu\u00edmica<\/td>\n<td width=\"213\">Elaine Machado Benelli<\/td>\n<\/tr>\n<\/tbody>\n<\/table>\n<p><\/p>\n","protected":false},"excerpt":{"rendered":"<p>\u00daltima atualiza\u00e7\u00e3o: 07\/2024 Composi\u00e7\u00e3o dos membros, conforme Reuni\u00e3o Departamental em 11\/07\/2024. NDE &#8211; 2024 Representa\u00e7\u00e3o Representante COORDENA\u00c7\u00c3O Cinthia Lopes da Silva Departamento de Educa\u00e7\u00e3o F\u00edsica Danielle Torri Departamento de Educa\u00e7\u00e3o F\u00edsica Julimar Pereira Departamento de Educa\u00e7\u00e3o F\u00edsica Fabr\u00edcio Cieslak Departamento de Educa\u00e7\u00e3o F\u00edsica Andr\u00e9 Capraro Departamento de Educa\u00e7\u00e3o F\u00edsica Sergio Greg\u00f3rio Departamento de Educa\u00e7\u00e3o F\u00edsica [&hellip;]<\/p>\n","protected":false},"author":6,"featured_media":0,"parent":0,"menu_order":0,"comment_status":"closed","ping_status":"closed","template":"","meta":{"_acf_changed":false,"_monsterinsights_skip_tracking":false,"_monsterinsights_sitenote_active":false,"_monsterinsights_sitenote_note":"","_monsterinsights_sitenote_category":0,"footnotes":""},"class_list":["post-315","page","type-page","status-publish","hentry"],"acf":[],"_links":{"self":[{"href":"https:\/\/bio.ufpr.br\/cef\/wp-json\/wp\/v2\/pages\/315","targetHints":{"allow":["GET"]}}],"collection":[{"href":"https:\/\/bio.ufpr.br\/cef\/wp-json\/wp\/v2\/pages"}],"about":[{"href":"https:\/\/bio.ufpr.br\/cef\/wp-json\/wp\/v2\/types\/page"}],"author":[{"embeddable":true,"href":"https:\/\/bio.ufpr.br\/cef\/wp-json\/wp\/v2\/users\/6"}],"replies":[{"embeddable":true,"href":"https:\/\/bio.ufpr.br\/cef\/wp-json\/wp\/v2\/comments?post=315"}],"version-history":[{"count":10,"href":"https:\/\/bio.ufpr.br\/cef\/wp-json\/wp\/v2\/pages\/315\/revisions"}],"predecessor-version":[{"id":3925,"href":"https:\/\/bio.ufpr.br\/cef\/wp-json\/wp\/v2\/pages\/315\/revisions\/3925"}],"wp:attachment":[{"href":"https:\/\/bio.ufpr.br\/cef\/wp-json\/wp\/v2\/media?parent=315"}],"curies":[{"name":"wp","href":"https:\/\/api.w.org\/{rel}","templated":true}]}}