{"id":318,"date":"2019-10-15T15:40:33","date_gmt":"2019-10-15T15:40:33","guid":{"rendered":"https:\/\/bio.ufpr.br\/cef\/?page_id=318"},"modified":"2024-12-02T18:44:34","modified_gmt":"2024-12-02T18:44:34","slug":"comissao-orientadora-de-estagio","status":"publish","type":"page","link":"https:\/\/bio.ufpr.br\/cef\/comissao-orientadora-de-estagio\/","title":{"rendered":"Comiss\u00e3o Orientadora de Est\u00e1gio &#8211; COE"},"content":{"rendered":"<p><strong>COE &#8211; Comiss\u00e3o Orientadora de Est\u00e1gio\/2024-2025<\/strong><\/p>\n<p><em>P\u00e1gina atualizada em 12\/2024<\/em><\/p>\n<table dir=\"ltr\" border=\"1\" cellspacing=\"0\" cellpadding=\"0\" data-sheets-root=\"1\" data-sheets-baot=\"1\">\n<colgroup>\n<col width=\"253\" \/>\n<col width=\"153\" \/>\n<col width=\"235\" \/>\n<col width=\"245\" \/><\/colgroup>\n<tbody>\n<tr>\n<td style=\"text-align: center\">DOCENTE<\/td>\n<td style=\"text-align: center\">DEPARTAMENTO<\/td>\n<td style=\"text-align: center\">E-mail<\/td>\n<td style=\"text-align: center\">E-mail 2<\/td>\n<\/tr>\n<tr>\n<td style=\"text-align: center\">Fabr\u00edcio Cieslak<\/td>\n<td style=\"text-align: center\">DEDFIS<\/td>\n<td style=\"text-align: center\">facieslak@gmail.com<\/td>\n<td style=\"text-align: center\">fabricio.cieslak@ufpr.br<\/td>\n<\/tr>\n<tr>\n<td style=\"text-align: center\">Fernando Renato Cavichiolli<\/td>\n<td style=\"text-align: center\">DEDFIS<\/td>\n<td style=\"text-align: center\">cavicca@hotmail.com<\/td>\n<td style=\"text-align: center\">cavichiolli@ufpr.br<\/td>\n<\/tr>\n<tr>\n<td style=\"text-align: center\">Herrmann Vinicius de Oliveira Muller<\/td>\n<td style=\"text-align: center\">DEDFIS<\/td>\n<td style=\"text-align: center\">mullerher@gmail.com<\/td>\n<td style=\"text-align: center\">herrmann@ufpr.br<\/td>\n<\/tr>\n<tr>\n<td style=\"text-align: center\">Maria Gisele dos Santos<\/td>\n<td style=\"text-align: center\">DEDFIS<\/td>\n<td style=\"text-align: center\">mariagisele@yahoo.com<\/td>\n<td style=\"text-align: center\">&#8211;<\/td>\n<\/tr>\n<tr>\n<td style=\"text-align: center\">Roberta Castilhos Detanico Bohrer<\/td>\n<td style=\"text-align: center\">DEDFIS<\/td>\n<td style=\"text-align: center\">betadetanico@gmail.com<\/td>\n<td style=\"text-align: center\">robertabohrer@ufpr.br<\/td>\n<\/tr>\n<tr>\n<td style=\"text-align: center\">Veronica Werle<\/td>\n<td style=\"text-align: center\">DTPEN<\/td>\n<td style=\"text-align: center\">vewerle@yahoo.com.br<\/td>\n<td style=\"text-align: center\">veronica.werle@ufpr.br<\/td>\n<\/tr>\n<\/tbody>\n<\/table>\n<p style=\"text-align: center\">Clique para ver:\u00a0<a href=\"https:\/\/bio.ufpr.br\/cef\/wp-content\/uploads\/sites\/33\/2019\/10\/Regulamento-de-est\u00e1gios.pdf\" target=\"_blank\" rel=\"noopener\">REGULAMENTO ATIVIDADES FORMATIVAS COMPLEMENTARES<\/a><\/p>\n","protected":false},"excerpt":{"rendered":"<p>COE &#8211; Comiss\u00e3o Orientadora de Est\u00e1gio\/2024-2025 P\u00e1gina atualizada em 12\/2024 DOCENTE DEPARTAMENTO E-mail E-mail 2 Fabr\u00edcio Cieslak DEDFIS facieslak@gmail.com fabricio.cieslak@ufpr.br Fernando Renato Cavichiolli DEDFIS cavicca@hotmail.com cavichiolli@ufpr.br Herrmann Vinicius de Oliveira Muller DEDFIS mullerher@gmail.com herrmann@ufpr.br Maria Gisele dos Santos DEDFIS mariagisele@yahoo.com &#8211; Roberta Castilhos Detanico Bohrer DEDFIS betadetanico@gmail.com robertabohrer@ufpr.br Veronica Werle DTPEN vewerle@yahoo.com.br veronica.werle@ufpr.br Clique para [&hellip;]<\/p>\n","protected":false},"author":6,"featured_media":0,"parent":0,"menu_order":0,"comment_status":"closed","ping_status":"closed","template":"","meta":{"_acf_changed":false,"_monsterinsights_skip_tracking":false,"_monsterinsights_sitenote_active":false,"_monsterinsights_sitenote_note":"","_monsterinsights_sitenote_category":0,"footnotes":""},"class_list":["post-318","page","type-page","status-publish","hentry"],"acf":[],"_links":{"self":[{"href":"https:\/\/bio.ufpr.br\/cef\/wp-json\/wp\/v2\/pages\/318","targetHints":{"allow":["GET"]}}],"collection":[{"href":"https:\/\/bio.ufpr.br\/cef\/wp-json\/wp\/v2\/pages"}],"about":[{"href":"https:\/\/bio.ufpr.br\/cef\/wp-json\/wp\/v2\/types\/page"}],"author":[{"embeddable":true,"href":"https:\/\/bio.ufpr.br\/cef\/wp-json\/wp\/v2\/users\/6"}],"replies":[{"embeddable":true,"href":"https:\/\/bio.ufpr.br\/cef\/wp-json\/wp\/v2\/comments?post=318"}],"version-history":[{"count":15,"href":"https:\/\/bio.ufpr.br\/cef\/wp-json\/wp\/v2\/pages\/318\/revisions"}],"predecessor-version":[{"id":4022,"href":"https:\/\/bio.ufpr.br\/cef\/wp-json\/wp\/v2\/pages\/318\/revisions\/4022"}],"wp:attachment":[{"href":"https:\/\/bio.ufpr.br\/cef\/wp-json\/wp\/v2\/media?parent=318"}],"curies":[{"name":"wp","href":"https:\/\/api.w.org\/{rel}","templated":true}]}}