{"id":321,"date":"2017-05-19T12:25:50","date_gmt":"2017-05-19T12:25:50","guid":{"rendered":"https:\/\/bio.ufpr.br\/cef\/?page_id=321"},"modified":"2024-11-08T18:44:57","modified_gmt":"2024-11-08T18:44:57","slug":"comissao-de-orientacao-academica","status":"publish","type":"page","link":"https:\/\/bio.ufpr.br\/cef\/comissao-de-orientacao-academica\/","title":{"rendered":"Comiss\u00e3o de Orienta\u00e7\u00e3o Acad\u00eamica"},"content":{"rendered":"<p><!--td {border: 1px solid #cccccc;}br {mso-data-placement:same-cell;}--><\/p>\n<p><span style=\"color: #0000ff\">Post \u00faltima atualiza\u00e7\u00e3o:\u00a007\/2023<\/span><\/p>\n<p>Composi\u00e7\u00e3o dos membros pela Plen\u00e1ria do Departamento, conforme ATA do dia 11\/07\/2024.<\/p>\n<table style=\"height: 440px\" width=\"949\">\n<tbody>\n<tr>\n<td style=\"text-align: center\" colspan=\"4\" width=\"648\"><strong>COMISS\u00c3O DE ORIENTA\u00c7\u00c3O ACAD\u00caMICA &#8211; COA<\/strong><\/td>\n<\/tr>\n<tr>\n<td style=\"text-align: center\"><strong>CARGO<\/strong><\/td>\n<td style=\"text-align: center\"><strong>DOCENTE<\/strong><\/td>\n<td style=\"text-align: center\"><strong>DEPARTAMENTO<\/strong><\/td>\n<td style=\"text-align: center\"><strong>E-mail<\/strong><\/td>\n<\/tr>\n<tr>\n<td style=\"text-align: center\">Coordenadora<\/td>\n<td style=\"text-align: center\">Cinthia Lopes da silva<\/td>\n<td style=\"text-align: center\">DEDFIS<\/td>\n<td style=\"text-align: center\">cinthialopes@ufpr.br<\/td>\n<\/tr>\n<tr>\n<td style=\"text-align: center\">Vice-coordenadora<\/td>\n<td style=\"text-align: center\">Danielle Torri<\/td>\n<td style=\"text-align: center\">DEDFIS<\/td>\n<td style=\"text-align: center\">danielle.torri@ufpr.br<\/td>\n<\/tr>\n<tr>\n<td style=\"text-align: center\">Docente<\/td>\n<td style=\"text-align: center\">Julimar Pereira<\/td>\n<td style=\"text-align: center\">DEDFIS<\/td>\n<td style=\"text-align: center\">julimarpereira@hotmail.com<\/td>\n<\/tr>\n<tr>\n<td style=\"text-align: center\">Docente<\/td>\n<td style=\"text-align: center\">Soraya Domingues<\/td>\n<td style=\"text-align: center\">DEDFIS<\/td>\n<td style=\"text-align: center\">domingues.soraya@gmail.com<\/td>\n<\/tr>\n<tr>\n<td style=\"text-align: center\">Docente<\/td>\n<td style=\"text-align: center\">Fabricio Cieslak<\/td>\n<td style=\"text-align: center\">DEDFIS<\/td>\n<td style=\"text-align: center\">facieslak@gmail.com<\/td>\n<\/tr>\n<tr>\n<td style=\"text-align: center\">Docente<\/td>\n<td style=\"text-align: center\">Leticia Godoy<\/td>\n<td style=\"text-align: center\">DEDFIS<\/td>\n<td style=\"text-align: center\">leticiagodoy@uol.com.br<\/td>\n<\/tr>\n<tr>\n<td style=\"text-align: center\">Docente<\/td>\n<td style=\"text-align: center\">Rosecler Vendruscolo<\/td>\n<td style=\"text-align: center\">DEDFIS<\/td>\n<td style=\"text-align: center\">roseclervendruscolo@gmail.com<\/td>\n<\/tr>\n<tr>\n<td style=\"text-align: center\">Docente<\/td>\n<td style=\"text-align: center\">Sidmar Meurer<\/td>\n<td style=\"text-align: center\">DTPEN<\/td>\n<td style=\"text-align: center\">sid_meurer@ufpr.br<\/td>\n<\/tr>\n<tr>\n<td style=\"text-align: center\">Docente<\/td>\n<td style=\"text-align: center\">Vera Luiza Moro<\/td>\n<td style=\"text-align: center\">DEDFIS<\/td>\n<td style=\"text-align: center\">vlmoro@ufpr.br<\/td>\n<\/tr>\n<tr>\n<td style=\"text-align: center\">Docente<\/td>\n<td style=\"text-align: center\">Let\u00edcia Lima<\/td>\n<td style=\"text-align: center\">DEDFIS<\/td>\n<td style=\"text-align: center\">leticia_queiroz@hotmail.com<\/td>\n<\/tr>\n<\/tbody>\n<\/table>\n<p>&nbsp;<\/p>\n","protected":false},"excerpt":{"rendered":"<p>Post \u00faltima atualiza\u00e7\u00e3o:\u00a007\/2023 Composi\u00e7\u00e3o dos membros pela Plen\u00e1ria do Departamento, conforme ATA do dia 11\/07\/2024. COMISS\u00c3O DE ORIENTA\u00c7\u00c3O ACAD\u00caMICA &#8211; COA CARGO DOCENTE DEPARTAMENTO E-mail Coordenadora Cinthia Lopes da silva DEDFIS cinthialopes@ufpr.br Vice-coordenadora Danielle Torri DEDFIS danielle.torri@ufpr.br Docente Julimar Pereira DEDFIS julimarpereira@hotmail.com Docente Soraya Domingues DEDFIS domingues.soraya@gmail.com Docente Fabricio Cieslak DEDFIS facieslak@gmail.com Docente Leticia Godoy [&hellip;]<\/p>\n","protected":false},"author":6,"featured_media":0,"parent":0,"menu_order":0,"comment_status":"closed","ping_status":"closed","template":"","meta":{"_acf_changed":false,"_monsterinsights_skip_tracking":false,"_monsterinsights_sitenote_active":false,"_monsterinsights_sitenote_note":"","_monsterinsights_sitenote_category":0,"footnotes":""},"class_list":["post-321","page","type-page","status-publish","hentry"],"acf":[],"_links":{"self":[{"href":"https:\/\/bio.ufpr.br\/cef\/wp-json\/wp\/v2\/pages\/321","targetHints":{"allow":["GET"]}}],"collection":[{"href":"https:\/\/bio.ufpr.br\/cef\/wp-json\/wp\/v2\/pages"}],"about":[{"href":"https:\/\/bio.ufpr.br\/cef\/wp-json\/wp\/v2\/types\/page"}],"author":[{"embeddable":true,"href":"https:\/\/bio.ufpr.br\/cef\/wp-json\/wp\/v2\/users\/6"}],"replies":[{"embeddable":true,"href":"https:\/\/bio.ufpr.br\/cef\/wp-json\/wp\/v2\/comments?post=321"}],"version-history":[{"count":13,"href":"https:\/\/bio.ufpr.br\/cef\/wp-json\/wp\/v2\/pages\/321\/revisions"}],"predecessor-version":[{"id":4004,"href":"https:\/\/bio.ufpr.br\/cef\/wp-json\/wp\/v2\/pages\/321\/revisions\/4004"}],"wp:attachment":[{"href":"https:\/\/bio.ufpr.br\/cef\/wp-json\/wp\/v2\/media?parent=321"}],"curies":[{"name":"wp","href":"https:\/\/api.w.org\/{rel}","templated":true}]}}