{"id":926,"date":"2019-11-27T10:56:47","date_gmt":"2019-11-27T10:56:47","guid":{"rendered":"https:\/\/bio.ufpr.br\/cef\/?page_id=926"},"modified":"2025-02-27T14:09:33","modified_gmt":"2025-02-27T14:09:33","slug":"contato","status":"publish","type":"page","link":"https:\/\/bio.ufpr.br\/cef\/contato\/","title":{"rendered":"Contatos"},"content":{"rendered":"<span style=\"color: #000000\"><em>Atualiza\u00e7\u00e3o: <\/em><span style=\"color: #008000\"><strong><em>27\/02\/2025<\/em><\/strong><\/span><\/span>\r\n\r\n<strong>Coordena\u00e7\u00e3o do Curso de Educa\u00e7\u00e3o F\u00edsica: <\/strong>\r\n<ul>\r\n \t<li><strong>E-mail:<\/strong> coordenacao.edf@ufpr.br \/ atendimento por ordem de solicita\u00e7\u00e3o de chegada em nossa caixa de entrada do e-mail<\/li>\r\n \t<li><strong>Telefone:\u00a0<\/strong><span style=\"color: #000000\">(41) 3361-3342<\/span><\/li>\r\n<\/ul>\r\n&nbsp;\r\n\r\n<strong>Departamento de Educa\u00e7\u00e3o F\u00edsica<\/strong>\r\n<ul>\r\n \t<li><strong>E-mail:<\/strong> educafisica@ufpr.br<\/li>\r\n \t<li><strong>Lista de E-mail Docente:<\/strong>\u00a0<a href=\"https:\/\/bio.ufpr.br\/cef\/wp-content\/uploads\/sites\/33\/2025\/02\/E-mail-Docentes.pdf\">https:\/\/bio.ufpr.br\/cef\/wp-content\/uploads\/sites\/33\/2025\/02\/E-mail-Docentes.pdf<\/a><\/li>\r\n \t<li><strong>Telefone:<\/strong> (41) 3361-3242<\/li>\r\n \t<li><strong>P\u00e1gina:<\/strong>\u00a0<a href=\"https:\/\/bio.ufpr.br\/educacaofisica\/\">https:\/\/bio.ufpr.br\/educacaofisica\/<\/a><\/li>\r\n \t<li><strong>Corpo Docente:<\/strong>\u00a0<a href=\"https:\/\/bio.ufpr.br\/educacaofisica\/docentes\/\">https:\/\/bio.ufpr.br\/educacaofisica\/docentes\/<\/a><\/li>\r\n<\/ul>\r\n&nbsp;\r\n\r\n<strong>Centro de Educa\u00e7\u00e3o F\u00edsica e Desportos<\/strong>\r\n<ul>\r\n \t<li>E-mail: ced@ufpr.br<\/li>\r\n \t<li>Telefone: (41) 3361-6116<\/li>\r\n \t<li>P\u00e1gina:\u00a0<a href=\"https:\/\/ced.ufpr.br\/\">https:\/\/ced.ufpr.br\/<\/a><\/li>\r\n<\/ul>\r\n&nbsp;\r\n<p style=\"text-align: center\"><b>ENDERE\u00c7O\r\n<\/b><strong>Rua Cel. Francisco H. dos Santos, 100 &#8211; Campus Polit\u00e9cnico &#8211; Jardim das Am\u00e9ricas &#8211; CEP 81531-980\u00a0 &#8211; Curitiba-PR-Brasil<\/strong><\/p>\r\n<!-- \/wp:post-content -->","protected":false},"excerpt":{"rendered":"<p>Atualiza\u00e7\u00e3o: 27\/02\/2025 Coordena\u00e7\u00e3o do Curso de Educa\u00e7\u00e3o F\u00edsica: E-mail: coordenacao.edf@ufpr.br \/ atendimento por ordem de solicita\u00e7\u00e3o de chegada em nossa caixa de entrada do e-mail Telefone:\u00a0(41) 3361-3342 &nbsp; Departamento de Educa\u00e7\u00e3o F\u00edsica E-mail: educafisica@ufpr.br Lista de E-mail Docente:\u00a0https:\/\/bio.ufpr.br\/cef\/wp-content\/uploads\/sites\/33\/2025\/02\/E-mail-Docentes.pdf Telefone: (41) 3361-3242 P\u00e1gina:\u00a0https:\/\/bio.ufpr.br\/educacaofisica\/ Corpo Docente:\u00a0https:\/\/bio.ufpr.br\/educacaofisica\/docentes\/ &nbsp; Centro de Educa\u00e7\u00e3o F\u00edsica e Desportos E-mail: ced@ufpr.br Telefone: (41) [&hellip;]<\/p>\n","protected":false},"author":6,"featured_media":0,"parent":0,"menu_order":0,"comment_status":"closed","ping_status":"closed","template":"","meta":{"_acf_changed":false,"_monsterinsights_skip_tracking":false,"_monsterinsights_sitenote_active":false,"_monsterinsights_sitenote_note":"","_monsterinsights_sitenote_category":0,"footnotes":""},"class_list":["post-926","page","type-page","status-publish","hentry"],"acf":[],"_links":{"self":[{"href":"https:\/\/bio.ufpr.br\/cef\/wp-json\/wp\/v2\/pages\/926","targetHints":{"allow":["GET"]}}],"collection":[{"href":"https:\/\/bio.ufpr.br\/cef\/wp-json\/wp\/v2\/pages"}],"about":[{"href":"https:\/\/bio.ufpr.br\/cef\/wp-json\/wp\/v2\/types\/page"}],"author":[{"embeddable":true,"href":"https:\/\/bio.ufpr.br\/cef\/wp-json\/wp\/v2\/users\/6"}],"replies":[{"embeddable":true,"href":"https:\/\/bio.ufpr.br\/cef\/wp-json\/wp\/v2\/comments?post=926"}],"version-history":[{"count":12,"href":"https:\/\/bio.ufpr.br\/cef\/wp-json\/wp\/v2\/pages\/926\/revisions"}],"predecessor-version":[{"id":4117,"href":"https:\/\/bio.ufpr.br\/cef\/wp-json\/wp\/v2\/pages\/926\/revisions\/4117"}],"wp:attachment":[{"href":"https:\/\/bio.ufpr.br\/cef\/wp-json\/wp\/v2\/media?parent=926"}],"curies":[{"name":"wp","href":"https:\/\/api.w.org\/{rel}","templated":true}]}}