{"id":121,"date":"2026-04-10T15:10:00","date_gmt":"2026-04-10T15:10:00","guid":{"rendered":"https:\/\/bio.ufpr.br\/ceua\/?page_id=121"},"modified":"2026-04-10T18:10:29","modified_gmt":"2026-04-10T18:10:29","slug":"legislacao","status":"publish","type":"page","link":"https:\/\/bio.ufpr.br\/ceua\/legislacao\/","title":{"rendered":"Legisla\u00e7\u00e3o"},"content":{"rendered":"<h2>UFPR<\/h2>\n<p style=\"text-align: left\"><span style=\"font-size: 16px;text-align: justify\">O mais recente regimento da CEUA\/BIO \u2013 UFPR,\u00a0 <a href=\"https:\/\/bio.ufpr.br\/wp-content\/uploads\/2022\/10\/Resolu%C3%A7%C3%A3o-n%C2%BA-02_22BL-Regimento-Comiss%C3%A3o-de-%C3%89tica-no-Uso-de-Animais-CEUA_BIO-UFPR-4955707.pdf\" target=\"_blank\" rel=\"noopener\"><strong>Resolu\u00e7\u00e3o N.\u00ba 02\/2022-BL<\/strong><\/a>, foi aprovado em 30 de setembro de 2022 pelo Conselho Setorial do Setor de Ci\u00eancias Biol\u00f3gicas. <\/span><span style=\"font-size: 16px;text-align: justify\">Todos os pesquisadores que utilizam animais de experimenta\u00e7\u00e3o devem ler cuidadosamente este regimento, atentando-se ao Artigo 11<\/span><sup style=\"text-align: justify\">o<\/sup><span style=\"font-size: 16px;text-align: justify\">\u00a0que versa sobre as atribui\u00e7\u00f5es dos pesquisadores.<\/span><\/p>\n<p>&nbsp;<\/p>\n<p><span style=\"color: #993300\"><a style=\"color: #993300\" href=\"https:\/\/bio.ufpr.br\/ceua\/wp-content\/uploads\/sites\/25\/2026\/04\/sei_8664503_instrucao_normativa_ceua_bio_1_2026.pdf\"><strong>&#8211; INSTRU\u00c7\u00c3O NORMATIVA 1\/2026 &#8211; CEUA\/BIO<\/strong> &#8211; Disp\u00f5e sobre a notifica\u00e7\u00e3o, an\u00e1lise, classifica\u00e7\u00e3o de ocorr\u00eancias e aplica\u00e7\u00e3o de medidas administrativas relativas a protocolos aprovados pela CEUA\/BIO-UFPR.<\/a><\/span><\/p>\n<p>&#8211; <a href=\"https:\/\/bio.ufpr.br\/wp-content\/uploads\/2022\/10\/Resolu%C3%A7%C3%A3o-n%C2%BA-02_22BL-Regimento-Comiss%C3%A3o-de-%C3%89tica-no-Uso-de-Animais-CEUA_BIO-UFPR-4955707.pdf\"><strong>RESOLU\u00c7\u00c3O N\u00ba02\/2022-BL\u00a0\u2013<\/strong>\u00a0Estabelece o Regimento da Comiss\u00e3o de \u00c9tica no Uso de Animais (CEUA\/BIO-UFPR) do Setor de Ci\u00eancias Biol\u00f3gicas da Universidade Federal do Paran\u00e1<\/a><\/p>\n<p>&#8211; <a href=\"https:\/\/bio.ufpr.br\/wp-content\/uploads\/2014\/12\/Resolu%C3%A7ao-de-Cria%C3%A7%C3%A3o-dos-CEUA-na-UFPR.pdf\" target=\"_blank\" rel=\"noopener\"><strong>RESOLU\u00c7\u00c3O N\u00ba 86\/11-CEPE &#8211;<\/strong> Cria as Comiss\u00f5es de \u00c9tica no Uso de Animais da Universidade Federal do Paran\u00e1<\/a><\/p>\n<p><a href=\"https:\/\/bio.ufpr.br\/wp-content\/uploads\/2014\/12\/Credenciamento-da-UFPR-no-CONCEA.pdf\" target=\"_blank\" rel=\"noopener\">&#8211; Credenciamento da UFPR no CONCEA<\/a><\/p>\n<p><a style=\"font-size: 16px;font-weight: 400;text-align: justify\" href=\"https:\/\/bio.ufpr.br\/wp-content\/uploads\/2014\/12\/EXTRATO-DE-PARECER-T%C3%89CNICO-39_2013-DOU-05_SET_2013.pdf\" target=\"_blank\" rel=\"noopener\">&#8211; Extrato de Parecer T\u00e9cnico 39_2013 \u2013 DOU 05_SET_2013<\/a><\/p>\n<h3><\/h3>\n<h2>CONCEA<\/h2>\n<p style=\"text-align: center\">A partir de outubro de 2022 a RN do CONCEA de n\u00ba 55, que trata da Diretriz Brasileira para o Cuidado e a Utiliza\u00e7\u00e3o de Animais em Atividades de Ensino ou de Pesquisa Cient\u00edfica (DBCA), foi atualizada com exig\u00eancias mais espec\u00edficas em rela\u00e7\u00e3o \u00e0 Redu\u00e7\u00e3o, Substitui\u00e7\u00e3o e Refinamento (incluindo o ponto final humanit\u00e1rio de maneira mais expl\u00edcita) desde o planejamento dos experimentos, at\u00e9 a finaliza\u00e7\u00e3o dos mesmos. Al\u00e9m disso, o enriquecimento ambiental (padr\u00e3o) para cada esp\u00e9cie \u00e9 obrigat\u00f3rio.<\/p>\n<p style=\"text-align: center\"><span style=\"font-size: 16px;text-align: justify\">Aqui voc\u00ea encontra links que levam a importantes normatiza\u00e7\u00f5es a serem seguidas quanto ao uso de animais em ensino e pesquisa cient\u00edfica.<\/span><\/p>\n<p><a style=\"text-align: justify\" href=\"https:\/\/www.planalto.gov.br\/ccivil_03\/_ato2007-2010\/2008\/lei\/l11794.htm\" target=\"_blank\" rel=\"noopener\"><strong>LEI N\u00ba 11.794, DE\u00a0 8 DE OUTUBRO DE 2008 (Lei Arouca)<\/strong> &#8211; Cria o CONCEA e regulamenta o uso de animais vertebrados em atividades de pesquisa e ensino.<\/a><\/p>\n<p><a href=\"https:\/\/drive.google.com\/file\/d\/1CLmSF75tyKwDPbvI1Q4X3TUXVzvjEzoz\/view\"><strong>DBCA<\/strong>\u00a0&#8211; Diretriz Brasileira para o Cuidado e a Utiliza\u00e7\u00e3o de Animais em Atividades de Ensino ou de Pesquisa Cient\u00edfica &#8211;\u00a01\u00aa Edi\u00e7\u00e3o.<\/a><\/p>\n<p class=\"full-width\"><a href=\"https:\/\/www.gov.br\/mcti\/pt-br\/composicao\/conselhos\/concea\/arquivos\/arquivo\/publicacoes-do-concea\/guia_concea_1ed_animais-_ensino_ou_pesquisa_2023.pdf\"><strong>Guia Brasileiro de Produ\u00e7\u00e3o, Manuten\u00e7\u00e3o ou Utiliza\u00e7\u00e3o de Animais para Atividades de Ensino ou Pesquisa Cient\u00edfica<\/strong>\u00a0&#8211; 1\u00aa Edi\u00e7\u00e3o (2023).<\/a><\/p>\n<p><a href=\"https:\/\/bio.ufpr.br\/ceua\/wp-content\/uploads\/sites\/25\/2024\/11\/RESOLUCAO-No-69-DE-30-DE-OUTUBRO-DE-2024-RESOLUCAO-No-69-DE-30-DE-OUTUBRO-DE-2024-DOU-Imprensa-Nacional.pdf\" target=\"_blank\" rel=\"noopener\"><strong>RN CONCEA N\u00ba 69, DE 30 DE OUTUBRO DE 2024<\/strong> &#8211; Disp\u00f5e sobre a realoca\u00e7\u00e3o de animais em atividades de ensino ou pesquisa cient\u00edfica.<\/a><\/p>\n<p><a href=\"https:\/\/www.in.gov.br\/en\/web\/dou\/-\/resolucao-n-55-de-5-de-outubro-de-2022-434869177\"><strong>RN CONCEA <\/strong><strong>N\u00ba 55, DE 05 DE OUTUBRO DE 2022<\/strong> &#8211;\u00a0Atualiza o texto da Diretriz Brasileira para o Cuidado e a Utiliza\u00e7\u00e3o de Animais em Atividades de Ensino ou de Pesquisa Cient\u00edfica &#8211; <strong>DBCA<\/strong><\/a><\/p>\n<p style=\"text-align: justify\"><a href=\"https:\/\/www.in.gov.br\/en\/web\/dou\/-\/resolucao-concea\/mcti-n-49-de-7-de-maio-de-2021-318712950\" target=\"_blank\" rel=\"noopener\"><strong>RN CONCEA N\u00ba 49, DE 7 DE MAIO DE 2021<\/strong> &#8211; Disp\u00f5e sobre a obrigatoriedade de capacita\u00e7\u00e3o do pessoal envolvido em atividades de ensino e pesquisa cient\u00edfica que utilizam animais.<\/a><\/p>\n<p style=\"text-align: left\"><strong>RNs Vigentes do CONCEA:<\/strong> <a href=\"https:\/\/www.gov.br\/mcti\/pt-br\/composicao\/conselhos\/concea\/paginas\/publicacoes-legislacao-e-guia\/legislacao-do-concea\" target=\"_blank\" rel=\"noopener\">https:\/\/www.gov.br\/mcti\/pt-br\/composicao\/conselhos\/concea\/paginas\/publicacoes-legislacao-e-guia\/legislacao-do-concea.<\/a><\/p>\n<p style=\"text-align: justify\">O CONCEA disponibilizou um <a href=\"https:\/\/antigo.mctic.gov.br\/mctic\/opencms\/institucional\/concea\/arquivos\/videos_concea\/RN49Concea.mp4\" target=\"_blank\" rel=\"noopener\">v\u00eddeo<\/a> de car\u00e1ter orientativo com o intuito de esclarecer eventuais questionamentos sobre os detalhes da\u00a0Resolu\u00e7\u00e3o Normativa n\u00ba 49 de 07\/05\/2021:<\/p>\n<div style=\"width: 640px;\" class=\"wp-video\"><!--[if lt IE 9]><script>document.createElement('video');<\/script><![endif]-->\n<video class=\"wp-video-shortcode\" id=\"video-121-1\" width=\"640\" height=\"360\" preload=\"metadata\" controls=\"controls\"><source type=\"video\/mp4\" src=\"https:\/\/antigo.mctic.gov.br\/mctic\/opencms\/institucional\/concea\/arquivos\/videos_concea\/RN49Concea.mp4?_=1\" \/><a href=\"https:\/\/antigo.mctic.gov.br\/mctic\/opencms\/institucional\/concea\/arquivos\/videos_concea\/RN49Concea.mp4\">https:\/\/antigo.mctic.gov.br\/mctic\/opencms\/institucional\/concea\/arquivos\/videos_concea\/RN49Concea.mp4<\/a><\/video><\/div>\n<p style=\"text-align: justify\">\n","protected":false},"excerpt":{"rendered":"<p>UFPR O mais recente regimento da CEUA\/BIO \u2013 UFPR,\u00a0 Resolu\u00e7\u00e3o N.\u00ba 02\/2022-BL, foi aprovado em 30 de setembro de 2022 pelo Conselho Setorial do Setor [&hellip;]<\/p>\n","protected":false},"author":6,"featured_media":0,"parent":0,"menu_order":0,"comment_status":"open","ping_status":"open","template":"","meta":{"_acf_changed":false,"_monsterinsights_skip_tracking":false,"_monsterinsights_sitenote_active":false,"_monsterinsights_sitenote_note":"","_monsterinsights_sitenote_category":0,"footnotes":""},"class_list":["post-121","page","type-page","status-publish","hentry"],"acf":[],"_links":{"self":[{"href":"https:\/\/bio.ufpr.br\/ceua\/wp-json\/wp\/v2\/pages\/121","targetHints":{"allow":["GET"]}}],"collection":[{"href":"https:\/\/bio.ufpr.br\/ceua\/wp-json\/wp\/v2\/pages"}],"about":[{"href":"https:\/\/bio.ufpr.br\/ceua\/wp-json\/wp\/v2\/types\/page"}],"author":[{"embeddable":true,"href":"https:\/\/bio.ufpr.br\/ceua\/wp-json\/wp\/v2\/users\/6"}],"replies":[{"embeddable":true,"href":"https:\/\/bio.ufpr.br\/ceua\/wp-json\/wp\/v2\/comments?post=121"}],"version-history":[{"count":56,"href":"https:\/\/bio.ufpr.br\/ceua\/wp-json\/wp\/v2\/pages\/121\/revisions"}],"predecessor-version":[{"id":923,"href":"https:\/\/bio.ufpr.br\/ceua\/wp-json\/wp\/v2\/pages\/121\/revisions\/923"}],"wp:attachment":[{"href":"https:\/\/bio.ufpr.br\/ceua\/wp-json\/wp\/v2\/media?parent=121"}],"curies":[{"name":"wp","href":"https:\/\/api.w.org\/{rel}","templated":true}]}}