{"id":5,"date":"2025-12-17T15:01:26","date_gmt":"2025-12-17T15:01:26","guid":{"rendered":"https:\/\/bio.ufpr.br\/ceua\/?page_id=5"},"modified":"2025-12-17T18:01:17","modified_gmt":"2025-12-17T18:01:17","slug":"home","status":"publish","type":"page","link":"https:\/\/bio.ufpr.br\/ceua\/home\/","title":{"rendered":"CEUA\/BIO-UFPR"},"content":{"rendered":"<p>A Comiss\u00e3o de \u00c9tica no Uso de Animais do Setor de Ci\u00eancias Biol\u00f3gicas da Universidade Federal do Paran\u00e1 (CEUA\/BIO \u2013 UFPR) \u00e9 de natureza t\u00e9cnico-cient\u00edfica permanente, tendo por finalidade avaliar os projetos de pesquisa e de protocolos de aulas pr\u00e1ticas que envolvam animais vertebrados, n\u00e3o humanos, no Setor de Ci\u00eancias Biol\u00f3gicas da UFPR.<\/p>\n<p>A CEUA\/BIO, anteriormente intitulada &#8220;Comit\u00ea de \u00c9tica em Experimenta\u00e7\u00e3o Animal (CEEA)&#8221;, foi institu\u00eddo pela resolu\u00e7\u00e3o de 09 de maio de 2003. Em 01 de abril de 2011, com a aprova\u00e7\u00e3o de um novo regimento, passou a chamar-se de Comiss\u00e3o de \u00c9tica para o Uso de Animais do Setor de Ci\u00eancias Biol\u00f3gicas da Universidade Federal do Paran\u00e1.<\/p>\n<p>Atualmente, o regimento em vigor, aprovado em 30 de setembro de 2022, \u00e9 a <a href=\"https:\/\/bio.ufpr.br\/wp-content\/uploads\/2022\/10\/Resolu%C3%A7%C3%A3o-n%C2%BA-02_22BL-Regimento-Comiss%C3%A3o-de-%C3%89tica-no-Uso-de-Animais-CEUA_BIO-UFPR-4955707.pdf\">Resolu\u00e7\u00e3o n\u00ba 02\/2022-BL<\/a>.<\/p>\n<p>A CEUA\/BIO se re\u00fane uma vez por m\u00eas para discuss\u00e3o dos projetos. As reuni\u00f5es acontecem todas as segundas ter\u00e7as-feiras de cada m\u00eas.<\/p>\n<p>&nbsp;<\/p>\n<p><a href=\"https:\/\/bio.ufpr.br\/ceua\/wp-content\/uploads\/sites\/25\/2025\/12\/calendario-de-reunioes-2026.pdf\"><strong>CALEND\u00c1RIO DE REUNI\u00d5ES &#8211; CEUA\/BIO-UFPR 2026<\/strong><\/a><\/p>\n<p><a href=\"https:\/\/bio.ufpr.br\/ceua\/wp-content\/uploads\/sites\/25\/2025\/02\/calendario-de-reunioes-2025.pdf\" target=\"_blank\" rel=\"noopener\"><strong>CALEND\u00c1RIO DE REUNI\u00d5ES &#8211; CEUA\/BIO-UFPR 2025<\/strong><\/a><\/p>\n<p><a href=\"https:\/\/bio.ufpr.br\/ceua\/wp-content\/uploads\/sites\/25\/2024\/04\/calendario-de-reunioes-CEUA-ANO-2024.pdf\" target=\"_blank\" rel=\"noopener\"><strong>CALEND\u00c1RIO DE REUNI\u00d5ES \u2013 CEUA\/BIO-UFPR 2024<\/strong><\/a><\/p>\n","protected":false},"excerpt":{"rendered":"<p>A Comiss\u00e3o de \u00c9tica no Uso de Animais do Setor de Ci\u00eancias Biol\u00f3gicas da Universidade Federal do Paran\u00e1 (CEUA\/BIO \u2013 UFPR) \u00e9 de natureza t\u00e9cnico-cient\u00edfica [&hellip;]<\/p>\n","protected":false},"author":6,"featured_media":0,"parent":0,"menu_order":0,"comment_status":"open","ping_status":"open","template":"","meta":{"_acf_changed":false,"_monsterinsights_skip_tracking":false,"_monsterinsights_sitenote_active":false,"_monsterinsights_sitenote_note":"","_monsterinsights_sitenote_category":0,"footnotes":""},"class_list":["post-5","page","type-page","status-publish","hentry"],"acf":[],"_links":{"self":[{"href":"https:\/\/bio.ufpr.br\/ceua\/wp-json\/wp\/v2\/pages\/5","targetHints":{"allow":["GET"]}}],"collection":[{"href":"https:\/\/bio.ufpr.br\/ceua\/wp-json\/wp\/v2\/pages"}],"about":[{"href":"https:\/\/bio.ufpr.br\/ceua\/wp-json\/wp\/v2\/types\/page"}],"author":[{"embeddable":true,"href":"https:\/\/bio.ufpr.br\/ceua\/wp-json\/wp\/v2\/users\/6"}],"replies":[{"embeddable":true,"href":"https:\/\/bio.ufpr.br\/ceua\/wp-json\/wp\/v2\/comments?post=5"}],"version-history":[{"count":19,"href":"https:\/\/bio.ufpr.br\/ceua\/wp-json\/wp\/v2\/pages\/5\/revisions"}],"predecessor-version":[{"id":860,"href":"https:\/\/bio.ufpr.br\/ceua\/wp-json\/wp\/v2\/pages\/5\/revisions\/860"}],"wp:attachment":[{"href":"https:\/\/bio.ufpr.br\/ceua\/wp-json\/wp\/v2\/media?parent=5"}],"curies":[{"name":"wp","href":"https:\/\/api.w.org\/{rel}","templated":true}]}}