{"id":535,"date":"2023-10-06T09:00:14","date_gmt":"2023-10-06T09:00:14","guid":{"rendered":"https:\/\/bio.ufpr.br\/ceua\/?page_id=535"},"modified":"2023-10-06T12:37:11","modified_gmt":"2023-10-06T12:37:11","slug":"outras-orientacoes","status":"publish","type":"page","link":"https:\/\/bio.ufpr.br\/ceua\/outras-orientacoes\/","title":{"rendered":"Outras orienta\u00e7\u00f5es"},"content":{"rendered":"<p style=\"text-align: justify\"><strong>1.<\/strong> <span style=\"text-decoration: underline\"><strong>Aprecia\u00e7\u00e3o acerca de notifica\u00e7\u00f5es, ocorr\u00eancias e requisitos para suspens\u00e3o de projetos.<\/strong><\/span><\/p>\n<p style=\"text-align: justify\"><strong>1.1 Notifica\u00e7\u00e3o<\/strong> \u00e9 qualquer observa\u00e7\u00e3o que fere normas \u00e9ticas de bem-estar animal na cria\u00e7\u00e3o, manuten\u00e7\u00e3o e experimenta\u00e7\u00e3o.<br \/>\n*As notifica\u00e7\u00f5es podem e devem ser feitas por <span style=\"text-decoration: underline\"><strong>qualquer pesquisador com projeto CEUA em vig\u00eancia<\/strong><\/span> &#8211; respons\u00e1vel ou colaborador &#8211; e pela <span style=\"text-decoration: underline\">equipe t\u00e9cnica do Complexo do Biot\u00e9rio<\/span>.<br \/>\nAs notifica\u00e7\u00f5es devem ser encaminhadas para as RTs do Complexo Biot\u00e9rio<br \/>\n<em>&#8211; Nic\u00e1ssia de Sousa Oliveira &#8211; <a href=\"mailto:nicassia.sousa@ufpr.br\">nicassia.sousa@ufpr.br<\/a><\/em><br \/>\n<em>&#8211; Angela Cristina da Fonseca de Oliveira &#8211; <a href=\"mailto:angela.fonseca@ufpr.br\">angela.fonseca@ufpr.br<\/a><\/em><br \/>\nOs pesquisadores respons\u00e1veis pelo CEUA aprovado ser\u00e3o imediatamente comunicado, <span style=\"text-decoration: underline\">atrav\u00e9s de <em>e-mail<\/em> institucional e do <em>Whats App<\/em> informados no formul\u00e1rio CEUA<\/span>, para que medidas saneadoras sejam providenciadas.<br \/>\n* Veja aqui o <a href=\"https:\/\/bio.ufpr.br\/ceua\/wp-content\/uploads\/sites\/25\/2023\/09\/MODELO-DE-NOTIFICA\u00c7\u00c3O.docx\">MODELO DE NOTIFICA\u00c7\u00c3O<\/a><\/p>\n<p style=\"text-align: justify\"><strong>1.2 Ocorr\u00eancia<\/strong> \u00e9 quando o pesquisador respons\u00e1vel ou seus colaboradores n\u00e3o providenciarem medidas saneadoras ap\u00f3s uma notifica\u00e7\u00e3o no prazo de 24 horas.<br \/>\n*Toda ocorr\u00eancia ser\u00e1 registrada no Complexo do Biot\u00e9rio pelas RTs.<\/p>\n<p style=\"text-align: justify\"><strong>Requisitos para suspens\u00e3o tempor\u00e1ria de submiss\u00e3o de projeto ao CEUA ou do uso de animais de um CEUA aprovado:<\/strong><\/p>\n<p style=\"text-align: justify\">a) O pesquisador que receber\u00a0<em><u>3 ocorr\u00eancias no mesmo projeto (mesmo n\u00famero de protocolo CEUA) no interst\u00edcio de 12 meses<\/u><\/em>\u00a0ter\u00e1 o cancelamento imediato\u00a0do referido protocolo CEUA\u00a0e estar\u00e1 impedido de submeter novos projetos ao CEUA por\u00a03 meses.<br \/>\nb) O pesquisador respons\u00e1vel que apresentar\u00a0<em><u>reincid\u00eancia de 3 ocorr\u00eancias em um \u00fanico projeto (mesmo n\u00famero de protocolo CEUA) no interst\u00edcio de 12 meses<\/u><\/em>\u00a0ter\u00e1 o cancelamento imediato de\u00a0todos os protocolos CEUAs vigentes\u00a0(diferentes protocolos CEUAs sob sua responsabilidade) e estar\u00e1 impedido de submeter novos projetos ao CEUA por\u00a06 meses.<br \/>\nc)\u00a0O pesquisador que receber\u00a0<em><u>6 ocorr\u00eancias mesmo que em diferentes projetos (diferentes protocolos CEUA) no interst\u00edcio de 12 meses<\/u><\/em>\u00a0estar\u00e1 impedido de submeter novos projetos ao CEUA\u00a0por 1 ano, sendo necess\u00e1rio apresentar\u00a0certifica\u00e7\u00e3o atualizada de curso de manipula\u00e7\u00e3o e \u00e9tica animal.<br \/>\nd)\u00a0Caso esse pesquisador receba\u00a0<em><u>a s\u00e9tima ocorr\u00eancia no interst\u00edcio de 12 meses, independentemente do n\u00famero de protocolo CEUA<\/u><\/em>\u00a0ter\u00e1 o cancelamento imediato de\u00a0todos os protocolos CEUAs vigentes\u00a0e estar\u00e1 impedido de submeter novos projetos ao CEUA por\u00a01 ano,\u00a0sendo necess\u00e1rio apresentar\u00a0certifica\u00e7\u00e3o atualizada de curso de manipula\u00e7\u00e3o e \u00e9tica animal.<\/p>\n<p style=\"text-align: justify\">*Casos de apela\u00e7\u00e3o ser\u00e3o analisados individualmente pelo CEUA.<\/p>\n<p style=\"text-align: justify\"><strong><br \/>\n2. <span style=\"text-decoration: underline\">Aprecia\u00e7\u00e3o acerca das visitas de monitoramento nas Instala\u00e7\u00f5es Animais dos Departamentos.<br \/>\n<\/span><\/strong><br \/>\nConforme comunicado em reuni\u00e3o Setorial do Setor de Ci\u00eancias Biol\u00f3gicas, em 24\/08\/2023, e aprovado em reuni\u00e3o ordin\u00e1ria da CEUA\/BIO-UFPR, ser\u00e3o realizadas por 2 membros da CEUA visitas de monitoramento nas <span style=\"text-decoration: underline\">Instala\u00e7\u00f5es Animais dos Departamentos<\/span> pelo menos 1 vez a cada 6 meses.<br \/>\n<em>*<strong>Instala\u00e7\u00e3o Animal<\/strong> \u00e9 qualquer local no qual s\u00e3o produzidos, mantidos ou utilizados animais para atividades de ensino ou de pesquisa cient\u00edfica.<\/em><\/p>\n<p style=\"text-align: justify\">A primeira visita ocorrer\u00e1 entre os meses de outubro\/novembro de 2023. Ap\u00f3s o agendamento, as Chefias de Departamento ser\u00e3o comunicadas imediatamente para que as Chefias nomeiem um respons\u00e1vel em disponibilizar a entrada dos membros da CEUA nas salas de Instala\u00e7\u00e3o Animais.<br \/>\n*Relat\u00f3rio da visita ser\u00e1 encaminhado ao CEUA para registro e uma c\u00f3pia ser\u00e1 disponibilizada ao Chefe de Departamento para ci\u00eancia e auxilio nas adequa\u00e7\u00f5es necess\u00e1rias.<\/p>\n<p style=\"text-align: justify\">*Veja aqui <a href=\"https:\/\/bio.ufpr.br\/ceua\/wp-content\/uploads\/sites\/25\/2023\/09\/Checklist-Instala\u00e7\u00e3o-Peixes.docx\" target=\"_blank\">CHECKLIST DE MONITORAMENTO DA INSTALA\u00c7\u00c3O ANIMAL \u2013 PEIXES DE LABORAT\u00d3RIO<\/a><br \/>\n*Veja aqui <a href=\"https:\/\/bio.ufpr.br\/ceua\/wp-content\/uploads\/sites\/25\/2023\/09\/Checlist-Instala\u00e7\u00e3o-Roedores.docx\">CHECKLIST DE MONITORAMENTO DA INSTALA\u00c7\u00c3O ANIMAL \u2013 ROEDORES E LAGOMORFOS<\/a><\/p>\n<p style=\"text-align: justify\"><strong>\u00a0<\/strong><\/p>\n<p style=\"text-align: justify\">Favor consultar <em>link<\/em> (abaixo) da Sociedade Brasileira de de Ci\u00eancias em Animais de Laborat\u00f3rio (SBCAL) para ver o BANCO DE CURSOS (EAD) PARA CONTRIBUIR COM A RN-49 DO CONCEA:<br \/>\n<em>LINK<\/em>: <a href=\"https:\/\/www.sbcal.org.br\/informativo\/view?TIPO=1&amp;ID_INFORMATIVO=29\" target=\"_blank\">https:\/\/www.sbcal.org.br\/informativo\/view?TIPO=1&amp;ID_INFORMATIVO=29<\/a><\/p>\n","protected":false},"excerpt":{"rendered":"<p>1. Aprecia\u00e7\u00e3o acerca de notifica\u00e7\u00f5es, ocorr\u00eancias e requisitos para suspens\u00e3o de projetos. 1.1 Notifica\u00e7\u00e3o \u00e9 qualquer observa\u00e7\u00e3o que fere normas \u00e9ticas de bem-estar animal na [&hellip;]<\/p>\n","protected":false},"author":6,"featured_media":0,"parent":0,"menu_order":0,"comment_status":"closed","ping_status":"closed","template":"","meta":{"_acf_changed":false,"_monsterinsights_skip_tracking":false,"_monsterinsights_sitenote_active":false,"_monsterinsights_sitenote_note":"","_monsterinsights_sitenote_category":0,"footnotes":""},"class_list":["post-535","page","type-page","status-publish","hentry"],"acf":[],"_links":{"self":[{"href":"https:\/\/bio.ufpr.br\/ceua\/wp-json\/wp\/v2\/pages\/535","targetHints":{"allow":["GET"]}}],"collection":[{"href":"https:\/\/bio.ufpr.br\/ceua\/wp-json\/wp\/v2\/pages"}],"about":[{"href":"https:\/\/bio.ufpr.br\/ceua\/wp-json\/wp\/v2\/types\/page"}],"author":[{"embeddable":true,"href":"https:\/\/bio.ufpr.br\/ceua\/wp-json\/wp\/v2\/users\/6"}],"replies":[{"embeddable":true,"href":"https:\/\/bio.ufpr.br\/ceua\/wp-json\/wp\/v2\/comments?post=535"}],"version-history":[{"count":28,"href":"https:\/\/bio.ufpr.br\/ceua\/wp-json\/wp\/v2\/pages\/535\/revisions"}],"predecessor-version":[{"id":573,"href":"https:\/\/bio.ufpr.br\/ceua\/wp-json\/wp\/v2\/pages\/535\/revisions\/573"}],"wp:attachment":[{"href":"https:\/\/bio.ufpr.br\/ceua\/wp-json\/wp\/v2\/media?parent=535"}],"curies":[{"name":"wp","href":"https:\/\/api.w.org\/{rel}","templated":true}]}}