{"id":680,"date":"2026-02-27T16:06:29","date_gmt":"2026-02-27T16:06:29","guid":{"rendered":"https:\/\/bio.ufpr.br\/ceua\/?page_id=680"},"modified":"2026-02-27T19:31:45","modified_gmt":"2026-02-27T19:31:45","slug":"cursos-e-treinamentos","status":"publish","type":"page","link":"https:\/\/bio.ufpr.br\/ceua\/cursos-e-treinamentos\/","title":{"rendered":"Cursos e Treinamentos"},"content":{"rendered":"<p><a href=\"https:\/\/bio.ufpr.br\/ceua\/curso-teorico-de-treinamento-em-manipulacao-na-experimentacao-animal-ufpr-29a-edicao\/\"><strong>CURSO TE\u00d3RICO DE TREINAMENTO EM MANIPULA\u00c7\u00c3O NA EXPERIMENTA\u00c7\u00c3O ANIMAL &#8211; UFPR \u2013 29\u00aa Edi\u00e7\u00e3o\u00a0<\/strong><\/a><\/p>\n<h6><a href=\"https:\/\/bio.ufpr.br\/ceua\/curso-teorico-sobre-manipulacao-na-experimentacao-animal-28a-edicao\/\">CURSO TE\u00d3RICO DE TREINAMENTO EM MANIPULA\u00c7\u00c3O NA EXPERIMENTA\u00c7\u00c3O ANIMAL &#8211; UFPR \u2013 28\u00aa Edi\u00e7\u00e3o\u00a0<\/a><\/h6>\n<h6><a href=\"https:\/\/bio.ufpr.br\/ceua\/curso-teorico-sobre-manipulacao-na-experimentacao-animal-27a-edicao\/\" target=\"_blank\" rel=\"noopener\">CURSO TE\u00d3RICO DE TREINAMENTO EM EXPERIMENTA\u00c7\u00c3O ANIMAL UFPR &#8211; 27\u00aa Edi\u00e7\u00e3o<\/a><\/h6>\n<h6><a href=\"https:\/\/bio.ufpr.br\/ceua\/curso-teorico-sobre-manipulacao-na-experimentacao-animal-26a-edicao\/\" target=\"_blank\" rel=\"noopener\">CURSO TE\u00d3RICO DE TREINAMENTO EM EXPERIMENTA\u00c7\u00c3O ANIMAL UFPR &#8211; 26\u00aa Edi\u00e7\u00e3o<\/a><\/h6>\n<h6><a href=\"https:\/\/bio.ufpr.br\/ceua\/curso-teorico-sobre-manipulacao-na-experimentacao-animal-25a-edicao\/\" target=\"_blank\" rel=\"noopener\">CURSO TE\u00d3RICO DE TREINAMENTO EM EXPERIMENTA\u00c7\u00c3O ANIMAL UFPR &#8211; 25\u00aa Edi\u00e7\u00e3o<\/a><\/h6>\n<h6><a href=\"https:\/\/bio.ufpr.br\/ceua\/curso-teorico-sobre-manipulacao-na-experimentacao-animal-24a-edicao\/\" target=\"_blank\" rel=\"noopener\">CURSO TE\u00d3RICO DE TREINAMENTO EM EXPERIMENTA\u00c7\u00c3O ANIMAL UFPR &#8211; 24\u00aa Edi\u00e7\u00e3o<\/a><\/h6>\n<h6><a href=\"https:\/\/bio.ufpr.br\/ceua\/curso-teorico-sobre-manipulacao-na-experimentacao-animal-23a-edicao\/\" target=\"_blank\" rel=\"noopener\">CURSO TE\u00d3RICO DE TREINAMENTO EM EXPERIMENTA\u00c7\u00c3O ANIMAL UFPR &#8211; 23\u00aa Edi\u00e7\u00e3o<\/a><\/h6>\n<p>&nbsp;<\/p>\n<p><a href=\"https:\/\/www.sbcal.org.br\/informativo\/view?TIPO=1&amp;ID_INFORMATIVO=29\"><strong>BANCO DE CURSOS PARA CONTRIBUIR COM A RN-49 DO CONCEA (SBCAL)<\/strong><\/a><\/p>\n","protected":false},"excerpt":{"rendered":"<p>CURSO TE\u00d3RICO DE TREINAMENTO EM MANIPULA\u00c7\u00c3O NA EXPERIMENTA\u00c7\u00c3O ANIMAL &#8211; UFPR \u2013 29\u00aa Edi\u00e7\u00e3o\u00a0 CURSO TE\u00d3RICO DE TREINAMENTO EM MANIPULA\u00c7\u00c3O NA EXPERIMENTA\u00c7\u00c3O ANIMAL &#8211; UFPR [&hellip;]<\/p>\n","protected":false},"author":2125,"featured_media":0,"parent":0,"menu_order":0,"comment_status":"closed","ping_status":"closed","template":"","meta":{"_acf_changed":false,"_monsterinsights_skip_tracking":false,"_monsterinsights_sitenote_active":false,"_monsterinsights_sitenote_note":"","_monsterinsights_sitenote_category":0,"footnotes":""},"class_list":["post-680","page","type-page","status-publish","hentry"],"acf":[],"_links":{"self":[{"href":"https:\/\/bio.ufpr.br\/ceua\/wp-json\/wp\/v2\/pages\/680","targetHints":{"allow":["GET"]}}],"collection":[{"href":"https:\/\/bio.ufpr.br\/ceua\/wp-json\/wp\/v2\/pages"}],"about":[{"href":"https:\/\/bio.ufpr.br\/ceua\/wp-json\/wp\/v2\/types\/page"}],"author":[{"embeddable":true,"href":"https:\/\/bio.ufpr.br\/ceua\/wp-json\/wp\/v2\/users\/2125"}],"replies":[{"embeddable":true,"href":"https:\/\/bio.ufpr.br\/ceua\/wp-json\/wp\/v2\/comments?post=680"}],"version-history":[{"count":19,"href":"https:\/\/bio.ufpr.br\/ceua\/wp-json\/wp\/v2\/pages\/680\/revisions"}],"predecessor-version":[{"id":900,"href":"https:\/\/bio.ufpr.br\/ceua\/wp-json\/wp\/v2\/pages\/680\/revisions\/900"}],"wp:attachment":[{"href":"https:\/\/bio.ufpr.br\/ceua\/wp-json\/wp\/v2\/media?parent=680"}],"curies":[{"name":"wp","href":"https:\/\/api.w.org\/{rel}","templated":true}]}}