{"id":688,"date":"2025-03-27T15:20:36","date_gmt":"2025-03-27T15:20:36","guid":{"rendered":"https:\/\/bio.ufpr.br\/ceua\/?page_id=688"},"modified":"2025-03-27T18:27:50","modified_gmt":"2025-03-27T18:27:50","slug":"curso-teorico-sobre-manipulacao-na-experimentacao-animal-27a-edicao","status":"publish","type":"page","link":"https:\/\/bio.ufpr.br\/ceua\/curso-teorico-sobre-manipulacao-na-experimentacao-animal-27a-edicao\/","title":{"rendered":"Curso Te\u00f3rico sobre Manipula\u00e7\u00e3o na Experimenta\u00e7\u00e3o Animal \u2013 27\u00aa Edi\u00e7\u00e3o"},"content":{"rendered":"<p>A 27\u00aa Edi\u00e7\u00e3o do Curso Te\u00f3rico sobre Manipula\u00e7\u00e3o na Experimenta\u00e7\u00e3o Animal ser\u00e1 realizada de forma remota via\u00a0<em><strong>Moodle \u2013 UFPR aberta<\/strong><\/em>\u00a0<strong>entre os dias 31 de mar\u00e7o e 19 de abril de 2025<\/strong>.<\/p>\n<p>As inscri\u00e7\u00f5es ser\u00e3o\u00a0<em>on-line<\/em>\u00a0via\u00a0<em>Microsoft Forms<\/em>\u00a0no per\u00edodo de\u00a0<strong>24\/03 a 27\/03\/2025 ou at\u00e9 o preenchimento das vagas (120 vagas)<\/strong>.<\/p>\n<p>O curso \u00e9 gratuito e \u00e9 requisito obrigat\u00f3rio para participa\u00e7\u00e3o de alunos e pesquisadores em projetos que envolvam o uso de animais do Setor de Ci\u00eancias Biol\u00f3gicas.<\/p>\n<p>A prova ser\u00e1 realizada no dia 19 de abril de 2025, das 8h30min \u00e0s 20h30min, via\u00a0<em>GoogleForms<\/em>\u00a0e o\u00a0<em>link<\/em>\u00a0ser\u00e1 enviado para o\u00a0<em>e-mail<\/em>\u00a0informado no momento da inscri\u00e7\u00e3o (e<em>-mail para prova remota<\/em>). O prazo de entrega ser\u00e1 at\u00e9 \u00e0s 20h30min do dia 19 de abril de 2025.<\/p>\n<p><strong>Obs. 1: Ap\u00f3s a aprova\u00e7\u00e3o no curso o aluno receber\u00e1 o certificado pelo SIGA \u2013 UFPR ou se o participante for externo \u00e0 UFPR, dever\u00e1 no momento da inscri\u00e7\u00e3o, indicar que \u00e9 aluno externo \u00e0 UFPR e inserir no formul\u00e1rio o\u00a0<em>e-mail<\/em>\u00a0onde queira receber o certificado.<\/strong><\/p>\n<p><strong>Obs. 2: A comprova\u00e7\u00e3o da capacita\u00e7\u00e3o mediante a apresenta\u00e7\u00e3o do certificado ter\u00e1 validade de 5 anos.<\/strong><\/p>\n<p><strong>Obs. 3: Fazer a inscri\u00e7\u00e3o somente aqueles que com certeza far\u00e3o o curso. N\u00c3O SE INSCREVER COM A INTEN\u00c7\u00c3O DE GUARDAR A VAGA, POIS COM ESSA ATITUDE MUITOS QUE REALMENTE NECESSITAM DEIXAM DE PARTICIPAR.<\/strong><\/p>\n<p><strong>Objetivos do curso:<\/strong><\/p>\n<p><u>Geral<\/u><\/p>\n<p>\u2013 Transmitir conhecimentos b\u00e1sicos e fundamentais para a manipula\u00e7\u00e3o de animais aos usu\u00e1rios de animais de experimenta\u00e7\u00e3o, ou seja, a todos os indiv\u00edduos envolvidos em atividades de produ\u00e7\u00e3o, manuten\u00e7\u00e3o ou utiliza\u00e7\u00e3o de animais em pesquisa cient\u00edfica ou ensino conforme a lei 11.794\/08 e a RN n\u00b0 49 do CONCEA.<\/p>\n<p><u>Espec\u00edficos<\/u><\/p>\n<p>\u2013 Apresentar as legisla\u00e7\u00f5es pertinentes \u00e0 experimenta\u00e7\u00e3o animal e o princ\u00edpio dos 3 R\u2019s;<\/p>\n<p>\u2013 Apresentar aos alunos de gradua\u00e7\u00e3o, inicia\u00e7\u00e3o cient\u00edfica, de p\u00f3s-gradua\u00e7\u00e3o e pesquisadores da UFPR e comunidade externa, que ir\u00e3o trabalhar com animais de laborat\u00f3rio, os conhecimentos b\u00e1sicos e fundamentais para os cuidados e manipula\u00e7\u00e3o de animais de experimenta\u00e7\u00e3o;<\/p>\n<p>\u2013 Aprimorar, capacitar recursos humanos e padronizar os procedimentos de experimenta\u00e7\u00e3o animal considerando os aspectos \u00e9ticos e de bem-estar em pesquisa biom\u00e9dica;<\/p>\n<p>\u2013 Familiarizar os manipuladores de animais de experimenta\u00e7\u00e3o quanto ao uso \u00e9tico com intuito de promover um experimento sem dor, sofrimento e sempre considerando o bem-estar dos animais.<\/p>\n<p>O curso \u00e9 exig\u00eancia e obrigat\u00f3rio para trabalhar com animais de experimenta\u00e7\u00e3o no Setor de Ci\u00eancias Biol\u00f3gicas, na UFPR e em outras institui\u00e7\u00f5es. Lembrando que a PRIORIDADE \u00e9 para os ALUNOS (GRADUA\u00c7\u00c3O, IC, P\u00d3S-GRADUA\u00c7\u00c3O), PROFESSORES E PESQUISADORES do Setor de Ci\u00eancias Biol\u00f3gicas da UFPR.<\/p>\n<p>P\u00fablico-alvo: todos os alunos (gradua\u00e7\u00e3o, IC e p\u00f3s-gradua\u00e7\u00e3o) e pesquisadores que ir\u00e3o trabalhar com animais de experimenta\u00e7\u00e3o.<\/p>\n<p>Obs.: Conforme o RN n\u00b0 49 do CONCEA \u00a72\u00ba A comprova\u00e7\u00e3o da capacita\u00e7\u00e3o baseado na experi\u00eancia profissional ser\u00e1 efetuada por meio de Curr\u00edculo Vitae, que inclua as atividades desenvolvidas nos 5 (cinco) anos anteriores ao encaminhamento do projeto \u00e0 CEUA.<\/p>\n<p><strong>Sobre o Curso:<\/strong><\/p>\n<p>N\u00famero de vagas:\u00a0<strong>120 vagas (10 para servidores da UFPR e 10 para comunidade externa)<\/strong><\/p>\n<p>Per\u00edodo de realiza\u00e7\u00e3o do curso via remota:\u00a0<strong>31\/03\/2025 (segunda-feira) at\u00e9 18\/04\/2025 (sexta-feira)<\/strong><\/p>\n<p>Prova:\u00a0<strong>19\/04\/2025 via\u00a0<em>Google Forms<\/em>\u00a0das 8h30min \u2013 20h30min (dura\u00e7\u00e3o 12 horas)<\/strong><\/p>\n<p>Modalidade:\u00a0<strong>Remota \u2013 via\u00a0<em>moodle \u2013 UFPR aberta<br \/>\n<\/em>Abertura do curso pela UFPR ABERTA dia 30\/03\/2025 (domingo) \u00e0s 17h.<em><br \/>\n<\/em><\/strong><\/p>\n<p><strong>A inscri\u00e7\u00e3o ser\u00e1 realizada apenas\u00a0<em>on-line<\/em>\u00a0no\u00a0<em>link<\/em>\u00a0abaixo do dia 24\/03\/2025 at\u00e9 o dia 27\/03\/2025 ou at\u00e9 o preenchimento das vagas (120 vagas).<\/strong><\/p>\n<p>D\u00favidas sobre a inscri\u00e7\u00e3o: (41) 3361-1798 ou 3361-1799<\/p>\n<p>Respons\u00e1vel:\u00a0<strong>Prof.\u00aa M\u00e1rcia Kiyoe Shimada<\/strong>\u00a0(telefone: (41) 3361-1698 \/ e-mail:\u00a0<strong><a href=\"mailto:shimada@ufpr.br\">shimada@ufpr.br<\/a><\/strong>)<\/p>\n<p><strong><a href=\"https:\/\/forms.office.com\/r\/tbjHVUJDGN\" target=\"_blank\" rel=\"noopener\">FICHA DE INSCRI\u00c7\u00c3O<\/a><br \/>\n<\/strong><a href=\"https:\/\/bio.ufpr.br\/ceua\/wp-content\/uploads\/sites\/25\/2025\/03\/programacao_ufpr-aberta_3_2025.pdf\" target=\"_blank\" rel=\"noopener\"><strong>PROGRAMA\u00c7\u00c3O DO CURSO DE TREINAMENTO EM MANIPULA\u00c7\u00c3O NA EXPERIMENTA\u00c7\u00c3O ANIMAL \u2013 27\u00aa EDI\u00c7\u00c3O<\/strong><\/a><a href=\"https:\/\/bio.ufpr.br\/ceua\/wp-content\/uploads\/sites\/25\/2019\/02\/Assuntos-de-cada-palestrante_03_2019.pdf\" target=\"_blank\" rel=\"noopener\"><strong><br \/>\n<\/strong><\/a><a href=\"https:\/\/bio.ufpr.br\/ceua\/wp-content\/uploads\/sites\/25\/2025\/03\/inscritos-no-curso-teorico-sobre-manipulacao-na-experimentacao-animal-27a-edicao.pdf\" target=\"_blank\" rel=\"noopener\"><strong>LISTA DE INSCRITOS NA 27\u00aa EDI\u00c7\u00c3O (31\/03 a 19\/04\/2025)<\/strong><\/a><\/p>\n","protected":false},"excerpt":{"rendered":"<p>A 27\u00aa Edi\u00e7\u00e3o do Curso Te\u00f3rico sobre Manipula\u00e7\u00e3o na Experimenta\u00e7\u00e3o Animal ser\u00e1 realizada de forma remota via\u00a0Moodle \u2013 UFPR aberta\u00a0entre os dias 31 de mar\u00e7o [&hellip;]<\/p>\n","protected":false},"author":28,"featured_media":0,"parent":0,"menu_order":0,"comment_status":"closed","ping_status":"closed","template":"","meta":{"_acf_changed":false,"_monsterinsights_skip_tracking":false,"_monsterinsights_sitenote_active":false,"_monsterinsights_sitenote_note":"","_monsterinsights_sitenote_category":0,"footnotes":""},"class_list":["post-688","page","type-page","status-publish","hentry"],"acf":[],"_links":{"self":[{"href":"https:\/\/bio.ufpr.br\/ceua\/wp-json\/wp\/v2\/pages\/688","targetHints":{"allow":["GET"]}}],"collection":[{"href":"https:\/\/bio.ufpr.br\/ceua\/wp-json\/wp\/v2\/pages"}],"about":[{"href":"https:\/\/bio.ufpr.br\/ceua\/wp-json\/wp\/v2\/types\/page"}],"author":[{"embeddable":true,"href":"https:\/\/bio.ufpr.br\/ceua\/wp-json\/wp\/v2\/users\/28"}],"replies":[{"embeddable":true,"href":"https:\/\/bio.ufpr.br\/ceua\/wp-json\/wp\/v2\/comments?post=688"}],"version-history":[{"count":6,"href":"https:\/\/bio.ufpr.br\/ceua\/wp-json\/wp\/v2\/pages\/688\/revisions"}],"predecessor-version":[{"id":759,"href":"https:\/\/bio.ufpr.br\/ceua\/wp-json\/wp\/v2\/pages\/688\/revisions\/759"}],"wp:attachment":[{"href":"https:\/\/bio.ufpr.br\/ceua\/wp-json\/wp\/v2\/media?parent=688"}],"curies":[{"name":"wp","href":"https:\/\/api.w.org\/{rel}","templated":true}]}}