{"id":699,"date":"2025-03-13T10:56:56","date_gmt":"2025-03-13T10:56:56","guid":{"rendered":"https:\/\/bio.ufpr.br\/ceua\/?page_id=699"},"modified":"2025-03-13T13:57:08","modified_gmt":"2025-03-13T13:57:08","slug":"curso-teorico-sobre-manipulacao-na-experimentacao-animal-24a-edicao","status":"publish","type":"page","link":"https:\/\/bio.ufpr.br\/ceua\/curso-teorico-sobre-manipulacao-na-experimentacao-animal-24a-edicao\/","title":{"rendered":"Curso Te\u00f3rico sobre Manipula\u00e7\u00e3o na Experimenta\u00e7\u00e3o Animal \u2013 24\u00aa Edi\u00e7\u00e3o"},"content":{"rendered":"<p>Confira abaixo as informa\u00e7\u00f5es sobre a 24\u00aa Edi\u00e7\u00e3o do Curso Te\u00f3rico sobre Manipula\u00e7\u00e3o na Experimenta\u00e7\u00e3o Animal realizada entre os dias 27 de novembro e 8 de dezembro de 2023:<\/p>\n<p><strong>CURSO TE\u00d3RICO SOBRE MANIPULA\u00c7\u00c3O NA EXPERIMENTA\u00c7\u00c3O ANIMAL \u2013 24\u00aa EDI\u00c7\u00c3O<br \/>\n(de acordo com as novas exig\u00eancias \u2013 Resolu\u00e7\u00f5es normativas do CONCEA)<\/strong><\/p>\n<p>A 24\u00aa Edi\u00e7\u00e3o do Curso Te\u00f3rico sobre Manipula\u00e7\u00e3o na Experimenta\u00e7\u00e3o Animal ser\u00e1 realizada de forma remota via\u00a0<em><strong>Moodle \u2013 UFPR aberta<\/strong><\/em>\u00a0e ass\u00edncrona\u00a0<strong>entre os dias 27 de novembro e 8 de dezembro de 2023<\/strong>.<\/p>\n<p>As inscri\u00e7\u00f5es ser\u00e3o\u00a0<em>on-line<\/em>\u00a0via\u00a0<em>Microsoft Forms<\/em>\u00a0no per\u00edodo de\u00a0<strong>13\/11\/2023 a 18\/11\/2023 ou at\u00e9 o preenchimento das vagas (100 vagas)<\/strong>.<\/p>\n<p>O curso \u00e9 gratuito e \u00e9 requisito obrigat\u00f3rio para participa\u00e7\u00e3o de alunos e pesquisadores em projetos que envolvam o uso de animais.<\/p>\n<p>A prova ser\u00e1 realizada no dia 16 de dezembro de 2023, \u00e0s 12h, via\u00a0<em>Microsoft Forms<\/em>\u00a0e o\u00a0<em>link<\/em>\u00a0ser\u00e1 enviado para o\u00a0<em>e-mail<\/em>\u00a0informado no momento da inscri\u00e7\u00e3o (e<em>-mail para prova remota<\/em>).<\/p>\n<p><strong>Obs. 1: Ap\u00f3s a aprova\u00e7\u00e3o no curso o aluno receber\u00e1 o certificado pelo SIGA \u2013 UFPR ou se o participante for externo \u00e0 UFPR, dever\u00e1 no momento da inscri\u00e7\u00e3o, indicar que \u00e9 aluno externo \u00e0 UFPR e inserir no formul\u00e1rio o\u00a0<em>e-mail<\/em>\u00a0onde queira receber o certificado.<\/strong><\/p>\n<p><strong>Obs. 2: A comprova\u00e7\u00e3o da capacita\u00e7\u00e3o mediante a apresenta\u00e7\u00e3o do certificado ter\u00e1 validade de 5 anos.<\/strong><\/p>\n<p><strong>Obs. 3: Fazer a inscri\u00e7\u00e3o somente aqueles que com certeza far\u00e3o o curso. N\u00c3O SE INSCREVER COM A INTEN\u00c7\u00c3O DE GUARDAR A VAGA, POIS COM ESSA ATITUDE MUITOS QUE REALMENTE NECESSITAM DEIXAM DE PARTICIPAR.<\/strong><\/p>\n<p><strong>Objetivos do curso:<\/strong><\/p>\n<p><u>Geral<\/u><\/p>\n<p>\u2013 Transmitir conhecimentos b\u00e1sicos e fundamentais para a manipula\u00e7\u00e3o de animais aos usu\u00e1rios de animais de experimenta\u00e7\u00e3o, ou seja,\u00a0a todos os indiv\u00edduos envolvidos em atividades de produ\u00e7\u00e3o, manuten\u00e7\u00e3o ou utiliza\u00e7\u00e3o de animais em pesquisa cient\u00edfica ou ensino conforme a RN n\u00b0 49 do CONCEA.<\/p>\n<p><u>Espec\u00edficos<\/u><\/p>\n<p>\u2013 Apresentar as legisla\u00e7\u00f5es pertinentes \u00e0 experimenta\u00e7\u00e3o animal;<\/p>\n<p>\u2013 Apresentar aos alunos de gradua\u00e7\u00e3o, inicia\u00e7\u00e3o-cient\u00edfica, de p\u00f3s-gradua\u00e7\u00e3o e pesquisadores, que ir\u00e3o trabalhar com animais de laborat\u00f3rio, os conhecimentos b\u00e1sicos e fundamentais para os cuidados e manipula\u00e7\u00e3o de animais de experimenta\u00e7\u00e3o;<\/p>\n<p>\u2013 Aprimorar, capacitar recursos humanos e padronizar os procedimentos de experimenta\u00e7\u00e3o animal considerando os aspectos \u00e9ticos e de bem-estar em pesquisa biom\u00e9dica.<\/p>\n<p>O curso \u00e9 exig\u00eancia e obrigat\u00f3rio para trabalhar com animais de experimenta\u00e7\u00e3o no Setor de Ci\u00eancias Biol\u00f3gicas, na UFPR e em outras institui\u00e7\u00f5es. Lembrando que a PRIORIDADE \u00e9 para os ALUNOS (GRADUA\u00c7\u00c3O, IC, P\u00d3S-GRADUA\u00c7\u00c3O), PROFESSORES E PESQUISADORES do Setor de Ci\u00eancias Biol\u00f3gicas da UFPR.<\/p>\n<p>P\u00fablico-alvo: todos os alunos (gradua\u00e7\u00e3o, IC e p\u00f3s-gradua\u00e7\u00e3o) e pesquisadores que ir\u00e3o trabalhar com animais de experimenta\u00e7\u00e3o.<\/p>\n<p>Obs.: Conforme o RN n\u00b0 49 do CONCEA, \u00a72\u00ba A comprova\u00e7\u00e3o da capacita\u00e7\u00e3o baseado na experi\u00eancia profissional ser\u00e1 efetuada por meio de Curr\u00edculo Vitae, que inclua as atividades desenvolvidas nos 5 (cinco) anos anteriores ao encaminhamento do projeto \u00e0 CEUA \u2013 Comiss\u00e3o de \u00c9tica no Uso de Animais.<\/p>\n<p><strong>Sobre o Curso:<\/strong><\/p>\n<p>N\u00famero de vagas:\u00a0<strong>100 vagas (5 para servidores da UFPR e 10 para comunidade externa)<\/strong><\/p>\n<p>Per\u00edodo de realiza\u00e7\u00e3o do curso via remota:\u00a0<strong>27\/11\/2023 (segunda-feira)\u00a0at\u00e9 08\/12\/2023 (sexta-feira)<\/strong><\/p>\n<p>Prova:\u00a0<strong>16\/12\/2023 via\u00a0<em>Microsoft Forms<\/em>\u00a0\u00e0s 12h<\/strong><\/p>\n<p>Modalidade:\u00a0<strong>Remota \u2013 via\u00a0<em>moodle \u2013 UFPR aberta<\/em><\/strong><\/p>\n<p><strong>A inscri\u00e7\u00e3o ser\u00e1 realizada apenas\u00a0<em>on-line<\/em>\u00a0no\u00a0<em>link<\/em>\u00a0abaixo do dia 13\/11\/2023 at\u00e9 o dia 18\/11\/2023 ou at\u00e9 o preenchimento das vagas (100 vagas).<\/strong><\/p>\n<p>D\u00favidas sobre a inscri\u00e7\u00e3o: (41) 3361-1798 (Priscila)<\/p>\n<p>Respons\u00e1vel:\u00a0<strong>Prof.\u00aa M\u00e1rcia Kiyoe Shimada<\/strong>\u00a0(telefone: (41) 3361-1698 \/ e-mail:\u00a0<strong><a href=\"mailto:shimada@ufpr.br\">shimada@ufpr.br<\/a><\/strong>)<\/p>\n<p><strong>FICHA DE INSCRI\u00c7\u00c3O<br \/>\n<\/strong><a href=\"https:\/\/bio.ufpr.br\/ceua\/wp-content\/uploads\/sites\/25\/2023\/11\/PROGRMA%C3%87%C3%83O-DO-CURSO-DE-TREINAMENTO-EM-MANIPULA%C3%87%C3%83O-NA-EXPERIMENTA%C3%87%C3%83O-ANIMAL_SITE-BIOL%C3%93GICAS-atualizado.pdf\" target=\"_blank\" rel=\"noopener\"><strong>PROGRAMA\u00c7\u00c3O DO CURSO DE TREINAMENTO EM MANIPULA\u00c7\u00c3O NA EXPERIMENTA\u00c7\u00c3O ANIMAL \u2013 24\u00aa EDI\u00c7\u00c3O<\/strong><\/a><a href=\"https:\/\/bio.ufpr.br\/ceua\/wp-content\/uploads\/sites\/25\/2019\/02\/Assuntos-de-cada-palestrante_03_2019.pdf\" target=\"_blank\" rel=\"noopener\"><strong><br \/>\n<\/strong><\/a><a href=\"https:\/\/bio.ufpr.br\/ceua\/wp-content\/uploads\/sites\/25\/2023\/11\/Inscritos-no-Curso-Te%C3%B3rico-sobre-Manipula%C3%A7%C3%A3o-na-Experimenta%C3%A7%C3%A3o-Animal-24%C2%AA-Edi%C3%A7%C3%A3o.pdf\" target=\"_blank\" rel=\"noopener\"><strong>LISTA DE INSCRITOS NA 24\u00aa EDI\u00c7\u00c3O (27\/11\u00a0a 08\/12\/2023)<\/strong><\/a><\/p>\n","protected":false},"excerpt":{"rendered":"<p>Confira abaixo as informa\u00e7\u00f5es sobre a 24\u00aa Edi\u00e7\u00e3o do Curso Te\u00f3rico sobre Manipula\u00e7\u00e3o na Experimenta\u00e7\u00e3o Animal realizada entre os dias 27 de novembro e 8 [&hellip;]<\/p>\n","protected":false},"author":28,"featured_media":0,"parent":0,"menu_order":0,"comment_status":"closed","ping_status":"closed","template":"","meta":{"_acf_changed":false,"_monsterinsights_skip_tracking":false,"_monsterinsights_sitenote_active":false,"_monsterinsights_sitenote_note":"","_monsterinsights_sitenote_category":0,"footnotes":""},"class_list":["post-699","page","type-page","status-publish","hentry"],"acf":[],"_links":{"self":[{"href":"https:\/\/bio.ufpr.br\/ceua\/wp-json\/wp\/v2\/pages\/699","targetHints":{"allow":["GET"]}}],"collection":[{"href":"https:\/\/bio.ufpr.br\/ceua\/wp-json\/wp\/v2\/pages"}],"about":[{"href":"https:\/\/bio.ufpr.br\/ceua\/wp-json\/wp\/v2\/types\/page"}],"author":[{"embeddable":true,"href":"https:\/\/bio.ufpr.br\/ceua\/wp-json\/wp\/v2\/users\/28"}],"replies":[{"embeddable":true,"href":"https:\/\/bio.ufpr.br\/ceua\/wp-json\/wp\/v2\/comments?post=699"}],"version-history":[{"count":1,"href":"https:\/\/bio.ufpr.br\/ceua\/wp-json\/wp\/v2\/pages\/699\/revisions"}],"predecessor-version":[{"id":700,"href":"https:\/\/bio.ufpr.br\/ceua\/wp-json\/wp\/v2\/pages\/699\/revisions\/700"}],"wp:attachment":[{"href":"https:\/\/bio.ufpr.br\/ceua\/wp-json\/wp\/v2\/media?parent=699"}],"curies":[{"name":"wp","href":"https:\/\/api.w.org\/{rel}","templated":true}]}}