{"id":702,"date":"2025-03-13T10:58:19","date_gmt":"2025-03-13T10:58:19","guid":{"rendered":"https:\/\/bio.ufpr.br\/ceua\/?page_id=702"},"modified":"2025-03-13T13:58:29","modified_gmt":"2025-03-13T13:58:29","slug":"curso-teorico-sobre-manipulacao-na-experimentacao-animal-23a-edicao","status":"publish","type":"page","link":"https:\/\/bio.ufpr.br\/ceua\/curso-teorico-sobre-manipulacao-na-experimentacao-animal-23a-edicao\/","title":{"rendered":"Curso Te\u00f3rico sobre Manipula\u00e7\u00e3o na Experimenta\u00e7\u00e3o Animal \u2013 23\u00aa Edi\u00e7\u00e3o"},"content":{"rendered":"<p>Confira abaixo as informa\u00e7\u00f5es sobre a 23\u00aa Edi\u00e7\u00e3o do\u00a0Curso Te\u00f3rico sobre Manipula\u00e7\u00e3o na Experimenta\u00e7\u00e3o Animal realizada\u00a0nos dias 27 e 28 de mar\u00e7o de 2023:<\/p>\n<p><strong>Curso Te\u00f3rico sobre Manipula\u00e7\u00e3o na Experimenta\u00e7\u00e3o Animal \u2013 23\u00aa Edi\u00e7\u00e3o<\/strong><\/p>\n<p>A 23\u00aa Edi\u00e7\u00e3o do\u00a0Curso Te\u00f3rico sobre Manipula\u00e7\u00e3o na Experimenta\u00e7\u00e3o Animal\u00a0ser\u00e1 realizada nos dias\u00a0<strong>27\u00a0e 28 de mar\u00e7o de 2023<\/strong>\u00a0de forma presencial no\u00a0<strong>Anfiteatro 10<\/strong>\u00a0do Setor de Ci\u00eancias Biol\u00f3gicas da Universidade Federal do Paran\u00e1.\u00a0As inscri\u00e7\u00f5es ser\u00e3o\u00a0<em>on-line<\/em>\u00a0no per\u00edodo de\u00a0<strong>06\/03<\/strong><strong>\u00a0at\u00e9 17\/03\/2023 ou at\u00e9 o preenchimento das vagas dispon\u00edveis (100 vagas).<\/strong><\/p>\n<p>O Curso \u00e9 gratuito e \u00e9 requisito obrigat\u00f3rio para participa\u00e7\u00e3o de alunos e pesquisadores em projetos que envolvam o uso de animais.<\/p>\n<p><strong>Obs.: Fazer a inscri\u00e7\u00e3o somente aqueles que com certeza far\u00e3o o curso.\u00a0N\u00c3O SE INSCREVER COM A INTEN\u00c7\u00c3O DE GUARDAR A VAGA, POIS COM ESSA ATITUDE MUITOS QUE REALMENTE NECESSITAM DEIXAM DE PARTICIPAR.<\/strong><\/p>\n<p><strong><br \/>\nObjetivos do curso:<\/strong><\/p>\n<p>Geral:<br \/>\n\u2013 Transmitir conhecimentos b\u00e1sicos e fundamentais para manipula\u00e7\u00e3o na experimenta\u00e7\u00e3o animal.<\/p>\n<p>Espec\u00edficos:<br \/>\n\u2013 Apresentar as legisla\u00e7\u00f5es pertinentes \u00e0 experimenta\u00e7\u00e3o animal;<br \/>\n\u2013 Apresentar aos alunos de gradua\u00e7\u00e3o, inicia\u00e7\u00e3o-cient\u00edfica, de p\u00f3s-gradua\u00e7\u00e3o e pesquisadores, que ir\u00e3o trabalhar com animais de laborat\u00f3rio, os conhecimentos b\u00e1sicos e fundamentais para manipula\u00e7\u00e3o;<br \/>\n\u2013 Aprimorar, capacitar recursos humanos e padronizar os procedimentos de experimenta\u00e7\u00e3o animal considerando os aspectos \u00e9ticos e de bem estar em pesquisa biom\u00e9dica.<\/p>\n<p>O curso \u00e9 exig\u00eancia e obrigat\u00f3rio para trabalhar com animais de experimenta\u00e7\u00e3o no Setor de Ci\u00eancias Biol\u00f3gicas, na UFPR e em outras institui\u00e7\u00f5es. Lembrando que a PRIORIDADE \u00e9 para os ALUNOS (GRADUA\u00c7\u00c3O, IC, P\u00d3S-GRADUA\u00c7\u00c3O), PROFESSORES E PESQUISADORES do Setor de Ci\u00eancias Biol\u00f3gicas da UFPR.<\/p>\n<p>P\u00fablico-alvo: todos os alunos (gradua\u00e7\u00e3o, IC e p\u00f3s-gradua\u00e7\u00e3o) e pesquisadores que ir\u00e3o trabalhar com animais de experimenta\u00e7\u00e3o da UFPR e ICC.<br \/>\nObs.: Pesquisadores que j\u00e1 tenham experi\u00eancia na \u00e1rea e que estejam envolvidos\u00a0em pesquisa envolvendo o uso de animais podem preencher o formul\u00e1rio de dispensa do curso (justificar a experi\u00eancia com experimenta\u00e7\u00e3o animal) que se encontra na p\u00e1gina da CEUA\/BIO\u00a0 (<a href=\"https:\/\/bio.ufpr.br\/ceua\/formularios-e-instrucoes\/\" target=\"_blank\" rel=\"noopener\">https:\/\/bio.ufpr.br\/ceua\/formularios-e-instrucoes\/<\/a>).<\/p>\n<p><strong>Sobre o Curso:<\/strong><\/p>\n<p>N\u00famero de vagas:\u00a0<strong>100 vagas, sendo 5 para servidores da UFPR, 5 para comunidade externa e o restante para alunos e professores pesquisadores.\u00a0<\/strong><br \/>\nPer\u00edodo de realiza\u00e7\u00e3o:\u00a0<strong>27\/03\/2023 (segunda-feira) e 28\/03\/2023 (ter\u00e7a-feira)<br \/>\n<\/strong>Modalidade: Presencial<strong><br \/>\n<\/strong>Local:\u00a0<strong>Anfiteatro 10 do Setor de Ci\u00eancias Biol\u00f3gicas da UFPR, no Campus Centro Polit\u00e9cnico<br \/>\n<\/strong>Endere\u00e7o: Avenida Coronel Francisco Her\u00e1clito dos Santos, 100, Jardim das Am\u00e9ricas, Curitiba-PR<br \/>\nRespons\u00e1vel:\u00a0<strong>Prof.\u00aa M\u00e1rcia Kiyoe Shimada<\/strong>\u00a0(telefone: (41) 3361-1698 \/ e-mail:\u00a0<strong>shimada@ufpr.br<\/strong>)<\/p>\n<p><strong>A inscri\u00e7\u00e3o ser\u00e1 realizada apenas\u00a0<em>on-line<\/em>\u00a0no\u00a0<em>link<\/em>\u00a0abaixo do dia 06\/03\/2023 at\u00e9 o dia 17\/03\/2023 ou at\u00e9 o preenchimento das vagas<\/strong>.<\/p>\n<p><strong>FICHA DE INSCRI\u00c7\u00c3O<br \/>\n<\/strong><a href=\"https:\/\/bio.ufpr.br\/wp-content\/uploads\/2023\/02\/Assuntos-de-cada-palestrante_03_2023-Programa%C3%A7%C3%A3o-23%C2%AA-Edi%C3%A7%C3%A3o-CTMEA.pdf\" target=\"_blank\" rel=\"noopener\"><strong>PROGRAMA\u00c7\u00c3O DO CURSO \u2013 23\u00aa EDI\u00c7\u00c3O<\/strong><\/a><a href=\"https:\/\/bio.ufpr.br\/ceua\/wp-content\/uploads\/sites\/25\/2019\/02\/Assuntos-de-cada-palestrante_03_2019.pdf\" target=\"_blank\" rel=\"noopener\"><strong><br \/>\n<\/strong><\/a><a href=\"https:\/\/bio.ufpr.br\/material-do-curso-teorico-sobre-manipulacao-na-experimentacao-animal\" target=\"_blank\" rel=\"noopener\"><strong>MATERIAL DE APOIO DO CURSO TE\u00d3RICO SOBRE MANIPULA\u00c7\u00c3O EM EXPERIMENTA\u00c7\u00c3O ANIMAL<br \/>\n<\/strong><\/a><a href=\"https:\/\/bio.ufpr.br\/ceua\/wp-content\/uploads\/sites\/25\/2023\/03\/Inscritos-no-Curso-Te%C3%B3rico-sobre-Manipula%C3%A7%C3%A3o-na-Experimenta%C3%A7%C3%A3o-Animal-23%C2%AA-Edi%C3%A7%C3%A3o.pdf\" target=\"_blank\" rel=\"noopener\"><strong>LISTA DE INSCRITOS NA 23\u00aa EDI\u00c7\u00c3O (27\/03 e 28\/03\/2023)<\/strong><\/a><\/p>\n","protected":false},"excerpt":{"rendered":"<p>Confira abaixo as informa\u00e7\u00f5es sobre a 23\u00aa Edi\u00e7\u00e3o do\u00a0Curso Te\u00f3rico sobre Manipula\u00e7\u00e3o na Experimenta\u00e7\u00e3o Animal realizada\u00a0nos dias 27 e 28 de mar\u00e7o de 2023: Curso [&hellip;]<\/p>\n","protected":false},"author":28,"featured_media":0,"parent":0,"menu_order":0,"comment_status":"closed","ping_status":"closed","template":"","meta":{"_acf_changed":false,"_monsterinsights_skip_tracking":false,"_monsterinsights_sitenote_active":false,"_monsterinsights_sitenote_note":"","_monsterinsights_sitenote_category":0,"footnotes":""},"class_list":["post-702","page","type-page","status-publish","hentry"],"acf":[],"_links":{"self":[{"href":"https:\/\/bio.ufpr.br\/ceua\/wp-json\/wp\/v2\/pages\/702","targetHints":{"allow":["GET"]}}],"collection":[{"href":"https:\/\/bio.ufpr.br\/ceua\/wp-json\/wp\/v2\/pages"}],"about":[{"href":"https:\/\/bio.ufpr.br\/ceua\/wp-json\/wp\/v2\/types\/page"}],"author":[{"embeddable":true,"href":"https:\/\/bio.ufpr.br\/ceua\/wp-json\/wp\/v2\/users\/28"}],"replies":[{"embeddable":true,"href":"https:\/\/bio.ufpr.br\/ceua\/wp-json\/wp\/v2\/comments?post=702"}],"version-history":[{"count":1,"href":"https:\/\/bio.ufpr.br\/ceua\/wp-json\/wp\/v2\/pages\/702\/revisions"}],"predecessor-version":[{"id":703,"href":"https:\/\/bio.ufpr.br\/ceua\/wp-json\/wp\/v2\/pages\/702\/revisions\/703"}],"wp:attachment":[{"href":"https:\/\/bio.ufpr.br\/ceua\/wp-json\/wp\/v2\/media?parent=702"}],"curies":[{"name":"wp","href":"https:\/\/api.w.org\/{rel}","templated":true}]}}