{"id":8,"date":"2025-04-07T15:51:31","date_gmt":"2025-04-07T15:51:31","guid":{"rendered":"https:\/\/bio.ufpr.br\/ceua\/?page_id=8"},"modified":"2026-04-02T14:46:34","modified_gmt":"2026-04-02T14:46:34","slug":"integrantes","status":"publish","type":"page","link":"https:\/\/bio.ufpr.br\/ceua\/integrantes\/","title":{"rendered":"Integrantes"},"content":{"rendered":"<p>Integrantes da CEUA\/BIO \u2013 UFPR para o per\u00edodo Maio\/2025 a Maio\/2027:<\/p>\r\n<table border=\"1\" cellspacing=\"0\" cellpadding=\"0\">\r\n<tbody>\r\n<tr>\r\n<td style=\"text-align: center\" colspan=\"4\"><b>TITULARES<\/b><\/td>\r\n<\/tr>\r\n<tr>\r\n<td style=\"text-align: center\"><b>NOME<\/b><\/td>\r\n<td style=\"text-align: center\" width=\"98\"><b>DEPARTAMENTO<\/b><\/td>\r\n<td style=\"text-align: center\" width=\"57\"><b>TELEFONE<\/b><\/td>\r\n<td style=\"text-align: center\" width=\"142\"><b>E-MAIL<\/b><\/td>\r\n<\/tr>\r\n<tr>\r\n<td>Marcello Machado<\/td>\r\n<td width=\"98\">Anatomia<\/td>\r\n<td width=\"57\">3361-1507<\/td>\r\n<td width=\"142\"><a href=\"mailto:marcello.machado@ufpr.br\">marcello.machado@ufpr.br<\/a><\/td>\r\n<\/tr>\r\n<tr>\r\n<td><strong>Katya Naliwaiko (Vice-Coordenadora)<\/strong><\/td>\r\n<td width=\"98\">Biologia Celular<\/td>\r\n<td width=\"57\">3361-1674<\/td>\r\n<td width=\"142\"><a href=\"mailto:mariacristina@ufpr.br\">katya@ufpr.br<\/a><\/td>\r\n<\/tr>\r\n<tr>\r\n<td><strong>Lyvia Lintzmaier Petiz (Coordenadora)<\/strong><\/td>\r\n<td width=\"98\">Bioqu\u00edmica e Biologia Molecular<\/td>\r\n<td width=\"57\">3361-1660<\/td>\r\n<td width=\"142\"><a href=\"mailto:lyviapetiz@ufpr.br\">lyviapetiz@ufpr.br<\/a><\/td>\r\n<\/tr>\r\n<tr>\r\n<td>Juliana Geremias Chichorro<strong><br \/><\/strong><\/td>\r\n<td width=\"98\">Farmacologia<\/td>\r\n<td width=\"57\">3361-1720<\/td>\r\n<td width=\"142\"><a href=\"mailto:juliana.chichorro@ufpr.br\">juliana.chichorro@ufpr.br<\/a><\/td>\r\n<\/tr>\r\n<tr>\r\n<td>Luana Fischer<\/td>\r\n<td width=\"98\">Fisiologia<\/td>\r\n<td width=\"57\">3361-1738<\/td>\r\n<td width=\"142\"><a href=\"mailto:fischer@ufpr.br\">fischer@ufpr.br<\/a><\/td>\r\n<\/tr>\r\n<tr>\r\n<td>Marta Margarete Cestari<\/td>\r\n<td width=\"98\">Gen\u00e9tica<\/td>\r\n<td width=\"57\">3361-1791\/ 1727<\/td>\r\n<td width=\"142\"><a href=\"mailto:margaces@ufpr.br\">margaces@ufpr.br<\/a><\/td>\r\n<\/tr>\r\n<tr>\r\n<td>T\u00e1rcio Teodoro Braga<\/td>\r\n<td width=\"98\">Patologia B\u00e1sica<\/td>\r\n<td width=\"57\">3361-1691<\/td>\r\n<td width=\"142\"><a href=\"mailto:tarcio.braga@ufpr.br\">tarcio.braga@ufpr.br<\/a><\/td>\r\n<\/tr>\r\n<tr>\r\n<td>Mayara Pereira Neves<\/td>\r\n<td width=\"98\">Zoologia<\/td>\r\n<td width=\"57\">3361-1671<\/td>\r\n<td width=\"142\"><a href=\"mailto:mayara.neves@ufpr.br\" target=\"_blank\" rel=\"noopener\">mayara.neves@ufpr.br<\/a><\/td>\r\n<\/tr>\r\n<tr>\r\n<td>Christine Hauer Piekarz<\/td>\r\n<td width=\"98\">Biot\u00e9rio<\/td>\r\n<td width=\"57\">3361-1687<\/td>\r\n<td width=\"142\"><a href=\"mailto:chrispiekarz@ufpr.br\" target=\"_blank\" rel=\"noopener\">chrispiekarz@ufpr.br<\/a><\/td>\r\n<\/tr>\r\n<tr>\r\n<td>Val\u00e9ria Natascha Teixeira<\/td>\r\n<td width=\"98\">Representante de sociedades protetoras de animais (ONG)<\/td>\r\n<td style=\"text-align: center\" width=\"57\">\u00a0&#8211;<\/td>\r\n<td width=\"142\"><a href=\"mailto:valeria.natascha@pucpr.br\">valeria.natascha@pucpr.br<\/a><\/td>\r\n<\/tr>\r\n<tr>\r\n<td style=\"text-align: center\" colspan=\"4\"><b>SUPLENTES<\/b><\/td>\r\n<\/tr>\r\n<tr>\r\n<td>Edson Antonio Tanhoffer<\/td>\r\n<td width=\"98\">Anatomia<\/td>\r\n<td width=\"57\">3361-1747<\/td>\r\n<td width=\"142\"><a href=\"mailto:edsonanta@ufpr.br\">edsonanta@ufpr.br<\/a><\/td>\r\n<\/tr>\r\n<tr>\r\n<td>Rubens Bertazolli Filho<\/td>\r\n<td width=\"98\">Biologia Celular<\/td>\r\n<td width=\"57\">3361-1750<\/td>\r\n<td width=\"142\"><a href=\"mailto:rbertazo@ufpr.br\">rbertazo@ufpr.br<\/a><\/td>\r\n<\/tr>\r\n<tr>\r\n<td>Paula Santana Lunardi<\/td>\r\n<td width=\"98\">Bioqu\u00edmica e Biologia Molecular<\/td>\r\n<td width=\"57\">3361-1660<\/td>\r\n<td width=\"142\">\r\n<p><a href=\"mailto:paula.lunardi@ufpr.br\" target=\"_blank\" rel=\"noopener\">paula.lunardi@ufpr.br<\/a><\/p>\r\n<\/td>\r\n<\/tr>\r\n<tr>\r\n<td>Anna Maria Siebel<\/td>\r\n<td width=\"98\">Farmacologia<\/td>\r\n<td width=\"57\">3361-1739<\/td>\r\n<td width=\"142\"><a href=\"mailto:annasiebel@ufpr.br\" target=\"_blank\" rel=\"noopener\">annasiebel@ufpr.br<\/a><\/td>\r\n<\/tr>\r\n<tr>\r\n<td>Marcelo Picinin Bernuci<\/td>\r\n<td width=\"98\">Fisiologia<\/td>\r\n<td width=\"57\">3361-1714\/1719<\/td>\r\n<td width=\"142\"><a href=\"mailto:marcelo.bernuci@ufpr.br\" target=\"_blank\" rel=\"noopener\">marcelo.bernuci@ufpr.br<\/a><\/td>\r\n<\/tr>\r\n<tr>\r\n<td>Kaleb Pretto Gatto<\/td>\r\n<td width=\"98\">Gen\u00e9tica<\/td>\r\n<td width=\"57\">3361-1684<\/td>\r\n<td width=\"142\"><a href=\"mailto:kaleb.gatto@ufpr.br\" target=\"_blank\" rel=\"noopener\">kaleb.gatto@ufpr.br<\/a><\/td>\r\n<\/tr>\r\n<tr>\r\n<td>Larissa Reifur<\/td>\r\n<td width=\"98\">Patologia B\u00e1sica<\/td>\r\n<td width=\"57\">3361-1698<\/td>\r\n<td width=\"142\"><a href=\"mailto:reifurla@ufpr.br\">reifurla@ufpr.br<\/a><\/td>\r\n<\/tr>\r\n<tr>\r\n<td>Karla Magalh\u00e3es Campi\u00e3o<\/td>\r\n<td width=\"98\">Zoologia<\/td>\r\n<td width=\"57\">3361-1768<\/td>\r\n<td width=\"142\"><a href=\"mailto:karla.campiao@ufpr.br\">karla.campiao@ufpr.br<\/a><\/td>\r\n<\/tr>\r\n<tr>\r\n<td>Angela Cristina da Fonseca de Oliveira<\/td>\r\n<td width=\"98\">Biot\u00e9rio<\/td>\r\n<td width=\"57\">3361-1687<\/td>\r\n<td width=\"142\"><a href=\"mailto:angela.fonseca@ufpr.br\">angela.fonseca@ufpr.br<\/a><\/td>\r\n<\/tr>\r\n<\/tbody>\r\n<\/table>\r\n\r\n<p>&nbsp;<\/p>\r\n\r\n\r\n\r\n<p><strong>Portarias de Designa\u00e7\u00e3o dos Membros da CEUA\/BIO-UFPR:<\/strong><\/p>\r\n\r\n\r\n\r\n<p><strong><a href=\"https:\/\/bio.ufpr.br\/ceua\/wp-content\/uploads\/sites\/25\/2025\/05\/870ufpr-lyvia-lintzmaier-petiz-e-katya-naliwaiko-coordenadora-e-vice-coordenadora-ceua.pdf\" target=\"_blank\" rel=\"noopener\">Portaria UFPR n\u00ba 870, de 21 de maio de 2025 &#8211; Coordenadora e Vice-Coordenadora da Comiss\u00e3o de \u00c9tica no Uso de Animais do Setor de Ci\u00eancias Biol\u00f3gicas (CEUA-BIO)<br \/><\/a><\/strong><strong><a href=\"https:\/\/bio.ufpr.br\/ceua\/wp-content\/uploads\/sites\/25\/2025\/04\/portaria-632ufpr-comissao-de-etica-no-uso-de-animais-ceua-bio-2025-a-2027.pdf\">Portaria UFPR n\u00ba 632, de 4 de abril de 2025 &#8211; Comiss\u00e3o de \u00c9tica no Uso de Animais do Setor de Ci\u00eancias Biol\u00f3gicas (CEUA\/BIO-UFPR) &#8211; Mandato: 25\/05\/2025 a 24\/05\/2027<\/a><br \/><\/strong><a href=\"https:\/\/bio.ufpr.br\/ceua\/wp-content\/uploads\/sites\/25\/2024\/07\/693_2024UFPR-Alteracao-de-membros-DGEN-na-CEUA_BIO-UFPR-MARTA-CESTARI-e-ANGELICA-BOLDT.pdf\" target=\"_blank\" rel=\"noreferrer noopener\">Portaria UFPR n\u00ba 693, de 18 de julho de 2024 &#8211; Altera\u00e7\u00e3o de membros do Departamento de Gen\u00e9tica na Comiss\u00e3o de \u00c9tica no Uso de Animais do Setor de Ci\u00eancias Biol\u00f3gicas (CEUA\/BIO)<\/a><br \/><a href=\"https:\/\/bio.ufpr.br\/ceua\/wp-content\/uploads\/sites\/25\/2024\/07\/296_2024UFPR-Substituicao-membro-CEUA-DANAT-EDSON-ANTONIO-TANHOFFER.pdf\" target=\"_blank\" rel=\"noreferrer noopener\">Portaria UFPR n\u00ba 296, de 7 de mar\u00e7o de 2024 &#8211; Substitui\u00e7\u00e3o de membro suplente do Departamento de Anatomia na Comiss\u00e3o de \u00c9tica no Uso de Animais do Setor de Ci\u00eancias Biol\u00f3gicas (CEUA\/BIO)<\/a><br \/><a href=\"https:\/\/bio.ufpr.br\/ceua\/wp-content\/uploads\/sites\/25\/2024\/07\/1719_2023UFPR-Substituicao-de-membros-DGEN-na-CEUA-BIO-UFPR-ANGELICA-BOLDT-e-MARTA-CESTARI.pdf\" target=\"_blank\" rel=\"noreferrer noopener\">Portaria UFPR n\u00ba 1.719, de 21 de novembro de 2023 &#8211; Substitui\u00e7\u00e3o de membros do Departamento de Gen\u00e9tica na Comiss\u00e3o de \u00c9tica no Uso de Animais do Setor de Ci\u00eancias Biol\u00f3gicas (CEUA\/BIO)<\/a><br \/><a href=\"https:\/\/bio.ufpr.br\/ceua\/wp-content\/uploads\/sites\/25\/2024\/07\/1335_2023UFPR-Substituicao-de-membros-CEUA-BIO-UFPR-LUANA-FISCHER-e-RAFAEL-PEREIRA.pdf\" target=\"_blank\" rel=\"noreferrer noopener\">Portaria UFPR n\u00ba 1.335, de 17 de outubro de 2023 &#8211; Substitui\u00e7\u00e3o de membros do Departamento de Fisiologia na Comiss\u00e3o de \u00c9tica no Uso de Animais do Setor de Ci\u00eancias Biol\u00f3gicas (CEUA\/BIO)<\/a><br \/><a href=\"https:\/\/bio.ufpr.br\/ceua\/wp-content\/uploads\/sites\/25\/2024\/07\/1281_2023UFPR-Substituicao-de-membros-DPAT-na-CEUA_BIO-UFPR-LARISSA-REIFUR-e-TARCIO-BRAGA.pdf\" target=\"_blank\" rel=\"noreferrer noopener\">Portaria UFPR n\u00ba 1.281, de 26 de setembro de 2023 &#8211; Substitui\u00e7\u00e3o de membros do Departamento de Patologia B\u00e1sica na Comiss\u00e3o de \u00c9tica no Uso de Animais do Setor de Ci\u00eancias Biol\u00f3gicas (CEUA\/BIO)<\/a><br \/><a href=\"https:\/\/bio.ufpr.br\/ceua\/wp-content\/uploads\/sites\/25\/2024\/07\/652_2023UFPR-Comissao-de-Etica-no-Uso-de-Animais-do-Setor-BL-CEUA_BIO-UFPR-2023-2025.pdf\" target=\"_blank\" rel=\"noreferrer noopener\">Portaria UFPR n\u00ba 652, de 11 de maio de 2023 &#8211; Comiss\u00e3o de \u00c9tica no Uso de Animais do Setor de Ci\u00eancias Biol\u00f3gicas (CEUA\/BIO) \u2013 Mandato: 25\/05\/2023 a 24\/05\/2025<\/a><br \/><a href=\"https:\/\/bio.ufpr.br\/ceua\/wp-content\/uploads\/sites\/25\/2024\/07\/1679_2022UFPR-ANGELA-CRISTINA-OLIVEIRA-e-NICASSIA-OLIVEIRA-Bioterio_CEUA-BIO.pdf\" target=\"_blank\" rel=\"noreferrer noopener\">Portaria UFPR n\u00ba 1.679, de 21 de dezembro de 2022 &#8211; Substitui\u00e7\u00e3o de membros do Complexo Biot\u00e9rio na Comiss\u00e3o de \u00c9tica no Uso de Animais do Setor de Ci\u00eancias Biol\u00f3gicas (CEUA\/BIO)<\/a><br \/><a href=\"https:\/\/bio.ufpr.br\/wp-content\/uploads\/2022\/06\/624UFPR-Coordena%C3%A7%C3%A3o-da-Comiss%C3%A3o-de-%C3%89tica-no-Uso-de-Animais-CEUA-JANAINA-ZANOVELI-e-MARIA-CRISTINA-SANTOS.pdf\" target=\"_blank\" rel=\"noreferrer noopener\">Portaria UFPR n\u00ba 624, de 25\/05\/2022 \u2013\u00a0Coordenadora e Vice-Coordenadora da Comiss\u00e3o de \u00c9tica no Uso de Animais do Setor de Ci\u00eancias Biol\u00f3gicas \u2013 CEUA\/BIO<br \/><\/a><a href=\"https:\/\/bio.ufpr.br\/wp-content\/uploads\/2022\/06\/214UFPR-LYVIA-LINTZMAIER-PETIZ-Substitui%C3%A7%C3%A3o-DBIOQ-na-CEUA.pdf\" target=\"_blank\" rel=\"noreferrer noopener\">Portaria UFPR n\u00ba 214, de 14\/03\/2022 \u2013\u00a0Substitui\u00e7\u00e3o de membro titular do Departamento de Bioqu\u00edmica e Biologia Molecular na Comiss\u00e3o de \u00c9tica no Uso de Animais do Setor de Ci\u00eancias Biol\u00f3gicas (CEUA\/BIO)<br \/><\/a><a href=\"https:\/\/bio.ufpr.br\/wp-content\/uploads\/2022\/06\/182UFPR-DANIEL-PACHECO-BRUSCHI-substitui%C3%A7%C3%A3o-DGEN-na-CEUA.pdf\" target=\"_blank\" rel=\"noreferrer noopener\">Portaria UFPR n\u00ba 182, de 23\/02\/2022 \u2013 Substitui\u00e7\u00e3o de membro\u00a0titular do Departamento de Gen\u00e9tica na Comiss\u00e3o de \u00c9tica no Uso de Animais do Setor de Ci\u00eancias Biol\u00f3gicas (CEUA\/BIO-UFPR)<br \/><\/a><a href=\"https:\/\/bio.ufpr.br\/wp-content\/uploads\/2022\/06\/455UFPR-Coordenador-e-Vice-Coordenadora-da-CEUA-BIO.pdf\" target=\"_blank\" rel=\"noreferrer noopener\">Portaria UFPR\/UFPR n\u00ba 455, de 16\/06\/2021 \u2013\u00a0Coordenador e Vice-Coordenadora da Comiss\u00e3o de \u00c9tica no Uso de Animais do Setor de Ci\u00eancias Biol\u00f3gicas (CEUA\/BIO)<br \/><\/a><a href=\"https:\/\/bio.ufpr.br\/wp-content\/uploads\/2022\/06\/397UFPR-Comiss%C3%A3o-de-%C3%89tica-no-Uso-de-Animais-CEUA-BIO-2021-2023.pdf\" target=\"_blank\" rel=\"noreferrer noopener\">Portaria UFPR\/UFPR n\u00ba 397, de 02\/06\/2021 \u2013\u00a0Comiss\u00e3o de \u00c9tica no Uso de Animais do Setor de Ci\u00eancias Biol\u00f3gicas (CEUA\/BIO) \u2013 Mandato: 25\/05\/2021 a 24\/05\/2023<br \/><\/a><a href=\"https:\/\/bio.ufpr.br\/wp-content\/uploads\/2022\/06\/1601R-JULIANA-GEREMIAS-CHICHORRO-Substitui%C3%A7%C3%A3o-na-CEUA-BIO.pdf\" target=\"_blank\" rel=\"noreferrer noopener\">PORTARIA N\u00ba 1601\/REITORIA,\u00a0de 07\/12\/2020\u00a0\u2013 Substitui\u00e7\u00e3o de membro suplente do Departamento de Farmacologia na Comiss\u00e3o de \u00c9tica no Uso de Animais do Setor de Ci\u00eancias Biol\u00f3gicas (CEUA\/BIO)<\/a><br \/><a href=\"https:\/\/bio.ufpr.br\/ceua\/wp-content\/uploads\/sites\/25\/2024\/07\/545_2019R-CEUA-BIO-Coordenador-e-Vice-Coordenador-KATYA-NALIWAIKO-e-JULIANA-MAURER-Portaria_1953275.pdf\" target=\"_blank\" rel=\"noreferrer noopener\">PORTARIA N\u00ba 545\/REITORIA, de 12\/07\/2019 &#8211; Coordenadora e Vice-Coordenadora da Comiss\u00e3o de \u00c9tica no Uso de Animais do Setor de Ci\u00eancias Biol\u00f3gicas (CEUA-BIO)<\/a><a href=\"https:\/\/bio.ufpr.br\/wp-content\/uploads\/2022\/06\/1601R-JULIANA-GEREMIAS-CHICHORRO-Substitui%C3%A7%C3%A3o-na-CEUA-BIO.pdf\" target=\"_blank\" rel=\"noreferrer noopener\"><br \/><\/a><a href=\"https:\/\/bio.ufpr.br\/wp-content\/uploads\/2022\/06\/440R-Comiss%C3%A3o-de-%C3%89tica-no-Uso-de-Animais-CEUA-BIO-2019-2021-SEI_23075.033802_2019_46.pdf\" target=\"_blank\" rel=\"noreferrer noopener\">PORTARIA N\u00ba 440\/REITORIA,\u00a0de 29\/05\/2019 \u2013\u00a0Comiss\u00e3o de \u00c9tica no Uso de Animais do Setor de Ci\u00eancias Biol\u00f3gicas (CEUA\/BIO) \u2013 Mandato: 25\/05\/2019 a 24\/05\/2021<br \/><\/a><a href=\"https:\/\/bio.ufpr.br\/wp-content\/uploads\/2022\/06\/8R-CEUA-JOHN-EDWIN-LATTKE-BRAVO-Portaria_1495365.pdf\" target=\"_blank\" rel=\"noreferrer noopener\">PORTARIA N\u00ba 8\/REITORIA, de 03\/01\/2019 \u2013 Substitui\u00e7\u00e3o de membro titular do Departamento de Zoologia na Comiss\u00e3o de \u00c9tica no Uso de Animais do Setor de Ci\u00eancias Biol\u00f3gicas (CEUA-BIO)<br \/><\/a><a href=\"https:\/\/bio.ufpr.br\/wp-content\/uploads\/2022\/06\/276R-Substitui%C3%A7%C3%A3o-DFARM-membro-CEUA-BIO-Portaria_0954897.pdf\" target=\"_blank\" rel=\"noreferrer noopener\">PORTARIA N\u00ba 276\/REITORIA, de 11\/05\/2018 \u2013\u00a0Substitui\u00e7\u00e3o de membros do Departamento de Farmacologia na Comiss\u00e3o de \u00c9tica no Uso de Animais do Setor de Ci\u00eancias Biol\u00f3gicas (CEUA-BIO)<br \/><\/a><a href=\"https:\/\/bio.ufpr.br\/ceua\/wp-content\/uploads\/sites\/25\/2023\/03\/463R-Comiss%C3%A3o-de-%C3%89tica-no-Uso-de-Animais-CEUA-BIO-Retifica%C3%A7%C3%A3o-452R.pdf\" target=\"_blank\" rel=\"noreferrer noopener\">PORTARIA N\u00ba 463\/REITORIA, de 03\/07\/2017 \u2013 Alterar a Portaria n\u00ba 452\/REITOR, de 30 de junho de 2017<\/a><a href=\"https:\/\/bio.ufpr.br\/ceua\/wp-content\/uploads\/sites\/25\/2018\/02\/463R-Comiss%C3%A3o-de-%C3%89tica-no-Uso-de-Animais-CEUA-BIO-Retifica%C3%A7%C3%A3o-452R.pdf\" target=\"_blank\" rel=\"noreferrer noopener\"><br \/><\/a><a href=\"https:\/\/bio.ufpr.br\/ceua\/wp-content\/uploads\/sites\/25\/2023\/03\/452R-CEUA-SEI_23075.182004_2017_85.pdf\" target=\"_blank\" rel=\"noreferrer noopener\">PORTARIA N\u00ba 452\/REITOR, de 30\/06\/2017 \u2013 Coordenadora e Vice-Coordenadora da Comiss\u00e3o de \u00c9tica no Uso de Animais do Setor de Ci\u00eancias Biol\u00f3gicas (CEUA-BIO)<\/a><a href=\"https:\/\/bio.ufpr.br\/ceua\/wp-content\/uploads\/sites\/25\/2018\/02\/452R-CEUA-SEI_23075.182004_2017_85.pdf\" target=\"_blank\" rel=\"noreferrer noopener\"><br \/><\/a><a href=\"https:\/\/bio.ufpr.br\/wp-content\/uploads\/2022\/06\/354R-Comiss%C3%A3o-de-%C3%89tica-no-Uso-de-Animais-Portaria_0189116.pdf\" target=\"_blank\" rel=\"noreferrer noopener\">PORTARIA N\u00ba 354\/REITOR, de 22\/05\/2017 \u2013\u00a0Comiss\u00e3o de \u00c9tica no Uso de Animais do Setor de Ci\u00eancias Biol\u00f3gicas (CEUA-BIO) \u2013 Mandato: 25\/05\/2017 a 24\/05\/2019<br \/><\/a><a href=\"https:\/\/bio.ufpr.br\/wp-content\/uploads\/2022\/06\/2393R-MARIANA-DA-ROCHA-PIEMONTE-CEUA.pdf\" target=\"_blank\" rel=\"noreferrer noopener\">PORTARIA N\u00ba 2393\/REITOR, de 16\/03\/2016 \u2013 Substitui\u00e7\u00e3o de membro suplente do Departamento de Biologia Celular na Comiss\u00e3o de \u00c9tica no Uso de Animais do Setor de Ci\u00eancias Biol\u00f3gicas (CEUA-BIO)<br \/><\/a><a href=\"https:\/\/bio.ufpr.br\/wp-content\/uploads\/2015\/12\/1836R-Coordenadora-e-Vice-Coordenadora-da-Comiss%C3%A3o-de-%C3%89tica-no-Uso-de-Animais-CEUA-BIO.pdf\" target=\"_blank\" rel=\"noreferrer noopener\">PORTARIA N\u00ba\u00a01836\/REITOR, de 19\/06\/2015 \u2013 Coordenadora e Vice-Coordenadora da Comiss\u00e3o de \u00c9tica no Uso de Animais do Setor de Ci\u00eancias Biol\u00f3gicas (CEUA-BIO)<br \/><\/a><a href=\"https:\/\/bio.ufpr.br\/wp-content\/uploads\/2015\/12\/1743R-CEUA-BIO-PER%C3%8DODO-25MAIO2015-A-2017.pdf\" target=\"_blank\" rel=\"noreferrer noopener\">PORTARIA N\u00ba\u00a01743\/REITOR, de 08\/05\/2015 \u2013 Comiss\u00e3o de \u00c9tica no Uso de Animais do Setor de Ci\u00eancias Biol\u00f3gicas (CEUA\/BIO) \u2013 Mandato: 25\/05\/2015 a 24\/05\/2017<br \/><\/a><a href=\"https:\/\/bio.ufpr.br\/wp-content\/uploads\/2022\/06\/1483.pdf\" target=\"_blank\" rel=\"noreferrer noopener\">PORTARIA N\u00ba 1483\/14-BL, de 12\/11\/2014 \u2013 Substitui\u00e7\u00e3o de membro\u00a0suplente do Departamento de Gen\u00e9tica na Comiss\u00e3o Setorial de \u00c9tica no Uso de Animais \u2013 CEUA do Setor de Ci\u00eancias Biol\u00f3gicas<br \/><\/a><a href=\"https:\/\/bio.ufpr.br\/wp-content\/uploads\/2022\/06\/1452.pdf\" target=\"_blank\" rel=\"noreferrer noopener\">PORTARIA N\u00ba 1452\/14-BL, de 05\/08\/2014 \u2013 Substitui\u00e7\u00e3o de membro suplente do Departamento de Anatomia na Comiss\u00e3o Setorial de \u00c9tica no Uso de Animais \u2013 CEUA do Setor de Ci\u00eancias Biol\u00f3gicas<br \/><\/a><a href=\"https:\/\/bio.ufpr.br\/wp-content\/uploads\/2022\/06\/1367.pdf\" target=\"_blank\" rel=\"noreferrer noopener\">PORTARIA N\u00ba 1367\/13-BL, de 22\/05\/2023 \u2013 Comiss\u00e3o Setorial de \u00c9tica no Uso de Animais no Uso de Animais \u2013 CEUA do Setor de Ci\u00eancias Biol\u00f3gicas \u2013 Mandato: 25\/05\/2013 a 24\/05\/2015<br \/><\/a><a href=\"https:\/\/bio.ufpr.br\/wp-content\/uploads\/2022\/06\/1546R-CEUA-BIO-2011-2013.pdf\" target=\"_blank\" rel=\"noreferrer noopener\">PORTARIA N\u00ba 1546\/REITOR,\u00a0de 24\/05\/2011 \u2013 Comiss\u00e3o de \u00c9tica no Uso de Animais do Setor de Ci\u00eancias Biol\u00f3gicas\u00a0 (CEUA-BIO) \u2013 Mandato: 24\/05\/2011 a 23\/05\/2013<\/a><\/p>\r\n","protected":false},"excerpt":{"rendered":"<p>Integrantes da CEUA\/BIO \u2013 UFPR para o per\u00edodo Maio\/2025 a Maio\/2027: TITULARES NOME DEPARTAMENTO TELEFONE E-MAIL Marcello Machado Anatomia 3361-1507 marcello.machado@ufpr.br Katya Naliwaiko (Vice-Coordenadora) Biologia [&hellip;]<\/p>\n","protected":false},"author":6,"featured_media":0,"parent":0,"menu_order":0,"comment_status":"open","ping_status":"open","template":"","meta":{"_acf_changed":false,"_monsterinsights_skip_tracking":false,"_monsterinsights_sitenote_active":false,"_monsterinsights_sitenote_note":"","_monsterinsights_sitenote_category":0,"footnotes":""},"class_list":["post-8","page","type-page","status-publish","hentry"],"acf":[],"_links":{"self":[{"href":"https:\/\/bio.ufpr.br\/ceua\/wp-json\/wp\/v2\/pages\/8","targetHints":{"allow":["GET"]}}],"collection":[{"href":"https:\/\/bio.ufpr.br\/ceua\/wp-json\/wp\/v2\/pages"}],"about":[{"href":"https:\/\/bio.ufpr.br\/ceua\/wp-json\/wp\/v2\/types\/page"}],"author":[{"embeddable":true,"href":"https:\/\/bio.ufpr.br\/ceua\/wp-json\/wp\/v2\/users\/6"}],"replies":[{"embeddable":true,"href":"https:\/\/bio.ufpr.br\/ceua\/wp-json\/wp\/v2\/comments?post=8"}],"version-history":[{"count":54,"href":"https:\/\/bio.ufpr.br\/ceua\/wp-json\/wp\/v2\/pages\/8\/revisions"}],"predecessor-version":[{"id":635,"href":"https:\/\/bio.ufpr.br\/ceua\/wp-json\/wp\/v2\/pages\/8\/revisions\/635"}],"wp:attachment":[{"href":"https:\/\/bio.ufpr.br\/ceua\/wp-json\/wp\/v2\/media?parent=8"}],"curies":[{"name":"wp","href":"https:\/\/api.w.org\/{rel}","templated":true}]}}