{"id":893,"date":"2026-03-24T15:25:33","date_gmt":"2026-03-24T15:25:33","guid":{"rendered":"https:\/\/bio.ufpr.br\/ceua\/?page_id=893"},"modified":"2026-03-24T18:25:14","modified_gmt":"2026-03-24T18:25:14","slug":"curso-teorico-de-treinamento-em-manipulacao-na-experimentacao-animal-ufpr-29a-edicao","status":"publish","type":"page","link":"https:\/\/bio.ufpr.br\/ceua\/curso-teorico-de-treinamento-em-manipulacao-na-experimentacao-animal-ufpr-29a-edicao\/","title":{"rendered":"CURSO TE\u00d3RICO DE TREINAMENTO EM MANIPULA\u00c7\u00c3O NA EXPERIMENTA\u00c7\u00c3O ANIMAL \u2013 UFPR \u2013 29\u00aa Edi\u00e7\u00e3o"},"content":{"rendered":"<p>A 29\u00aa Edi\u00e7\u00e3o do Curso Te\u00f3rico de Treinamento em \u00a0Manipula\u00e7\u00e3o na Experimenta\u00e7\u00e3o Animal ser\u00e1 realizada de forma remota via <em><strong>Moodle \u2013 UFPR aberta<\/strong><\/em>\u00a0<strong>entre os dias 30 de mar\u00e7o e 17 de abril de 2026<\/strong>.<\/p>\n<p>INSCRI\u00c7\u00d5ES: de\u00a0<strong>16\/03 a 20\/03\/2026 ou at\u00e9 o preenchimento das vagas (150 vagas), <\/strong><em>on-line<\/em>\u00a0via\u00a0<em>Microsoft Forms<\/em><\/p>\n<p>O curso \u00e9 <strong>gratuito<\/strong> e atende a obrigatoriedade da RN49 do CONCEA para participa\u00e7\u00e3o de alunos e pesquisadores em projetos que envolvam o uso de animais do Setor de Ci\u00eancias Biol\u00f3gicas.<\/p>\n<p>A prova ser\u00e1 realizada no dia 18 de abril de 2026, das 9h \u00e0s 21h, via UFPR Aberta. O prazo de entrega ser\u00e1 at\u00e9 \u00e0s 21h do dia 18 de abril de 2026.<\/p>\n<p><strong>Obs. 1: Ap\u00f3s a aprova\u00e7\u00e3o no curso o aluno receber\u00e1 o certificado atrav\u00e9s do e-mail cadastrado no momento da inscri\u00e7\u00e3o.<\/strong><\/p>\n<p><strong>Obs. 2: A comprova\u00e7\u00e3o da capacita\u00e7\u00e3o mediante a apresenta\u00e7\u00e3o do certificado ter\u00e1 validade de 5 anos.<\/strong><\/p>\n<h3><strong>ATEN\u00c7\u00c3O! Inscrever-se somente aqueles que far\u00e3o o curso\u00a0<\/strong><strong>com certeza<\/strong><strong>. <\/strong><\/h3>\n<p><strong>N\u00c3O SE INSCREVER COM A INTEN\u00c7\u00c3O DE GUARDAR A VAGA, POIS COM ESSA ATITUDE MUITOS, QUE REALMENTE NECESSITAM, DEIXAM DE PARTICIPAR.<\/strong><\/p>\n<p>&nbsp;<\/p>\n<p><strong>Objetivos do curso:<\/strong><\/p>\n<p><u>Geral<\/u><\/p>\n<p>\u2013 Transmitir conhecimentos b\u00e1sicos e fundamentais para a manipula\u00e7\u00e3o de animais aos usu\u00e1rios de animais de experimenta\u00e7\u00e3o, ou seja, a todos os indiv\u00edduos envolvidos em atividades de produ\u00e7\u00e3o, manuten\u00e7\u00e3o ou utiliza\u00e7\u00e3o de animais em pesquisa cient\u00edfica ou ensino conforme a lei 11.794\/08 e a RN n\u00b0 49 do CONCEA.<\/p>\n<p><u>Espec\u00edficos<\/u><\/p>\n<p>\u2013 Apresentar as legisla\u00e7\u00f5es pertinentes \u00e0 experimenta\u00e7\u00e3o animal e o princ\u00edpio dos 3 R\u2019s;<\/p>\n<p>\u2013 Apresentar aos alunos de gradua\u00e7\u00e3o, inicia\u00e7\u00e3o cient\u00edfica, de p\u00f3s-gradua\u00e7\u00e3o e pesquisadores da UFPR e comunidade externa, que ir\u00e3o trabalhar com animais de laborat\u00f3rio, os conhecimentos b\u00e1sicos e fundamentais para os cuidados e manipula\u00e7\u00e3o de animais de experimenta\u00e7\u00e3o;<\/p>\n<p>\u2013 Aprimorar, capacitar recursos humanos e padronizar os procedimentos de experimenta\u00e7\u00e3o animal considerando os aspectos \u00e9ticos e de bem-estar em pesquisa biom\u00e9dica;<\/p>\n<p>\u2013 Familiarizar os manipuladores de animais de experimenta\u00e7\u00e3o quanto ao uso \u00e9tico com intuito de promover um experimento sem dor, sofrimento e sempre considerando o bem-estar dos animais.<\/p>\n<p>O curso \u00e9 exig\u00eancia e obrigat\u00f3rio para trabalhar com animais de experimenta\u00e7\u00e3o no Setor de Ci\u00eancias Biol\u00f3gicas, na UFPR e em outras institui\u00e7\u00f5es. Lembrando que a PRIORIDADE \u00e9 para os ALUNOS (GRADUA\u00c7\u00c3O, INICIA\u00c7\u00c3O CIENT\u00cdFICA, P\u00d3S-GRADUA\u00c7\u00c3O), PROFESSORES E PESQUISADORES do Setor de Ci\u00eancias Biol\u00f3gicas da UFPR.<\/p>\n<p>P\u00fablico-alvo: alunos, de gradua\u00e7\u00e3o, IC ou p\u00f3s-gradua\u00e7\u00e3o, e pesquisadores que ir\u00e3o trabalhar com animais de experimenta\u00e7\u00e3o.<\/p>\n<p>Obs.: Conforme o RN n\u00b0 49 do CONCEA \u00a72\u00ba A comprova\u00e7\u00e3o da capacita\u00e7\u00e3o baseado na experi\u00eancia profissional ser\u00e1 efetuada por meio de Curr\u00edculo Vitae, que inclua as atividades desenvolvidas nos 5 (cinco) anos anteriores ao encaminhamento do projeto \u00e0 CEUA.<\/p>\n<p><strong>Sobre o Curso:<\/strong><\/p>\n<p>N\u00famero de vagas:\u00a0<strong>150 vagas (10 para servidores da UFPR e 10 para comunidade externa)<\/strong><\/p>\n<p>Carga hor\u00e1ria total do curso:<strong> 40 horas<\/strong><\/p>\n<p>Per\u00edodo de realiza\u00e7\u00e3o do curso via remota:\u00a0<strong>30\/03\/2026 (segunda-feira) at\u00e9 17\/04\/2026 (sexta-feira)<\/strong><\/p>\n<p>Abertura do curso pela UFPR Aberta dia <strong>30\/03\/2026 (segunda-feira) \u00e0s 9h &#8211; reuni\u00e3o S\u00edncrona<\/strong><\/p>\n<p>Prova:\u00a0<strong>18\/04\/2026 das 9h \u2013 21h (dura\u00e7\u00e3o 12 horas)<\/strong><\/p>\n<p>Modalidade:\u00a0<strong>Remota \u2013 via\u00a0<em>moodle \u2013 UFPR aberta<\/em><\/strong><\/p>\n<p><strong>A inscri\u00e7\u00e3o ser\u00e1 realizada apenas de forma <em>on-line<\/em>\u00a0no\u00a0<em>link<\/em> a ser disponibilizado do dia 16\/03\/2026 at\u00e9 o dia 20\/03\/2026 ou at\u00e9 o preenchimento das vagas (150 vagas).<\/strong><\/p>\n<p>D\u00favidas sobre a inscri\u00e7\u00e3o: (41) 3361-1798 ou 3361-1687<\/p>\n<p>Respons\u00e1vel:\u00a0<strong>Prof.\u00aa M\u00e1rcia Kiyoe Shimada<\/strong>\u00a0(telefone: (41) 3361-1698 \/ e-mail:\u00a0<strong><a href=\"mailto:shimada@ufpr.br\">shimada@ufpr.br<\/a><\/strong>)<\/p>\n<p>Secret\u00e1ria: <b>MV Christine Hauer Piekarz<\/b> (41) 3361-1687 \/ e-mail: <a href=\"mailto:ceua.bio@ufpr.br\">ceua.bio@ufpr.br<\/a> (identificar no espa\u00e7o20 \u201cassunto\u201d: Curso de Treinamento em Manipula\u00e7\u00e3o Animal)13<\/p>\n<p><strong><span style=\"color: #808000\"><span style=\"color: #333333\">FORMUL\u00c1RIO DE INSCRI\u00c7\u00c3O &#8211;<\/span> <span style=\"color: #ff0000\">INSCRI\u00c7\u00d5ES ENCERRADAS (LIMITE ATINGIDO DE VAGAS!)<\/span><\/span><\/strong><\/p>\n<p><a href=\"https:\/\/bio.ufpr.br\/ceua\/wp-content\/uploads\/sites\/25\/2026\/03\/programacao_ufpr-aberta_3_2026.pdf\"><strong>PROGRAMA\u00c7\u00c3O DO CURSO DE TREINAMENTO EM MANIPULA\u00c7\u00c3O NA EXPERIMENTA\u00c7\u00c3O ANIMAL \u2013 29\u00aa EDI\u00c7\u00c3O<\/strong><\/a><\/p>\n","protected":false},"excerpt":{"rendered":"<p>A 29\u00aa Edi\u00e7\u00e3o do Curso Te\u00f3rico de Treinamento em \u00a0Manipula\u00e7\u00e3o na Experimenta\u00e7\u00e3o Animal ser\u00e1 realizada de forma remota via Moodle \u2013 UFPR aberta\u00a0entre os dias [&hellip;]<\/p>\n","protected":false},"author":2129,"featured_media":0,"parent":0,"menu_order":0,"comment_status":"closed","ping_status":"closed","template":"","meta":{"_acf_changed":false,"_monsterinsights_skip_tracking":false,"_monsterinsights_sitenote_active":false,"_monsterinsights_sitenote_note":"","_monsterinsights_sitenote_category":0,"footnotes":""},"class_list":["post-893","page","type-page","status-publish","hentry"],"acf":[],"_links":{"self":[{"href":"https:\/\/bio.ufpr.br\/ceua\/wp-json\/wp\/v2\/pages\/893","targetHints":{"allow":["GET"]}}],"collection":[{"href":"https:\/\/bio.ufpr.br\/ceua\/wp-json\/wp\/v2\/pages"}],"about":[{"href":"https:\/\/bio.ufpr.br\/ceua\/wp-json\/wp\/v2\/types\/page"}],"author":[{"embeddable":true,"href":"https:\/\/bio.ufpr.br\/ceua\/wp-json\/wp\/v2\/users\/2129"}],"replies":[{"embeddable":true,"href":"https:\/\/bio.ufpr.br\/ceua\/wp-json\/wp\/v2\/comments?post=893"}],"version-history":[{"count":10,"href":"https:\/\/bio.ufpr.br\/ceua\/wp-json\/wp\/v2\/pages\/893\/revisions"}],"predecessor-version":[{"id":915,"href":"https:\/\/bio.ufpr.br\/ceua\/wp-json\/wp\/v2\/pages\/893\/revisions\/915"}],"wp:attachment":[{"href":"https:\/\/bio.ufpr.br\/ceua\/wp-json\/wp\/v2\/media?parent=893"}],"curies":[{"name":"wp","href":"https:\/\/api.w.org\/{rel}","templated":true}]}}