{"id":454,"date":"2024-05-23T13:29:58","date_gmt":"2024-05-23T16:29:58","guid":{"rendered":"https:\/\/bio.ufpr.br\/cibio\/?page_id=454"},"modified":"2024-05-23T13:29:58","modified_gmt":"2024-05-23T16:29:58","slug":"composicao","status":"publish","type":"page","link":"https:\/\/bio.ufpr.br\/cibio\/composicao\/","title":{"rendered":"Composi\u00e7\u00e3o"},"content":{"rendered":"\n<p>A Comiss\u00e3o Interna de Biosseguran\u00e7a (CIBio) tem suas atribui\u00e7\u00f5es definidas pela Comiss\u00e3o T\u00e9cnica Nacional de Biosseguran\u00e7a (CTNBio, Lei 11.105 de 24\/03\/2005 e Portaria 146 de 06\/03\/06).<br>Cabe a CIBio o monitoramento e vigil\u00e2ncia dos trabalhos de engenharia gen\u00e9tica, manipula\u00e7\u00e3o, produ\u00e7\u00e3o e transporte de OGMs e para fazer cumprir a regulamenta\u00e7\u00e3o de Biosseguran\u00e7a.<\/p>\n\n\n\n<p>Seus membros\u00a0foram nomeados pela <a href=\"https:\/\/bio.ufpr.br\/cibio\/wp-content\/uploads\/sites\/105\/2024\/05\/2268_2024BL-COMISSAO-INTERNA-DE-BIOSSEGURANCA-CIBio-2024-2026-6689371.pdf\" target=\"_blank\" rel=\"noreferrer noopener\">PORTARIA N\u00ba 2268\/2024-BL<\/a>, de 23\/05\/2024, para comporem a Comiss\u00e3o por 2 anos, encerrando em 22\/05\/2026:<\/p>\n\n\n\n<figure class=\"wp-block-table\"><table><tbody><tr><td><strong>NOME<\/strong><\/td><td><strong>DEPARTAMENTO<\/strong><\/td><td><strong>RAMAL<\/strong><\/td><td><strong>E-MAIL<\/strong><\/td><\/tr><tr><td><strong>Luiza Helena Gremski (Presidente)<\/strong><\/td><td>Biologia Celular<\/td><td>3361-1779<\/td><td><a href=\"mailto:luizagremski@ufpr.br\">luizagremski@ufpr.br<\/a><\/td><\/tr><tr><td><strong>Wanderson Duarte da Rocha (Vice-Presidente)<\/strong><\/td><td>Bioqu\u00edmica e Biologia Molecular<\/td><td>3361-1667<\/td><td><a href=\"mailto:darocha@ufpr.br\">darocha@ufpr.br<\/a><\/td><\/tr><tr><td><strong>Adriana Frohlich Mercadante<\/strong><\/td><td>Patologia B\u00e1sica<\/td><td>3361-1561<\/td><td><a href=\"mailto:afmercadante@ufpr.br\">afmercadante@ufpr.br<\/a><\/td><\/tr><tr><td><strong>Daniela de Almeida Cabrini<\/strong><\/td><td>Farmacologia<\/td><td>3361-1539<\/td><td><a href=\"mailto:cabrini@ufpr.br\">cabrini@ufpr.br<\/a><\/td><\/tr><tr><td><strong>Desirr\u00ea Alexia Louren\u00e7o Petters Vandresen<\/strong><\/td><td>Gen\u00e9tica<\/td><td>3361-1562<\/td><td><a href=\"mailto:desirre.petters@ufpr.br\">desirre.petters@ufpr.br<\/a><\/td><\/tr><tr><td><strong>Sheila Maria Brochado Winnischofer<\/strong><\/td><td>Bioqu\u00edmica e Biologia Molecular<\/td><td>3361-1673<\/td><td><a href=\"mailto:sheilambw@ufpr.br\">sheilambw@ufpr.br<\/a><\/td><\/tr><tr><td><strong>Silvio Marques Zanata<\/strong><\/td><td>Patologia B\u00e1sica<\/td><td>3361-1561<\/td><td><a href=\"mailto:smzanata@ufpr.br\">smzanata@ufpr.br<\/a><\/td><\/tr><\/tbody><\/table><\/figure>\n\n\n\n<p><strong>PORTARIAS<\/strong><\/p>\n\n\n\n<p><strong><a href=\"https:\/\/bio.ufpr.br\/cibio\/wp-content\/uploads\/sites\/105\/2024\/05\/2268_2024BL-COMISSAO-INTERNA-DE-BIOSSEGURANCA-CIBio-2024-2026-6689371.pdf\" target=\"_blank\" rel=\"noreferrer noopener\">PORTARIA N\u00ba 2268\/2024-BL &#8211; Comiss\u00e3o Interna de Biosseguran\u00e7a (CIBio) do Setor de Ci\u00eancias Biol\u00f3gicas da UFPR 2024-2026<\/a><\/strong><br><a href=\"https:\/\/bio.ufpr.br\/cibio\/wp-content\/uploads\/sites\/105\/2024\/05\/2143_2022BL-Comissao-Interna-de-Biosseguranca-CIBio-2022-2024-4537170.pdf\" target=\"_blank\" rel=\"noreferrer noopener\">PORTARIA N\u00ba 2143\/2022-BL &#8211; Comiss\u00e3o Interna de Biosseguran\u00e7a (CIBio) do Setor de Ci\u00eancias Biol\u00f3gicas da UFPR 2022-2024<\/a><br><a href=\"https:\/\/bio.ufpr.br\/cibio\/wp-content\/uploads\/sites\/105\/2024\/05\/2100_2021BL-Substituicoes-na-COMISSAO-INTERNA-DE-BIOSSEGURANCA-CIBio-3936874.pdf\" target=\"_blank\" rel=\"noreferrer noopener\">PORTARIA N\u00ba 2100\/2021-BL &#8211; Substitui\u00e7\u00e3o de presidente, indica\u00e7\u00e3o de vice-presidente e novas indica\u00e7\u00f5es para a Comiss\u00e3o Interna de Biosseguran\u00e7a (CIBio) do Setor de Ci\u00eancias Biol\u00f3gicas da UFPR 2020-2022<\/a><br><a href=\"https:\/\/bio.ufpr.br\/cibio\/wp-content\/uploads\/sites\/105\/2024\/05\/1991_2020BL-COMISSAO-INTERNA-DE-BIOSSEGURANCA-CIBio-2660157-2020-2022.pdf\" target=\"_blank\" rel=\"noreferrer noopener\">PORTARIA N\u00ba 1991\/2020-BL &#8211; Comiss\u00e3o Interna de Biosseguran\u00e7a (CIBio) do Setor de Ci\u00eancias Biol\u00f3gicas da UFPR 2020-2022<\/a><br><a href=\"https:\/\/bio.ufpr.br\/cibio\/wp-content\/uploads\/sites\/105\/2024\/05\/1813_2018BL-Comissao-Interna-de-Biosseguranca-2018-2020.pdf\" target=\"_blank\" rel=\"noreferrer noopener\">PORTARIA N\u00ba 1813\/2018-BL &#8211; Comiss\u00e3o Interna de Biosseguran\u00e7a (CIBio) do Setor de Ci\u00eancias Biol\u00f3gicas da UFPR 2018-2020<\/a><br><a href=\"https:\/\/bio.ufpr.br\/cibio\/wp-content\/uploads\/sites\/105\/2024\/05\/1608_2016BL-Comissao-Interna-de-Biosseguranca-2016-2018.pdf\" data-type=\"link\" data-id=\"https:\/\/bio.ufpr.br\/cibio\/wp-content\/uploads\/sites\/105\/2024\/05\/1608_2016BL-Comissao-Interna-de-Biosseguranca-2016-2018.pdf\" target=\"_blank\" rel=\"noreferrer noopener\">PORTARIA N\u00ba 1608\/2016-BL &#8211; Comiss\u00e3o Interna de Biosseguran\u00e7a (CIBio) do Setor de Ci\u00eancias Biol\u00f3gicas da UFPR 2016-2018<\/a><br><a href=\"https:\/\/bio.ufpr.br\/cibio\/wp-content\/uploads\/sites\/105\/2024\/05\/1424_2014BL-Comissao-Interna-de-Biosseguranca-2014-2016.pdf\" target=\"_blank\" rel=\"noreferrer noopener\">PORTARIA N\u00ba 1424\/2014-BL &#8211; Comiss\u00e3o Interna de Biosseguran\u00e7a (CIBio) do Setor de Ci\u00eancias Biol\u00f3gicas da UFPR 2014-2016<\/a><br><a href=\"https:\/\/bio.ufpr.br\/cibio\/wp-content\/uploads\/sites\/105\/2024\/05\/1259_2012BL-Comissao-Interna-de-Biosseguranca-2012-2014.pdf\" target=\"_blank\" rel=\"noreferrer noopener\">PORTARIA N\u00ba 1259\/2012-BL &#8211; Comiss\u00e3o Interna de Biosseguran\u00e7a (CIBio) do Setor de Ci\u00eancias Biol\u00f3gicas da UFPR 2012-2014<\/a><\/p>\n","protected":false},"excerpt":{"rendered":"<p>A Comiss\u00e3o Interna de Biosseguran\u00e7a (CIBio) tem suas atribui\u00e7\u00f5es definidas pela Comiss\u00e3o T\u00e9cnica Nacional de Biosseguran\u00e7a (CTNBio, Lei 11.105 de 24\/03\/2005 e Portaria 146 de 06\/03\/06).Cabe a CIBio o monitoramento e vigil\u00e2ncia dos trabalhos de engenharia gen\u00e9tica, manipula\u00e7\u00e3o, produ\u00e7\u00e3o e transporte de OGMs e para fazer cumprir a regulamenta\u00e7\u00e3o de Biosseguran\u00e7a. Seus membros\u00a0foram nomeados pela [&hellip;]<\/p>\n","protected":false},"author":6,"featured_media":0,"parent":0,"menu_order":0,"comment_status":"closed","ping_status":"closed","template":"","meta":{"_acf_changed":false,"_monsterinsights_skip_tracking":false,"_monsterinsights_sitenote_active":false,"_monsterinsights_sitenote_note":"","_monsterinsights_sitenote_category":0,"footnotes":""},"class_list":["post-454","page","type-page","status-publish","hentry"],"acf":[],"_links":{"self":[{"href":"https:\/\/bio.ufpr.br\/cibio\/wp-json\/wp\/v2\/pages\/454","targetHints":{"allow":["GET"]}}],"collection":[{"href":"https:\/\/bio.ufpr.br\/cibio\/wp-json\/wp\/v2\/pages"}],"about":[{"href":"https:\/\/bio.ufpr.br\/cibio\/wp-json\/wp\/v2\/types\/page"}],"author":[{"embeddable":true,"href":"https:\/\/bio.ufpr.br\/cibio\/wp-json\/wp\/v2\/users\/6"}],"replies":[{"embeddable":true,"href":"https:\/\/bio.ufpr.br\/cibio\/wp-json\/wp\/v2\/comments?post=454"}],"version-history":[{"count":13,"href":"https:\/\/bio.ufpr.br\/cibio\/wp-json\/wp\/v2\/pages\/454\/revisions"}],"predecessor-version":[{"id":546,"href":"https:\/\/bio.ufpr.br\/cibio\/wp-json\/wp\/v2\/pages\/454\/revisions\/546"}],"wp:attachment":[{"href":"https:\/\/bio.ufpr.br\/cibio\/wp-json\/wp\/v2\/media?parent=454"}],"curies":[{"name":"wp","href":"https:\/\/api.w.org\/{rel}","templated":true}]}}