{"id":458,"date":"2023-10-27T09:41:10","date_gmt":"2023-10-27T12:41:10","guid":{"rendered":"https:\/\/bio.ufpr.br\/cibio\/?page_id=458"},"modified":"2024-05-03T11:39:11","modified_gmt":"2024-05-03T14:39:11","slug":"procedimentos-e-documentos","status":"publish","type":"page","link":"https:\/\/bio.ufpr.br\/cibio\/procedimentos-e-documentos\/","title":{"rendered":"Procedimentos e Documentos"},"content":{"rendered":"\n<p><a href=\"https:\/\/bio.ufpr.br\/cibio\/wp-content\/uploads\/sites\/105\/2024\/05\/SEI_6037680_Resolucao_02_2023_BL.pdf\" data-type=\"link\" data-id=\"https:\/\/bio.ufpr.br\/cibio\/wp-content\/uploads\/sites\/105\/2024\/05\/SEI_6037680_Resolucao_02_2023_BL.pdf\" target=\"_blank\" rel=\"noreferrer noopener\">Regimento CiBio-SCB &#8211; Resolu\u00e7\u00e3o 02\/2023-BL<\/a><\/p>\n\n\n\n<p><a href=\"https:\/\/bio.ufpr.br\/cibio\/wp-content\/uploads\/sites\/105\/2024\/05\/Modelo-para-elaboracao-de-relatorio-anual.docx\" data-type=\"link\" data-id=\"https:\/\/bio.ufpr.br\/cibio\/wp-content\/uploads\/sites\/105\/2024\/05\/Modelo-para-elaboracao-de-relatorio-anual.docx\" target=\"_blank\" rel=\"noreferrer noopener\">Modelo para elabora\u00e7\u00e3o de relat\u00f3rio anual<\/a><\/p>\n","protected":false},"excerpt":{"rendered":"<p>Regimento CiBio-SCB &#8211; Resolu\u00e7\u00e3o 02\/2023-BL Modelo para elabora\u00e7\u00e3o de relat\u00f3rio anual<\/p>\n","protected":false},"author":6,"featured_media":0,"parent":0,"menu_order":0,"comment_status":"closed","ping_status":"closed","template":"","meta":{"_acf_changed":false,"_monsterinsights_skip_tracking":false,"_monsterinsights_sitenote_active":false,"_monsterinsights_sitenote_note":"","_monsterinsights_sitenote_category":0,"footnotes":""},"class_list":["post-458","page","type-page","status-publish","hentry"],"acf":[],"_links":{"self":[{"href":"https:\/\/bio.ufpr.br\/cibio\/wp-json\/wp\/v2\/pages\/458","targetHints":{"allow":["GET"]}}],"collection":[{"href":"https:\/\/bio.ufpr.br\/cibio\/wp-json\/wp\/v2\/pages"}],"about":[{"href":"https:\/\/bio.ufpr.br\/cibio\/wp-json\/wp\/v2\/types\/page"}],"author":[{"embeddable":true,"href":"https:\/\/bio.ufpr.br\/cibio\/wp-json\/wp\/v2\/users\/6"}],"replies":[{"embeddable":true,"href":"https:\/\/bio.ufpr.br\/cibio\/wp-json\/wp\/v2\/comments?post=458"}],"version-history":[{"count":6,"href":"https:\/\/bio.ufpr.br\/cibio\/wp-json\/wp\/v2\/pages\/458\/revisions"}],"predecessor-version":[{"id":505,"href":"https:\/\/bio.ufpr.br\/cibio\/wp-json\/wp\/v2\/pages\/458\/revisions\/505"}],"wp:attachment":[{"href":"https:\/\/bio.ufpr.br\/cibio\/wp-json\/wp\/v2\/media?parent=458"}],"curies":[{"name":"wp","href":"https:\/\/api.w.org\/{rel}","templated":true}]}}