{"id":470,"date":"2023-10-27T09:43:11","date_gmt":"2023-10-27T12:43:11","guid":{"rendered":"https:\/\/bio.ufpr.br\/cibio\/?page_id=470"},"modified":"2024-05-03T12:06:32","modified_gmt":"2024-05-03T15:06:32","slug":"certificacao-area-nb2-ou-nb3","status":"publish","type":"page","link":"https:\/\/bio.ufpr.br\/cibio\/certificacao-area-nb2-ou-nb3\/","title":{"rendered":"Certifica\u00e7\u00e3o \u00c1rea NB2 ou NB3"},"content":{"rendered":"\n<p><a href=\"https:\/\/bio.ufpr.br\/cibio\/wp-content\/uploads\/sites\/105\/2024\/05\/REQUERIMENTO-DE-AUTORIZACAO-PARA-ATIVIDADES-EM-CONTENCAO-COM-OGM-E-SEUS-DERIVADOS.docx\" data-type=\"link\" data-id=\"https:\/\/bio.ufpr.br\/cibio\/wp-content\/uploads\/sites\/105\/2024\/05\/REQUERIMENTO-DE-AUTORIZACAO-PARA-ATIVIDADES-EM-CONTENCAO-COM-OGM-E-SEUS-DERIVADOS.docx\" target=\"_blank\" rel=\"noreferrer noopener\">Requerimento Autoriza\u00e7\u00e3o Atividades em Conten\u00e7\u00e3o com OGM e derivados<\/a><\/p>\n","protected":false},"excerpt":{"rendered":"<p>Requerimento Autoriza\u00e7\u00e3o Atividades em Conten\u00e7\u00e3o com OGM e derivados<\/p>\n","protected":false},"author":6,"featured_media":0,"parent":0,"menu_order":0,"comment_status":"closed","ping_status":"closed","template":"","meta":{"_acf_changed":false,"_monsterinsights_skip_tracking":false,"_monsterinsights_sitenote_active":false,"_monsterinsights_sitenote_note":"","_monsterinsights_sitenote_category":0,"footnotes":""},"class_list":["post-470","page","type-page","status-publish","hentry"],"acf":[],"_links":{"self":[{"href":"https:\/\/bio.ufpr.br\/cibio\/wp-json\/wp\/v2\/pages\/470","targetHints":{"allow":["GET"]}}],"collection":[{"href":"https:\/\/bio.ufpr.br\/cibio\/wp-json\/wp\/v2\/pages"}],"about":[{"href":"https:\/\/bio.ufpr.br\/cibio\/wp-json\/wp\/v2\/types\/page"}],"author":[{"embeddable":true,"href":"https:\/\/bio.ufpr.br\/cibio\/wp-json\/wp\/v2\/users\/6"}],"replies":[{"embeddable":true,"href":"https:\/\/bio.ufpr.br\/cibio\/wp-json\/wp\/v2\/comments?post=470"}],"version-history":[{"count":3,"href":"https:\/\/bio.ufpr.br\/cibio\/wp-json\/wp\/v2\/pages\/470\/revisions"}],"predecessor-version":[{"id":521,"href":"https:\/\/bio.ufpr.br\/cibio\/wp-json\/wp\/v2\/pages\/470\/revisions\/521"}],"wp:attachment":[{"href":"https:\/\/bio.ufpr.br\/cibio\/wp-json\/wp\/v2\/media?parent=470"}],"curies":[{"name":"wp","href":"https:\/\/api.w.org\/{rel}","templated":true}]}}