{"id":476,"date":"2023-10-27T09:44:21","date_gmt":"2023-10-27T12:44:21","guid":{"rendered":"https:\/\/bio.ufpr.br\/cibio\/?page_id=476"},"modified":"2024-05-03T11:47:07","modified_gmt":"2024-05-03T14:47:07","slug":"outros-formularios","status":"publish","type":"page","link":"https:\/\/bio.ufpr.br\/cibio\/outros-formularios\/","title":{"rendered":"Outros Formul\u00e1rios"},"content":{"rendered":"\n<p><a href=\"https:\/\/bio.ufpr.br\/cibio\/wp-content\/uploads\/sites\/105\/2024\/05\/REQUERIMENTO-DE-AUTORIZACAO-PARA-TRANSPORTE-NO-TERRITORIO-NACIONAL-OU-EXPORTACAO-DE-ORGANISMOS-GENETICAMENTE-MODIFICADOS.docx\" data-type=\"link\" data-id=\"https:\/\/bio.ufpr.br\/cibio\/wp-content\/uploads\/sites\/105\/2024\/05\/REQUERIMENTO-DE-AUTORIZACAO-PARA-TRANSPORTE-NO-TERRITORIO-NACIONAL-OU-EXPORTACAO-DE-ORGANISMOS-GENETICAMENTE-MODIFICADOS.docx\" target=\"_blank\" rel=\"noreferrer noopener\">Requerimento Autoriza\u00e7\u00e3o Transporte ou Exporta\u00e7\u00e3o<\/a><\/p>\n\n\n\n<p><a href=\"https:\/\/bio.ufpr.br\/cibio\/wp-content\/uploads\/sites\/105\/2024\/05\/REQUERIMENTO-DE-AUTORIZACAO-PARA-IMPORTACAO-DE-ANIMAIS-GENETICAMENTE-MODIFICADOS-PARA-ATIVIDADES-DE-PESQUISA.docx\" target=\"_blank\" rel=\"noreferrer noopener\">Requerimento Autoriza\u00e7\u00e3o Importa\u00e7\u00e3o <strong>Animais<\/strong> Geneticamente Modificados<\/a><\/p>\n\n\n\n<p><a href=\"https:\/\/bio.ufpr.br\/cibio\/wp-content\/uploads\/sites\/105\/2024\/05\/REQUERIMENTO-DE-AUTORIZACAO-PARA-IMPORTACAO-DE-MICRORGANISMOS-GENETICAMENTE-MODIFICADOS-PARA-ATIVIDADES-DE-PESQUISA-1.docx\" data-type=\"link\" data-id=\"https:\/\/bio.ufpr.br\/cibio\/wp-content\/uploads\/sites\/105\/2024\/05\/REQUERIMENTO-DE-AUTORIZACAO-PARA-IMPORTACAO-DE-MICRORGANISMOS-GENETICAMENTE-MODIFICADOS-PARA-ATIVIDADES-DE-PESQUISA-1.docx\" target=\"_blank\" rel=\"noreferrer noopener\">Requerimento Autoriza\u00e7\u00e3o Importa\u00e7\u00e3o <strong>Microrganismos<\/strong> Geneticamente Modificados<\/a><\/p>\n","protected":false},"excerpt":{"rendered":"<p>Requerimento Autoriza\u00e7\u00e3o Transporte ou Exporta\u00e7\u00e3o Requerimento Autoriza\u00e7\u00e3o Importa\u00e7\u00e3o Animais Geneticamente Modificados Requerimento Autoriza\u00e7\u00e3o Importa\u00e7\u00e3o Microrganismos Geneticamente Modificados<\/p>\n","protected":false},"author":6,"featured_media":0,"parent":0,"menu_order":0,"comment_status":"closed","ping_status":"closed","template":"","meta":{"_acf_changed":false,"_monsterinsights_skip_tracking":false,"_monsterinsights_sitenote_active":false,"_monsterinsights_sitenote_note":"","_monsterinsights_sitenote_category":0,"footnotes":""},"class_list":["post-476","page","type-page","status-publish","hentry"],"acf":[],"_links":{"self":[{"href":"https:\/\/bio.ufpr.br\/cibio\/wp-json\/wp\/v2\/pages\/476","targetHints":{"allow":["GET"]}}],"collection":[{"href":"https:\/\/bio.ufpr.br\/cibio\/wp-json\/wp\/v2\/pages"}],"about":[{"href":"https:\/\/bio.ufpr.br\/cibio\/wp-json\/wp\/v2\/types\/page"}],"author":[{"embeddable":true,"href":"https:\/\/bio.ufpr.br\/cibio\/wp-json\/wp\/v2\/users\/6"}],"replies":[{"embeddable":true,"href":"https:\/\/bio.ufpr.br\/cibio\/wp-json\/wp\/v2\/comments?post=476"}],"version-history":[{"count":5,"href":"https:\/\/bio.ufpr.br\/cibio\/wp-json\/wp\/v2\/pages\/476\/revisions"}],"predecessor-version":[{"id":513,"href":"https:\/\/bio.ufpr.br\/cibio\/wp-json\/wp\/v2\/pages\/476\/revisions\/513"}],"wp:attachment":[{"href":"https:\/\/bio.ufpr.br\/cibio\/wp-json\/wp\/v2\/media?parent=476"}],"curies":[{"name":"wp","href":"https:\/\/api.w.org\/{rel}","templated":true}]}}