{"id":1137,"date":"2023-03-09T15:41:40","date_gmt":"2023-03-09T18:41:40","guid":{"rendered":"https:\/\/bio.ufpr.br\/cmco\/?page_id=1137"},"modified":"2023-03-09T16:07:35","modified_gmt":"2023-03-09T19:07:35","slug":"lsan","status":"publish","type":"page","link":"https:\/\/bio.ufpr.br\/cmco\/lsan\/","title":{"rendered":"LSAN"},"content":{"rendered":"<p>O Laborat\u00f3rio de Sequenciamento de \u00c1cido Nucleico est\u00e1 localizado no Dep. de Bioqu\u00edmica e Biologia Molecular da UFPR e conta com moderno parque de equipamentos para sequenciamento autom\u00e1tico de \u00e1cidos nucleicos pelo m\u00e9todo de Sanger e de nova gera\u00e7\u00e3o.<\/p>\n<p>O Laborat\u00f3rio \u00e9 um dos mais modernos do pa\u00eds, e tem atendido pesquisadores de dos\u00a0Programas de P\u00f3s-Gradua\u00e7\u00e3o da UFPR e tamb\u00e9m de outras institui\u00e7\u00f5es Nacionais e Internacionais.<\/p>\n<p>O\u00a0LSAN\u00a0faz parte da\u00a0Plataforma Nacional de Infraestrutura de Pesquisa \u2013 MCTI (PNIPE), possibilitando o acesso da comunidade cient\u00edfica\/tecnol\u00f3gica nacional e de empresas \u00e0s instala\u00e7\u00f5es laboratoriais e aos equipamentos de pesquisa existentes, promovendo seu uso compartilhado.<\/p>\n<p>Acesse o\u00a0LSAN\u00a0portal PNIPE-MCTI pelo link &#8211;&gt;\u00a0<a href=\"https:\/\/pnipe.mctic.gov.br\/laboratory\/8747\">https:\/\/pnipe.mctic.gov.br\/laboratory\/8747<\/a><\/p>\n<p>Confira\u00a0quais\u00a0s\u00e3o os equipamentos dispon\u00edveis no\u00a0LSAN pelo link &#8211;&gt;\u00a0<a href=\"https:\/\/bio.ufpr.br\/cmco\/equipamentos-lsan\/\">\u00a0https:\/\/bio.ufpr.br\/cmco\/equipamentos-lsan\/<\/a><\/p>\n<p>As agendas dos equipamentos est\u00e3o dispon\u00edveis atrav\u00e9s do link &#8211;&gt;\u00a0<a href=\"https:\/\/bio.ufpr.br\/cmco\/agenda-lsan\/\">https:\/\/bio.ufpr.br\/cmco\/agenda-lsan\/<\/a><\/p>\n<p>Saiba como agendar o uso em &#8211;&gt;<\/p>\n","protected":false},"excerpt":{"rendered":"<p>O Laborat\u00f3rio de Sequenciamento de \u00c1cido Nucleico est\u00e1 localizado no Dep. de Bioqu\u00edmica e Biologia Molecular da UFPR e conta com moderno parque de equipamentos [&hellip;]<\/p>\n","protected":false},"author":1998,"featured_media":0,"parent":0,"menu_order":0,"comment_status":"closed","ping_status":"closed","template":"","meta":{"_acf_changed":false,"_monsterinsights_skip_tracking":false,"_monsterinsights_sitenote_active":false,"_monsterinsights_sitenote_note":"","_monsterinsights_sitenote_category":0,"footnotes":""},"class_list":["post-1137","page","type-page","status-publish","hentry"],"acf":[],"_links":{"self":[{"href":"https:\/\/bio.ufpr.br\/cmco\/wp-json\/wp\/v2\/pages\/1137","targetHints":{"allow":["GET"]}}],"collection":[{"href":"https:\/\/bio.ufpr.br\/cmco\/wp-json\/wp\/v2\/pages"}],"about":[{"href":"https:\/\/bio.ufpr.br\/cmco\/wp-json\/wp\/v2\/types\/page"}],"author":[{"embeddable":true,"href":"https:\/\/bio.ufpr.br\/cmco\/wp-json\/wp\/v2\/users\/1998"}],"replies":[{"embeddable":true,"href":"https:\/\/bio.ufpr.br\/cmco\/wp-json\/wp\/v2\/comments?post=1137"}],"version-history":[{"count":5,"href":"https:\/\/bio.ufpr.br\/cmco\/wp-json\/wp\/v2\/pages\/1137\/revisions"}],"predecessor-version":[{"id":1164,"href":"https:\/\/bio.ufpr.br\/cmco\/wp-json\/wp\/v2\/pages\/1137\/revisions\/1164"}],"wp:attachment":[{"href":"https:\/\/bio.ufpr.br\/cmco\/wp-json\/wp\/v2\/media?parent=1137"}],"curies":[{"name":"wp","href":"https:\/\/api.w.org\/{rel}","templated":true}]}}