{"id":1158,"date":"2023-03-09T16:01:49","date_gmt":"2023-03-09T19:01:49","guid":{"rendered":"https:\/\/bio.ufpr.br\/cmco\/?page_id=1158"},"modified":"2023-03-10T15:29:40","modified_gmt":"2023-03-10T18:29:40","slug":"agenda-lsan","status":"publish","type":"page","link":"https:\/\/bio.ufpr.br\/cmco\/agenda-lsan\/","title":{"rendered":"Agenda LSAN"},"content":{"rendered":"<p><strong>Confira nos links abaixo\u00a0a agenda p\u00fablica\u00a0dos equipamentos dispon\u00edveis no LSAN<\/strong><\/p>\n<p>&nbsp;<\/p>\n<p>1- Sequenciador autom\u00e1tico de DNA 3500 Genetic Analyzer &#8211;&gt; <a href=\"https:\/\/calendar.google.com\/calendar\/embed?src=4e0c77e5d02afc0058ee318299888d0d4ded15fdedb0c9794a1e92dc407fc230%40group.calendar.google.com&amp;ctz=America%2FSao_Paulo\">Agenda Sequenciador 3500\u00a0<\/a><\/p>\n<p>2-\u00a0Sequenciador autom\u00e1tico de DNA 3500 Genetic Analyzer XL &#8211;&gt; <a href=\"https:\/\/calendar.google.com\/calendar\/embed?src=036722c1b3273d849aa9f2a7d31dcac85833f3a78a90981d2ff47659c383ba3a%40group.calendar.google.com&amp;ctz=America%2FSao_Paulo\">Agenda Sequenciador XL-1\u00a0<\/a><\/p>\n<p>3-\u00a0Sequenciador autom\u00e1tico de DNA 3500 Genetic Analyzer XL &#8211;&gt; <a href=\"https:\/\/calendar.google.com\/calendar\/embed?src=79c36bb5b414a0c32aeae010db874cfad73f52a3f319ec096d20542ca06c9d82%40group.calendar.google.com&amp;ctz=America%2FSao_Paulo\">Agenda Sequenciador XL-2<\/a><\/p>\n<p>4-\u00a0Sequenciador de Nova Gera\u00e7\u00e3o MiSeq, Illumina &#8211;&gt; <a href=\"https:\/\/calendar.google.com\/calendar\/embed?src=66df87e77909dd7534959ba23cbf19b3f88164fa56158aac5972701c188cef0c%40group.calendar.google.com&amp;ctz=America%2FSao_Paulo\">Agenda MiSeq<\/a><\/p>\n<p>5-\u00a0Sistema de purifica\u00e7\u00e3o de prote\u00ednas Akta Pure, GE Healthcare &#8211;&gt; <a href=\"https:\/\/calendar.google.com\/calendar\/embed?src=d4e6630b0ea90a25b8ca4bdc0d04ab64c336d52600511c6ade3a88bc26738c34%40group.calendar.google.com&amp;ctz=America%2FSao_Paulo\">Agenda Akta Pure<\/a><\/p>\n<p>6- Espectr\u00f4metro de massas Q-TOF, Bruker, Micro-Q &#8211;&gt; <a href=\"https:\/\/calendar.google.com\/calendar\/embed?src=55c9e5d1f57bbe148ab6f084aec4809f960c18ab07b9a6755a380cf3e32c8c84%40group.calendar.google.com&amp;ctz=America%2FSao_Paulo\">Agenda\u00a0Espectr\u00f4metro<\/a><\/p>\n<p>&nbsp;<\/p>\n","protected":false},"excerpt":{"rendered":"<p>Confira nos links abaixo\u00a0a agenda p\u00fablica\u00a0dos equipamentos dispon\u00edveis no LSAN &nbsp; 1- Sequenciador autom\u00e1tico de DNA 3500 Genetic Analyzer &#8211;&gt; Agenda Sequenciador 3500\u00a0 2-\u00a0Sequenciador autom\u00e1tico [&hellip;]<\/p>\n","protected":false},"author":1998,"featured_media":0,"parent":0,"menu_order":0,"comment_status":"closed","ping_status":"closed","template":"","meta":{"_acf_changed":false,"_monsterinsights_skip_tracking":false,"_monsterinsights_sitenote_active":false,"_monsterinsights_sitenote_note":"","_monsterinsights_sitenote_category":0,"footnotes":""},"class_list":["post-1158","page","type-page","status-publish","hentry"],"acf":[],"_links":{"self":[{"href":"https:\/\/bio.ufpr.br\/cmco\/wp-json\/wp\/v2\/pages\/1158","targetHints":{"allow":["GET"]}}],"collection":[{"href":"https:\/\/bio.ufpr.br\/cmco\/wp-json\/wp\/v2\/pages"}],"about":[{"href":"https:\/\/bio.ufpr.br\/cmco\/wp-json\/wp\/v2\/types\/page"}],"author":[{"embeddable":true,"href":"https:\/\/bio.ufpr.br\/cmco\/wp-json\/wp\/v2\/users\/1998"}],"replies":[{"embeddable":true,"href":"https:\/\/bio.ufpr.br\/cmco\/wp-json\/wp\/v2\/comments?post=1158"}],"version-history":[{"count":10,"href":"https:\/\/bio.ufpr.br\/cmco\/wp-json\/wp\/v2\/pages\/1158\/revisions"}],"predecessor-version":[{"id":1201,"href":"https:\/\/bio.ufpr.br\/cmco\/wp-json\/wp\/v2\/pages\/1158\/revisions\/1201"}],"wp:attachment":[{"href":"https:\/\/bio.ufpr.br\/cmco\/wp-json\/wp\/v2\/media?parent=1158"}],"curies":[{"name":"wp","href":"https:\/\/api.w.org\/{rel}","templated":true}]}}