{"id":1192,"date":"2023-03-10T09:46:17","date_gmt":"2023-03-10T12:46:17","guid":{"rendered":"https:\/\/bio.ufpr.br\/cmco\/?page_id=1192"},"modified":"2023-03-10T16:04:14","modified_gmt":"2023-03-10T19:04:14","slug":"pos-graduacoes","status":"publish","type":"page","link":"https:\/\/bio.ufpr.br\/cmco\/pos-graduacoes\/","title":{"rendered":"P\u00f3s Gradua\u00e7\u00f5es"},"content":{"rendered":"<p><span style=\"font-weight: 400\">O Centro Multiusu\u00e1rio de Ci\u00eancias \u00d4micas re\u00fane pesquisadores de diferentes Programas de P\u00f3s-Gradua\u00e7\u00f5es e por consequ\u00eancia, \u00e1reas de concentra\u00e7\u00e3o da CAPES. Devido a essa diversifica\u00e7\u00e3o de compet\u00eancias, a Plataforma tem a capacidade de observar os distintos problemas biol\u00f3gicos sob diferentes \u00f3ticas cient\u00edficas, o que gera um ambiente rico e diverso de discuss\u00e3o acad\u00eamica e tecnol\u00f3gica.<\/span><\/p>\n<p>Fazem parte do CMCO os Programas de P\u00f3s-gradua\u00e7\u00e3o em:<\/p>\n<p style=\"padding-left: 30px\"><strong><a href=\"http:\/\/www.pgbioq.ufpr.br\/\" target=\"_blank\">Ci\u00eancias \u2013 Bioqu\u00edmica<br \/>\n<\/a><\/strong>Telefone: (41) 3361-1672<br \/>\nE-mail:\u00a0pgbioq@ufpr.br<\/p>\n<p style=\"padding-left: 30px\"><strong><a href=\"http:\/\/www.pgbiocel.ufpr.br\/\" target=\"_blank\">Biologia Celular e Molecular<br \/>\n<\/a><\/strong>Telefone: (41) 3361-1676<br \/>\nE-mail:\u00a0pgbiocel@ufpr.br\u00a0\/ pgbiocelufpr@gmail.com<\/p>\n<p style=\"padding-left: 30px\"><a href=\"http:\/\/www.ppgmpp.ufpr.br\/\" target=\"_blank\"><strong>Microbiologia, Parasitologia e Patologia<br \/>\n<\/strong><\/a>Telefone: (41) 3361-1695<br \/>\nE-mail:\u00a0posmpp@ufpr.br<\/p>\n<p style=\"padding-left: 30px\"><strong><a href=\"https:\/\/bio.ufpr.br\/ppggenetica\/\" target=\"_blank\">Gen\u00e9tica<br \/>\n<\/a><\/strong>Telefone: (41) 3361-1587<br \/>\nE-mail:\u00a0ppg-gen@ufpr.br<\/p>\n<p style=\"padding-left: 30px\"><strong><a href=\"http:\/\/www.prppg.ufpr.br:8080\/ecologia\/\" target=\"_blank\">Ecologia e Conserva\u00e7\u00e3o<br \/>\n<\/a><\/strong>Telefone: (41) 3361-1595<br \/>\nE-mail:\u00a0ecologia@ufpr.br\u00a0\/ eco.ufpr@gmail.com<\/p>\n<p style=\"padding-left: 30px\"><strong><a href=\"http:\/\/www.pgento.ufpr.br\/\" target=\"_blank\">Ci\u00eancias Biol\u00f3gicas \u2013 Entomologia<br \/>\n<\/a><\/strong>Telefone: (41) 3361-1676<br \/>\nE-mail:\u00a0pgento@ufpr.br<\/p>\n<p style=\"padding-left: 30px\"><strong><a href=\"http:\/\/www.prppg.ufpr.br:8080\/pgzoo\/\" target=\"_blank\">Zoologia<br \/>\n<\/a><\/strong>Telefone: (41) 3361-1641<br \/>\nE-mail:\u00a0pgzoo@ufpr.br<\/p>\n<p style=\"padding-left: 30px\"><strong><a href=\"http:\/\/www.prppg.ufpr.br\/site\/ppgfisio\/pb\/\" target=\"_blank\">Fisiologia<br \/>\n<\/a><\/strong>Telefone: (41) 3361-1588<br \/>\nE-mail:\u00a0ppgfisio@ufpr.br\u00a0\/ ppgfisio.ufpr@gmail.com<\/p>\n<p style=\"padding-left: 30px\"><strong><a href=\"http:\/\/farmacologia.bio.ufpr.br\/posgraduacao\/\" target=\"_blank\">Farmacologia<br \/>\n<\/a><\/strong>Telefone: (41) 3361-1693<br \/>\nE-mail:\u00a0pgfarmacologia@ufpr.br<\/p>\n<p>&nbsp;<\/p>\n<p>&nbsp;<\/p>\n","protected":false},"excerpt":{"rendered":"<p>O Centro Multiusu\u00e1rio de Ci\u00eancias \u00d4micas re\u00fane pesquisadores de diferentes Programas de P\u00f3s-Gradua\u00e7\u00f5es e por consequ\u00eancia, \u00e1reas de concentra\u00e7\u00e3o da CAPES. Devido a essa diversifica\u00e7\u00e3o [&hellip;]<\/p>\n","protected":false},"author":6,"featured_media":0,"parent":0,"menu_order":0,"comment_status":"closed","ping_status":"closed","template":"","meta":{"_acf_changed":false,"_monsterinsights_skip_tracking":false,"_monsterinsights_sitenote_active":false,"_monsterinsights_sitenote_note":"","_monsterinsights_sitenote_category":0,"footnotes":""},"class_list":["post-1192","page","type-page","status-publish","hentry"],"acf":[],"_links":{"self":[{"href":"https:\/\/bio.ufpr.br\/cmco\/wp-json\/wp\/v2\/pages\/1192","targetHints":{"allow":["GET"]}}],"collection":[{"href":"https:\/\/bio.ufpr.br\/cmco\/wp-json\/wp\/v2\/pages"}],"about":[{"href":"https:\/\/bio.ufpr.br\/cmco\/wp-json\/wp\/v2\/types\/page"}],"author":[{"embeddable":true,"href":"https:\/\/bio.ufpr.br\/cmco\/wp-json\/wp\/v2\/users\/6"}],"replies":[{"embeddable":true,"href":"https:\/\/bio.ufpr.br\/cmco\/wp-json\/wp\/v2\/comments?post=1192"}],"version-history":[{"count":5,"href":"https:\/\/bio.ufpr.br\/cmco\/wp-json\/wp\/v2\/pages\/1192\/revisions"}],"predecessor-version":[{"id":1213,"href":"https:\/\/bio.ufpr.br\/cmco\/wp-json\/wp\/v2\/pages\/1192\/revisions\/1213"}],"wp:attachment":[{"href":"https:\/\/bio.ufpr.br\/cmco\/wp-json\/wp\/v2\/media?parent=1192"}],"curies":[{"name":"wp","href":"https:\/\/api.w.org\/{rel}","templated":true}]}}