{"id":1240,"date":"2023-03-13T09:01:05","date_gmt":"2023-03-13T12:01:05","guid":{"rendered":"https:\/\/bio.ufpr.br\/cmco\/?page_id=1240"},"modified":"2023-03-13T11:37:57","modified_gmt":"2023-03-13T14:37:57","slug":"dmbio","status":"publish","type":"page","link":"https:\/\/bio.ufpr.br\/cmco\/dmbio\/","title":{"rendered":"DMBio"},"content":{"rendered":"<p>O <strong>DMBio &#8211; Laborat\u00f3rio de Minera\u00e7\u00e3o de Dados em Bioinform\u00e1tica<\/strong>\u00a0\u00e9 especializado em an\u00e1lise de grandes volumes de dados aplicando t\u00e9cnicas de intelig\u00eancia artificial, minera\u00e7\u00e3o de dados e banco de dados. O\u00a0DMBio d\u00e1 suporte ao armazenamento e \u00e0s an\u00e1lises de dados dos projetos que usam os recursos do CMCO-UFPR.<\/p>\n<p>Para isso, s\u00e3o disponibilizados os servidores:<\/p>\n<p style=\"padding-left: 30px\">1 &#8211; DELL PowerEdge R730 &#8211;&gt;\u00a0<a href=\"https:\/\/pnipe.mctic.gov.br\/equipment\/15561\">https:\/\/pnipe.mctic.gov.br\/equipment\/15561<\/a><\/p>\n<p style=\"padding-left: 30px\">2 &#8211;\u00a0Shermmini-blade com 4 l\u00e2minas &#8211;&gt;\u00a0<a href=\"https:\/\/pnipe.mctic.gov.br\/equipment\/15560\">https:\/\/pnipe.mctic.gov.br\/equipment\/15560<\/a><\/p>\n<p>O DMBio faz parte da Plataforma Nacional de Infraestrutura de Pesquisa \u2013 MCTI (PNIPE), possibilitando o acesso da comunidade cient\u00edfica\/tecnol\u00f3gica nacional e de empresas \u00e0s instala\u00e7\u00f5es laboratoriais e aos equipamentos de pesquisa existentes, promovendo seu uso compartilhado.<\/p>\n<p>Acesse o DMBio no portal PNIPE-MCTI pelo link \u2013&gt;\u00a0<a href=\"https:\/\/pnipe.mctic.gov.br\/laboratory\/12028\">https:\/\/pnipe.mctic.gov.br\/laboratory\/12028<\/a><\/p>\n<p>&nbsp;<\/p>\n","protected":false},"excerpt":{"rendered":"<p>O DMBio &#8211; Laborat\u00f3rio de Minera\u00e7\u00e3o de Dados em Bioinform\u00e1tica\u00a0\u00e9 especializado em an\u00e1lise de grandes volumes de dados aplicando t\u00e9cnicas de intelig\u00eancia artificial, minera\u00e7\u00e3o de [&hellip;]<\/p>\n","protected":false},"author":6,"featured_media":0,"parent":0,"menu_order":0,"comment_status":"closed","ping_status":"closed","template":"","meta":{"_acf_changed":false,"_monsterinsights_skip_tracking":false,"_monsterinsights_sitenote_active":false,"_monsterinsights_sitenote_note":"","_monsterinsights_sitenote_category":0,"footnotes":""},"class_list":["post-1240","page","type-page","status-publish","hentry"],"acf":[],"_links":{"self":[{"href":"https:\/\/bio.ufpr.br\/cmco\/wp-json\/wp\/v2\/pages\/1240","targetHints":{"allow":["GET"]}}],"collection":[{"href":"https:\/\/bio.ufpr.br\/cmco\/wp-json\/wp\/v2\/pages"}],"about":[{"href":"https:\/\/bio.ufpr.br\/cmco\/wp-json\/wp\/v2\/types\/page"}],"author":[{"embeddable":true,"href":"https:\/\/bio.ufpr.br\/cmco\/wp-json\/wp\/v2\/users\/6"}],"replies":[{"embeddable":true,"href":"https:\/\/bio.ufpr.br\/cmco\/wp-json\/wp\/v2\/comments?post=1240"}],"version-history":[{"count":6,"href":"https:\/\/bio.ufpr.br\/cmco\/wp-json\/wp\/v2\/pages\/1240\/revisions"}],"predecessor-version":[{"id":1243,"href":"https:\/\/bio.ufpr.br\/cmco\/wp-json\/wp\/v2\/pages\/1240\/revisions\/1243"}],"wp:attachment":[{"href":"https:\/\/bio.ufpr.br\/cmco\/wp-json\/wp\/v2\/media?parent=1240"}],"curies":[{"name":"wp","href":"https:\/\/api.w.org\/{rel}","templated":true}]}}