{"id":408,"date":"2017-11-21T11:16:37","date_gmt":"2017-11-21T11:16:37","guid":{"rendered":"https:\/\/bio.ufpr.br\/ctaf\/?page_id=408"},"modified":"2026-02-24T08:33:40","modified_gmt":"2026-02-24T11:33:40","slug":"o-centro","status":"publish","type":"page","link":"https:\/\/bio.ufpr.br\/cmco\/o-centro\/","title":{"rendered":"O Centro"},"content":{"rendered":"<p style=\"text-align: justify;\">O\u00a0<strong>Centro Multiusu\u00e1rio de Ci\u00eancias \u00d4micas (CMCO) &#8211; pesquisa e solu\u00e7\u00f5es para sa\u00fade \u00fanica\u00a0<\/strong>d\u00e1\u00a0suporte cient\u00edfico e tecnol\u00f3gico para a proposi\u00e7\u00e3o e execu\u00e7\u00e3o de projetos de pesquisa e a\u00e7\u00f5es de presta\u00e7\u00e3o de servi\u00e7os que visam promover, de maneira integrada e unificadora, a sa\u00fade do ambiente, cuidando das pessoas e dos demais componentes da biodiversidade em n\u00edvel ecossist\u00eamico. A plataforma tem por objetivo impulsionar avan\u00e7os tecnol\u00f3gicos e viabilizar a cria\u00e7\u00e3o e implementa\u00e7\u00e3o de solu\u00e7\u00f5es para amea\u00e7as globais com impacto local, como na: (i) identifica\u00e7\u00e3o, tratamento e controle de doen\u00e7as comuns, raras e emergentes, (ii) de zoonoses, (iii) atenua\u00e7\u00e3o dos efeitos das mudan\u00e7as clim\u00e1ticas, (iv) na seguran\u00e7a alimentar e h\u00eddrica, (v) polui\u00e7\u00e3o ambiental e (vi) para a perda de biodiversidade.<\/p>\n<p style=\"text-align: justify;\">Atualmente,\u00a0conta com a expertise de uma equipe multi-setorial e disciplinar de pesquisadores vinculados a 9 Programas de P\u00f3s-gradua\u00e7\u00e3o.<\/p>\n<p style=\"text-align: justify;\"><span style=\"font-weight: 400;\">O parque tecnol\u00f3gico que comp\u00f5e o CMCO-UFPR conta com 5 unidades altamente especializadas e complementares, que d\u00e3o suporte \u00e0s atividades dos cinco n\u00facleos de atua\u00e7\u00e3o. Estas unidades s\u00e3o proficientes em oferecer e aplicar as tecnologias que j\u00e1 disp\u00f5em e espera-se que, a aquisi\u00e7\u00e3o dos novos equipamentos pleiteados na presente proposta, possa torn\u00e1-los <\/span><b>singulares no contexto nacional<\/b><span style=\"font-weight: 400;\"> em dispor das seguintes tecnologias:<\/span><\/p>\n<p><b>Unidade 1 &#8211; <a href=\"https:\/\/bio.ufpr.br\/ctaf\/\" target=\"_blank\" rel=\"noopener\">Centro de Tecnologias Avan\u00e7adas em Fluoresc\u00eancia (CTAF)<\/a><\/b><\/p>\n<p><b>Unidade 2 &#8211; Laborat\u00f3rio de Sequenciamento de \u00c1cidos nucleicos\u00a0(LSAN)<\/b><\/p>\n<p><b><\/b><b>Unidade 3 &#8211; Cole\u00e7\u00f5es Biol\u00f3gicas e de amostras do Patrim\u00f4nio Gen\u00e9tico<\/b><\/p>\n<p><b>Unidade 4 &#8211; Unidade de isolamento, caracteriza\u00e7\u00e3o e quantifica\u00e7\u00e3o de mol\u00e9culas (UICQM)<\/b><\/p>\n<p><strong>Unidade 5 &#8211;\u00a0Laborat\u00f3rio de Minera\u00e7\u00e3o de Dados em Bioinform\u00e1tica (DMBio)<\/strong><\/p>\n<p><strong>Unidade 6 &#8211; <span class=\"elementToProof\">Laborat\u00f3rio de Neuroci\u00eancia e Conect\u00f4mica (LABNeC)<\/span><\/strong><\/p>\n<p><strong>Unidade 7 &#8211; <a href=\"https:\/\/lcem.ufpr.br\/\" target=\"_blank\" rel=\"noopener\">Laborat\u00f3rio de Cromatografia e Espectrometria de Massas<span class=\"elementToProof\"> (LCEM)<\/span><\/a><\/strong><\/p>\n<p style=\"text-align: justify;\">O\u00a0O CMCO faz parte da\u00a0Plataforma Nacional de Infraestrutura de Pesquisa \u2013 MCTI (PNIPE), possibilitando o acesso da comunidade cient\u00edfica\/tecnol\u00f3gica nacional e de empresas \u00e0s instala\u00e7\u00f5es laboratoriais e aos equipamentos de pesquisa existentes,\u00a0contribuindo para atividades de pesquisa cient\u00edfica e tecnol\u00f3gica \/ou servi\u00e7os a institui\u00e7\u00f5es e \u00f3rg\u00e3os p\u00fablicos e privados, gerando e transferindo conhecimentos multidisciplinares integrados para a sociedade.<\/p>\n<p>Acesse o CMCO no portal PNIPE-MCTI pelo link &#8211;&gt;\u00a0<a href=\"https:\/\/pnipe.mctic.gov.br\/laboratory\/15726\">https:\/\/pnipe.mctic.gov.br\/<\/a><\/p>\n<p>Conhe\u00e7a nosso regimento e normas de uso pelo link &#8211;&gt;\u00a0\u00a0<a href=\"https:\/\/bio.ufpr.br\/cmco\/wp-content\/uploads\/sites\/102\/2023\/03\/REGIMENTO-CMCO.pdf\">Regimento CMCO<\/a><\/p>\n<p>Equipamentos Multiusu\u00e1rios dispon\u00edveis no CMCO &#8211;&gt;\u00a0<a href=\"https:\/\/bio.ufpr.br\/cmco\/equipamentos-cmco\/\">https:\/\/bio.ufpr.br\/cmco\/equipamentos-cmco\/<\/a><\/p>\n<p>&nbsp;<\/p>\n","protected":false},"excerpt":{"rendered":"<p>O\u00a0Centro Multiusu\u00e1rio de Ci\u00eancias \u00d4micas (CMCO) &#8211; pesquisa e solu\u00e7\u00f5es para sa\u00fade \u00fanica\u00a0d\u00e1\u00a0suporte cient\u00edfico e tecnol\u00f3gico para a proposi\u00e7\u00e3o e execu\u00e7\u00e3o de projetos de pesquisa [&hellip;]<\/p>\n","protected":false},"author":6,"featured_media":0,"parent":0,"menu_order":0,"comment_status":"closed","ping_status":"closed","template":"","meta":{"_acf_changed":false,"_monsterinsights_skip_tracking":false,"_monsterinsights_sitenote_active":false,"_monsterinsights_sitenote_note":"","_monsterinsights_sitenote_category":0,"footnotes":""},"class_list":["post-408","page","type-page","status-publish","hentry"],"acf":[],"_links":{"self":[{"href":"https:\/\/bio.ufpr.br\/cmco\/wp-json\/wp\/v2\/pages\/408","targetHints":{"allow":["GET"]}}],"collection":[{"href":"https:\/\/bio.ufpr.br\/cmco\/wp-json\/wp\/v2\/pages"}],"about":[{"href":"https:\/\/bio.ufpr.br\/cmco\/wp-json\/wp\/v2\/types\/page"}],"author":[{"embeddable":true,"href":"https:\/\/bio.ufpr.br\/cmco\/wp-json\/wp\/v2\/users\/6"}],"replies":[{"embeddable":true,"href":"https:\/\/bio.ufpr.br\/cmco\/wp-json\/wp\/v2\/comments?post=408"}],"version-history":[{"count":26,"href":"https:\/\/bio.ufpr.br\/cmco\/wp-json\/wp\/v2\/pages\/408\/revisions"}],"predecessor-version":[{"id":1289,"href":"https:\/\/bio.ufpr.br\/cmco\/wp-json\/wp\/v2\/pages\/408\/revisions\/1289"}],"wp:attachment":[{"href":"https:\/\/bio.ufpr.br\/cmco\/wp-json\/wp\/v2\/media?parent=408"}],"curies":[{"name":"wp","href":"https:\/\/api.w.org\/{rel}","templated":true}]}}