{"id":452,"date":"2024-10-01T15:47:47","date_gmt":"2024-10-01T18:47:47","guid":{"rendered":"https:\/\/bio.ufpr.br\/cse-bl\/?page_id=452"},"modified":"2024-10-01T15:58:10","modified_gmt":"2024-10-01T18:58:10","slug":"instrucoes-e-legislacoes","status":"publish","type":"page","link":"https:\/\/bio.ufpr.br\/cse-bl\/instrucoes-e-legislacoes\/","title":{"rendered":"Instru\u00e7\u00f5es e Legisla\u00e7\u00f5es"},"content":{"rendered":"\n<p class=\"has-text-align-center\"><\/p>\n\n\n\n<p class=\"has-text-align-center\" style=\"font-size:1px\"><\/p>\n\n\n\n<p><strong><a href=\"https:\/\/bio.ufpr.br\/cse-bl\/wp-content\/uploads\/sites\/106\/2024\/05\/Resolucao-no-01_2023-BL-Regimento-do-Comite-Setorial-de-Extensao-5726659.pdf\" target=\"_blank\" rel=\"noreferrer noopener\">RESOLU\u00c7\u00c3O N\u00ba 01\/2023-BL &#8211; Estabelece o Regimento do Comit\u00ea Setorial de Extens\u00e3o do Setor de Ci\u00eancias Biol\u00f3gicas (CSE-BL) da Universidade Federal do Paran\u00e1<\/a><\/strong><\/p>\n\n\n\n<p><strong><a href=\"https:\/\/bio.ufpr.br\/cse-bl\/wp-content\/uploads\/sites\/106\/2024\/10\/instrucao-normativa-no-02_2024-coex_proec-tramitacao-de-propostas-e-relatorios-de-extensao-7073649.pdf\" target=\"_blank\" rel=\"noreferrer noopener\">INSTRU\u00c7\u00c3O NORMATIVA N\u00b0 02\/2024 &#8211; COEX\/PROEC &#8211; DETALHAMENTO DA TRAMITA\u00c7\u00c3O DE PROPOSTAS E RELAT\u00d3RIOS DEATIVIDADES DE EXTENS\u00c3O &#8211; Disp\u00f5e sobre o detalhamento da tramita\u00e7\u00e3o no sistema de gest\u00e3o da extens\u00e3o de propostas e relat\u00f3rios de atividadesde extens\u00e3o na UFPR, visando a avalia\u00e7\u00e3o e parecer pelo Comit\u00ea Assessor da Extens\u00e3o, Comit\u00ea Institucional da Extens\u00e3o e Comit\u00eas Setoriais da Extens\u00e3o<\/a><\/strong><\/p>\n\n\n\n<p class=\"has-text-align-center\"><strong><a href=\"https:\/\/bio.ufpr.br\/cse-bl\/wp-content\/uploads\/sites\/106\/2024\/10\/sei_ufpr-7094186-anexo-i-proposta-de-projeto_programa.pdf\" target=\"_blank\" rel=\"noreferrer noopener\">TRAMITA\u00c7\u00c3O DE PROPOSTA DE PROJETO E\/OU PROGRAMA DE EXTENS\u00c3O<\/a><\/strong><\/p>\n\n\n\n<figure class=\"wp-block-image size-large\"><img loading=\"lazy\" decoding=\"async\" width=\"1024\" height=\"723\" src=\"https:\/\/bio.ufpr.br\/cse-bl\/wp-content\/uploads\/sites\/106\/2024\/10\/anexo-i-proposta-de-projeto_programa-1024x723.jpg\" alt=\"\" class=\"wp-image-649\" srcset=\"https:\/\/bio.ufpr.br\/cse-bl\/wp-content\/uploads\/sites\/106\/2024\/10\/anexo-i-proposta-de-projeto_programa-1024x723.jpg 1024w, https:\/\/bio.ufpr.br\/cse-bl\/wp-content\/uploads\/sites\/106\/2024\/10\/anexo-i-proposta-de-projeto_programa-300x212.jpg 300w, https:\/\/bio.ufpr.br\/cse-bl\/wp-content\/uploads\/sites\/106\/2024\/10\/anexo-i-proposta-de-projeto_programa-768x542.jpg 768w, https:\/\/bio.ufpr.br\/cse-bl\/wp-content\/uploads\/sites\/106\/2024\/10\/anexo-i-proposta-de-projeto_programa-139x98.jpg 139w, https:\/\/bio.ufpr.br\/cse-bl\/wp-content\/uploads\/sites\/106\/2024\/10\/anexo-i-proposta-de-projeto_programa-75x53.jpg 75w, https:\/\/bio.ufpr.br\/cse-bl\/wp-content\/uploads\/sites\/106\/2024\/10\/anexo-i-proposta-de-projeto_programa.jpg 1474w\" sizes=\"auto, (max-width: 1024px) 100vw, 1024px\" \/><\/figure>\n\n\n\n<p class=\"has-text-align-center\"><strong><a href=\"https:\/\/bio.ufpr.br\/cse-bl\/wp-content\/uploads\/sites\/106\/2024\/10\/sei_ufpr-7094659-anexo-ii-proposta-de-curso_evento_pse.pdf\" target=\"_blank\" rel=\"noreferrer noopener\">TRAMITA\u00c7\u00c3O DE PROPOSTA DE CURSO, EVENTO E\/OU PRESTA\u00c7\u00c3O DE SERVI\u00c7O EXTENSIONISTA<\/a><\/strong><\/p>\n\n\n\n<figure class=\"wp-block-image size-large\"><img loading=\"lazy\" decoding=\"async\" width=\"1024\" height=\"743\" src=\"https:\/\/bio.ufpr.br\/cse-bl\/wp-content\/uploads\/sites\/106\/2024\/10\/anexo-ii-proposta-de-curso_evento_pse-1024x743.jpg\" alt=\"\" class=\"wp-image-650\" srcset=\"https:\/\/bio.ufpr.br\/cse-bl\/wp-content\/uploads\/sites\/106\/2024\/10\/anexo-ii-proposta-de-curso_evento_pse-1024x743.jpg 1024w, https:\/\/bio.ufpr.br\/cse-bl\/wp-content\/uploads\/sites\/106\/2024\/10\/anexo-ii-proposta-de-curso_evento_pse-300x218.jpg 300w, https:\/\/bio.ufpr.br\/cse-bl\/wp-content\/uploads\/sites\/106\/2024\/10\/anexo-ii-proposta-de-curso_evento_pse-768x558.jpg 768w, https:\/\/bio.ufpr.br\/cse-bl\/wp-content\/uploads\/sites\/106\/2024\/10\/anexo-ii-proposta-de-curso_evento_pse-135x98.jpg 135w, https:\/\/bio.ufpr.br\/cse-bl\/wp-content\/uploads\/sites\/106\/2024\/10\/anexo-ii-proposta-de-curso_evento_pse-75x54.jpg 75w, https:\/\/bio.ufpr.br\/cse-bl\/wp-content\/uploads\/sites\/106\/2024\/10\/anexo-ii-proposta-de-curso_evento_pse.jpg 1456w\" sizes=\"auto, (max-width: 1024px) 100vw, 1024px\" \/><\/figure>\n\n\n\n<p class=\"has-text-align-center\"><strong><a href=\"https:\/\/bio.ufpr.br\/cse-bl\/wp-content\/uploads\/sites\/106\/2024\/10\/sei_ufpr-7094666-anexo-iii-relatorio-final-de-projeto_programa.pdf\" target=\"_blank\" rel=\"noreferrer noopener\">TRAMITA\u00c7\u00c3O DE RELAT\u00d3RIO FINAL DE PROGRAMA E\/OU PROJETO DE EXTENS\u00c3O<\/a><\/strong><\/p>\n\n\n\n<figure class=\"wp-block-image size-large\"><img loading=\"lazy\" decoding=\"async\" width=\"1024\" height=\"769\" src=\"https:\/\/bio.ufpr.br\/cse-bl\/wp-content\/uploads\/sites\/106\/2024\/10\/anexo-iii-relatorio-final-de-projeto_programa-1024x769.jpg\" alt=\"\" class=\"wp-image-651\" srcset=\"https:\/\/bio.ufpr.br\/cse-bl\/wp-content\/uploads\/sites\/106\/2024\/10\/anexo-iii-relatorio-final-de-projeto_programa-1024x769.jpg 1024w, https:\/\/bio.ufpr.br\/cse-bl\/wp-content\/uploads\/sites\/106\/2024\/10\/anexo-iii-relatorio-final-de-projeto_programa-300x225.jpg 300w, https:\/\/bio.ufpr.br\/cse-bl\/wp-content\/uploads\/sites\/106\/2024\/10\/anexo-iii-relatorio-final-de-projeto_programa-768x577.jpg 768w, https:\/\/bio.ufpr.br\/cse-bl\/wp-content\/uploads\/sites\/106\/2024\/10\/anexo-iii-relatorio-final-de-projeto_programa-130x98.jpg 130w, https:\/\/bio.ufpr.br\/cse-bl\/wp-content\/uploads\/sites\/106\/2024\/10\/anexo-iii-relatorio-final-de-projeto_programa-75x57.jpg 75w, https:\/\/bio.ufpr.br\/cse-bl\/wp-content\/uploads\/sites\/106\/2024\/10\/anexo-iii-relatorio-final-de-projeto_programa.jpg 1388w\" sizes=\"auto, (max-width: 1024px) 100vw, 1024px\" \/><\/figure>\n\n\n\n<p class=\"has-text-align-center\"><strong><a href=\"https:\/\/bio.ufpr.br\/cse-bl\/wp-content\/uploads\/sites\/106\/2024\/10\/sei_ufpr-7094684-anexo-iv-relatorio-final-curso_evento_pse-ou-relatorio-anual-projeto.pdf\" target=\"_blank\" rel=\"noreferrer noopener\">TRAMITA\u00c7\u00c3O DE RELAT\u00d3RIO FINAL DE CURSO, EVENTO E\/OU PRESTA\u00c7\u00c3O DE SERVI\u00c7O EXTENSIONISTA OU TRAMITA\u00c7\u00c3O DE RELAT\u00d3RIO ANUAL DE PROJETO\/PROGRAMA<\/a><\/strong><\/p>\n\n\n\n<figure class=\"wp-block-image size-large\"><img loading=\"lazy\" decoding=\"async\" width=\"1024\" height=\"621\" src=\"https:\/\/bio.ufpr.br\/cse-bl\/wp-content\/uploads\/sites\/106\/2024\/10\/anexo-iv-relatorio-final-curso_evento_pse-ou-relatorio-anual-projeto-1024x621.jpg\" alt=\"\" class=\"wp-image-652\" srcset=\"https:\/\/bio.ufpr.br\/cse-bl\/wp-content\/uploads\/sites\/106\/2024\/10\/anexo-iv-relatorio-final-curso_evento_pse-ou-relatorio-anual-projeto-1024x621.jpg 1024w, https:\/\/bio.ufpr.br\/cse-bl\/wp-content\/uploads\/sites\/106\/2024\/10\/anexo-iv-relatorio-final-curso_evento_pse-ou-relatorio-anual-projeto-300x182.jpg 300w, https:\/\/bio.ufpr.br\/cse-bl\/wp-content\/uploads\/sites\/106\/2024\/10\/anexo-iv-relatorio-final-curso_evento_pse-ou-relatorio-anual-projeto-768x466.jpg 768w, https:\/\/bio.ufpr.br\/cse-bl\/wp-content\/uploads\/sites\/106\/2024\/10\/anexo-iv-relatorio-final-curso_evento_pse-ou-relatorio-anual-projeto-162x98.jpg 162w, https:\/\/bio.ufpr.br\/cse-bl\/wp-content\/uploads\/sites\/106\/2024\/10\/anexo-iv-relatorio-final-curso_evento_pse-ou-relatorio-anual-projeto-75x45.jpg 75w, https:\/\/bio.ufpr.br\/cse-bl\/wp-content\/uploads\/sites\/106\/2024\/10\/anexo-iv-relatorio-final-curso_evento_pse-ou-relatorio-anual-projeto.jpg 1388w\" sizes=\"auto, (max-width: 1024px) 100vw, 1024px\" \/><\/figure>\n","protected":false},"excerpt":{"rendered":"<p>RESOLU\u00c7\u00c3O N\u00ba 01\/2023-BL &#8211; Estabelece o Regimento do Comit\u00ea Setorial de Extens\u00e3o do Setor de Ci\u00eancias Biol\u00f3gicas (CSE-BL) da Universidade Federal do Paran\u00e1 INSTRU\u00c7\u00c3O NORMATIVA [&hellip;]<\/p>\n","protected":false},"author":2107,"featured_media":0,"parent":0,"menu_order":0,"comment_status":"closed","ping_status":"closed","template":"","meta":{"_acf_changed":false,"_monsterinsights_skip_tracking":false,"_monsterinsights_sitenote_active":false,"_monsterinsights_sitenote_note":"","_monsterinsights_sitenote_category":0,"footnotes":""},"class_list":["post-452","page","type-page","status-publish","hentry"],"acf":[],"_links":{"self":[{"href":"https:\/\/bio.ufpr.br\/cse-bl\/wp-json\/wp\/v2\/pages\/452","targetHints":{"allow":["GET"]}}],"collection":[{"href":"https:\/\/bio.ufpr.br\/cse-bl\/wp-json\/wp\/v2\/pages"}],"about":[{"href":"https:\/\/bio.ufpr.br\/cse-bl\/wp-json\/wp\/v2\/types\/page"}],"author":[{"embeddable":true,"href":"https:\/\/bio.ufpr.br\/cse-bl\/wp-json\/wp\/v2\/users\/2107"}],"replies":[{"embeddable":true,"href":"https:\/\/bio.ufpr.br\/cse-bl\/wp-json\/wp\/v2\/comments?post=452"}],"version-history":[{"count":10,"href":"https:\/\/bio.ufpr.br\/cse-bl\/wp-json\/wp\/v2\/pages\/452\/revisions"}],"predecessor-version":[{"id":670,"href":"https:\/\/bio.ufpr.br\/cse-bl\/wp-json\/wp\/v2\/pages\/452\/revisions\/670"}],"wp:attachment":[{"href":"https:\/\/bio.ufpr.br\/cse-bl\/wp-json\/wp\/v2\/media?parent=452"}],"curies":[{"name":"wp","href":"https:\/\/api.w.org\/{rel}","templated":true}]}}