{"id":456,"date":"2024-07-01T13:43:15","date_gmt":"2024-07-01T16:43:15","guid":{"rendered":"https:\/\/bio.ufpr.br\/cse-bl\/?page_id=456"},"modified":"2024-07-09T20:54:29","modified_gmt":"2024-07-09T23:54:29","slug":"projetos-e-programas-ativos-no-scb","status":"publish","type":"page","link":"https:\/\/bio.ufpr.br\/cse-bl\/projetos-e-programas-ativos-no-scb\/","title":{"rendered":"Projetos e Programas ativos no SCB"},"content":{"rendered":"\n<figure class=\"wp-block-table\"><table><tbody><tr><td><\/td><td><strong>PROJETOS DE EXTENS\u00c3O<\/strong><\/td><td><strong>Coordenador<\/strong><\/td><td><strong>E-mail<\/strong><\/td><td><strong>Data In\u00edcio<\/strong><\/td><td><strong>Data Fim<\/strong><\/td><td><strong>Endere\u00e7o do Instagram, Youtube (YT), Facebook (FB) ou site do projeto ou programa de extens\u00e3o&nbsp;<\/strong><\/td><\/tr><tr><td><strong>1<\/strong><\/td><td>Coletivo STIM &#8211; o movimento autista na UFPR<\/td><td>ADRIANA INES DE PAULA<\/td><td><\/td><td>16\/01\/2023<\/td><td>31\/08\/2025<\/td><td><\/td><\/tr><tr><td><strong>2<\/strong><\/td><td>PROAFA-Projeto de Atividade F\u00edsica Adaptada<\/td><td>ADRIANA INES DE PAULA<\/td><td><\/td><td>05\/05\/2022<\/td><td>05\/05\/2025<\/td><td><\/td><\/tr><tr><td><strong>3<\/strong><\/td><td>Fisiodivulgando: iniciativas did\u00e1ticas para aproximar a Fisiologia e a Sa\u00fade da sociedade<\/td><td>ANA MARIA CALIMAN FILADELFI<\/td><td><a href=\"mailto:anamfila@ufpr.br\">anamfila@ufpr.br anamfila@gmail.com<\/a><\/td><td>01\/10\/2020<\/td><td>30\/09\/2025<\/td><td>https:\/\/bio.ufpr.br\/fisiologia\/fisiodivulgando\/<br>Instagram: @fisio.divulgando<br>YT: https:\/\/www.youtube.com\/@fisiodivulgando-projetodee583<\/td><\/tr><tr><td><strong>4<\/strong><\/td><td>Ecologia e Sa\u00fade P\u00fablica: os artr\u00f3podes pe\u00e7onhentos e pragas urbanas como modelos.<\/td><td>ANDREY JOSE DE ANDRADE<\/td><td><\/td><td>01\/02\/2020<\/td><td>01\/02\/2025<\/td><td><\/td><\/tr><tr><td><strong>5<\/strong><\/td><td>LIMAR: Liga Acad\u00eamica de Medicina de \u00c1reas Remotas da Universidade Federal do Paran\u00e1<\/td><td>ANDREY JOSE DE ANDRADE<\/td><td><\/td><td>01\/03\/2021<\/td><td>01\/03\/2025<\/td><td><\/td><\/tr><tr><td><strong>6<\/strong><\/td><td>Projeto MedEpiGEn: Desenho de Estrat\u00e9gias de Medicina Preventiva&nbsp; para o Perfil Gen\u00e9tico-Epidemiol\u00f3gico&nbsp; da S\u00edndrome Metab\u00f3lica<\/td><td>ANGELICA BEATE WINTER BOLDT<\/td><td><a href=\"mailto:angelicaboldt@gmail.com\">angelicaboldt@gmail.com<\/a><\/td><td>23\/03\/2023<\/td><td>14\/02\/2028<\/td><td>https:\/\/www.instagram.com\/medepigen\/&nbsp;&nbsp;&nbsp;&nbsp;&nbsp;&nbsp;&nbsp; https:\/\/medepigen.ufpr.br\/<\/td><\/tr><tr><td><strong>7<\/strong><\/td><td>FISIOLOGIA EM A\u00c7\u00c3O: Jogos On-line para Aprender de Forma Interativa<\/td><td>ANITA NISHIYAMA<\/td><td><a href=\"mailto:anita.ufpr2@gmail.com\">anita.ufpr2@gmail.com anita.nishi@ufpr.br<\/a><\/td><td>15\/02\/2023<\/td><td>31\/12\/2025<\/td><td><a href=\"https:\/\/bio.ufpr.br\/fisiologia\/endogames\/%20%20%20%20%20Instagram:%20@endo.games\">https:\/\/bio.ufpr.br\/fisiologia\/endogames\/<\/a><br>Instagram: <a href=\"https:\/\/bio.ufpr.br\/fisiologia\/endogames\/%20%20%20%20%20Instagram:%20@endo.games\">@endo.games<\/a><\/td><\/tr><tr><td><strong>8<\/strong><\/td><td>Promo\u00e7\u00e3o da sa\u00fade de comunidades escolares<\/td><td>ARIANI CAVAZZANI SZKUDLAREK<\/td><td><a href=\"mailto:ariani@ufpr.br\">ariani@ufpr.br<\/a><\/td><td>07\/03\/2022<\/td><td>06\/03\/2027<\/td><td><\/td><\/tr><tr><td><strong>9<\/strong><\/td><td>Cirthesis &#8211; Fase 2 &#8211; Companhia de Circo da UFPR<\/td><td>BRUNO BARTH PINTO TUCUNDUVA<\/td><td><\/td><td>30\/04\/2020<\/td><td>31\/12\/2024<\/td><td><\/td><\/tr><tr><td><strong>10<\/strong><\/td><td>Fisiologia na UFPR<\/td><td>BRUNO JACSON MARTYNHAK<\/td><td><a href=\"mailto:brunomartynhak@gmail.com\">&nbsp;brunomartynhak@ufpr.br&nbsp;&nbsp;&nbsp;&nbsp; brunomartynhak@gmail.com<\/a><\/td><td>03\/11\/2020<\/td><td>22\/10\/2025<\/td><td><\/td><\/tr><tr><td><strong>11<\/strong><\/td><td>Podcast Del\u00edrios Biom\u00e9dicos<\/td><td>BRUNO JACSON MARTYNHAK<\/td><td><a href=\"mailto:brunomartynhak@gmail.com\">&nbsp;brunomartynhak@ufpr.br&nbsp;&nbsp;&nbsp;&nbsp; brunomartynhak@gmail.com<\/a><\/td><td>01\/02\/2022<\/td><td>31\/01\/2026<\/td><td><\/td><\/tr><tr><td><strong>12<\/strong><\/td><td>Lazer, Educa\u00e7\u00e3o e Sa\u00fade<\/td><td>CINTHIA LOPES DA SILVA<\/td><td><a href=\"mailto:cinthialopes@ufpr.br\">cinthialopes@ufpr.br<\/a><\/td><td>01\/08\/2023<\/td><td>31\/07\/2028<\/td><td><\/td><\/tr><tr><td><strong>13<\/strong><\/td><td>Histologia descomplicada<\/td><td>CLAUDIA FEIJO ORTOLANI MACHADO<\/td><td><\/td><td>15\/01\/2024<\/td><td>15\/01\/2027<\/td><td><\/td><\/tr><tr><td><strong>14<\/strong><\/td><td>DST: educa\u00e7\u00e3o e preven\u00e7\u00e3o<\/td><td>CRISTINA LEISE BASTOS MONTEIRO<\/td><td><a href=\"mailto:cris@ufpr.br\">cris@ufpr.br. crisleise@gmail.com<\/a><\/td><td>12\/10\/2020<\/td><td>11\/10\/2024<\/td><td>&nbsp;https:\/\/bio.ufpr.br\/patologiabasica\/extensao\/dst-educacao-e-prevencao\/&nbsp;<br>Instagram: @dstextensao_ufpr<\/td><\/tr><tr><td><strong>15<\/strong><\/td><td>A Gen\u00e9tica te explica!<\/td><td>DANIEL PACHECO BRUSCHI<\/td><td><\/td><td>09\/01\/2023<\/td><td>31\/12\/2025<\/td><td><\/td><\/tr><tr><td><strong>16<\/strong><\/td><td>A educa\u00e7\u00e3o como ferramenta na preven\u00e7\u00e3o do c\u00e2ncer<\/td><td>DANIELA FIORI GRADIA<\/td><td><\/td><td>05\/02\/2024<\/td><td>31\/12\/2028<\/td><td><\/td><\/tr><tr><td><strong>17<\/strong><\/td><td>SA\u00daDE COMUNIT\u00c1RIA<\/td><td>DEBORA DO ROCIO KLISIOWICZ<\/td><td><\/td><td>01\/01\/2020<\/td><td>31\/12\/2024<\/td><td><\/td><\/tr><tr><td><strong>18<\/strong><\/td><td>O CORPO DESVENDADO &#8211; TERCEIRA EDI\u00c7\u00c3O<\/td><td>DJANIRA APARECIDA LUZ<\/td><td><\/td><td>21\/03\/2022<\/td><td>31\/12\/2025<\/td><td><\/td><\/tr><tr><td><strong>19<\/strong><\/td><td>Liga Acad\u00eamica de Cirurgia Hepatobiliopancre\u00e1tica (LACH &#8211; HNSG \/ UFPR)<\/td><td>EDUARDO JOSE B. RAMOS<\/td><td><\/td><td>01\/05\/2022<\/td><td>01\/08\/2025<\/td><td><\/td><\/tr><tr><td><strong>20<\/strong><\/td><td>Autocuidado e qualidade de vida 2a ed<\/td><td>ELAINE MACHADO BENELLI<\/td><td><\/td><td>01\/04\/2022<\/td><td>31\/03\/2027<\/td><td><\/td><\/tr><tr><td><strong>21<\/strong><\/td><td>Cole\u00e7\u00e3o Descobrindo o Corpo<\/td><td>ELAINE MACHADO BENELLI<\/td><td><\/td><td>01\/04\/2022<\/td><td>31\/03\/2027<\/td><td><\/td><\/tr><tr><td><strong>22<\/strong><\/td><td>MEM\u00d3RIA DE TR\u00caS D\u00c9CADAS DO MUSEU DE CI\u00caNCIAS NATURAIS (MCN\/UFPR)<\/td><td>ELIS REGINA RIBAS<\/td><td><br><a href=\"mailto:elisrribas@ufpr.br\">elisrribas@ufpr.br<\/a><br><\/td><td>16\/05\/2022<\/td><td>16\/05\/2027<\/td><td><br><a href=\"https:\/\/mcn.ufpr.br\/projetosvingentes\/\">https:\/\/mcn.ufpr.br\/projetosvingentes\/<\/a> \u00a0 \u00a0 \u00a0 <a href=\"https:\/\/instagram.com\/colecoesmcn\/\">https:\/\/instagram.com\/colecoesmcn\/<\/a><\/td><\/tr><tr><td><strong>23<\/strong><\/td><td>Ci\u00eancia vai \u00e0 Escola: Evolu\u00e7\u00e3o Geral e Evolu\u00e7\u00e3o Humana<\/td><td>ERASTO VILLA BRANCO JUNIOR<\/td><td><a href=\"mailto:evbrancojr@gmail.com\">evbrancojr@gmail.com<\/a><\/td><td>01\/02\/2023<\/td><td>31\/12\/2026<\/td><td><\/td><\/tr><tr><td><strong>24<\/strong><\/td><td>PROJETO ACADEMIA DE FUTEBOL JUVENIL UFPR<\/td><td>FABRICIO CIESLAK<\/td><td><\/td><td>22\/05\/2023<\/td><td>30\/04\/2025<\/td><td><\/td><\/tr><tr><td><strong>25<\/strong><\/td><td>Gen\u00e9tica Fora da Caixa<\/td><td>FERNANDA FREITAS DE OLIVEIRA<\/td><td><a href=\"mailto:fernandaoliveira@ufpr.br\">fernandaoliveira@ufpr.br<\/a><\/td><td>19\/02\/2024<\/td><td>18\/02\/2029<\/td><td><a href=\"https:\/\/www.instagram.com\/geneticaforadacaixa\/\">https:\/\/www.instagram.com\/geneticaforadacaixa\/<\/a><\/td><\/tr><tr><td><strong>26<\/strong><\/td><td>OLHA O BICHO!&nbsp;&nbsp; Monitoramento Participativo de Fauna Atropelada no Entorno de Unidades de Conserva\u00e7\u00e3o Urbanas<\/td><td>FERNANDO DE CAMARGO PASSOS<\/td><td><a href=\"mailto:tatopassos@gmail.com\">tatopassos@gmail.com<\/a><\/td><td>22\/03\/2023<\/td><td>01\/03\/2025<\/td><td><a href=\"https:\/\/www.instagram.com\/olhaobicho.ufpr\/\">https:\/\/www.instagram.com\/olhaobicho.ufpr\/<\/a><\/td><\/tr><tr><td><strong>27<\/strong><\/td><td>Educa\u00e7\u00e3o Ambiental na Pr\u00e1tica<\/td><td>FLAVIA&nbsp; SANT&#8217;ANNA RIOS<\/td><td><a href=\"mailto:flaviasrios@ufpr.br\">flaviasrios@ufpr.br<\/a><\/td><td>01\/07\/2023<\/td><td>30\/06\/2028<\/td><td><a href=\"https:\/\/www.instagram.com\/ciencia_interativa_ufpr\/\">https:\/\/www.instagram.com\/ciencia_interativa_ufpr\/<\/a>&nbsp; e <a href=\"http:\/\/www.cinterativa.ufpr.br\">www.cinterativa.ufpr.br<\/a><\/td><\/tr><tr><td><strong>28<\/strong><\/td><td>Microscopia na pr\u00e1tica<\/td><td>FLAVIA&nbsp; SANT&#8217;ANNA RIOS<\/td><td><a href=\"mailto:flaviasrios@ufpr.br\">flaviasrios@ufpr.br<\/a><\/td><td>31\/01\/2022<\/td><td>31\/12\/2026<\/td><td><a href=\"https:\/\/www.instagram.com\/ciencia_interativa_ufpr\/\">https:\/\/www.instagram.com\/ciencia_interativa_ufpr\/<\/a>&nbsp; e <a href=\"http:\/\/www.cinterativa.ufpr.br\">www.cinterativa.ufpr.br<\/a><\/td><\/tr><tr><td><strong>29<\/strong><\/td><td>Fisioterapia Esportiva CED\/UFPR<\/td><td>GESSICA KARINE SANTIN RIBEIRO<\/td><td><\/td><td>08\/04\/2024<\/td><td>08\/04\/2026<\/td><td><\/td><\/tr><tr><td><strong>30<\/strong><\/td><td>Entendendo as doen\u00e7as para saber evit\u00e1-las<\/td><td>GISELI KLASSEN<\/td><td><\/td><td>19\/02\/2024<\/td><td>19\/02\/2026<\/td><td><\/td><\/tr><tr><td><strong>31<\/strong><\/td><td>DESENVOLVENDO BONS H\u00c1BITOS PARA A SA\u00daDE, EST\u00cdMULO \u00c0 LEITURA E MATEM\u00c1TICA<\/td><td>GUILHERMINA RODRIGUES NOLETO<\/td><td><\/td><td>01\/01\/2024<\/td><td>20\/10\/2028<\/td><td><\/td><\/tr><tr><td><strong>32<\/strong><\/td><td>Promo\u00e7\u00e3o da Sa\u00fade e Qualidade de Vida<\/td><td>IVO HARTMANN<\/td><td><\/td><td>01\/06\/2022<\/td><td>01\/06\/2027<\/td><td><\/td><\/tr><tr><td><strong>33<\/strong><\/td><td>Preven\u00e7\u00e3o ao abuso de drogas por alunos de ensino m\u00e9dio atrav\u00e9s da viv\u00eancia acad\u00eamica e da experimenta\u00e7\u00e3o da metodologia cient\u00edfica<\/td><td>JOICE MARIA DA CUNHA<\/td><td><a href=\"mailto:joice.cunha@ufpr.br\">joice.cunha@ufpr.br<\/a><\/td><td>15\/06\/2022<\/td><td>01\/03\/2026<\/td><td>Instagram: @prevencaoabusodrogasufpr<\/td><\/tr><tr><td><strong>34<\/strong><\/td><td>Mapeamento e implementa\u00e7\u00e3o de acessibilidade no Museu de Ci\u00eancias Naturais da UFPR<\/td><td>JULIANA BARBOSA FERRARI<\/td><td><\/td><td>16\/05\/2022<\/td><td>16\/05\/2027<\/td><td><\/td><\/tr><tr><td><strong>35<\/strong><\/td><td>P\u00c9 NA AREIA<\/td><td>KATIA BORTOLOTTI MARCHI<\/td><td><a href=\"mailto:kbmarchi@ufpr.br\">kbmarchi@ufpr.br<\/a><\/td><td>05\/06\/2023<\/td><td>27\/06\/2025<\/td><td><\/td><\/tr><tr><td><strong>36<\/strong><\/td><td>Donas e Donos de Si<\/td><td>LARISSA REIFUR<\/td><td><a href=\"mailto:reifurla@ufpr.br\">reifurla@ufpr.br<\/a><\/td><td>04\/03\/2024<\/td><td>22\/12\/2028<\/td><td><a href=\"https:\/\/www.instagram.com\/extensaodonasedonosdesi_ufpr\/\">https:\/\/www.instagram.com\/extensaodonasedonosdesi_ufpr\/<\/a><\/td><\/tr><tr><td><strong>37<\/strong><\/td><td>Promo\u00e7\u00e3o da sa\u00fade animal, humana e ambiental II<\/td><td>LARISSA REIFUR<\/td><td><a href=\"mailto:reifurla@ufpr.br\">reifurla@ufpr.br<\/a><\/td><td>04\/03\/2024<\/td><td>22\/12\/2028<\/td><td><a href=\"https:\/\/www.instagram.com\/saudeunica_extensao\/\">https:\/\/www.instagram.com\/saudeunica_extensao\/<\/a><\/td><\/tr><tr><td><strong>38<\/strong><\/td><td>Plantas e saberes: integrando pesquisa e extens\u00e3o na UFPR<\/td><td>LEILA DO NASCIMENTO VIEIRA<\/td><td><\/td><td>15\/04\/2024<\/td><td>31\/03\/2026<\/td><td><\/td><\/tr><tr><td><strong>39<\/strong><\/td><td>Artes Circenses e Gin\u00e1sticas como possibilidade para forma\u00e7\u00e3o de professores na UFPR<\/td><td>LETICIA BARTHOLOMEU DE QUEIROZ LIMA<\/td><td><\/td><td>01\/05\/2020<\/td><td>01\/05\/2025<\/td><td><\/td><\/tr><tr><td><strong>40<\/strong><\/td><td>GymCorpo &#8211; Gin\u00e1stica para Todos UFPR<\/td><td>LETICIA BARTHOLOMEU Q. LIMA<\/td><td><\/td><td>18\/08\/2022<\/td><td>18\/08\/2026<\/td><td><\/td><\/tr><tr><td><strong>41<\/strong><\/td><td>SIMPLIFICA UFPR &#8211; Minutos de ci\u00eancia<\/td><td>LUANA FISCHER<\/td><td><\/td><td>10\/07\/2023<\/td><td>10\/06\/2028<\/td><td><\/td><\/tr><tr><td><strong>42<\/strong><\/td><td>FR\u00c1GILMAR.&nbsp; &#8211; Fragilidade do Ecossistema Ant\u00e1rtico: a\u00e7\u00e3o humana e biodiversidade<\/td><td>LUCELIA DONATTI<\/td><td><a href=\"mailto:donatti@ufpr.br\">donatti@ufpr.br<\/a><\/td><td>04\/03\/2024<\/td><td>28\/02\/2028<\/td><td><a href=\"https:\/\/biologiaadaptativa.com.br\/\">https:\/\/biologiaadaptativa.com.br\/<\/a><\/td><\/tr><tr><td><strong>43<\/strong><\/td><td>EnvelheSendo: ressignificando as pr\u00e1ticas corporais e atividades f\u00edsicas voltadas aos idosos (2020-2024)<\/td><td>LUCELIA JUSTINO BORGES<\/td><td><a href=\"mailto:luceliajb@yahoo.com.br\">luceliajb@yahoo.com.br<\/a><\/td><td>01\/05\/2020<\/td><td>30\/04\/2025<\/td><td>Instagram: @envelhesendo.ufpr&nbsp;&nbsp;&nbsp;&nbsp;&nbsp;&nbsp;&nbsp;&nbsp;&nbsp;&nbsp;&nbsp;&nbsp;&nbsp;&nbsp;&nbsp;&nbsp;&nbsp;&nbsp;&nbsp;&nbsp;&nbsp;&nbsp;&nbsp; Facebook: Projeto EnvelheSendo UFPR<\/td><\/tr><tr><td><strong>44<\/strong><\/td><td>Projeto de Treinamento em Esportes &#8211; ESPORTE E A\u00c7\u00c3O &#8211; 23\/26<\/td><td>LUIZ SAVIO MONTEIRO DE ALMEIDA<\/td><td><\/td><td>01\/02\/2023<\/td><td>31\/12\/2026<\/td><td><\/td><\/tr><tr><td><strong>45<\/strong><\/td><td>Sa\u00fade, bem-estar e m\u00fasica!<\/td><td>LUIZ SAVIO MONTEIRO DE ALMEIDA<\/td><td><\/td><td>01\/06\/2022<\/td><td>01\/06\/2026<\/td><td><\/td><\/tr><tr><td><strong>46<\/strong><\/td><td>Gen\u00e9tica para Todos<\/td><td>LUPE FURTADO ALLE<\/td><td><\/td><td>01\/03\/2022<\/td><td>01\/02\/2027<\/td><td><\/td><\/tr><tr><td><strong>47<\/strong><\/td><td>Conhecer para n\u00e3o adoecer: a\u00e7\u00f5es preventivas no controle da Leishmaniose Tegumentar Americana (LTA) no Vale do Ribeira.<\/td><td>MAGDA CLARA VIEIRA C. RIBEIRO<\/td><td><\/td><td>01\/04\/2020<\/td><td>01\/04\/2025<\/td><td><\/td><\/tr><tr><td><strong>48<\/strong><\/td><td>iGEM-UFPR<\/td><td>MARCELO MULLER DOS SANTOS<\/td><td><\/td><td>18\/04\/2022<\/td><td>14\/12\/2024<\/td><td><\/td><\/tr><tr><td><strong>49<\/strong><\/td><td>Divulgando Ci\u00eancias Biol\u00f3gicas e da Sa\u00fade<\/td><td>MARCO ANTONIO FERREIRA RANDI<\/td><td><\/td><td>15\/08\/2022<\/td><td>15\/08\/2024<\/td><td><\/td><\/tr><tr><td><strong>50<\/strong><\/td><td>Colhendo Bons frutos: da acad\u00eamia ao campo<\/td><td>MARIA APARECIDA C. ZAWADNEAK<\/td><td><\/td><td>28\/01\/2020<\/td><td>28\/01\/2025<\/td><td><\/td><\/tr><tr><td><strong>51<\/strong><\/td><td>SUPORTE AO APRENDIZADO EM CI\u00caNCIAS BIOL\u00d3GICAS E DA SA\u00daDE<\/td><td>MARIA CRISTINA LEME G. SANTOS<\/td><td><\/td><td>10\/04\/2022<\/td><td>10\/03\/2025<\/td><td><\/td><\/tr><tr><td><strong>52<\/strong><\/td><td>Capacita\u00e7\u00e3o de professores de ci\u00eancias e biologia da rede p\u00fablica para a produ\u00e7\u00e3o de modelos did\u00e1ticos com resina de poli\u00e9ster e impress\u00e3o 3D<\/td><td>MARIA FERNANDA PIOLI TORRES<\/td><td><a href=\"mailto:mariafernanda@ufpr.br\">mariafernanda@ufpr.br<\/a><\/td><td>15\/08\/2022<\/td><td>15\/08\/2027<\/td><td><\/td><\/tr><tr><td><strong>53<\/strong><\/td><td>Digitaliza\u00e7\u00e3o do Acervo do Museu de Anatomia Comparada da UFPR para exposi\u00e7\u00e3o em ambientes virtuais<\/td><td>MARIA FERNANDA PIOLI TORRES<\/td><td><a href=\"mailto:mariafernanda@ufpr.br\">mariafernanda@ufpr.br<\/a><\/td><td>01\/02\/2024<\/td><td>10\/12\/2025<\/td><td><\/td><\/tr><tr><td><strong>54<\/strong><\/td><td>A PROMO\u00c7\u00c3O DA SA\u00daDE E QUALIDADE DE VIDA DE CRIAN\u00c7AS QUE PRATICAM GIN\u00c1STICA<\/td><td>MARIA GISELE DOS SANTOS<\/td><td><\/td><td>20\/06\/2022<\/td><td>21\/06\/2026<\/td><td><\/td><\/tr><tr><td><strong>55<\/strong><\/td><td>Praticando Biologia<\/td><td>MARIANA DA ROCHA PIEMONTE<\/td><td><\/td><td>01\/06\/2022<\/td><td>01\/06\/2027<\/td><td><\/td><\/tr><tr><td><strong>56<\/strong><\/td><td>Liga Acad\u00eamica de Harmoniza\u00e7\u00e3o Orofacial da UFPR (LAHOF-UFPR)<\/td><td>MICHELLE SANTOS VIANNA LARA<\/td><td><\/td><td>01\/08\/2023<\/td><td>01\/08\/2028<\/td><td><\/td><\/tr><tr><td><strong>57<\/strong><\/td><td>UFPR na conscientiza\u00e7\u00e3o de estrat\u00e9gias de preven\u00e7\u00e3o a neoplasias<\/td><td>PATRICIA SAVIO DE ARAUJO SOUZA<\/td><td><\/td><td>01\/03\/2023<\/td><td>31\/12\/2027<\/td><td><\/td><\/tr><tr><td><strong>58<\/strong><\/td><td>Liga Acad\u00eamica Marian Diamond<\/td><td>PAULA SANTANA LUNARDI<\/td><td><\/td><td>09\/02\/2022<\/td><td>30\/09\/2026<\/td><td><\/td><\/tr><tr><td><strong>59<\/strong><\/td><td>FutDelas UFPR: um ambiente de aprendizado integrado para a sa\u00fade das crian\u00e7as e inclus\u00e3o social<\/td><td>PAULO CESAR BARAUCE BENTO<\/td><td><\/td><td>15\/01\/2024<\/td><td>31\/12\/2025<\/td><td><\/td><\/tr><tr><td><strong>60<\/strong><\/td><td>Bem Viver na Oncologia<\/td><td>RACIELE IVANDRA GUARDA KORELO<\/td><td><a href=\"mailto:raciele@ufpr.br\">raciele@ufpr.br<\/a><\/td><td>06\/03\/2023<\/td><td>20\/12\/2025<\/td><td><a href=\"http:\/\/www.cefita.ufpr.br\/\">Instagram: cefitaufpr\/ Site: www.cefita.ufpr.br<\/a><\/td><\/tr><tr><td><strong>61<\/strong><\/td><td>Gestar Saud\u00e1vel<\/td><td>RACIELE IVANDRA GUARDA KORELO<\/td><td><\/td><td>08\/01\/2024<\/td><td>20\/12\/2025<\/td><td><\/td><\/tr><tr><td><strong>62<\/strong><\/td><td>Liga Acad\u00eamica de Fisioterapia Dermatofuncional da UFPR (LAFDF &#8211; UFPR)<\/td><td>RACIELE IVANDRA GUARDA KORELO<\/td><td><\/td><td>26\/02\/2024<\/td><td>26\/02\/2029<\/td><td><\/td><\/tr><tr><td><strong>63<\/strong><\/td><td>Projeto QI (Qualifica\u00e7\u00e3o e Imers\u00e3o no Mercado de Trabalho)<\/td><td>RACIELE IVANDRA GUARDA KORELO<\/td><td><a href=\"mailto:raciele@ufpr.br\">raciele@ufpr.br<\/a><\/td><td>01\/05\/2022<\/td><td>31\/12\/2024<\/td><td><a href=\"http:\/\/www.cefita.ufpr.br\/\">Instagram: cefitaufpr\/ Site: www.cefita.ufpr.br<\/a><\/td><\/tr><tr><td><strong>64<\/strong><\/td><td>A\u00e7\u00f5es de Divulga\u00e7\u00e3o Cient\u00edfica do LabM\u00f3vel<\/td><td>RODRIGO ARANTES REIS<\/td><td><\/td><td>02\/10\/2023<\/td><td>01\/10\/2028<\/td><td><\/td><\/tr><tr><td><strong>65<\/strong><\/td><td>ZikaBus LabM\u00f3vel<\/td><td>RODRIGO ARANTES REIS<\/td><td><\/td><td>15\/06\/2023<\/td><td>30\/06\/2027<\/td><td><\/td><\/tr><tr><td><strong>66<\/strong><\/td><td>O Mundos dos Insetos<\/td><td>RODRIGO DOS SANTOS MACHADO FEITOSA<\/td><td><\/td><td>01\/02\/2024<\/td><td>01\/12\/2028<\/td><td><\/td><\/tr><tr><td><strong>67<\/strong><\/td><td>Ci\u00eancia nas Escolas<\/td><td>ROSANA MOREIRA DA ROCHA<\/td><td><\/td><td>15\/03\/2024<\/td><td>14\/03\/2029<\/td><td><\/td><\/tr><tr><td><strong>68<\/strong><\/td><td>AtivaMente<\/td><td>ROSECLER VENDRUSCOLO<\/td><td><\/td><td>26\/02\/2024<\/td><td>28\/06\/2025<\/td><td><\/td><\/tr><tr><td><strong>69<\/strong><\/td><td>Sem Fronteiras: atividades corporais para pessoas adultas maduras e idosas &#8211; 4\u00aa vers\u00e3o<\/td><td>ROSECLER VENDRUSCOLO<\/td><td><\/td><td>22\/03\/2023<\/td><td>31\/12\/2027<\/td><td><\/td><\/tr><tr><td><strong>70<\/strong><\/td><td>Pequenos Cientistas do Mundo &#8211; A valoriza\u00e7\u00e3o da ci\u00eancia no mundo p\u00f3s-pandemia<\/td><td>SHEILA MARIA B. WINNISCHOFER<\/td><td><a href=\"mailto:sheilambw@ufpr.br\">sheilambw@ufpr.br<\/a><\/td><td>01\/01\/2021<\/td><td>31\/12\/2025<\/td><td>Instagram &#8211; @pequenoscientistasdomundo <br>FB &#8211; @pequenoscientistasdomundoUFPR<\/td><\/tr><tr><td><strong>71<\/strong><\/td><td>ESTUDO DA ANATOMIA ATRAV\u00c9S DE IMAGENS<\/td><td>SILVIO GOMES BETTEGA<\/td><td><\/td><td>03\/05\/2021<\/td><td>02\/05\/2025<\/td><td><\/td><\/tr><tr><td><strong>72<\/strong><\/td><td>Vida no campus: ci\u00eancia do cotidiano atrav\u00e9s da fotografia<\/td><td>SONIA REGINA GROTZNER<\/td><td><\/td><td>01\/05\/2022<\/td><td>31\/12\/2026<\/td><td><\/td><\/tr><tr><td><strong>73<\/strong><\/td><td>DAN\u00c7AS URBANAS NA UFPR<\/td><td>SORAYA CORREA DOMINGUES<\/td><td><\/td><td>08\/05\/2024<\/td><td>31\/12\/2028<\/td><td><\/td><\/tr><tr><td><strong>74<\/strong><\/td><td>Dimens\u00e3o da Educa\u00e7\u00e3o Ambiental nas escolas do Campo e da Cidade: identificando comunidades Ribeirinhas &#8211; Terceira Etapa<\/td><td>SORAYA CORREA DOMINGUES<\/td><td><\/td><td>01\/01\/2020<\/td><td>31\/12\/2024<\/td><td><\/td><\/tr><tr><td><strong>75<\/strong><\/td><td>Processos criativos e expressivos do Corpo na dimens\u00e3o ambiental<\/td><td>SORAYA CORREA DOMINGUES<\/td><td><\/td><td>05\/02\/2024<\/td><td>31\/12\/2026<\/td><td><\/td><\/tr><tr><td><strong>76<\/strong><\/td><td>Jiu-Jitsu na Universidade<\/td><td>TACITO PESSOA DE SOUZA JUNIOR<\/td><td><\/td><td>01\/03\/2021<\/td><td>28\/02\/2025<\/td><td><\/td><\/tr><tr><td><strong>77<\/strong><\/td><td>Crescendo Saud\u00e1vel, Envelhecendo com Qualidade<\/td><td>TALITA GIANELLO GNOATO ZOTZ<\/td><td>talita.zotz@ufpr.br<\/td><td>26\/02\/2024<\/td><td>26\/02\/2029<\/td><td>Instagram: @gpfisioterapia.ufpr&nbsp;<\/td><\/tr><tr><td><strong>78<\/strong><\/td><td>Gen\u00e9tica &amp; Sa\u00fade 360\u00b0: Desvendando o C\u00e2ncer Infantil<\/td><td>TALITA HELEN B. GOMIG LAZAROTTO<\/td><td><\/td><td>19\/02\/2024<\/td><td>18\/02\/2029<\/td><td><\/td><\/tr><tr><td><strong>79<\/strong><\/td><td>Liga Acad\u00eamica de Imunologia B\u00e1sica e Aplicada (LAIBA)<\/td><td>TARCIO TEODORO BRAGA<\/td><td><\/td><td>07\/05\/2024<\/td><td>23\/09\/2028<\/td><td><\/td><\/tr><tr><td><strong>80<\/strong><\/td><td>CONHECER, RESPEITAR E PRODUZIR ANIMAIS DE FAZENDA: UTILIZA\u00c7\u00c3O DE MODELOS DID\u00c1TICOS ALTERNATIVOS NO PROCESSO ENSINO-APRENDIZAGEM<\/td><td>VANIA PAIS CABRAL CASTELO CAMPOS<\/td><td><\/td><td>01\/10\/2019<\/td><td>31\/08\/2024<\/td><td><\/td><\/tr><tr><td><strong>81<\/strong><\/td><td>Conhecer, respeitar e produzir aves: modelos did\u00e1ticos alternativos no processo de ensino-aprendizagem<\/td><td>VANIA PAIS CABRAL CASTELO CAMPOS<\/td><td><\/td><td>01\/01\/2024<\/td><td>01\/01\/2029<\/td><td><\/td><\/tr><tr><td><strong>82<\/strong><\/td><td>Treinamento para atletas de atletismo em n\u00edvel de competitividade desde a categoria Juvenil at\u00e9 Master.<\/td><td>VIDAL PALACIOS CALDERON<\/td><td><\/td><td>07\/05\/2024<\/td><td>01\/01\/2029<\/td><td><\/td><\/tr><tr><td><strong>83<\/strong><\/td><td>Movimenta UFPR &#8211; Assessoria de Corrida<\/td><td>VINICIUS FERREIRA DOS SANTOS ANDRADE<\/td><td><\/td><td>07\/03\/2022<\/td><td>05\/03\/2027<\/td><td><\/td><\/tr><tr><td><strong>84<\/strong><\/td><td>UFPR &#8211; Universidade do Atletismo<\/td><td>VINICIUS FERREIRA S. ANDRADE<\/td><td><\/td><td>02\/05\/2022<\/td><td>11\/12\/2026<\/td><td><\/td><\/tr><\/tbody><\/table><\/figure>\n\n\n\n<figure class=\"wp-block-table\"><table><tbody><tr><td><\/td><td><strong>PROGRAMAS DE EXTENS\u00c3O<\/strong><\/td><td><strong>Coordenador<\/strong><\/td><td><strong>E-mail<\/strong><\/td><td><strong>Data In\u00edcio<\/strong><\/td><td><strong>Data Fim<\/strong><\/td><td><strong>Endere\u00e7o do Instagram, Youtube (YT), Facebook (FB) ou site do projeto ou programa de extens\u00e3o&nbsp;<\/strong><\/td><\/tr><tr><td><strong>1<\/strong><\/td><td>Cons\u00f3rcio de Laborat\u00f3rios Integrados de Gen\u00e9tica Humana: um novo modelo de inser\u00e7\u00e3o social na \u00e1rea da sa\u00fade<\/td><td>DANIEL PACHECO BRUSCHI<\/td><td><\/td><td>15\/06\/2022<\/td><td>14\/06\/2027<\/td><td><\/td><\/tr><tr><td><strong>2<\/strong><\/td><td>Descobrindo o Corpo e Promovendo Sa\u00fade Bucal &#8211; 3a Edi\u00e7\u00e3o<\/td><td>ELAINE MACHADO BENELLI<\/td><td><\/td><td>01\/05\/2017<\/td><td>30\/04\/2027<\/td><td><\/td><\/tr><tr><td><strong>3<\/strong><\/td><td>Laborat\u00f3rio M\u00f3vel de Educa\u00e7\u00e3o Cient\u00edfica da UFPR &#8211; LabM\u00f3vel III<\/td><td>RODRIGO ARANTES REIS<\/td><td><\/td><td>03\/10\/2023<\/td><td>01\/10\/2033<\/td><td><\/td><\/tr><tr><td><strong>4<\/strong><\/td><td>PROGRAMA CI\u00caNCIA VAI \u00c0 ESCOLA &#8211; MUSEU DE CI\u00caNCIAS NATURAIS (PCVAE-MCN)<\/td><td>FERNANDO ANTONIO SEDOR<\/td><td><\/td><td>01\/07\/2022<\/td><td>01\/07\/2027<\/td><td><\/td><\/tr><tr><td><strong>5<\/strong><\/td><td>Programa Ciclovida &#8211; FASE II<\/td><td>JOSE CARLOS ASSUNCAO BELOTTO<\/td><td><\/td><td>01\/05\/2017<\/td><td>30\/04\/2025<\/td><td><\/td><\/tr><tr><td><strong>6<\/strong><\/td><td>Programa Interinstitucional de Ci\u00eancia Cidad\u00e3 na Escola (PICCE)<\/td><td>RODRIGO ARANTES REIS<\/td><td><\/td><td>03\/10\/2023<\/td><td>01\/10\/2028<\/td><td><\/td><\/tr><tr><td><strong>7<\/strong><\/td><td>QI &#8211; Qualidade e Imers\u00e3o no Mercado de Trabalho da Fisioterapia<\/td><td>RACIELE IVANDRA GUARDA KORELO<\/td><td><\/td><td>01\/01\/2024<\/td><td>31\/12\/2033<\/td><td><\/td><\/tr><\/tbody><\/table><\/figure>\n","protected":false},"excerpt":{"rendered":"<p>PROJETOS DE EXTENS\u00c3O Coordenador E-mail Data In\u00edcio Data Fim Endere\u00e7o do Instagram, Youtube (YT), Facebook (FB) ou site do projeto ou programa de extens\u00e3o&nbsp; 1 [&hellip;]<\/p>\n","protected":false},"author":6,"featured_media":0,"parent":0,"menu_order":0,"comment_status":"closed","ping_status":"closed","template":"","meta":{"_acf_changed":false,"_monsterinsights_skip_tracking":false,"_monsterinsights_sitenote_active":false,"_monsterinsights_sitenote_note":"","_monsterinsights_sitenote_category":0,"footnotes":""},"class_list":["post-456","page","type-page","status-publish","hentry"],"acf":[],"_links":{"self":[{"href":"https:\/\/bio.ufpr.br\/cse-bl\/wp-json\/wp\/v2\/pages\/456","targetHints":{"allow":["GET"]}}],"collection":[{"href":"https:\/\/bio.ufpr.br\/cse-bl\/wp-json\/wp\/v2\/pages"}],"about":[{"href":"https:\/\/bio.ufpr.br\/cse-bl\/wp-json\/wp\/v2\/types\/page"}],"author":[{"embeddable":true,"href":"https:\/\/bio.ufpr.br\/cse-bl\/wp-json\/wp\/v2\/users\/6"}],"replies":[{"embeddable":true,"href":"https:\/\/bio.ufpr.br\/cse-bl\/wp-json\/wp\/v2\/comments?post=456"}],"version-history":[{"count":10,"href":"https:\/\/bio.ufpr.br\/cse-bl\/wp-json\/wp\/v2\/pages\/456\/revisions"}],"predecessor-version":[{"id":637,"href":"https:\/\/bio.ufpr.br\/cse-bl\/wp-json\/wp\/v2\/pages\/456\/revisions\/637"}],"wp:attachment":[{"href":"https:\/\/bio.ufpr.br\/cse-bl\/wp-json\/wp\/v2\/media?parent=456"}],"curies":[{"name":"wp","href":"https:\/\/api.w.org\/{rel}","templated":true}]}}