{"id":460,"date":"2024-07-01T13:41:41","date_gmt":"2024-07-01T16:41:41","guid":{"rendered":"https:\/\/bio.ufpr.br\/cse-bl\/?page_id=460"},"modified":"2024-07-01T13:41:41","modified_gmt":"2024-07-01T16:41:41","slug":"links","status":"publish","type":"page","link":"https:\/\/bio.ufpr.br\/cse-bl\/links\/","title":{"rendered":"Links"},"content":{"rendered":"\n<p><\/p>\n\n\n\n<p><strong><a href=\"http:\/\/www.proec.ufpr.br\/links\/extensao\/editais_chamadas_internas.html\" target=\"_blank\" rel=\"noreferrer noopener\">COORDENADORIA DE EXTENS\u00c3O &#8211; EDITAIS E CHAMADAS INTERNAS<\/a><\/strong><\/p>\n\n\n\n<p><strong><a href=\"http:\/\/www.proec.ufpr.br\/links\/extensao\/siga.html\" target=\"_blank\" rel=\"noreferrer noopener\">COEX &#8211; SISTEMA EXTENS\u00c3O: MANUAL E ORIENTA\u00c7\u00d5ES<\/a><\/strong><\/p>\n\n\n\n<p><strong><a href=\"https:\/\/bio.ufpr.br\/cse-bl\/wp-content\/uploads\/sites\/106\/2024\/07\/chamada-interna-n-052024-coexproecufpr.pdf\" target=\"_blank\" rel=\"noreferrer noopener\">CHAMADA INTERNA N\u00ba 05\/2024 &#8211; COEX\/PROEC\/UFPR &#8211; BOLSA EXTENS\u00c3O PIBEX\/FA 2024<\/a><\/strong><\/p>\n\n\n\n<p><a href=\"https:\/\/bio.ufpr.br\/cse-bl\/wp-content\/uploads\/sites\/106\/2024\/07\/chamada-publica-072024-pibex.pdf\" target=\"_blank\" rel=\"noreferrer noopener\"><strong>CHAMADA P\u00daBLICA N\u00ba 07\/2024<\/strong> &#8211; <strong>PROGRAMA INSTITUCIONAL DE BOLSAS DE EXTENS\u00c3O UNIVERSIT\u00c1RIA &#8211; PIBEX<\/strong><\/a><\/p>\n","protected":false},"excerpt":{"rendered":"<p>COORDENADORIA DE EXTENS\u00c3O &#8211; EDITAIS E CHAMADAS INTERNAS COEX &#8211; SISTEMA EXTENS\u00c3O: MANUAL E ORIENTA\u00c7\u00d5ES CHAMADA INTERNA N\u00ba 05\/2024 &#8211; COEX\/PROEC\/UFPR &#8211; BOLSA EXTENS\u00c3O PIBEX\/FA [&hellip;]<\/p>\n","protected":false},"author":6,"featured_media":0,"parent":0,"menu_order":0,"comment_status":"closed","ping_status":"closed","template":"","meta":{"_acf_changed":false,"_monsterinsights_skip_tracking":false,"_monsterinsights_sitenote_active":false,"_monsterinsights_sitenote_note":"","_monsterinsights_sitenote_category":0,"footnotes":""},"class_list":["post-460","page","type-page","status-publish","hentry"],"acf":[],"_links":{"self":[{"href":"https:\/\/bio.ufpr.br\/cse-bl\/wp-json\/wp\/v2\/pages\/460","targetHints":{"allow":["GET"]}}],"collection":[{"href":"https:\/\/bio.ufpr.br\/cse-bl\/wp-json\/wp\/v2\/pages"}],"about":[{"href":"https:\/\/bio.ufpr.br\/cse-bl\/wp-json\/wp\/v2\/types\/page"}],"author":[{"embeddable":true,"href":"https:\/\/bio.ufpr.br\/cse-bl\/wp-json\/wp\/v2\/users\/6"}],"replies":[{"embeddable":true,"href":"https:\/\/bio.ufpr.br\/cse-bl\/wp-json\/wp\/v2\/comments?post=460"}],"version-history":[{"count":8,"href":"https:\/\/bio.ufpr.br\/cse-bl\/wp-json\/wp\/v2\/pages\/460\/revisions"}],"predecessor-version":[{"id":612,"href":"https:\/\/bio.ufpr.br\/cse-bl\/wp-json\/wp\/v2\/pages\/460\/revisions\/612"}],"wp:attachment":[{"href":"https:\/\/bio.ufpr.br\/cse-bl\/wp-json\/wp\/v2\/media?parent=460"}],"curies":[{"name":"wp","href":"https:\/\/api.w.org\/{rel}","templated":true}]}}