{"id":489,"date":"2024-07-19T13:33:21","date_gmt":"2024-07-19T16:33:21","guid":{"rendered":"https:\/\/bio.ufpr.br\/cse-bl\/?page_id=489"},"modified":"2025-05-28T12:12:39","modified_gmt":"2025-05-28T15:12:39","slug":"membros","status":"publish","type":"page","link":"https:\/\/bio.ufpr.br\/cse-bl\/membros\/","title":{"rendered":"MEMBROS"},"content":{"rendered":"\r\n<p>Membros do Comit\u00ea Setorial de Extens\u00e3o \u2013 CSE\u00a0do Setor de Ci\u00eancias Biol\u00f3gicas da UFPR para o per\u00edodo Abril\/2024 a Abril\/2026:<\/p>\r\n\r\n\r\n\r\n<div class=\"wp-block-columns is-layout-flex wp-container-core-columns-is-layout-9d6595d7 wp-block-columns-is-layout-flex\">\r\n<div class=\"wp-block-column is-layout-flow wp-block-column-is-layout-flow\" style=\"flex-basis: 100%\">\r\n<div class=\"wp-block-group\"><div class=\"wp-block-group__inner-container is-layout-constrained wp-block-group-is-layout-constrained\">\r\n<figure class=\"wp-block-table\">\r\n<table style=\"height: 873px\" width=\"953\">\r\n<tbody>\r\n<tr>\r\n<td class=\"has-text-align-center\" style=\"text-align: center\" data-align=\"center\"><strong>NOME<\/strong><\/td>\r\n<td style=\"text-align: center\"><strong><strong>DEPARTAMENTO<\/strong><\/strong>\/<strong>UNIDADE<\/strong><\/td>\r\n<td style=\"text-align: center\"><strong>RAMAL<\/strong><\/td>\r\n<td style=\"text-align: center\"><strong><em>E-MAIL<\/em><\/strong><\/td>\r\n<\/tr>\r\n<tr>\r\n<td class=\"has-text-align-center\" colspan=\"4\" data-align=\"center\"><strong>TITULARES<\/strong><\/td>\r\n<\/tr>\r\n<tr>\r\n<td class=\"has-text-align-center\" style=\"text-align: left\" data-align=\"center\">Djanira Aparecida da Luz Veronez<\/td>\r\n<td>Anatomia<\/td>\r\n<td style=\"text-align: center\">3361-1794<\/td>\r\n<td><a href=\"mailto:veronezdal@ufpr.br\">veronezdal@ufpr.br<\/a><\/td>\r\n<\/tr>\r\n<tr>\r\n<td class=\"has-text-align-center\" style=\"text-align: left\" data-align=\"center\"><strong>Fl\u00e1via Sant&#8217;Anna Rios (presidente)<\/strong><\/td>\r\n<td>Biologia Celular<\/td>\r\n<td style=\"text-align: center\">3361-1542<\/td>\r\n<td><a href=\"mailto:flaviasrios@ufpr.br\">flaviasrios@ufpr.br<\/a><\/td>\r\n<\/tr>\r\n<tr>\r\n<td class=\"has-text-align-center\" style=\"text-align: left\" data-align=\"center\">Sheila Maria Brochado Winnischofer<\/td>\r\n<td>Bioqu\u00edmica e Biologia Molecular<\/td>\r\n<td style=\"text-align: center\">3361-1673<\/td>\r\n<td><a href=\"mailto:sheilambw@ufpr.br\">sheilambw@ufpr.br<\/a><\/td>\r\n<\/tr>\r\n<tr>\r\n<td class=\"has-text-align-center\" style=\"text-align: left\" data-align=\"center\">Viviane da Silva Pereira<\/td>\r\n<td>Bot\u00e2nica<\/td>\r\n<td style=\"text-align: center\">3361-1622<\/td>\r\n<td><a href=\"mailto:visilvapereira@ufpr.br\">visilvapereira@ufpr.br<\/a><\/td>\r\n<\/tr>\r\n<tr>\r\n<td class=\"has-text-align-center\" style=\"text-align: left\" data-align=\"center\">Rosecler Vendruscolo<\/td>\r\n<td>Educa\u00e7\u00e3o F\u00edsica<\/td>\r\n<td style=\"width: 100px;text-align: center\">3361-3706<\/td>\r\n<td><a href=\"mailto:roven@ufpr.br\">roven@ufpr.br<\/a><\/td>\r\n<\/tr>\r\n<tr>\r\n<td class=\"has-text-align-center\" style=\"text-align: left\" data-align=\"center\">Maria Fernanda de Paula Werner<\/td>\r\n<td>Farmacologia<\/td>\r\n<td style=\"text-align: center\">3361-1721<\/td>\r\n<td><a href=\"mailto:mfernanda.werner@ufpr.br\">mfernanda.werner@ufpr.br<\/a><\/td>\r\n<\/tr>\r\n<tr>\r\n<td class=\"has-text-align-center\" style=\"text-align: left\" data-align=\"center\">Anita Nishiyama<\/td>\r\n<td>Fisiologia<\/td>\r\n<td style=\"text-align: center\">3361-1707<\/td>\r\n<td><a href=\"mailto:anita.nishi@ufpr.br\">anita.nishi@ufpr.br<\/a><\/td>\r\n<\/tr>\r\n<tr>\r\n<td class=\"has-text-align-center\" style=\"text-align: left\" data-align=\"center\">Angelica Beate Winter Boldt<\/td>\r\n<td>Gen\u00e9tica<\/td>\r\n<td style=\"text-align: center\">3361-1553<\/td>\r\n<td><a href=\"mailto:angelicaboldt@ufpr.br\">angelicaboldt@ufpr.br<\/a><\/td>\r\n<\/tr>\r\n<tr>\r\n<td class=\"has-text-align-center\" style=\"text-align: left\" data-align=\"center\">M\u00e1rcia Kiyoe Shimada<\/td>\r\n<td>Patologia B\u00e1sica<\/td>\r\n<td style=\"text-align: center\">3361-1698<\/td>\r\n<td><a href=\"mailto:shimada@ufpr.br\">shimada@ufpr.br<\/a><\/td>\r\n<\/tr>\r\n<tr>\r\n<td class=\"has-text-align-center\" style=\"text-align: left\" data-align=\"center\">Aristela de Freitas Zanona<\/td>\r\n<td>Preven\u00e7\u00e3o e Reabilita\u00e7\u00e3o em Fisioterapia<\/td>\r\n<td style=\"text-align: center\">3360-4333<\/td>\r\n<td><a href=\"mailto:aristela.zanona@ufpr.br\">aristela.zanona@ufpr.br<\/a><\/td>\r\n<\/tr>\r\n<tr>\r\n<td class=\"has-text-align-center\" style=\"text-align: left\" data-align=\"center\">Fernando de Camargo Passos<\/td>\r\n<td>Zoologia<\/td>\r\n<td style=\"text-align: center\">3361-1783<\/td>\r\n<td><a href=\"mailto:fpassos@ufpr.br\">fpassos@ufpr.br<\/a><\/td>\r\n<\/tr>\r\n<tr>\r\n<td class=\"has-text-align-center\" style=\"text-align: left\" data-align=\"center\">K\u00e1tia Bortolotti Marchi<\/td>\r\n<td>Centro de Educa\u00e7\u00e3o F\u00edsica e Desportos<\/td>\r\n<td style=\"text-align: center\">3361-3116<\/td>\r\n<td><a href=\"mailto:kbmarchi@ufpr.br\">kbmarchi@ufpr.br<\/a><\/td>\r\n<\/tr>\r\n<tr>\r\n<td class=\"has-text-align-center\" style=\"text-align: left\" data-align=\"center\"><strong>Sibelle Trevisan Disar\u00f3 <br \/>(vice-presidente)<\/strong><\/td>\r\n<td>Museu de Ci\u00eancias Naturais<\/td>\r\n<td style=\"text-align: center\">3361-1683<\/td>\r\n<td><a href=\"mailto:stdisaro@ufpr.br\">stdisaro@ufpr.br<\/a><\/td>\r\n<\/tr>\r\n<tr>\r\n<td class=\"has-text-align-center\" colspan=\"4\" data-align=\"center\"><strong>SUPLENTES<\/strong><\/td>\r\n<\/tr>\r\n<tr>\r\n<td class=\"has-text-align-center\" style=\"text-align: left\" data-align=\"center\">V\u00e2nia Pais Cabral Castelo Campos<\/td>\r\n<td>Anatomia<\/td>\r\n<td style=\"text-align: center\">3361-1780<\/td>\r\n<td><a href=\"mailto:vaniacabral@ufpr.br\">vaniacabral@ufpr.br<\/a><\/td>\r\n<\/tr>\r\n<tr>\r\n<td class=\"has-text-align-center\" style=\"text-align: left\" data-align=\"center\">Claudio de Paula Soares Greca<\/td>\r\n<td>Biologia Celular<\/td>\r\n<td style=\"text-align: center\">3361-1774<\/td>\r\n<td><a href=\"mailto:grecac@ufpr.br\">grecac@ufpr.br<\/a><\/td>\r\n<\/tr>\r\n<tr>\r\n<td class=\"has-text-align-center\" style=\"text-align: left\" data-align=\"center\">Elaine Machado Benelli<\/td>\r\n<td>Bioqu\u00edmica e Biologia Molecular<\/td>\r\n<td style=\"text-align: center\">3361-1653<\/td>\r\n<td><a href=\"mailto:benelli@ufpr.br\">benelli@ufpr.br<\/a><\/td>\r\n<\/tr>\r\n<tr>\r\n<td class=\"has-text-align-center\" style=\"text-align: left\" data-align=\"center\">Mateus Arduvino Reck<\/td>\r\n<td>Bot\u00e2nica<\/td>\r\n<td style=\"text-align: center\">3361-1757<\/td>\r\n<td><a href=\"mailto:mateus.reck@ufpr.br\">mateus.reck@ufpr.br<\/a><\/td>\r\n<\/tr>\r\n<tr>\r\n<td class=\"has-text-align-center\" style=\"text-align: left\" data-align=\"center\">Angelica Miki Stein<\/td>\r\n<td>Educa\u00e7\u00e3o F\u00edsica<\/td>\r\n<td style=\"text-align: center\">3361-3706<\/td>\r\n<td><a href=\"angelicastein@ufpr.br\" target=\"_blank\" rel=\"noopener\">angelicastein@ufpr.br<\/a><\/td>\r\n<\/tr>\r\n<tr>\r\n<td class=\"has-text-align-center\" style=\"text-align: left\" data-align=\"center\">Herbert Arlindo Trebien<\/td>\r\n<td>Farmacologia<\/td>\r\n<td style=\"text-align: center\">3361-1739<\/td>\r\n<td><a href=\"mailto:herbert@ufpr.br\">herbert@ufpr.br<\/a><\/td>\r\n<\/tr>\r\n<tr>\r\n<td class=\"has-text-align-center\" style=\"text-align: left\" data-align=\"center\">Ana Vit\u00f3ria Fischer da Silva<\/td>\r\n<td>Fisiologia<\/td>\r\n<td style=\"text-align: center\">3361-1709<\/td>\r\n<td><a href=\"mailto:avitoria@ufpr.br\">avitoria@ufpr.br<\/a><\/td>\r\n<\/tr>\r\n<tr>\r\n<td class=\"has-text-align-center\" style=\"text-align: left\" data-align=\"center\">Leonardo Maldaner Amorim<\/td>\r\n<td>Gen\u00e9tica<\/td>\r\n<td style=\"text-align: center\">3361-1684<\/td>\r\n<td style=\"width: 250px\"><a href=\"mailto:danielagradia@ufpr.br\">leonardo.maldaner@ufpr.br<\/a><\/td>\r\n<\/tr>\r\n<tr>\r\n<td class=\"has-text-align-center\" style=\"text-align: left\" data-align=\"center\">Magda Clara Vieira da Costa Ribeiro<\/td>\r\n<td>Patologia B\u00e1sica<\/td>\r\n<td style=\"text-align: center\">3361-1701<\/td>\r\n<td><a href=\"mailto:magdaribeiro@ufpr.br\">magdaribeiro@ufpr.br<\/a><\/td>\r\n<\/tr>\r\n<tr>\r\n<td class=\"has-text-align-center\" style=\"text-align: left\" data-align=\"center\">Talita Gianello Gnoato Zotz<\/td>\r\n<td>Preven\u00e7\u00e3o e Reabilita\u00e7\u00e3o em Fisioterapia<\/td>\r\n<td style=\"text-align: center\">3360-4330<\/td>\r\n<td><a href=\"mailto:talita.zotz@ufpr.br\">talita.zotz@ufpr.br<\/a><\/td>\r\n<\/tr>\r\n<tr>\r\n<td class=\"has-text-align-center\" style=\"text-align: left\" data-align=\"center\">Alexandre Varaschin Palaoro<\/td>\r\n<td>Zoologia<\/td>\r\n<td style=\"text-align: center\">3361-1671<\/td>\r\n<td><a href=\"mailto:alexandre.palaoro@ufpr.br\">alexandre.palaoro@ufpr.br<\/a><\/td>\r\n<\/tr>\r\n<tr>\r\n<td class=\"has-text-align-center\" style=\"text-align: left\" data-align=\"center\">Julimar Luiz Pereira<\/td>\r\n<td>Centro de Educa\u00e7\u00e3o F\u00edsica e Desportos<\/td>\r\n<td style=\"text-align: center\">3361-3116<\/td>\r\n<td><a href=\"mailto:julimarpereira@ufpr.br\">julimarpereira@ufpr.br<\/a><\/td>\r\n<\/tr>\r\n<tr>\r\n<td class=\"has-text-align-center\" style=\"text-align: left\" data-align=\"center\">Fernando Antonio Sedor<\/td>\r\n<td>Museu de Ci\u00eancias Naturais<\/td>\r\n<td style=\"text-align: center\">3361-1683<\/td>\r\n<td><a href=\"mailto:sedor@ufpr.br\">sedor@ufpr.br<\/a><\/td>\r\n<\/tr>\r\n<\/tbody>\r\n<\/table>\r\n<\/figure>\r\n<\/div><\/div>\r\n<\/div>\r\n<\/div>\r\n\r\n\r\n\r\n<p><strong>PORTARIAS<\/strong><\/p>\r\n<p><strong><a href=\"https:\/\/bio.ufpr.br\/cse-bl\/wp-content\/uploads\/sites\/106\/2025\/05\/2354bl-alteracao-dos-representantes-dedfis-no-cse-rosecler-vendruscolo-e-angelica-miki-stein-7814381.pdf\" target=\"_blank\" rel=\"noopener\">PORTARIA N\u00ba 2354\/2025-BL &#8211; Substitui\u00e7\u00e3o de representantes titular e suplente do DEDFIS no CSE 2024-2026<\/a><br \/><a href=\"https:\/\/bio.ufpr.br\/cse-bl\/wp-content\/uploads\/sites\/106\/2025\/05\/2325bl-substituicao-membro-suplente-dgen-no-cse-bl-leonardo-maldaner-amorim-7477044.pdf\" target=\"_blank\" rel=\"noopener\">PORTARIA N\u00ba 2325\/2025-BL &#8211; Substitui\u00e7\u00e3o de representante suplente do DGEN no CSE 2024-2026<br \/><\/a><\/strong><strong><a href=\"https:\/\/bio.ufpr.br\/wp-content\/uploads\/2024\/07\/2279BL-Substituicao-de-membro-titular-DPRF-no-CSExtensao-BL-2024-2026-6800184.pdf\" target=\"_blank\" rel=\"noreferrer noopener\">PORTARIA N\u00ba 2279\/2024-BL &#8211; Substitui\u00e7\u00e3o de representante titular do DPRF no CSE 2024-2026<\/a><\/strong><br \/><a href=\"https:\/\/bio.ufpr.br\/cse-bl\/wp-content\/uploads\/sites\/106\/2024\/05\/2263_2024BL-COMITE-SETORIAL-DE-EXTENSAO-2024-2026-6618109.pdf\" target=\"_blank\" rel=\"noreferrer noopener\"><strong>PORTARIA N\u00ba 2263\/2024-BL &#8211; Comit\u00ea Setorial de Extens\u00e3o do Setor de Ci\u00eancias Biol\u00f3gicas da UFPR 2024-2026<\/strong><br \/><\/a><a href=\"https:\/\/bio.ufpr.br\/cse-bl\/wp-content\/uploads\/sites\/106\/2024\/05\/2251_2024BL-Inversao-de-membros-do-DPRF-e-inclusao-de-suplente-DZOO-no-CSE-BL-6376726.pdf\" target=\"_blank\" rel=\"noreferrer noopener\">PORTARIA N\u00ba 2251\/2024-BL &#8211; Invers\u00e3o de representantes titular e suplente do DPRF e indica\u00e7\u00e3o de representante suplente do DZOO no CSE 2022-2024<br \/><\/a><a href=\"https:\/\/bio.ufpr.br\/cse-bl\/wp-content\/uploads\/sites\/106\/2024\/05\/2233_2023BL-Comite-Setorial-de-Extensao-2022-2024-6212183.pdf\" target=\"_blank\" rel=\"noreferrer noopener\">PORTARIA N\u00ba 2233\/2023-BL &#8211; Comit\u00ea Setorial de Extens\u00e3o do Setor de Ci\u00eancias Biol\u00f3gicas da UFPR 2022-2024 (atualizado)<br \/><\/a><a href=\"https:\/\/bio.ufpr.br\/cse-bl\/wp-content\/uploads\/sites\/106\/2024\/05\/2222_2023BL-Substituicao-de-membros-no-Comite-Setorial-de-Extensao-DPAT-e-DPRF-CCFISIOT-6120640.pdf\" target=\"_blank\" rel=\"noreferrer noopener\">PORTARIA N\u00ba 2222\/2023-BL &#8211; Substitui\u00e7\u00e3o de representantes do DPAT (titular) e do DPRF (suplente) no CSE 2022-2024<br \/><\/a><a href=\"https:\/\/bio.ufpr.br\/cse-bl\/wp-content\/uploads\/sites\/106\/2024\/05\/2145_2022BL-Alteracao-de-representantes-do-DPRF-CCFISIOT-no-Comite-Setorial-de-Extensao-ARIANI-e-SILVIA-4543745.pdf\" target=\"_blank\" rel=\"noreferrer noopener\">PORTARIA N\u00ba 2145\/2022-BL &#8211; Invers\u00e3o de representantes titular e suplente do DPRF e do Curso de Fisioterapia no CSE 2022-2024<br \/><\/a><a href=\"https:\/\/bio.ufpr.br\/cse-bl\/wp-content\/uploads\/sites\/106\/2024\/05\/2132_2022BL-Comite-Setorial-de-Extensao-2022-2024.pdf\" target=\"_blank\" rel=\"noreferrer noopener\">PORTARIA N\u00ba 2132\/2022-BL &#8211; Comit\u00ea Setorial de Extens\u00e3o do Setor de Ci\u00eancias Biol\u00f3gicas da UFPR 2022-2024<br \/><\/a><a href=\"https:\/\/bio.ufpr.br\/cse-bl\/wp-content\/uploads\/sites\/106\/2024\/05\/2089_2021BL-Substituicao-DEDFIS-Comite-Setorial-de-Extensao-BRUNO-TUCUNDUVA-3834127.pdf\" target=\"_blank\" rel=\"noreferrer noopener\">PORTARIA N\u00ba 2089\/2021-BL &#8211; Substitui\u00e7\u00e3o de representante suplente do DEDFIS no CSE 2020-2022<br \/><\/a><a href=\"https:\/\/bio.ufpr.br\/cse-bl\/wp-content\/uploads\/sites\/106\/2024\/05\/1990_2020BL-COMITE-SETORIAL-DE-EXTENSAO-2020-2022-2637312.pdf\" target=\"_blank\" rel=\"noreferrer noopener\">PORTARIA N\u00ba 1990\/2020-BL &#8211; Comit\u00ea Setorial de Extens\u00e3o do Setor de Ci\u00eancias Biol\u00f3gicas da UFPR 2020-2022<br \/><\/a><a href=\"https:\/\/bio.ufpr.br\/cse-bl\/wp-content\/uploads\/sites\/106\/2024\/05\/1811_2018BL-COMITE-SETORIAL-DE-EXTENSAO.pdf\" target=\"_blank\" rel=\"noreferrer noopener\">PORTARIA N\u00ba 1811\/2018-BL &#8211; Comit\u00ea Setorial de Extens\u00e3o do Setor de Ci\u00eancias Biol\u00f3gicas da UFPR 2018-2020<br \/><\/a><a href=\"https:\/\/bio.ufpr.br\/cse-bl\/wp-content\/uploads\/sites\/106\/2024\/05\/1617_2016BL-Comite-Setorial-de-Extensao.pdf\" target=\"_blank\" rel=\"noreferrer noopener\">PORTARIA N\u00ba 1617\/2016-BL &#8211; Comit\u00ea Setorial de Extens\u00e3o do Setor de Ci\u00eancias Biol\u00f3gicas da UFPR 2016-2018<br \/><\/a><a href=\"https:\/\/bio.ufpr.br\/cse-bl\/wp-content\/uploads\/sites\/106\/2024\/05\/1429_2014BL-Comite-Setorial-de-Extensao.pdf\" target=\"_blank\" rel=\"noreferrer noopener\">PORTARIA N\u00ba 1429\/2014-BL &#8211; Comit\u00ea Setorial de Extens\u00e3o do Setor de Ci\u00eancias Biol\u00f3gicas da UFPR 2014-2016<br \/><\/a><a href=\"https:\/\/bio.ufpr.br\/cse-bl\/wp-content\/uploads\/sites\/106\/2024\/05\/1262_2012BL-Comite-Setorial-de-Extensao.pdf\" target=\"_blank\" rel=\"noreferrer noopener\">PORTARIA N\u00ba 1262\/2012-BL &#8211; Comit\u00ea Setorial de Extens\u00e3o do Setor de Ci\u00eancias Biol\u00f3gicas da UFPR 2012-2014<\/a><\/p>\r\n\r\n\r\n\r\n\r\n\r\n<p><strong>Representantes do Setor de Ci\u00eancias Biol\u00f3gicas, junto ao Comit\u00ea Assessor de Extens\u00e3o da Pr\u00f3-Reitoria de Extens\u00e3o e Cultura &#8211; PROEC:<\/strong><\/p>\r\n\r\n\r\n\r\n<p><strong><a href=\"https:\/\/bio.ufpr.br\/cse-bl\/wp-content\/uploads\/sites\/106\/2024\/07\/692ufpr-representantes-setor-bl-no-caex_proec-flavia-rios-e-sibelle-disaro.pdf\" target=\"_blank\" rel=\"noreferrer noopener\">Portaria UFPR n\u00ba 692, de 18 de julho de 2024<\/a> (2024-2026)<\/strong><br \/><a href=\"https:\/\/bio.ufpr.br\/cse-bl\/wp-content\/uploads\/sites\/106\/2024\/05\/2024_2023UFPR-CAEX-Representantes-Setor-BL-no-CAEX-da-PROEC.pdf\" target=\"_blank\" rel=\"noreferrer noopener\">Portaria UFPR n\u00ba 2.024, de 14 de dezembro de 2023<\/a> (dezembro\/2023 a abril\/2024)<a href=\"https:\/\/bio.ufpr.br\/cse-bl\/wp-content\/uploads\/sites\/106\/2024\/05\/2024_2023UFPR-CAEX-Representantes-Setor-BL-no-CAEX-da-PROEC.pdf\" target=\"_blank\" rel=\"noreferrer noopener\"><br \/><\/a><a href=\"https:\/\/bio.ufpr.br\/cse-bl\/wp-content\/uploads\/sites\/106\/2024\/05\/465_2022UFPR-CAEX-Comite-Assessor-de-Extensao-da-PROEC-DEBORA-KLISIOWICZ-e-FLAVIA-RIOS.pdf\" target=\"_blank\" rel=\"noreferrer noopener\">Portaria UFPR n\u00ba 465, de 2 de maio de 2022<\/a> (2022-2024)<a href=\"https:\/\/bio.ufpr.br\/cse-bl\/wp-content\/uploads\/sites\/106\/2024\/05\/465_2022UFPR-CAEX-Comite-Assessor-de-Extensao-da-PROEC-DEBORA-KLISIOWICZ-e-FLAVIA-RIOS.pdf\" target=\"_blank\" rel=\"noreferrer noopener\"><br \/><\/a><a href=\"https:\/\/bio.ufpr.br\/cse-bl\/wp-content\/uploads\/sites\/106\/2024\/05\/783_2021UFPR-CAEX-Exonerar-ROSECLER-VENDRUSCOLO-e-Designar-BRUNO-BARTH-PINTO-TUCUNDUVACAEX-PROEC.pdf\" target=\"_blank\" rel=\"noreferrer noopener\">Portaria UFPR\/UFPR n\u00ba 783, de 30 de setembro de 2021<\/a> (substitui\u00e7\u00e3o de representante suplente)<a href=\"https:\/\/bio.ufpr.br\/cse-bl\/wp-content\/uploads\/sites\/106\/2024\/05\/783_2021UFPR-CAEX-Exonerar-ROSECLER-VENDRUSCOLO-e-Designar-BRUNO-BARTH-PINTO-TUCUNDUVACAEX-PROEC.pdf\" target=\"_blank\" rel=\"noreferrer noopener\"><br \/><\/a><a href=\"https:\/\/bio.ufpr.br\/cse-bl\/wp-content\/uploads\/sites\/106\/2024\/05\/964_2020R-CAEX-Representantes-Comite-Assessor-de-Extensao-da-PROEC-Portaria_2684584.pdf\" target=\"_blank\" rel=\"noreferrer noopener\">PORTARIA N\u00ba 964\/REITORIA, DE 13 DE MAIO DE 2020<\/a> (2020-2022)<a href=\"https:\/\/bio.ufpr.br\/cse-bl\/wp-content\/uploads\/sites\/106\/2024\/05\/964_2020R-CAEX-Representantes-Comite-Assessor-de-Extensao-da-PROEC-Portaria_2684584.pdf\" target=\"_blank\" rel=\"noreferrer noopener\"><br \/><\/a><a href=\"https:\/\/bio.ufpr.br\/cse-bl\/wp-content\/uploads\/sites\/106\/2024\/05\/283_2018R-CAEX-Comite-Assessor-de-Extensao-CAEX-PROEC-Portaria_0961443.pdf\" target=\"_blank\" rel=\"noreferrer noopener\">PORTARIA N\u00ba 283\/REITORIA, DE 15 DE MAIO DE 2018<\/a> (2018-2020)<a href=\"https:\/\/bio.ufpr.br\/cse-bl\/wp-content\/uploads\/sites\/106\/2024\/05\/283_2018R-CAEX-Comite-Assessor-de-Extensao-CAEX-PROEC-Portaria_0961443.pdf\" target=\"_blank\" rel=\"noreferrer noopener\"><br \/><\/a><a href=\"https:\/\/bio.ufpr.br\/cse-bl\/wp-content\/uploads\/sites\/106\/2024\/05\/2513_2016R-CAEX-Representantes-no-Comite-Assessor-de-Extensao-da-PROEC.pdf\" target=\"_blank\" rel=\"noreferrer noopener\">PORTARIA N\u00ba 2513 , DE 06 DE MAIO DE 2016<\/a> (2016-2018)<a href=\"https:\/\/bio.ufpr.br\/cse-bl\/wp-content\/uploads\/sites\/106\/2024\/05\/2513_2016R-CAEX-Representantes-no-Comite-Assessor-de-Extensao-da-PROEC.pdf\" target=\"_blank\" rel=\"noreferrer noopener\"><br \/><\/a><a href=\"https:\/\/bio.ufpr.br\/cse-bl\/wp-content\/uploads\/sites\/106\/2024\/05\/1057_2014R-CAEX-Comite-Assessor-de-Extensao-da-PROEC.pdf\" target=\"_blank\" rel=\"noreferrer noopener\">PORTARIA N\u00ba 1057 , DE 15 DE MAIO DE 2014<\/a> (2014-2016)<\/p>\r\n","protected":false},"excerpt":{"rendered":"<p>Membros do Comit\u00ea Setorial de Extens\u00e3o \u2013 CSE\u00a0do Setor de Ci\u00eancias Biol\u00f3gicas da UFPR para o per\u00edodo Abril\/2024 a Abril\/2026: NOME DEPARTAMENTO\/UNIDADE RAMAL E-MAIL TITULARES [&hellip;]<\/p>\n","protected":false},"author":2107,"featured_media":0,"parent":0,"menu_order":0,"comment_status":"closed","ping_status":"closed","template":"","meta":{"_acf_changed":false,"_monsterinsights_skip_tracking":false,"_monsterinsights_sitenote_active":false,"_monsterinsights_sitenote_note":"","_monsterinsights_sitenote_category":0,"footnotes":""},"class_list":["post-489","page","type-page","status-publish","hentry"],"acf":[],"_links":{"self":[{"href":"https:\/\/bio.ufpr.br\/cse-bl\/wp-json\/wp\/v2\/pages\/489","targetHints":{"allow":["GET"]}}],"collection":[{"href":"https:\/\/bio.ufpr.br\/cse-bl\/wp-json\/wp\/v2\/pages"}],"about":[{"href":"https:\/\/bio.ufpr.br\/cse-bl\/wp-json\/wp\/v2\/types\/page"}],"author":[{"embeddable":true,"href":"https:\/\/bio.ufpr.br\/cse-bl\/wp-json\/wp\/v2\/users\/2107"}],"replies":[{"embeddable":true,"href":"https:\/\/bio.ufpr.br\/cse-bl\/wp-json\/wp\/v2\/comments?post=489"}],"version-history":[{"count":30,"href":"https:\/\/bio.ufpr.br\/cse-bl\/wp-json\/wp\/v2\/pages\/489\/revisions"}],"predecessor-version":[{"id":714,"href":"https:\/\/bio.ufpr.br\/cse-bl\/wp-json\/wp\/v2\/pages\/489\/revisions\/714"}],"wp:attachment":[{"href":"https:\/\/bio.ufpr.br\/cse-bl\/wp-json\/wp\/v2\/media?parent=489"}],"curies":[{"name":"wp","href":"https:\/\/api.w.org\/{rel}","templated":true}]}}