{"id":439,"date":"2024-04-15T14:53:57","date_gmt":"2024-04-15T17:53:57","guid":{"rendered":"https:\/\/bio.ufpr.br\/cspq\/?page_id=439"},"modified":"2024-04-15T14:56:07","modified_gmt":"2024-04-15T17:56:07","slug":"documentos","status":"publish","type":"page","link":"https:\/\/bio.ufpr.br\/cspq\/documentos\/","title":{"rendered":"Documentos"},"content":{"rendered":"<ul>\n<li class=\"x_MsoNormal\"><a href=\"https:\/\/bio.ufpr.br\/cspq\/wp-content\/uploads\/sites\/100\/2022\/08\/DECLARACAO_conflito_interesse.docx\"><b>Declara\u00e7\u00e3o de conflito de interesse<\/b><\/a><\/li>\n<\/ul>\n<ul>\n<li class=\"x_MsoNormal\"><a href=\"https:\/\/bio.ufpr.br\/cspq\/wp-content\/uploads\/sites\/100\/2024\/04\/FORMULARIO-PARA-CADASTRO-DE-PROJETO-DE-PESQUISA-\u2013v4.docx\" target=\"_blank\" rel=\"noopener\"><b>Formul\u00e1rio de encaminhamento de <\/b><b>projeto de pesquisa<\/b><\/a><\/li>\n<\/ul>\n<ul>\n<li class=\"x_MsoNormal\"><a href=\"https:\/\/bio.ufpr.br\/cspq\/wp-content\/uploads\/sites\/100\/2022\/08\/Modelo-Parecer-de-Me\u0301rito.doc\"><b>Formul\u00e1rio para an\u00e1lise de m\u00e9rito cient\u00edfico<\/b><\/a><\/li>\n<\/ul>\n<ul>\n<li class=\"x_MsoNormal\"><a href=\"https:\/\/bio.ufpr.br\/cspq\/wp-content\/uploads\/sites\/100\/2022\/08\/Modelo-de-carta-para-parecerista.docx\"><b>Modelo de carta para pareceristas<\/b><\/a><\/li>\n<\/ul>\n<ul>\n<li class=\"x_MsoNormal\"><a href=\"https:\/\/bio.ufpr.br\/cspq\/wp-content\/uploads\/sites\/100\/2024\/04\/Checklist-para-avaliacao-dos-projetos-encaminhados-v2.pdf\" target=\"_blank\" rel=\"noopener\"><strong>Checklist para avalia\u00e7\u00e3o dos projetos encaminhados<\/strong><\/a><\/li>\n<\/ul>\n","protected":false},"excerpt":{"rendered":"<p>Declara\u00e7\u00e3o de conflito de interesse Formul\u00e1rio de encaminhamento de projeto de pesquisa Formul\u00e1rio para an\u00e1lise de m\u00e9rito cient\u00edfico Modelo de carta para pareceristas Checklist para avalia\u00e7\u00e3o dos projetos encaminhados<\/p>\n","protected":false},"author":6,"featured_media":0,"parent":0,"menu_order":0,"comment_status":"closed","ping_status":"closed","template":"","meta":{"_acf_changed":false,"_monsterinsights_skip_tracking":false,"_monsterinsights_sitenote_active":false,"_monsterinsights_sitenote_note":"","_monsterinsights_sitenote_category":0,"footnotes":""},"class_list":["post-439","page","type-page","status-publish","hentry"],"acf":[],"_links":{"self":[{"href":"https:\/\/bio.ufpr.br\/cspq\/wp-json\/wp\/v2\/pages\/439","targetHints":{"allow":["GET"]}}],"collection":[{"href":"https:\/\/bio.ufpr.br\/cspq\/wp-json\/wp\/v2\/pages"}],"about":[{"href":"https:\/\/bio.ufpr.br\/cspq\/wp-json\/wp\/v2\/types\/page"}],"author":[{"embeddable":true,"href":"https:\/\/bio.ufpr.br\/cspq\/wp-json\/wp\/v2\/users\/6"}],"replies":[{"embeddable":true,"href":"https:\/\/bio.ufpr.br\/cspq\/wp-json\/wp\/v2\/comments?post=439"}],"version-history":[{"count":7,"href":"https:\/\/bio.ufpr.br\/cspq\/wp-json\/wp\/v2\/pages\/439\/revisions"}],"predecessor-version":[{"id":517,"href":"https:\/\/bio.ufpr.br\/cspq\/wp-json\/wp\/v2\/pages\/439\/revisions\/517"}],"wp:attachment":[{"href":"https:\/\/bio.ufpr.br\/cspq\/wp-json\/wp\/v2\/media?parent=439"}],"curies":[{"name":"wp","href":"https:\/\/api.w.org\/{rel}","templated":true}]}}