{"id":441,"date":"2022-08-16T15:57:27","date_gmt":"2022-08-16T18:57:27","guid":{"rendered":"https:\/\/bio.ufpr.br\/cspq\/?page_id=441"},"modified":"2022-12-11T17:31:48","modified_gmt":"2022-12-11T20:31:48","slug":"links","status":"publish","type":"page","link":"https:\/\/bio.ufpr.br\/cspq\/links\/","title":{"rendered":"Links"},"content":{"rendered":"<ul>\n<li class=\"x_MsoNormal\"><a href=\"http:\/\/www.prppg.ufpr.br\/site\/en\/\">Pr\u00f3-Reitoria de Pesquisa e P\u00f3s-Gradua\u00e7\u00e3o da UFPR<\/a><\/li>\n<\/ul>\n<ul>\n<li class=\"x_MsoNormal\"><a href=\"http:\/\/www.prppg.ufpr.br\/site\/en\/instrucoes-normativas\/\">Instru\u00e7\u00f5es normativas (IN) da PRPPG\u00a0<\/a><\/li>\n<\/ul>\n<ul>\n<li class=\"x_MsoNormal\"><a href=\"http:\/\/www.saude.ufpr.br\/cometica\/\">Comit\u00ea de \u00c9tica em Pesquisa com Seres Humanos\u00a0<\/a><\/li>\n<\/ul>\n<ul>\n<li class=\"x_MsoNormal\"><a href=\"https:\/\/bio.ufpr.br\/ceua\/\">Comit\u00ea de \u00c9tica no Uso de Animais<\/a><\/li>\n<li class=\"x_MsoNormal\"><a href=\"https:\/\/docs.google.com\/forms\/d\/e\/1FAIpQLSd0_j9QaAKv02W9MG1Jh0KzRi4MngxK4o48eslO3m6QC-t46Q\/viewform?usp=sharing\">Formul\u00e1rio Equipamentos Multiusu\u00e1rio<\/a><\/li>\n<\/ul>\n","protected":false},"excerpt":{"rendered":"<p>Pr\u00f3-Reitoria de Pesquisa e P\u00f3s-Gradua\u00e7\u00e3o da UFPR Instru\u00e7\u00f5es normativas (IN) da PRPPG\u00a0 Comit\u00ea de \u00c9tica em Pesquisa com Seres Humanos\u00a0 Comit\u00ea de \u00c9tica no Uso de Animais Formul\u00e1rio Equipamentos Multiusu\u00e1rio<\/p>\n","protected":false},"author":6,"featured_media":0,"parent":0,"menu_order":0,"comment_status":"closed","ping_status":"closed","template":"","meta":{"_acf_changed":false,"_monsterinsights_skip_tracking":false,"_monsterinsights_sitenote_active":false,"_monsterinsights_sitenote_note":"","_monsterinsights_sitenote_category":0,"footnotes":""},"class_list":["post-441","page","type-page","status-publish","hentry"],"acf":[],"_links":{"self":[{"href":"https:\/\/bio.ufpr.br\/cspq\/wp-json\/wp\/v2\/pages\/441","targetHints":{"allow":["GET"]}}],"collection":[{"href":"https:\/\/bio.ufpr.br\/cspq\/wp-json\/wp\/v2\/pages"}],"about":[{"href":"https:\/\/bio.ufpr.br\/cspq\/wp-json\/wp\/v2\/types\/page"}],"author":[{"embeddable":true,"href":"https:\/\/bio.ufpr.br\/cspq\/wp-json\/wp\/v2\/users\/6"}],"replies":[{"embeddable":true,"href":"https:\/\/bio.ufpr.br\/cspq\/wp-json\/wp\/v2\/comments?post=441"}],"version-history":[{"count":6,"href":"https:\/\/bio.ufpr.br\/cspq\/wp-json\/wp\/v2\/pages\/441\/revisions"}],"predecessor-version":[{"id":493,"href":"https:\/\/bio.ufpr.br\/cspq\/wp-json\/wp\/v2\/pages\/441\/revisions\/493"}],"wp:attachment":[{"href":"https:\/\/bio.ufpr.br\/cspq\/wp-json\/wp\/v2\/media?parent=441"}],"curies":[{"name":"wp","href":"https:\/\/api.w.org\/{rel}","templated":true}]}}