{"id":467,"date":"2022-08-30T11:44:49","date_gmt":"2022-08-30T14:44:49","guid":{"rendered":"https:\/\/bio.ufpr.br\/cspq\/?page_id=467"},"modified":"2024-04-15T15:04:35","modified_gmt":"2024-04-15T18:04:35","slug":"legislacao","status":"publish","type":"page","link":"https:\/\/bio.ufpr.br\/cspq\/legislacao\/","title":{"rendered":"Legisla\u00e7\u00e3o"},"content":{"rendered":"<ul>\n<li style=\"text-align: justify\"><a href=\"https:\/\/bio.ufpr.br\/cspq\/wp-content\/uploads\/sites\/100\/2022\/09\/RESOLUC\u0327A\u0303O-N\u00ba-25-2020-\u2013-CEPE.pdf\">Resolu\u00e7\u00e3o 25\/2020 CEPE (Funcionamento dos Comit\u00eas Setoriais de Pesquisa da UFPR)<\/a><\/li>\n<li style=\"text-align: justify\"><a href=\"https:\/\/bio.ufpr.br\/cspq\/wp-content\/uploads\/sites\/100\/2024\/04\/RESOLUCAO-No-01-23-CEPE.pdf\" target=\"_blank\" rel=\"noopener\">RESOLU\u00c7\u00c3O N\u00ba 01\/23-CEPE &#8211; Estabelece normas para registro de projetos de pesquisa cient\u00edfica, de desenvolvimento tecnol\u00f3gico e de inova\u00e7\u00e3o e define os produtos de pesquisa na Universidade Federal do Paran\u00e1<\/a><\/li>\n<\/ul>\n","protected":false},"excerpt":{"rendered":"<p>Resolu\u00e7\u00e3o 25\/2020 CEPE (Funcionamento dos Comit\u00eas Setoriais de Pesquisa da UFPR) RESOLU\u00c7\u00c3O N\u00ba 01\/23-CEPE &#8211; Estabelece normas para registro de projetos de pesquisa cient\u00edfica, de desenvolvimento tecnol\u00f3gico e de inova\u00e7\u00e3o e define os produtos de pesquisa na Universidade Federal do Paran\u00e1<\/p>\n","protected":false},"author":6,"featured_media":0,"parent":0,"menu_order":0,"comment_status":"closed","ping_status":"closed","template":"","meta":{"_acf_changed":false,"_monsterinsights_skip_tracking":false,"_monsterinsights_sitenote_active":false,"_monsterinsights_sitenote_note":"","_monsterinsights_sitenote_category":0,"footnotes":""},"class_list":["post-467","page","type-page","status-publish","hentry"],"acf":[],"_links":{"self":[{"href":"https:\/\/bio.ufpr.br\/cspq\/wp-json\/wp\/v2\/pages\/467","targetHints":{"allow":["GET"]}}],"collection":[{"href":"https:\/\/bio.ufpr.br\/cspq\/wp-json\/wp\/v2\/pages"}],"about":[{"href":"https:\/\/bio.ufpr.br\/cspq\/wp-json\/wp\/v2\/types\/page"}],"author":[{"embeddable":true,"href":"https:\/\/bio.ufpr.br\/cspq\/wp-json\/wp\/v2\/users\/6"}],"replies":[{"embeddable":true,"href":"https:\/\/bio.ufpr.br\/cspq\/wp-json\/wp\/v2\/comments?post=467"}],"version-history":[{"count":4,"href":"https:\/\/bio.ufpr.br\/cspq\/wp-json\/wp\/v2\/pages\/467\/revisions"}],"predecessor-version":[{"id":520,"href":"https:\/\/bio.ufpr.br\/cspq\/wp-json\/wp\/v2\/pages\/467\/revisions\/520"}],"wp:attachment":[{"href":"https:\/\/bio.ufpr.br\/cspq\/wp-json\/wp\/v2\/media?parent=467"}],"curies":[{"name":"wp","href":"https:\/\/api.w.org\/{rel}","templated":true}]}}