{"id":583,"date":"2024-08-27T10:59:32","date_gmt":"2024-08-27T13:59:32","guid":{"rendered":"https:\/\/bio.ufpr.br\/cspq\/?page_id=583"},"modified":"2024-08-27T10:59:32","modified_gmt":"2024-08-27T13:59:32","slug":"laboratorios-multiusuarios","status":"publish","type":"page","link":"https:\/\/bio.ufpr.br\/cspq\/laboratorios-multiusuarios\/","title":{"rendered":"Laborat\u00f3rios Multiusu\u00e1rios"},"content":{"rendered":"\n<p>A Pr\u00f3-Reitoria de Pesquisa e P\u00f3s-Gradua\u00e7\u00e3o da UFPR coordena editais que visam apoio \u00e0s atividades de pesquisa e o desenvolvimento de teses e disserta\u00e7\u00f5es dos programas de p\u00f3s-gradua\u00e7\u00e3o da UFPR mediante, entre outras a\u00e7\u00f5es relacionadas, \u00e0 concess\u00e3o de recursos para manuten\u00e7\u00e3o corretiva de equipamentos de pesquisa dos laborat\u00f3rios multiusu\u00e1rios. Em paralelo, \u00e9 unidade respons\u00e1vel pela valida\u00e7\u00e3o dos laborat\u00f3rios da UFPR na Plataforma Nacional de Infraestrutura de Pesquisa (PNIPE) do Minist\u00e9rio da Ci\u00eancia, Tecnologia e Inova\u00e7\u00e3o (MCTI), a qual re\u00fane informa\u00e7\u00f5es sobre a infraestrutura de pesquisa nas Institui\u00e7\u00f5es Cient\u00edficas, Tecnol\u00f3gicas e de Inova\u00e7\u00e3o (ICTs) no Pa\u00eds, possibilitando o acesso da comunidade cient\u00edfica\/tecnol\u00f3gica e de empresas e promovendo seu uso compartilhado.<\/p>\n\n\n\n<p>S\u00e3o reconhecidos como laborat\u00f3rios multiusu\u00e1rios vinculados ao Setor de Ci\u00eancias Biol\u00f3gicas:<\/p>\n\n\n\n<ul class=\"wp-block-list\">\n<li>Laborat\u00f3rio do Centro An\u00e1lise de Espectroscopia de Resson\u00e2ncia Magn\u00e9tica Nuclear (<strong>RMN<\/strong>) &#8211; (<a href=\"https:\/\/rmn.ufpr.br\/\" target=\"_blank\" rel=\"noreferrer noopener\">https:\/\/rmn.ufpr.br\/<\/a>)<\/li>\n\n\n\n<li>Centro de Microscopia Eletr\u00f4nica (<strong>CME<\/strong>) da UFPR &#8211; (<a href=\"https:\/\/cme.ufpr.br\/\" target=\"_blank\" rel=\"noreferrer noopener\">https:\/\/cme.ufpr.br\/<\/a>)<\/li>\n\n\n\n<li>Centro de Tecnologias Avan\u00e7adas em Fluoresc\u00eancia (<strong>CTAF<\/strong>) &#8211; (<a href=\"https:\/\/bio.ufpr.br\/ctaf\/normas-de-uso\/\" target=\"_blank\" rel=\"noreferrer noopener\">https:\/\/bio.ufpr.br\/ctaf\/normas-de-uso\/<\/a>)<\/li>\n<\/ul>\n\n\n\n<p>Al\u00e9m dos laborat\u00f3rios acima, as cole\u00e7\u00f5es da Rede Paranaense de Cole\u00e7\u00f5es Biol\u00f3gicas &#8211; Taxonline (<a href=\"https:\/\/www.taxonline.bio.br\/\" target=\"_blank\" rel=\"noreferrer noopener\">https:\/\/www.taxonline.bio.br\/<\/a>) e os do Centro de Cole\u00e7\u00f5es Microbiol\u00f3gicas de Rede Paranaense Taxonline &#8211; CMRP\/Taxonline&nbsp; (<a href=\"https:\/\/www.cmrp-taxonline.com\/\" target=\"_blank\" rel=\"noreferrer noopener\">https:\/\/www.cmrp-taxonline.com\/<\/a>), atendem \u00e0s normas para&nbsp; utiliza\u00e7\u00e3o de Equipamentos de Laborat\u00f3rio Multiusu\u00e1rio de acordo com o preconizado&nbsp; pelo Comit\u00ea Setorial de Pesquisa (<a href=\"https:\/\/bio.ufpr.br\/cspq\/\" target=\"_blank\" rel=\"noreferrer noopener\">https:\/\/bio.ufpr.br\/cspq\/<\/a>).<\/p>\n","protected":false},"excerpt":{"rendered":"<p>A Pr\u00f3-Reitoria de Pesquisa e P\u00f3s-Gradua\u00e7\u00e3o da UFPR coordena editais que visam apoio \u00e0s atividades de pesquisa e o desenvolvimento de teses e disserta\u00e7\u00f5es dos programas de p\u00f3s-gradua\u00e7\u00e3o da UFPR mediante, entre outras a\u00e7\u00f5es relacionadas, \u00e0 concess\u00e3o de recursos para manuten\u00e7\u00e3o corretiva de equipamentos de pesquisa dos laborat\u00f3rios multiusu\u00e1rios. Em paralelo, \u00e9 unidade respons\u00e1vel pela [&hellip;]<\/p>\n","protected":false},"author":6,"featured_media":0,"parent":0,"menu_order":0,"comment_status":"closed","ping_status":"closed","template":"","meta":{"_acf_changed":false,"_monsterinsights_skip_tracking":false,"_monsterinsights_sitenote_active":false,"_monsterinsights_sitenote_note":"","_monsterinsights_sitenote_category":0,"footnotes":""},"class_list":["post-583","page","type-page","status-publish","hentry"],"acf":[],"_links":{"self":[{"href":"https:\/\/bio.ufpr.br\/cspq\/wp-json\/wp\/v2\/pages\/583","targetHints":{"allow":["GET"]}}],"collection":[{"href":"https:\/\/bio.ufpr.br\/cspq\/wp-json\/wp\/v2\/pages"}],"about":[{"href":"https:\/\/bio.ufpr.br\/cspq\/wp-json\/wp\/v2\/types\/page"}],"author":[{"embeddable":true,"href":"https:\/\/bio.ufpr.br\/cspq\/wp-json\/wp\/v2\/users\/6"}],"replies":[{"embeddable":true,"href":"https:\/\/bio.ufpr.br\/cspq\/wp-json\/wp\/v2\/comments?post=583"}],"version-history":[{"count":3,"href":"https:\/\/bio.ufpr.br\/cspq\/wp-json\/wp\/v2\/pages\/583\/revisions"}],"predecessor-version":[{"id":591,"href":"https:\/\/bio.ufpr.br\/cspq\/wp-json\/wp\/v2\/pages\/583\/revisions\/591"}],"wp:attachment":[{"href":"https:\/\/bio.ufpr.br\/cspq\/wp-json\/wp\/v2\/media?parent=583"}],"curies":[{"name":"wp","href":"https:\/\/api.w.org\/{rel}","templated":true}]}}