{"id":1060,"date":"2023-05-24T13:55:38","date_gmt":"2023-05-24T13:55:38","guid":{"rendered":"https:\/\/bio.ufpr.br\/ctaf\/?page_id=1060"},"modified":"2025-03-10T12:36:01","modified_gmt":"2025-03-10T12:36:01","slug":"estacao-de-trabalho-ctaf-01","status":"publish","type":"page","link":"https:\/\/bio.ufpr.br\/ctaf\/estacao-de-trabalho-ctaf-01\/","title":{"rendered":"Esta\u00e7\u00e3o de trabalho CTAF 01"},"content":{"rendered":"<p style=\"text-align: center\"><img loading=\"lazy\" decoding=\"async\" class=\"aligncenter size-medium wp-image-1069\" src=\"https:\/\/bio.ufpr.br\/ctaf\/wp-content\/uploads\/sites\/47\/2023\/05\/PHOTO-2023-05-24-14-54-10-300x225.jpg\" alt=\"PHOTO-2023-05-24-14-54-10\" width=\"300\" height=\"225\" srcset=\"https:\/\/bio.ufpr.br\/ctaf\/wp-content\/uploads\/sites\/47\/2023\/05\/PHOTO-2023-05-24-14-54-10-300x225.jpg 300w, https:\/\/bio.ufpr.br\/ctaf\/wp-content\/uploads\/sites\/47\/2023\/05\/PHOTO-2023-05-24-14-54-10-768x576.jpg 768w, https:\/\/bio.ufpr.br\/ctaf\/wp-content\/uploads\/sites\/47\/2023\/05\/PHOTO-2023-05-24-14-54-10-1024x768.jpg 1024w, https:\/\/bio.ufpr.br\/ctaf\/wp-content\/uploads\/sites\/47\/2023\/05\/PHOTO-2023-05-24-14-54-10.jpg 1600w\" sizes=\"auto, (max-width: 300px) 100vw, 300px\" \/><\/p>\n<p>A esta\u00e7\u00e3o de trabalho CTAF 01 \u00e9 um computador de alta performance adquirido em 2023 com recursos do Fundo de Desenvolvimento Acad\u00eamico (FDA) pela Pr\u00f3-Reitoria de Planejamento, Or\u00e7amento e Finan\u00e7as (PROPLAN).<\/p>\n<p>Este computador est\u00e1 dispon\u00edvel \u00e0 toda comunidade acad\u00eamica para processamento e an\u00e1lise b\u00e1sica de imagens.<\/p>\n<p>Os usu\u00e1rios do\u00a0<strong>CTAF<\/strong>\u00a0podem editar, analisar, exportar, montar gr\u00e1ficos e pranchas sempre que precisarem.<\/p>\n<p><strong>Sistema operacional:<\/strong>\u00a0Windows\u00a010\u00a0Pro \u2013 64-bit<\/p>\n<p><strong>Processador:<\/strong>\u00a0Intel(R) Core i7 2.90 GHz<\/p>\n<p><strong>Mem\u00f3ria RAM:<\/strong>\u00a016 GB<\/p>\n<p><strong>Placa de v\u00eddeo:\u00a0<\/strong>AMD Radeon RX 6400, 4GB GDDR6, 64-Bit<\/p>\n<p><strong>Softwares dispon\u00edveis para an\u00e1lise e edi\u00e7\u00e3o de imagens:<\/strong><\/p>\n<ul>\n<li style=\"padding-left: 30px\">FIJI &#8211; Image J<\/li>\n<li style=\"padding-left: 30px\">VSViewer<\/li>\n<li style=\"padding-left: 30px\">GIMP 2.10.34<\/li>\n<li style=\"padding-left: 30px\">Inkscape<\/li>\n<\/ul>\n<p>Agendamentos atrav\u00e9s do formul\u00e1rio abaixo:<\/p>\n<p><a href=\"https:\/\/docs.google.com\/forms\/d\/e\/1FAIpQLSfuckApkjQq5qCVHA1ZBIrrB_o8Ei5e339kTuou1g9Nryucog\/viewform?usp=sf_link\">FORMUL\u00c1RIO DE SOLICITA\u00c7\u00c3O (Clique aqui)<\/a><\/p>\n<p>Interessado em utilizar este equipamento?<\/p>\n<p>Saiba como em:\u00a0<a href=\"https:\/\/bio.ufpr.br\/ctaf\/agendamento\/\">Agendamento<\/a><\/p>\n<p>Confira a disponibilidade de uso em:\u00a0<a href=\"https:\/\/bio.ufpr.br\/ctaf\/agenda\/\">Agenda<\/a><\/p>\n<p>Ou entre em contato conosco:\u00a0<a href=\"https:\/\/bio.ufpr.br\/ctaf\/contato\/\">Contato<\/a><\/p>\n","protected":false},"excerpt":{"rendered":"<p>A esta\u00e7\u00e3o de trabalho CTAF 01 \u00e9 um computador de alta performance adquirido em 2023 com recursos do Fundo de Desenvolvimento Acad\u00eamico (FDA) pela Pr\u00f3-Reitoria de Planejamento, Or\u00e7amento e Finan\u00e7as (PROPLAN). Este computador est\u00e1 dispon\u00edvel \u00e0 toda comunidade acad\u00eamica para processamento e an\u00e1lise b\u00e1sica de imagens. Os usu\u00e1rios do\u00a0CTAF\u00a0podem editar, analisar, exportar, montar gr\u00e1ficos e [&hellip;]<\/p>\n","protected":false},"author":1998,"featured_media":0,"parent":0,"menu_order":0,"comment_status":"closed","ping_status":"closed","template":"","meta":{"_acf_changed":false,"_monsterinsights_skip_tracking":false,"_monsterinsights_sitenote_active":false,"_monsterinsights_sitenote_note":"","_monsterinsights_sitenote_category":0,"footnotes":""},"class_list":["post-1060","page","type-page","status-publish","hentry"],"acf":[],"_links":{"self":[{"href":"https:\/\/bio.ufpr.br\/ctaf\/wp-json\/wp\/v2\/pages\/1060","targetHints":{"allow":["GET"]}}],"collection":[{"href":"https:\/\/bio.ufpr.br\/ctaf\/wp-json\/wp\/v2\/pages"}],"about":[{"href":"https:\/\/bio.ufpr.br\/ctaf\/wp-json\/wp\/v2\/types\/page"}],"author":[{"embeddable":true,"href":"https:\/\/bio.ufpr.br\/ctaf\/wp-json\/wp\/v2\/users\/1998"}],"replies":[{"embeddable":true,"href":"https:\/\/bio.ufpr.br\/ctaf\/wp-json\/wp\/v2\/comments?post=1060"}],"version-history":[{"count":7,"href":"https:\/\/bio.ufpr.br\/ctaf\/wp-json\/wp\/v2\/pages\/1060\/revisions"}],"predecessor-version":[{"id":1537,"href":"https:\/\/bio.ufpr.br\/ctaf\/wp-json\/wp\/v2\/pages\/1060\/revisions\/1537"}],"wp:attachment":[{"href":"https:\/\/bio.ufpr.br\/ctaf\/wp-json\/wp\/v2\/media?parent=1060"}],"curies":[{"name":"wp","href":"https:\/\/api.w.org\/{rel}","templated":true}]}}