{"id":1141,"date":"2023-06-19T13:29:20","date_gmt":"2023-06-19T13:29:20","guid":{"rendered":"https:\/\/bio.ufpr.br\/ctaf\/?page_id=1141"},"modified":"2024-05-08T14:43:29","modified_gmt":"2024-05-08T14:43:29","slug":"citometro-facsmelody","status":"publish","type":"page","link":"https:\/\/bio.ufpr.br\/ctaf\/citometro-facsmelody\/","title":{"rendered":"Cit\u00f4metro FACS Melody"},"content":{"rendered":"<div class=\"category-info__subtitle\">O uso do cit\u00f4metro BD FACS Melody depende da autoriza\u00e7\u00e3o da Profa. Dra. Carolina Camargo de Oliveira. Entre em contato por e.mail para saber maiores detalhes.<\/div>\n<div class=\"category-info__subtitle\"><\/div>\n<div class=\"category-info__subtitle\">The BD FACSMelody&#x2122; Cell Sorter with newly added 4-way cell sorting:<\/div>\n<div class=\"category-info__subtitle\">\n<div class=\"category-info__desc bd-rte\">\n<ul>\n<li>Makes the complex world of flow cytometry and sorting accessible to more researchers<\/li>\n<li>Offers advanced automation technology with BD FACSChorus&#x2122; Software and guides you through the entire cell sorting process with its intuitive interface, on-screen instructions and tips and simple-to-read reports<\/li>\n<li>Combines the proven and exclusive BD technology of high-end sorters with automation and simplified software<\/li>\n<\/ul>\n<p>Fluorophore channels and combinations:<\/p>\n<p><img loading=\"lazy\" decoding=\"async\" class=\"size-full wp-image-1471 alignnone\" style=\"font-size: revert;color: initial\" src=\"https:\/\/bio.ufpr.br\/ctaf\/wp-content\/uploads\/sites\/47\/2024\/05\/cito_config.png\" alt=\"\" width=\"1686\" height=\"489\" srcset=\"https:\/\/bio.ufpr.br\/ctaf\/wp-content\/uploads\/sites\/47\/2024\/05\/cito_config.png 1686w, https:\/\/bio.ufpr.br\/ctaf\/wp-content\/uploads\/sites\/47\/2024\/05\/cito_config-300x87.png 300w, https:\/\/bio.ufpr.br\/ctaf\/wp-content\/uploads\/sites\/47\/2024\/05\/cito_config-1024x297.png 1024w, https:\/\/bio.ufpr.br\/ctaf\/wp-content\/uploads\/sites\/47\/2024\/05\/cito_config-768x223.png 768w, https:\/\/bio.ufpr.br\/ctaf\/wp-content\/uploads\/sites\/47\/2024\/05\/cito_config-1536x445.png 1536w\" sizes=\"auto, (max-width: 1686px) 100vw, 1686px\" \/><\/p>\n<p>Eliminate manual steps and simplify your workflow with smart automation<\/p>\n<div class=\"instrument-specs__carousel-slide_content-section_description-section bd-rte\">\n<ul>\n<li>Fluidic startup automatically de-bubbles the stream<\/li>\n<li>Instrument settings, gates and sort settings are available and retrievable from saved experiments<\/li>\n<li>Compensation is conveniently computed automatically from the results of compensation controls<\/li>\n<\/ul>\n<\/div>\n<\/div>\n<\/div>\n<p><img loading=\"lazy\" decoding=\"async\" class=\"aligncenter size-medium wp-image-1150\" src=\"https:\/\/bio.ufpr.br\/ctaf\/wp-content\/uploads\/sites\/47\/2023\/06\/20230619_094343-300x225.jpg\" alt=\"20230619_094343\" width=\"300\" height=\"225\" srcset=\"https:\/\/bio.ufpr.br\/ctaf\/wp-content\/uploads\/sites\/47\/2023\/06\/20230619_094343-300x225.jpg 300w, https:\/\/bio.ufpr.br\/ctaf\/wp-content\/uploads\/sites\/47\/2023\/06\/20230619_094343-768x576.jpg 768w, https:\/\/bio.ufpr.br\/ctaf\/wp-content\/uploads\/sites\/47\/2023\/06\/20230619_094343-1024x768.jpg 1024w\" sizes=\"auto, (max-width: 300px) 100vw, 300px\" \/><\/p>\n<p><img loading=\"lazy\" decoding=\"async\" class=\"aligncenter size-medium wp-image-1149\" src=\"https:\/\/bio.ufpr.br\/ctaf\/wp-content\/uploads\/sites\/47\/2023\/06\/20230619_094332-225x300.jpg\" alt=\"20230619_094332\" width=\"225\" height=\"300\" srcset=\"https:\/\/bio.ufpr.br\/ctaf\/wp-content\/uploads\/sites\/47\/2023\/06\/20230619_094332-225x300.jpg 225w, https:\/\/bio.ufpr.br\/ctaf\/wp-content\/uploads\/sites\/47\/2023\/06\/20230619_094332-768x1024.jpg 768w\" sizes=\"auto, (max-width: 225px) 100vw, 225px\" \/>\u00a0<img loading=\"lazy\" decoding=\"async\" class=\"aligncenter size-medium wp-image-1151\" src=\"https:\/\/bio.ufpr.br\/ctaf\/wp-content\/uploads\/sites\/47\/2023\/06\/20230619_094358-225x300.jpg\" alt=\"20230619_094358\" width=\"225\" height=\"300\" srcset=\"https:\/\/bio.ufpr.br\/ctaf\/wp-content\/uploads\/sites\/47\/2023\/06\/20230619_094358-225x300.jpg 225w, https:\/\/bio.ufpr.br\/ctaf\/wp-content\/uploads\/sites\/47\/2023\/06\/20230619_094358-768x1024.jpg 768w\" sizes=\"auto, (max-width: 225px) 100vw, 225px\" \/>\u00a0<img loading=\"lazy\" decoding=\"async\" class=\"aligncenter size-medium wp-image-1153\" src=\"https:\/\/bio.ufpr.br\/ctaf\/wp-content\/uploads\/sites\/47\/2023\/06\/20230619_094625-300x225.jpg\" alt=\"20230619_094625\" width=\"300\" height=\"225\" srcset=\"https:\/\/bio.ufpr.br\/ctaf\/wp-content\/uploads\/sites\/47\/2023\/06\/20230619_094625-300x225.jpg 300w, https:\/\/bio.ufpr.br\/ctaf\/wp-content\/uploads\/sites\/47\/2023\/06\/20230619_094625-768x576.jpg 768w, https:\/\/bio.ufpr.br\/ctaf\/wp-content\/uploads\/sites\/47\/2023\/06\/20230619_094625-1024x768.jpg 1024w\" sizes=\"auto, (max-width: 300px) 100vw, 300px\" \/>\u00a0<img loading=\"lazy\" decoding=\"async\" class=\"aligncenter size-medium wp-image-1143\" src=\"https:\/\/bio.ufpr.br\/ctaf\/wp-content\/uploads\/sites\/47\/2023\/06\/20230619_093646-225x300.jpg\" alt=\"20230619_093646\" width=\"225\" height=\"300\" srcset=\"https:\/\/bio.ufpr.br\/ctaf\/wp-content\/uploads\/sites\/47\/2023\/06\/20230619_093646-225x300.jpg 225w, https:\/\/bio.ufpr.br\/ctaf\/wp-content\/uploads\/sites\/47\/2023\/06\/20230619_093646-768x1024.jpg 768w\" sizes=\"auto, (max-width: 225px) 100vw, 225px\" \/>\u00a0<img loading=\"lazy\" decoding=\"async\" class=\"aligncenter size-medium wp-image-1144\" src=\"https:\/\/bio.ufpr.br\/ctaf\/wp-content\/uploads\/sites\/47\/2023\/06\/20230619_093705-225x300.jpg\" alt=\"20230619_093705\" width=\"225\" height=\"300\" srcset=\"https:\/\/bio.ufpr.br\/ctaf\/wp-content\/uploads\/sites\/47\/2023\/06\/20230619_093705-225x300.jpg 225w, https:\/\/bio.ufpr.br\/ctaf\/wp-content\/uploads\/sites\/47\/2023\/06\/20230619_093705-768x1024.jpg 768w\" sizes=\"auto, (max-width: 225px) 100vw, 225px\" \/>\u00a0<img loading=\"lazy\" decoding=\"async\" class=\"aligncenter size-medium wp-image-1145\" src=\"https:\/\/bio.ufpr.br\/ctaf\/wp-content\/uploads\/sites\/47\/2023\/06\/20230619_093750-225x300.jpg\" alt=\"20230619_093750\" width=\"225\" height=\"300\" srcset=\"https:\/\/bio.ufpr.br\/ctaf\/wp-content\/uploads\/sites\/47\/2023\/06\/20230619_093750-225x300.jpg 225w, https:\/\/bio.ufpr.br\/ctaf\/wp-content\/uploads\/sites\/47\/2023\/06\/20230619_093750-768x1024.jpg 768w\" sizes=\"auto, (max-width: 225px) 100vw, 225px\" \/>\u00a0<img loading=\"lazy\" decoding=\"async\" class=\"aligncenter size-medium wp-image-1146\" src=\"https:\/\/bio.ufpr.br\/ctaf\/wp-content\/uploads\/sites\/47\/2023\/06\/20230619_093817-225x300.jpg\" alt=\"20230619_093817\" width=\"225\" height=\"300\" srcset=\"https:\/\/bio.ufpr.br\/ctaf\/wp-content\/uploads\/sites\/47\/2023\/06\/20230619_093817-225x300.jpg 225w, https:\/\/bio.ufpr.br\/ctaf\/wp-content\/uploads\/sites\/47\/2023\/06\/20230619_093817-768x1024.jpg 768w\" sizes=\"auto, (max-width: 225px) 100vw, 225px\" \/>\u00a0<img loading=\"lazy\" decoding=\"async\" class=\"aligncenter size-medium wp-image-1147\" src=\"https:\/\/bio.ufpr.br\/ctaf\/wp-content\/uploads\/sites\/47\/2023\/06\/20230619_093912-225x300.jpg\" alt=\"20230619_093912\" width=\"225\" height=\"300\" srcset=\"https:\/\/bio.ufpr.br\/ctaf\/wp-content\/uploads\/sites\/47\/2023\/06\/20230619_093912-225x300.jpg 225w, https:\/\/bio.ufpr.br\/ctaf\/wp-content\/uploads\/sites\/47\/2023\/06\/20230619_093912-768x1024.jpg 768w\" sizes=\"auto, (max-width: 225px) 100vw, 225px\" \/>\u00a0<img loading=\"lazy\" decoding=\"async\" class=\"aligncenter size-medium wp-image-1148\" src=\"https:\/\/bio.ufpr.br\/ctaf\/wp-content\/uploads\/sites\/47\/2023\/06\/20230619_093947-225x300.jpg\" alt=\"20230619_093947\" width=\"225\" height=\"300\" srcset=\"https:\/\/bio.ufpr.br\/ctaf\/wp-content\/uploads\/sites\/47\/2023\/06\/20230619_093947-225x300.jpg 225w, https:\/\/bio.ufpr.br\/ctaf\/wp-content\/uploads\/sites\/47\/2023\/06\/20230619_093947-768x1024.jpg 768w\" sizes=\"auto, (max-width: 225px) 100vw, 225px\" \/><\/p>\n","protected":false},"excerpt":{"rendered":"<p>O uso do cit\u00f4metro BD FACS Melody depende da autoriza\u00e7\u00e3o da Profa. Dra. Carolina Camargo de Oliveira. Entre em contato por e.mail para saber maiores detalhes. The BD FACSMelody&#x2122; Cell Sorter with newly added 4-way cell sorting: Makes the complex world of flow cytometry and sorting accessible to more researchers Offers advanced automation technology with [&hellip;]<\/p>\n","protected":false},"author":1998,"featured_media":0,"parent":0,"menu_order":0,"comment_status":"closed","ping_status":"closed","template":"","meta":{"_acf_changed":false,"_monsterinsights_skip_tracking":false,"_monsterinsights_sitenote_active":false,"_monsterinsights_sitenote_note":"","_monsterinsights_sitenote_category":0,"footnotes":""},"class_list":["post-1141","page","type-page","status-publish","hentry"],"acf":[],"_links":{"self":[{"href":"https:\/\/bio.ufpr.br\/ctaf\/wp-json\/wp\/v2\/pages\/1141","targetHints":{"allow":["GET"]}}],"collection":[{"href":"https:\/\/bio.ufpr.br\/ctaf\/wp-json\/wp\/v2\/pages"}],"about":[{"href":"https:\/\/bio.ufpr.br\/ctaf\/wp-json\/wp\/v2\/types\/page"}],"author":[{"embeddable":true,"href":"https:\/\/bio.ufpr.br\/ctaf\/wp-json\/wp\/v2\/users\/1998"}],"replies":[{"embeddable":true,"href":"https:\/\/bio.ufpr.br\/ctaf\/wp-json\/wp\/v2\/comments?post=1141"}],"version-history":[{"count":15,"href":"https:\/\/bio.ufpr.br\/ctaf\/wp-json\/wp\/v2\/pages\/1141\/revisions"}],"predecessor-version":[{"id":1475,"href":"https:\/\/bio.ufpr.br\/ctaf\/wp-json\/wp\/v2\/pages\/1141\/revisions\/1475"}],"wp:attachment":[{"href":"https:\/\/bio.ufpr.br\/ctaf\/wp-json\/wp\/v2\/media?parent=1141"}],"curies":[{"name":"wp","href":"https:\/\/api.w.org\/{rel}","templated":true}]}}