{"id":1172,"date":"2023-06-23T20:07:34","date_gmt":"2023-06-23T20:07:34","guid":{"rendered":"https:\/\/bio.ufpr.br\/ctaf\/?page_id=1172"},"modified":"2023-06-23T20:07:34","modified_gmt":"2023-06-23T20:07:34","slug":"super-resolucao-nikon","status":"publish","type":"page","link":"https:\/\/bio.ufpr.br\/ctaf\/super-resolucao-nikon\/","title":{"rendered":"Super resolu\u00e7\u00e3o Nikon"},"content":{"rendered":"<p>Super resolu\u00e7\u00e3o Nikon Eclipse Ti.<\/p>\n<p>Microsc\u00f3pio invertido, com objetivas de 10X. 20X e 100X. Fixado em mesa anti-vibra\u00e7\u00e3o (TMC Vibration control), para produ\u00e7\u00e3o de imagens com qualidade extraordin\u00e1ria.<\/p>\n<p>&nbsp;<\/p>\n<p><img loading=\"lazy\" decoding=\"async\" class=\"aligncenter size-medium wp-image-1378\" src=\"https:\/\/bio.ufpr.br\/ctaf\/wp-content\/uploads\/sites\/47\/2023\/06\/storm-6-225x300.jpg\" alt=\"storm (6)\" width=\"225\" height=\"300\" srcset=\"https:\/\/bio.ufpr.br\/ctaf\/wp-content\/uploads\/sites\/47\/2023\/06\/storm-6-225x300.jpg 225w, https:\/\/bio.ufpr.br\/ctaf\/wp-content\/uploads\/sites\/47\/2023\/06\/storm-6-768x1024.jpg 768w\" sizes=\"auto, (max-width: 225px) 100vw, 225px\" \/>\u00a0<img loading=\"lazy\" decoding=\"async\" class=\"aligncenter size-medium wp-image-1377\" src=\"https:\/\/bio.ufpr.br\/ctaf\/wp-content\/uploads\/sites\/47\/2023\/06\/Storm-5-225x300.jpg\" alt=\"Storm (5)\" width=\"225\" height=\"300\" srcset=\"https:\/\/bio.ufpr.br\/ctaf\/wp-content\/uploads\/sites\/47\/2023\/06\/Storm-5-225x300.jpg 225w, https:\/\/bio.ufpr.br\/ctaf\/wp-content\/uploads\/sites\/47\/2023\/06\/Storm-5-768x1024.jpg 768w\" sizes=\"auto, (max-width: 225px) 100vw, 225px\" \/>\u00a0<img loading=\"lazy\" decoding=\"async\" class=\"aligncenter size-medium wp-image-1381\" src=\"https:\/\/bio.ufpr.br\/ctaf\/wp-content\/uploads\/sites\/47\/2023\/06\/Storm-12-225x300.jpg\" alt=\"Storm (12)\" width=\"225\" height=\"300\" srcset=\"https:\/\/bio.ufpr.br\/ctaf\/wp-content\/uploads\/sites\/47\/2023\/06\/Storm-12-225x300.jpg 225w, https:\/\/bio.ufpr.br\/ctaf\/wp-content\/uploads\/sites\/47\/2023\/06\/Storm-12-768x1024.jpg 768w\" sizes=\"auto, (max-width: 225px) 100vw, 225px\" \/>\u00a0<img loading=\"lazy\" decoding=\"async\" class=\"aligncenter size-medium wp-image-1383\" src=\"https:\/\/bio.ufpr.br\/ctaf\/wp-content\/uploads\/sites\/47\/2023\/06\/Storm-14-225x300.jpg\" alt=\"Storm (14)\" width=\"225\" height=\"300\" srcset=\"https:\/\/bio.ufpr.br\/ctaf\/wp-content\/uploads\/sites\/47\/2023\/06\/Storm-14-225x300.jpg 225w, https:\/\/bio.ufpr.br\/ctaf\/wp-content\/uploads\/sites\/47\/2023\/06\/Storm-14-768x1024.jpg 768w\" sizes=\"auto, (max-width: 225px) 100vw, 225px\" \/>\u00a0<img loading=\"lazy\" decoding=\"async\" class=\"aligncenter size-medium wp-image-1379\" src=\"https:\/\/bio.ufpr.br\/ctaf\/wp-content\/uploads\/sites\/47\/2023\/06\/storm-9-300x225.jpg\" alt=\"storm (9)\" width=\"300\" height=\"225\" srcset=\"https:\/\/bio.ufpr.br\/ctaf\/wp-content\/uploads\/sites\/47\/2023\/06\/storm-9-300x225.jpg 300w, https:\/\/bio.ufpr.br\/ctaf\/wp-content\/uploads\/sites\/47\/2023\/06\/storm-9-768x576.jpg 768w, https:\/\/bio.ufpr.br\/ctaf\/wp-content\/uploads\/sites\/47\/2023\/06\/storm-9-1024x768.jpg 1024w\" sizes=\"auto, (max-width: 300px) 100vw, 300px\" \/>\u00a0<img loading=\"lazy\" decoding=\"async\" class=\"aligncenter size-medium wp-image-1375\" src=\"https:\/\/bio.ufpr.br\/ctaf\/wp-content\/uploads\/sites\/47\/2023\/06\/storm-2-300x225.jpg\" alt=\"storm (2)\" width=\"300\" height=\"225\" srcset=\"https:\/\/bio.ufpr.br\/ctaf\/wp-content\/uploads\/sites\/47\/2023\/06\/storm-2-300x225.jpg 300w, https:\/\/bio.ufpr.br\/ctaf\/wp-content\/uploads\/sites\/47\/2023\/06\/storm-2-768x576.jpg 768w, https:\/\/bio.ufpr.br\/ctaf\/wp-content\/uploads\/sites\/47\/2023\/06\/storm-2-1024x768.jpg 1024w\" sizes=\"auto, (max-width: 300px) 100vw, 300px\" \/>\u00a0<img loading=\"lazy\" decoding=\"async\" class=\"aligncenter size-medium wp-image-1374\" src=\"https:\/\/bio.ufpr.br\/ctaf\/wp-content\/uploads\/sites\/47\/2023\/06\/storm-1-225x300.jpg\" alt=\"storm (1)\" width=\"225\" height=\"300\" srcset=\"https:\/\/bio.ufpr.br\/ctaf\/wp-content\/uploads\/sites\/47\/2023\/06\/storm-1-225x300.jpg 225w, https:\/\/bio.ufpr.br\/ctaf\/wp-content\/uploads\/sites\/47\/2023\/06\/storm-1-768x1024.jpg 768w\" sizes=\"auto, (max-width: 225px) 100vw, 225px\" \/><\/p>\n","protected":false},"excerpt":{"rendered":"<p>Super resolu\u00e7\u00e3o Nikon Eclipse Ti. Microsc\u00f3pio invertido, com objetivas de 10X. 20X e 100X. Fixado em mesa anti-vibra\u00e7\u00e3o (TMC Vibration control), para produ\u00e7\u00e3o de imagens com qualidade extraordin\u00e1ria. &nbsp; \u00a0\u00a0\u00a0\u00a0\u00a0\u00a0<\/p>\n","protected":false},"author":1998,"featured_media":0,"parent":0,"menu_order":0,"comment_status":"closed","ping_status":"closed","template":"","meta":{"_acf_changed":false,"_monsterinsights_skip_tracking":false,"_monsterinsights_sitenote_active":false,"_monsterinsights_sitenote_note":"","_monsterinsights_sitenote_category":0,"footnotes":""},"class_list":["post-1172","page","type-page","status-publish","hentry"],"acf":[],"_links":{"self":[{"href":"https:\/\/bio.ufpr.br\/ctaf\/wp-json\/wp\/v2\/pages\/1172","targetHints":{"allow":["GET"]}}],"collection":[{"href":"https:\/\/bio.ufpr.br\/ctaf\/wp-json\/wp\/v2\/pages"}],"about":[{"href":"https:\/\/bio.ufpr.br\/ctaf\/wp-json\/wp\/v2\/types\/page"}],"author":[{"embeddable":true,"href":"https:\/\/bio.ufpr.br\/ctaf\/wp-json\/wp\/v2\/users\/1998"}],"replies":[{"embeddable":true,"href":"https:\/\/bio.ufpr.br\/ctaf\/wp-json\/wp\/v2\/comments?post=1172"}],"version-history":[{"count":10,"href":"https:\/\/bio.ufpr.br\/ctaf\/wp-json\/wp\/v2\/pages\/1172\/revisions"}],"predecessor-version":[{"id":1392,"href":"https:\/\/bio.ufpr.br\/ctaf\/wp-json\/wp\/v2\/pages\/1172\/revisions\/1392"}],"wp:attachment":[{"href":"https:\/\/bio.ufpr.br\/ctaf\/wp-json\/wp\/v2\/media?parent=1172"}],"curies":[{"name":"wp","href":"https:\/\/api.w.org\/{rel}","templated":true}]}}