{"id":1176,"date":"2023-11-10T10:26:21","date_gmt":"2023-11-10T10:26:21","guid":{"rendered":"https:\/\/bio.ufpr.br\/ctaf\/?page_id=1176"},"modified":"2024-06-12T19:46:58","modified_gmt":"2024-06-12T19:46:58","slug":"macrotomo-leica","status":"publish","type":"page","link":"https:\/\/bio.ufpr.br\/ctaf\/macrotomo-leica\/","title":{"rendered":"Criomacr\u00f3tomo Leica"},"content":{"rendered":"<div class=\"search-results-title\"><strong>Leica CM3600 XP<\/strong><\/div>\n<div class=\"search-results-title\"><\/div>\n<div class=\"search-results-body\">O Leica CM3600 XP \u00e9 o criomacr\u00f3tomo para corte de corpo inteiro, utilizado principalmente para investigar quantitativamente o efeito de compostos rotulados, farmac\u00eauticos e biol\u00f3gicos em estudos pr\u00e9-cl\u00ednicos. Tamb\u00e9m pode ser utilizado para an\u00e1lise anat\u00f4mica e morfol\u00f3gica de objetos grandes, incluindo crioplanagem para reconstru\u00e7\u00e3o 3D.<\/div>\n<div class=\"search-results-body\">O CM3600 XP \u00e9 a solu\u00e7\u00e3o ideal para instala\u00e7\u00f5es que necessitem de cortes de objetos grandes com documenta\u00e7\u00e3o de todas as experi\u00eancias, conforme requerido pelas BPL. A documenta\u00e7\u00e3o dos par\u00e2metros experimentais suporta a reprodutibilidade das experi\u00eancias para todas as institui\u00e7\u00f5es de investiga\u00e7\u00e3o.<\/div>\n<div class=\"search-results-body\"><\/div>\n<div class=\"search-results-body\">\n<p>Interessado em utilizar este equipamento?<\/p>\n<p>Saiba como em:\u00a0<a href=\"https:\/\/bio.ufpr.br\/ctaf\/agendamento\/\">Agendamento<\/a><\/p>\n<p>Confira a disponibilidade de uso em:\u00a0<a href=\"https:\/\/bio.ufpr.br\/ctaf\/agenda\/\">Agenda<\/a><\/p>\n<p>Ou entre em contato conosco:\u00a0<a href=\"https:\/\/bio.ufpr.br\/ctaf\/contato\/\">Contato<\/a><\/p>\n<\/div>\n<div class=\"search-results-body\"><\/div>\n<div class=\"search-results-body\"><\/div>\n<div class=\"search-results-body\"><\/div>\n<div class=\"search-results-body\"><\/div>\n<p><img loading=\"lazy\" decoding=\"async\" class=\"aligncenter size-medium wp-image-1418\" src=\"https:\/\/bio.ufpr.br\/ctaf\/wp-content\/uploads\/sites\/47\/2023\/09\/macr\u00f3tomo-5-300x225.jpg\" alt=\"macr\u00f3tomo (5)\" width=\"300\" height=\"225\" srcset=\"https:\/\/bio.ufpr.br\/ctaf\/wp-content\/uploads\/sites\/47\/2023\/09\/macr\u00f3tomo-5-300x225.jpg 300w, https:\/\/bio.ufpr.br\/ctaf\/wp-content\/uploads\/sites\/47\/2023\/09\/macr\u00f3tomo-5-768x576.jpg 768w, https:\/\/bio.ufpr.br\/ctaf\/wp-content\/uploads\/sites\/47\/2023\/09\/macr\u00f3tomo-5-1024x768.jpg 1024w\" sizes=\"auto, (max-width: 300px) 100vw, 300px\" \/>\u00a0<img loading=\"lazy\" decoding=\"async\" class=\"aligncenter size-medium wp-image-1417\" src=\"https:\/\/bio.ufpr.br\/ctaf\/wp-content\/uploads\/sites\/47\/2023\/09\/macr\u00f3tomo-4-300x225.jpg\" alt=\"macr\u00f3tomo (4)\" width=\"300\" height=\"225\" srcset=\"https:\/\/bio.ufpr.br\/ctaf\/wp-content\/uploads\/sites\/47\/2023\/09\/macr\u00f3tomo-4-300x225.jpg 300w, https:\/\/bio.ufpr.br\/ctaf\/wp-content\/uploads\/sites\/47\/2023\/09\/macr\u00f3tomo-4-768x576.jpg 768w, https:\/\/bio.ufpr.br\/ctaf\/wp-content\/uploads\/sites\/47\/2023\/09\/macr\u00f3tomo-4-1024x768.jpg 1024w\" sizes=\"auto, (max-width: 300px) 100vw, 300px\" \/>\u00a0<img loading=\"lazy\" decoding=\"async\" class=\"aligncenter size-medium wp-image-1415\" src=\"https:\/\/bio.ufpr.br\/ctaf\/wp-content\/uploads\/sites\/47\/2023\/09\/macr\u00f3tomo-2-300x225.jpg\" alt=\"macr\u00f3tomo (2)\" width=\"300\" height=\"225\" srcset=\"https:\/\/bio.ufpr.br\/ctaf\/wp-content\/uploads\/sites\/47\/2023\/09\/macr\u00f3tomo-2-300x225.jpg 300w, https:\/\/bio.ufpr.br\/ctaf\/wp-content\/uploads\/sites\/47\/2023\/09\/macr\u00f3tomo-2-768x576.jpg 768w, https:\/\/bio.ufpr.br\/ctaf\/wp-content\/uploads\/sites\/47\/2023\/09\/macr\u00f3tomo-2-1024x768.jpg 1024w\" sizes=\"auto, (max-width: 300px) 100vw, 300px\" \/><\/p>\n<p>.\u00a0<img loading=\"lazy\" decoding=\"async\" class=\"aligncenter size-medium wp-image-1416\" src=\"https:\/\/bio.ufpr.br\/ctaf\/wp-content\/uploads\/sites\/47\/2023\/09\/macr\u00f3tomo-3-225x300.jpg\" alt=\"macr\u00f3tomo (3)\" width=\"225\" height=\"300\" srcset=\"https:\/\/bio.ufpr.br\/ctaf\/wp-content\/uploads\/sites\/47\/2023\/09\/macr\u00f3tomo-3-225x300.jpg 225w, https:\/\/bio.ufpr.br\/ctaf\/wp-content\/uploads\/sites\/47\/2023\/09\/macr\u00f3tomo-3-768x1024.jpg 768w\" sizes=\"auto, (max-width: 225px) 100vw, 225px\" \/>\u00a0<img loading=\"lazy\" decoding=\"async\" class=\"aligncenter size-medium wp-image-1414\" src=\"https:\/\/bio.ufpr.br\/ctaf\/wp-content\/uploads\/sites\/47\/2023\/09\/macr\u00f3tomo-1-225x300.jpg\" alt=\"macr\u00f3tomo (1)\" width=\"225\" height=\"300\" srcset=\"https:\/\/bio.ufpr.br\/ctaf\/wp-content\/uploads\/sites\/47\/2023\/09\/macr\u00f3tomo-1-225x300.jpg 225w, https:\/\/bio.ufpr.br\/ctaf\/wp-content\/uploads\/sites\/47\/2023\/09\/macr\u00f3tomo-1-768x1024.jpg 768w\" sizes=\"auto, (max-width: 225px) 100vw, 225px\" \/><\/p>\n<p>Hist\u00f3rico do primeiro e, at\u00e9 ent\u00e3o, \u00fanico\u00a0<strong>Leica CM3600 XP\u00a0<\/strong>na Am\u00e9rica Latina.<\/p>\n<p>11 a 15\/setembro\/23: Treinamento t\u00e9cnico especializado da Leica no <strong>CTAF.<\/strong><\/p>\n<p>04\/setembro\/2023: Criomacr\u00f3tomo montado.<\/p>\n<p>20\/junho\/2023: Espere mais um pouquinho! O nosso macr\u00f3tomo j\u00e1 chegou e est\u00e1 aguardando instala\u00e7\u00e3o.<\/p>\n<p>Criomacr\u00f3tomo Leica 220 V ser\u00e1 mais uma super m\u00e1quina do <strong>CTAF<\/strong> e, assim que isso acontecer, estar\u00e1 dispon\u00edvel.<\/p>\n<p><img loading=\"lazy\" decoding=\"async\" class=\"aligncenter size-medium wp-image-1274\" src=\"https:\/\/bio.ufpr.br\/ctaf\/wp-content\/uploads\/sites\/47\/2023\/06\/macro-leica-4-300x225.jpg\" alt=\"macro leica (4)\" width=\"300\" height=\"225\" srcset=\"https:\/\/bio.ufpr.br\/ctaf\/wp-content\/uploads\/sites\/47\/2023\/06\/macro-leica-4-300x225.jpg 300w, https:\/\/bio.ufpr.br\/ctaf\/wp-content\/uploads\/sites\/47\/2023\/06\/macro-leica-4-768x576.jpg 768w, https:\/\/bio.ufpr.br\/ctaf\/wp-content\/uploads\/sites\/47\/2023\/06\/macro-leica-4-1024x768.jpg 1024w\" sizes=\"auto, (max-width: 300px) 100vw, 300px\" \/>\u00a0<img loading=\"lazy\" decoding=\"async\" class=\"aligncenter size-medium wp-image-1272\" src=\"https:\/\/bio.ufpr.br\/ctaf\/wp-content\/uploads\/sites\/47\/2023\/06\/macro-leica-2-300x225.jpg\" alt=\"macro leica (2)\" width=\"300\" height=\"225\" srcset=\"https:\/\/bio.ufpr.br\/ctaf\/wp-content\/uploads\/sites\/47\/2023\/06\/macro-leica-2-300x225.jpg 300w, https:\/\/bio.ufpr.br\/ctaf\/wp-content\/uploads\/sites\/47\/2023\/06\/macro-leica-2-768x576.jpg 768w, https:\/\/bio.ufpr.br\/ctaf\/wp-content\/uploads\/sites\/47\/2023\/06\/macro-leica-2-1024x768.jpg 1024w\" sizes=\"auto, (max-width: 300px) 100vw, 300px\" \/><\/p>\n<p><img loading=\"lazy\" decoding=\"async\" class=\"aligncenter size-medium wp-image-1271\" src=\"https:\/\/bio.ufpr.br\/ctaf\/wp-content\/uploads\/sites\/47\/2023\/06\/macro-leica-1-225x300.jpg\" alt=\"macro leica (1)\" width=\"225\" height=\"300\" srcset=\"https:\/\/bio.ufpr.br\/ctaf\/wp-content\/uploads\/sites\/47\/2023\/06\/macro-leica-1-225x300.jpg 225w, https:\/\/bio.ufpr.br\/ctaf\/wp-content\/uploads\/sites\/47\/2023\/06\/macro-leica-1-768x1024.jpg 768w\" sizes=\"auto, (max-width: 225px) 100vw, 225px\" \/>\u00a0<img loading=\"lazy\" decoding=\"async\" class=\"aligncenter size-medium wp-image-1273\" src=\"https:\/\/bio.ufpr.br\/ctaf\/wp-content\/uploads\/sites\/47\/2023\/06\/macro-leica-3-225x300.jpg\" alt=\"macro leica (3)\" width=\"225\" height=\"300\" srcset=\"https:\/\/bio.ufpr.br\/ctaf\/wp-content\/uploads\/sites\/47\/2023\/06\/macro-leica-3-225x300.jpg 225w, https:\/\/bio.ufpr.br\/ctaf\/wp-content\/uploads\/sites\/47\/2023\/06\/macro-leica-3-768x1024.jpg 768w\" sizes=\"auto, (max-width: 225px) 100vw, 225px\" \/><\/p>\n","protected":false},"excerpt":{"rendered":"<p>Leica CM3600 XP O Leica CM3600 XP \u00e9 o criomacr\u00f3tomo para corte de corpo inteiro, utilizado principalmente para investigar quantitativamente o efeito de compostos rotulados, farmac\u00eauticos e biol\u00f3gicos em estudos pr\u00e9-cl\u00ednicos. Tamb\u00e9m pode ser utilizado para an\u00e1lise anat\u00f4mica e morfol\u00f3gica de objetos grandes, incluindo crioplanagem para reconstru\u00e7\u00e3o 3D. O CM3600 XP \u00e9 a solu\u00e7\u00e3o ideal [&hellip;]<\/p>\n","protected":false},"author":1998,"featured_media":0,"parent":0,"menu_order":0,"comment_status":"closed","ping_status":"closed","template":"","meta":{"_acf_changed":false,"_monsterinsights_skip_tracking":false,"_monsterinsights_sitenote_active":false,"_monsterinsights_sitenote_note":"","_monsterinsights_sitenote_category":0,"footnotes":""},"class_list":["post-1176","page","type-page","status-publish","hentry"],"acf":[],"_links":{"self":[{"href":"https:\/\/bio.ufpr.br\/ctaf\/wp-json\/wp\/v2\/pages\/1176","targetHints":{"allow":["GET"]}}],"collection":[{"href":"https:\/\/bio.ufpr.br\/ctaf\/wp-json\/wp\/v2\/pages"}],"about":[{"href":"https:\/\/bio.ufpr.br\/ctaf\/wp-json\/wp\/v2\/types\/page"}],"author":[{"embeddable":true,"href":"https:\/\/bio.ufpr.br\/ctaf\/wp-json\/wp\/v2\/users\/1998"}],"replies":[{"embeddable":true,"href":"https:\/\/bio.ufpr.br\/ctaf\/wp-json\/wp\/v2\/comments?post=1176"}],"version-history":[{"count":18,"href":"https:\/\/bio.ufpr.br\/ctaf\/wp-json\/wp\/v2\/pages\/1176\/revisions"}],"predecessor-version":[{"id":1508,"href":"https:\/\/bio.ufpr.br\/ctaf\/wp-json\/wp\/v2\/pages\/1176\/revisions\/1508"}],"wp:attachment":[{"href":"https:\/\/bio.ufpr.br\/ctaf\/wp-json\/wp\/v2\/media?parent=1176"}],"curies":[{"name":"wp","href":"https:\/\/api.w.org\/{rel}","templated":true}]}}