{"id":1607,"date":"2025-09-15T15:04:56","date_gmt":"2025-09-15T15:04:56","guid":{"rendered":"https:\/\/bio.ufpr.br\/ctaf\/?page_id=1607"},"modified":"2025-09-15T19:43:30","modified_gmt":"2025-09-15T19:43:30","slug":"nikon-e800","status":"publish","type":"page","link":"https:\/\/bio.ufpr.br\/ctaf\/nikon-e800\/","title":{"rendered":"Nikon E800"},"content":{"rendered":"<p><strong>Microsc\u00f3pio Nikon Eclipse E800 (BioRad)<\/strong><\/p>\n<p>&nbsp;<\/p>\n<p>Equipamento em manuten\u00e7\u00e3o; em breve, dispon\u00edvel no CTAF.<\/p>\n<p>Um microsc\u00f3pio mais antigo que continua vers\u00e1til e \u00fatil. Este modelo da linha Eclipse foi comercializado no final da d\u00e9cada de 90.<\/p>\n<p><img loading=\"lazy\" decoding=\"async\" class=\"size-medium wp-image-1609 alignnone\" src=\"https:\/\/bio.ufpr.br\/ctaf\/wp-content\/uploads\/sites\/47\/2025\/09\/e800-imagem-ilustrativa-233x300.jpg\" alt=\"\" width=\"233\" height=\"300\" srcset=\"https:\/\/bio.ufpr.br\/ctaf\/wp-content\/uploads\/sites\/47\/2025\/09\/e800-imagem-ilustrativa-233x300.jpg 233w, https:\/\/bio.ufpr.br\/ctaf\/wp-content\/uploads\/sites\/47\/2025\/09\/e800-imagem-ilustrativa-796x1024.jpg 796w, https:\/\/bio.ufpr.br\/ctaf\/wp-content\/uploads\/sites\/47\/2025\/09\/e800-imagem-ilustrativa-768x988.jpg 768w, https:\/\/bio.ufpr.br\/ctaf\/wp-content\/uploads\/sites\/47\/2025\/09\/e800-imagem-ilustrativa.jpg 899w\" sizes=\"auto, (max-width: 233px) 100vw, 233px\" \/><\/p>\n<p style=\"text-align: left\"><em>imagem meramente ilustrativa<\/em><\/p>\n<p>&nbsp;<\/p>\n<p>A seguir, fotos realizadas em setembro de 2025 do microsc\u00f3pio UFPR.<\/p>\n<p><img loading=\"lazy\" decoding=\"async\" class=\"aligncenter size-medium wp-image-1617\" src=\"https:\/\/bio.ufpr.br\/ctaf\/wp-content\/uploads\/sites\/47\/2025\/09\/E800-1-300x169.jpeg\" alt=\"\" width=\"300\" height=\"169\" srcset=\"https:\/\/bio.ufpr.br\/ctaf\/wp-content\/uploads\/sites\/47\/2025\/09\/E800-1-300x169.jpeg 300w, https:\/\/bio.ufpr.br\/ctaf\/wp-content\/uploads\/sites\/47\/2025\/09\/E800-1-1024x576.jpeg 1024w, https:\/\/bio.ufpr.br\/ctaf\/wp-content\/uploads\/sites\/47\/2025\/09\/E800-1-768x432.jpeg 768w, https:\/\/bio.ufpr.br\/ctaf\/wp-content\/uploads\/sites\/47\/2025\/09\/E800-1-1536x864.jpeg 1536w, https:\/\/bio.ufpr.br\/ctaf\/wp-content\/uploads\/sites\/47\/2025\/09\/E800-1-2048x1152.jpeg 2048w\" sizes=\"auto, (max-width: 300px) 100vw, 300px\" \/><\/p>\n<p><img loading=\"lazy\" decoding=\"async\" class=\"aligncenter size-medium wp-image-1622\" src=\"https:\/\/bio.ufpr.br\/ctaf\/wp-content\/uploads\/sites\/47\/2025\/09\/E800-4-225x300.jpg\" alt=\"\" width=\"225\" height=\"300\" srcset=\"https:\/\/bio.ufpr.br\/ctaf\/wp-content\/uploads\/sites\/47\/2025\/09\/E800-4-225x300.jpg 225w, https:\/\/bio.ufpr.br\/ctaf\/wp-content\/uploads\/sites\/47\/2025\/09\/E800-4-768x1024.jpg 768w, https:\/\/bio.ufpr.br\/ctaf\/wp-content\/uploads\/sites\/47\/2025\/09\/E800-4.jpg 960w\" sizes=\"auto, (max-width: 225px) 100vw, 225px\" \/> <img loading=\"lazy\" decoding=\"async\" class=\"aligncenter size-medium wp-image-1621\" src=\"https:\/\/bio.ufpr.br\/ctaf\/wp-content\/uploads\/sites\/47\/2025\/09\/E800-3-225x300.jpg\" alt=\"\" width=\"225\" height=\"300\" srcset=\"https:\/\/bio.ufpr.br\/ctaf\/wp-content\/uploads\/sites\/47\/2025\/09\/E800-3-225x300.jpg 225w, https:\/\/bio.ufpr.br\/ctaf\/wp-content\/uploads\/sites\/47\/2025\/09\/E800-3-768x1024.jpg 768w, https:\/\/bio.ufpr.br\/ctaf\/wp-content\/uploads\/sites\/47\/2025\/09\/E800-3.jpg 960w\" sizes=\"auto, (max-width: 225px) 100vw, 225px\" \/> <img loading=\"lazy\" decoding=\"async\" class=\"aligncenter size-medium wp-image-1620\" src=\"https:\/\/bio.ufpr.br\/ctaf\/wp-content\/uploads\/sites\/47\/2025\/09\/E800-2-225x300.jpg\" alt=\"\" width=\"225\" height=\"300\" srcset=\"https:\/\/bio.ufpr.br\/ctaf\/wp-content\/uploads\/sites\/47\/2025\/09\/E800-2-225x300.jpg 225w, https:\/\/bio.ufpr.br\/ctaf\/wp-content\/uploads\/sites\/47\/2025\/09\/E800-2-768x1024.jpg 768w, https:\/\/bio.ufpr.br\/ctaf\/wp-content\/uploads\/sites\/47\/2025\/09\/E800-2.jpg 960w\" sizes=\"auto, (max-width: 225px) 100vw, 225px\" \/><\/p>\n","protected":false},"excerpt":{"rendered":"<p>Microsc\u00f3pio Nikon Eclipse E800 (BioRad) &nbsp; Equipamento em manuten\u00e7\u00e3o; em breve, dispon\u00edvel no CTAF. Um microsc\u00f3pio mais antigo que continua vers\u00e1til e \u00fatil. Este modelo da linha Eclipse foi comercializado no final da d\u00e9cada de 90. imagem meramente ilustrativa &nbsp; A seguir, fotos realizadas em setembro de 2025 do microsc\u00f3pio UFPR.<\/p>\n","protected":false},"author":1998,"featured_media":0,"parent":0,"menu_order":0,"comment_status":"closed","ping_status":"closed","template":"","meta":{"_acf_changed":false,"_monsterinsights_skip_tracking":false,"_monsterinsights_sitenote_active":false,"_monsterinsights_sitenote_note":"","_monsterinsights_sitenote_category":0,"footnotes":""},"class_list":["post-1607","page","type-page","status-publish","hentry"],"acf":[],"_links":{"self":[{"href":"https:\/\/bio.ufpr.br\/ctaf\/wp-json\/wp\/v2\/pages\/1607","targetHints":{"allow":["GET"]}}],"collection":[{"href":"https:\/\/bio.ufpr.br\/ctaf\/wp-json\/wp\/v2\/pages"}],"about":[{"href":"https:\/\/bio.ufpr.br\/ctaf\/wp-json\/wp\/v2\/types\/page"}],"author":[{"embeddable":true,"href":"https:\/\/bio.ufpr.br\/ctaf\/wp-json\/wp\/v2\/users\/1998"}],"replies":[{"embeddable":true,"href":"https:\/\/bio.ufpr.br\/ctaf\/wp-json\/wp\/v2\/comments?post=1607"}],"version-history":[{"count":8,"href":"https:\/\/bio.ufpr.br\/ctaf\/wp-json\/wp\/v2\/pages\/1607\/revisions"}],"predecessor-version":[{"id":1627,"href":"https:\/\/bio.ufpr.br\/ctaf\/wp-json\/wp\/v2\/pages\/1607\/revisions\/1627"}],"wp:attachment":[{"href":"https:\/\/bio.ufpr.br\/ctaf\/wp-json\/wp\/v2\/media?parent=1607"}],"curies":[{"name":"wp","href":"https:\/\/api.w.org\/{rel}","templated":true}]}}