{"id":412,"date":"2017-11-21T11:25:08","date_gmt":"2017-11-21T11:25:08","guid":{"rendered":"https:\/\/bio.ufpr.br\/ctaf\/?page_id=412"},"modified":"2026-04-02T13:59:42","modified_gmt":"2026-04-02T13:59:42","slug":"agenda","status":"publish","type":"page","link":"https:\/\/bio.ufpr.br\/ctaf\/agenda\/","title":{"rendered":"Agenda"},"content":{"rendered":"<h4 style=\"text-align: center\"><span style=\"color: #000000\"><strong>Confira abaixo a agenda dos equipamentos e depois acesse:<\/strong><br \/>\n<strong><a href=\"https:\/\/bio.ufpr.br\/ctaf\/agendamento\/\">bio.ufpr.br\/ctaf\/agendamento\/<\/a> <\/strong><br \/>\n<strong>para solicitar o agendamento.<\/strong><br \/>\n<\/span><\/h4>\n<p>&nbsp;<\/p>\n<table style=\"height: 266px\" width=\"1085\">\n<tbody>\n<tr>\n<td style=\"text-align: center\"><strong>Microsc\u00f3pios<\/strong><\/td>\n<td style=\"text-align: center\"><strong style=\"text-align: center\">Cit\u00f4metros<\/strong><\/td>\n<td style=\"text-align: center\"><strong style=\"text-align: center\">Computadores<\/strong><\/td>\n<\/tr>\n<tr>\n<td style=\"text-align: center\"><span style=\"color: #0000ff\"><a style=\"color: #0000ff\" href=\"https:\/\/calendar.google.com\/calendar\/embed?src=qpe3nm5q4a3t5dq9m8imb47998%40group.calendar.google.com&amp;ctz=America%2FSao_Paulo\">Confocal A1R MP+ Nikon<\/a><\/span><\/td>\n<td style=\"text-align: center\"><span style=\"color: #0000ff\">FACS Melody BD<\/span><\/td>\n<td style=\"text-align: center\"><span style=\"color: #0000ff\"><a style=\"color: #0000ff\" href=\"https:\/\/calendar.google.com\/calendar\/embed?src=kfpll3ia2i8lhhqht82vsk5jbo%40group.calendar.google.com&amp;ctz=America%2FSao_Paulo\">Esta\u00e7\u00e3o de trabalho Nikon<\/a><\/span><\/td>\n<\/tr>\n<tr>\n<td style=\"text-align: center\"><span style=\"color: #0000ff\"><a style=\"color: #0000ff\" href=\"https:\/\/calendar.google.com\/calendar\/embed?src=8lndal6vlshjguqp52pok3scf0%40group.calendar.google.com&amp;ctz=America%2FSao_Paulo\">Esc\u00e2ner de l\u00e2minas Zeiss<\/a><\/span><\/td>\n<td style=\"text-align: center\"><span style=\"color: #0000ff\">FACS Calibur BD<\/span><\/td>\n<td style=\"text-align: center\"><span style=\"color: #0000ff\"><a style=\"color: #0000ff\" href=\"https:\/\/calendar.google.com\/calendar\/embed?src=2d6872e543813e153e4ea3f475b00a96ce451e45570da93f0b623ad912bee94c%40group.calendar.google.com&amp;ctz=America%2FSao_Paulo\">Esta\u00e7\u00e3o de trabalho CTAF 01<\/a><\/span><\/td>\n<\/tr>\n<tr>\n<td style=\"text-align: center\"><span style=\"color: #0000ff\"><a style=\"color: #0000ff\" href=\"https:\/\/calendar.google.com\/calendar\/embed?src=0vta2mgmigvphbp3a6qmi5igtg%40group.calendar.google.com&amp;ctz=America%2FSao_Paulo\">Olympus BX51<\/a><\/span><\/td>\n<td><\/td>\n<td style=\"text-align: center\"><a href=\"https:\/\/bio.ufpr.br\/ctaf\/estacao-de-trabalho-zeiss\/\"><span style=\"color: #0000ff\">Esta\u00e7\u00e3o de trabalho Zeiss<\/span><\/a><\/td>\n<\/tr>\n<tr>\n<td style=\"text-align: center\"><span style=\"color: #0000ff\"><a style=\"color: #0000ff\" href=\"https:\/\/calendar.google.com\/calendar\/embed?src=vnrts0bf1tr527q3vuqja71jco%40group.calendar.google.com&amp;ctz=America%2FSao_Paulo\">Axio LabA1 Zeiss<\/a><\/span><\/td>\n<td><\/td>\n<td style=\"text-align: center\"><span style=\"color: #0000ff\">Esta\u00e7\u00e3o de trabalho Backup<\/span><\/td>\n<\/tr>\n<tr>\n<td style=\"text-align: center\"><span style=\"color: #0000ff\"><a style=\"color: #0000ff\" href=\"https:\/\/calendar.google.com\/calendar\/embed?src=i8iq4poi3lv453u2kdd53u321c%40group.calendar.google.com&amp;ctz=America%2FSao_Paulo\">Axio Z1 Zeiss invertido<\/a><\/span><\/td>\n<td style=\"text-align: center\"><strong>Outros<\/strong><\/td>\n<td><\/td>\n<\/tr>\n<tr>\n<td style=\"text-align: center\"><span style=\"color: #0000ff\"><a style=\"color: #0000ff\" href=\"https:\/\/calendar.google.com\/calendar\/embed?src=8qn3mrkfgjqpo0nkflhedljhqs%40group.calendar.google.com&amp;ctz=America%2FSao_Paulo\">Microdissec\u00e7\u00e3o a laser Leica<\/a><\/span><\/td>\n<td style=\"text-align: center\"><a href=\"https:\/\/calendar.google.com\/calendar\/embed?src=42961ee9cc06cc6e6bdf6c4ece38a36f8ee3425f7a04a0ff095ba29b80dfabec%40group.calendar.google.com&amp;ctz=America%2FSao_Paulo\"><span style=\"color: #0000ff\">Criomacr\u00f3tomo Leica<\/span><\/a><\/td>\n<td style=\"text-align: center\"><\/td>\n<\/tr>\n<tr>\n<td style=\"text-align: center\"><a href=\"https:\/\/calendar.google.com\/calendar\/embed?src=ri0ojggeg4g088l07e8t9jcp60%40group.calendar.google.com&amp;ctz=America%2FSao_Paulo\"><span style=\"color: #0000ff\">Super resolu\u00e7\u00e3o N-Storm Nikon<\/span><\/a><\/td>\n<td style=\"text-align: center\"><span style=\"color: #0000ff\"><a style=\"color: #0000ff\" href=\"https:\/\/bio.ufpr.br\/ctaf\/sistema-de-imageamento-in-vivo\/\">Sistema In-Vivo FX PRO<\/a><\/span><\/td>\n<td style=\"text-align: center\"><\/td>\n<\/tr>\n<tr>\n<td style=\"text-align: center\"><span style=\"color: #0000ff\">E800 Nikon<\/span><\/td>\n<td><\/td>\n<td style=\"text-align: center\"><\/td>\n<\/tr>\n<\/tbody>\n<\/table>\n<p>&nbsp;<\/p>\n","protected":false},"excerpt":{"rendered":"<p>Confira abaixo a agenda dos equipamentos e depois acesse: bio.ufpr.br\/ctaf\/agendamento\/ para solicitar o agendamento. &nbsp; Microsc\u00f3pios Cit\u00f4metros Computadores Confocal A1R MP+ Nikon FACS Melody BD Esta\u00e7\u00e3o de trabalho Nikon Esc\u00e2ner de l\u00e2minas Zeiss FACS Calibur BD Esta\u00e7\u00e3o de trabalho CTAF 01 Olympus BX51 Esta\u00e7\u00e3o de trabalho Zeiss Axio LabA1 Zeiss Esta\u00e7\u00e3o de trabalho Backup Axio [&hellip;]<\/p>\n","protected":false},"author":6,"featured_media":0,"parent":0,"menu_order":0,"comment_status":"closed","ping_status":"closed","template":"","meta":{"_acf_changed":false,"_monsterinsights_skip_tracking":false,"_monsterinsights_sitenote_active":false,"_monsterinsights_sitenote_note":"","_monsterinsights_sitenote_category":0,"footnotes":""},"class_list":["post-412","page","type-page","status-publish","hentry"],"acf":[],"_links":{"self":[{"href":"https:\/\/bio.ufpr.br\/ctaf\/wp-json\/wp\/v2\/pages\/412","targetHints":{"allow":["GET"]}}],"collection":[{"href":"https:\/\/bio.ufpr.br\/ctaf\/wp-json\/wp\/v2\/pages"}],"about":[{"href":"https:\/\/bio.ufpr.br\/ctaf\/wp-json\/wp\/v2\/types\/page"}],"author":[{"embeddable":true,"href":"https:\/\/bio.ufpr.br\/ctaf\/wp-json\/wp\/v2\/users\/6"}],"replies":[{"embeddable":true,"href":"https:\/\/bio.ufpr.br\/ctaf\/wp-json\/wp\/v2\/comments?post=412"}],"version-history":[{"count":45,"href":"https:\/\/bio.ufpr.br\/ctaf\/wp-json\/wp\/v2\/pages\/412\/revisions"}],"predecessor-version":[{"id":1683,"href":"https:\/\/bio.ufpr.br\/ctaf\/wp-json\/wp\/v2\/pages\/412\/revisions\/1683"}],"wp:attachment":[{"href":"https:\/\/bio.ufpr.br\/ctaf\/wp-json\/wp\/v2\/media?parent=412"}],"curies":[{"name":"wp","href":"https:\/\/api.w.org\/{rel}","templated":true}]}}