{"id":415,"date":"2017-11-21T11:27:38","date_gmt":"2017-11-21T11:27:38","guid":{"rendered":"https:\/\/bio.ufpr.br\/ctaf\/?page_id=415"},"modified":"2026-02-26T18:51:18","modified_gmt":"2026-02-26T18:51:18","slug":"contato","status":"publish","type":"page","link":"https:\/\/bio.ufpr.br\/ctaf\/contato\/","title":{"rendered":"Contato"},"content":{"rendered":"<p><strong>E.mail principal:<\/strong>\u00a0ctaf@ufpr.br<strong>\u00a0<\/strong><\/p>\n<p><strong>E.mail alternativo:\u00a0<\/strong>ctaf.ufpr@gmail.com<\/p>\n<p><strong>Telefone:<\/strong>\u00a0(41) 3361-1584<\/p>\n<p><strong>Localiza\u00e7\u00e3o:<\/strong>\u00a0Centro Polit\u00e9cnico, Setor de Ci\u00eancias Biol\u00f3gicas.\u00a0 No t\u00e9rreo, em frente ao Almoxarifado.<\/p>\n<p><strong>Hor\u00e1rio de funcionamento:<\/strong>\u00a0das 8h \u00e0s 12h e das 13h \u00e0s 17h.<\/p>\n<p>Hor\u00e1rio de atendimento: das 9h \u00e0s 12h e das 13h30 \u00e0s 17h.<\/p>\n<p>&nbsp;<\/p>\n<p>Acesse o <strong>CTAF<\/strong> no portal <strong>PNIPE-MCTI<\/strong> pelo link &#8211;&gt;\u00a0<a href=\"https:\/\/pnipe.mcti.gov.br\/laboratory\/8776\">https:\/\/pnipe.mctic.gov.br\/laboratory\/8776<\/a><\/p>\n<p>&nbsp;<\/p>\n<p><strong>Coordenador do CTAF:<\/strong> Professor Doutor Edvaldo da Silva Trindade &#8211;\u00a0<strong>estrindade@ufpr.br<\/strong><\/p>\n<p>Curr\u00edculo Lattes\u00a0<a href=\"http:\/\/lattes.cnpq.br\/7677279818472797\">http:\/\/lattes.cnpq.br\/7677279818472797<\/a><\/p>\n<p><strong>T\u00e9cnicos: <\/strong>Me. Israel H. Bini, Me. Vanessa Coquemala e Dra. Elaine Cristina de Almeida Abreu.<\/p>\n<p>&nbsp;<\/p>\n<p><strong>Comit\u00ea gestor:<\/strong><\/p>\n<p>Prof. Dr. <span data-sheets-root=\"1\">Claudio da Cunha<\/span><\/p>\n<p>Prof. Dr. <span data-sheets-root=\"1\">Daniel Pacheco Bruschi\u00a0<\/span><\/p>\n<p>Prof. Dr. Edvaldo da Silva Trindade (coordenador)<\/p>\n<p>Prof. Dr. <span data-sheets-root=\"1\">Silvio Marques Zanata<\/span><\/p>\n<p>T\u00e9c. Me. Israel Henrique Bini (representante t\u00e9cnico)<\/p>\n<p>&nbsp;<\/p>\n<p>&nbsp;<\/p>\n<p><img loading=\"lazy\" decoding=\"async\" class=\"wp-image-1484 size-medium aligncenter\" src=\"https:\/\/bio.ufpr.br\/ctaf\/wp-content\/uploads\/sites\/47\/2024\/05\/placa-300x105.jpg\" alt=\"\" width=\"300\" height=\"105\" srcset=\"https:\/\/bio.ufpr.br\/ctaf\/wp-content\/uploads\/sites\/47\/2024\/05\/placa-300x105.jpg 300w, https:\/\/bio.ufpr.br\/ctaf\/wp-content\/uploads\/sites\/47\/2024\/05\/placa-1024x357.jpg 1024w, https:\/\/bio.ufpr.br\/ctaf\/wp-content\/uploads\/sites\/47\/2024\/05\/placa-768x268.jpg 768w, https:\/\/bio.ufpr.br\/ctaf\/wp-content\/uploads\/sites\/47\/2024\/05\/placa-1536x536.jpg 1536w, https:\/\/bio.ufpr.br\/ctaf\/wp-content\/uploads\/sites\/47\/2024\/05\/placa.jpg 1583w\" sizes=\"auto, (max-width: 300px) 100vw, 300px\" \/><\/p>\n","protected":false},"excerpt":{"rendered":"<p>E.mail principal:\u00a0ctaf@ufpr.br\u00a0 E.mail alternativo:\u00a0ctaf.ufpr@gmail.com Telefone:\u00a0(41) 3361-1584 Localiza\u00e7\u00e3o:\u00a0Centro Polit\u00e9cnico, Setor de Ci\u00eancias Biol\u00f3gicas.\u00a0 No t\u00e9rreo, em frente ao Almoxarifado. Hor\u00e1rio de funcionamento:\u00a0das 8h \u00e0s 12h e das 13h \u00e0s 17h. Hor\u00e1rio de atendimento: das 9h \u00e0s 12h e das 13h30 \u00e0s 17h. &nbsp; Acesse o CTAF no portal PNIPE-MCTI pelo link &#8211;&gt;\u00a0https:\/\/pnipe.mctic.gov.br\/laboratory\/8776 &nbsp; Coordenador do CTAF: [&hellip;]<\/p>\n","protected":false},"author":6,"featured_media":0,"parent":0,"menu_order":0,"comment_status":"closed","ping_status":"closed","template":"","meta":{"_acf_changed":false,"_monsterinsights_skip_tracking":false,"_monsterinsights_sitenote_active":false,"_monsterinsights_sitenote_note":"","_monsterinsights_sitenote_category":0,"footnotes":""},"class_list":["post-415","page","type-page","status-publish","hentry"],"acf":[],"_links":{"self":[{"href":"https:\/\/bio.ufpr.br\/ctaf\/wp-json\/wp\/v2\/pages\/415","targetHints":{"allow":["GET"]}}],"collection":[{"href":"https:\/\/bio.ufpr.br\/ctaf\/wp-json\/wp\/v2\/pages"}],"about":[{"href":"https:\/\/bio.ufpr.br\/ctaf\/wp-json\/wp\/v2\/types\/page"}],"author":[{"embeddable":true,"href":"https:\/\/bio.ufpr.br\/ctaf\/wp-json\/wp\/v2\/users\/6"}],"replies":[{"embeddable":true,"href":"https:\/\/bio.ufpr.br\/ctaf\/wp-json\/wp\/v2\/comments?post=415"}],"version-history":[{"count":28,"href":"https:\/\/bio.ufpr.br\/ctaf\/wp-json\/wp\/v2\/pages\/415\/revisions"}],"predecessor-version":[{"id":1675,"href":"https:\/\/bio.ufpr.br\/ctaf\/wp-json\/wp\/v2\/pages\/415\/revisions\/1675"}],"wp:attachment":[{"href":"https:\/\/bio.ufpr.br\/ctaf\/wp-json\/wp\/v2\/media?parent=415"}],"curies":[{"name":"wp","href":"https:\/\/api.w.org\/{rel}","templated":true}]}}