{"id":542,"date":"2020-04-24T18:46:57","date_gmt":"2020-04-24T18:46:57","guid":{"rendered":"https:\/\/bio.ufpr.br\/ctaf\/?page_id=542"},"modified":"2024-06-18T17:53:35","modified_gmt":"2024-06-18T17:53:35","slug":"axiolab-a1-zeiss","status":"publish","type":"page","link":"https:\/\/bio.ufpr.br\/ctaf\/axiolab-a1-zeiss\/","title":{"rendered":"Axio Lab.A1 ZEISS &#8211; Microsc\u00f3pio"},"content":{"rendered":"<p><img loading=\"lazy\" decoding=\"async\" class=\"alignnone size-medium wp-image-469\" src=\"https:\/\/bio.ufpr.br\/ctaf\/wp-content\/uploads\/sites\/47\/2019\/05\/Zeiss-AxioLabA1-300x168.jpg\" alt=\"Zeiss AxioLabA1\" width=\"300\" height=\"168\" srcset=\"https:\/\/bio.ufpr.br\/ctaf\/wp-content\/uploads\/sites\/47\/2019\/05\/Zeiss-AxioLabA1-300x168.jpg 300w, https:\/\/bio.ufpr.br\/ctaf\/wp-content\/uploads\/sites\/47\/2019\/05\/Zeiss-AxioLabA1-768x431.jpg 768w, https:\/\/bio.ufpr.br\/ctaf\/wp-content\/uploads\/sites\/47\/2019\/05\/Zeiss-AxioLabA1-1024x575.jpg 1024w, https:\/\/bio.ufpr.br\/ctaf\/wp-content\/uploads\/sites\/47\/2019\/05\/Zeiss-AxioLabA1.jpg 1040w\" sizes=\"auto, (max-width: 300px) 100vw, 300px\" \/><\/p>\n<p>O Microsc\u00f3pio Axio Lab.A1 ZEISS foi doado ao <strong>CTAF<\/strong> pelos professores Ruth Schadeck e Marco Randi, do Departamento de Biologia Celular UFPR.<\/p>\n<p>O Axio Lab.A1 faz parte de um conjunto de equipamentos que est\u00e3o inteiramente dispon\u00edveis \u00e0 comunidade acad\u00eamica. Ao solicitar o Lab.A1, o usu\u00e1rio \u00e9 treinado no <strong>CTAF<\/strong> e fica respons\u00e1vel por <strong>usar sozinho<\/strong> o microsc\u00f3pio e o computador, sempre com apoio t\u00e9cnico, mas com total <strong>autonomia.<\/strong><\/p>\n<p>O equipamento possibilita a captura de imagens em microscopia de campo claro, contraste de fase e polariza\u00e7\u00e3o. A c\u00e2mera \u00e9 a Axiocam ERc 5s.<\/p>\n<p>O Software Zen Blue, da Zeiss, permite capturas de diferentes planos focais (Z-Stack) e possibilita um escaneamento manual de amostras \u201cgrandes\u201d.<\/p>\n<p>Oculares de 10X. Objetivas de 5X, 10X, 20X, 40X e 100X. Objetiva de imers\u00e3o em \u00f3leo 100X.<\/p>\n<p>Contraste de fase: Ph1, Ph2, Ph3, DF e BF.<\/p>\n<p>Interessado em utilizar este equipamento?<\/p>\n<p>Saiba como em:\u00a0<a href=\"https:\/\/bio.ufpr.br\/ctaf\/agendamento\/\">Agendamento<\/a><\/p>\n<p>Confira a disponibilidade de uso em:\u00a0<a href=\"https:\/\/bio.ufpr.br\/ctaf\/agenda\/\">Agenda<\/a><\/p>\n<p>Ou entre em contato conosco:\u00a0<a href=\"https:\/\/bio.ufpr.br\/ctaf\/contato\/\">Contato<\/a><\/p>\n<p><img loading=\"lazy\" decoding=\"async\" class=\"aligncenter size-medium wp-image-1101\" src=\"https:\/\/bio.ufpr.br\/ctaf\/wp-content\/uploads\/sites\/47\/2023\/06\/LabA1-1-225x300.jpg\" alt=\"LabA1 (1)\" width=\"225\" height=\"300\" srcset=\"https:\/\/bio.ufpr.br\/ctaf\/wp-content\/uploads\/sites\/47\/2023\/06\/LabA1-1-225x300.jpg 225w, https:\/\/bio.ufpr.br\/ctaf\/wp-content\/uploads\/sites\/47\/2023\/06\/LabA1-1-768x1024.jpg 768w\" sizes=\"auto, (max-width: 225px) 100vw, 225px\" \/>\u00a0<img loading=\"lazy\" decoding=\"async\" class=\"aligncenter size-medium wp-image-1102\" src=\"https:\/\/bio.ufpr.br\/ctaf\/wp-content\/uploads\/sites\/47\/2023\/06\/LabA1-2-225x300.jpg\" alt=\"LabA1 (2)\" width=\"225\" height=\"300\" srcset=\"https:\/\/bio.ufpr.br\/ctaf\/wp-content\/uploads\/sites\/47\/2023\/06\/LabA1-2-225x300.jpg 225w, https:\/\/bio.ufpr.br\/ctaf\/wp-content\/uploads\/sites\/47\/2023\/06\/LabA1-2-768x1024.jpg 768w\" sizes=\"auto, (max-width: 225px) 100vw, 225px\" \/>\u00a0<img loading=\"lazy\" decoding=\"async\" class=\"aligncenter size-medium wp-image-1103\" src=\"https:\/\/bio.ufpr.br\/ctaf\/wp-content\/uploads\/sites\/47\/2023\/06\/LabA1-3-225x300.jpg\" alt=\"LabA1 (3)\" width=\"225\" height=\"300\" srcset=\"https:\/\/bio.ufpr.br\/ctaf\/wp-content\/uploads\/sites\/47\/2023\/06\/LabA1-3-225x300.jpg 225w, https:\/\/bio.ufpr.br\/ctaf\/wp-content\/uploads\/sites\/47\/2023\/06\/LabA1-3-768x1024.jpg 768w\" sizes=\"auto, (max-width: 225px) 100vw, 225px\" \/>\u00a0<img loading=\"lazy\" decoding=\"async\" class=\"aligncenter size-medium wp-image-1104\" src=\"https:\/\/bio.ufpr.br\/ctaf\/wp-content\/uploads\/sites\/47\/2023\/06\/LabA1-5-300x225.jpg\" alt=\"LabA1 (5)\" width=\"300\" height=\"225\" srcset=\"https:\/\/bio.ufpr.br\/ctaf\/wp-content\/uploads\/sites\/47\/2023\/06\/LabA1-5-300x225.jpg 300w, https:\/\/bio.ufpr.br\/ctaf\/wp-content\/uploads\/sites\/47\/2023\/06\/LabA1-5-768x576.jpg 768w, https:\/\/bio.ufpr.br\/ctaf\/wp-content\/uploads\/sites\/47\/2023\/06\/LabA1-5-1024x768.jpg 1024w\" sizes=\"auto, (max-width: 300px) 100vw, 300px\" \/><\/p>\n","protected":false},"excerpt":{"rendered":"<p>O Microsc\u00f3pio Axio Lab.A1 ZEISS foi doado ao CTAF pelos professores Ruth Schadeck e Marco Randi, do Departamento de Biologia Celular UFPR. O Axio Lab.A1 faz parte de um conjunto de equipamentos que est\u00e3o inteiramente dispon\u00edveis \u00e0 comunidade acad\u00eamica. Ao solicitar o Lab.A1, o usu\u00e1rio \u00e9 treinado no CTAF e fica respons\u00e1vel por usar sozinho [&hellip;]<\/p>\n","protected":false},"author":1998,"featured_media":0,"parent":0,"menu_order":0,"comment_status":"closed","ping_status":"closed","template":"","meta":{"_acf_changed":false,"_monsterinsights_skip_tracking":false,"_monsterinsights_sitenote_active":false,"_monsterinsights_sitenote_note":"","_monsterinsights_sitenote_category":0,"footnotes":""},"class_list":["post-542","page","type-page","status-publish","hentry"],"acf":[],"_links":{"self":[{"href":"https:\/\/bio.ufpr.br\/ctaf\/wp-json\/wp\/v2\/pages\/542","targetHints":{"allow":["GET"]}}],"collection":[{"href":"https:\/\/bio.ufpr.br\/ctaf\/wp-json\/wp\/v2\/pages"}],"about":[{"href":"https:\/\/bio.ufpr.br\/ctaf\/wp-json\/wp\/v2\/types\/page"}],"author":[{"embeddable":true,"href":"https:\/\/bio.ufpr.br\/ctaf\/wp-json\/wp\/v2\/users\/1998"}],"replies":[{"embeddable":true,"href":"https:\/\/bio.ufpr.br\/ctaf\/wp-json\/wp\/v2\/comments?post=542"}],"version-history":[{"count":16,"href":"https:\/\/bio.ufpr.br\/ctaf\/wp-json\/wp\/v2\/pages\/542\/revisions"}],"predecessor-version":[{"id":1518,"href":"https:\/\/bio.ufpr.br\/ctaf\/wp-json\/wp\/v2\/pages\/542\/revisions\/1518"}],"wp:attachment":[{"href":"https:\/\/bio.ufpr.br\/ctaf\/wp-json\/wp\/v2\/media?parent=542"}],"curies":[{"name":"wp","href":"https:\/\/api.w.org\/{rel}","templated":true}]}}