{"id":577,"date":"2020-04-28T15:12:19","date_gmt":"2020-04-28T15:12:19","guid":{"rendered":"https:\/\/bio.ufpr.br\/ctaf\/?page_id=577"},"modified":"2025-08-04T13:38:59","modified_gmt":"2025-08-04T13:38:59","slug":"scanner-de-laminas-zeissmetasystems","status":"publish","type":"page","link":"https:\/\/bio.ufpr.br\/ctaf\/scanner-de-laminas-zeissmetasystems\/","title":{"rendered":"Scanner de L\u00e2minas Zeiss\/MetaSystems"},"content":{"rendered":"<div id=\"attachment_579\" style=\"width: 310px\" class=\"wp-caption aligncenter\"><img loading=\"lazy\" decoding=\"async\" aria-describedby=\"caption-attachment-579\" class=\"wp-image-579 size-medium\" src=\"https:\/\/bio.ufpr.br\/ctaf\/wp-content\/uploads\/sites\/47\/2020\/04\/DSC_4501-300x199.jpg\" alt=\"Foto: ASPEC-UFPR\" width=\"300\" height=\"199\" srcset=\"https:\/\/bio.ufpr.br\/ctaf\/wp-content\/uploads\/sites\/47\/2020\/04\/DSC_4501-300x199.jpg 300w, https:\/\/bio.ufpr.br\/ctaf\/wp-content\/uploads\/sites\/47\/2020\/04\/DSC_4501-768x509.jpg 768w, https:\/\/bio.ufpr.br\/ctaf\/wp-content\/uploads\/sites\/47\/2020\/04\/DSC_4501-1024x678.jpg 1024w\" sizes=\"auto, (max-width: 300px) 100vw, 300px\" \/><p id=\"caption-attachment-579\" class=\"wp-caption-text\">Foto: ASPEC-UFPR<\/p><\/div>\n<p>O Scanner de l\u00e2minas Zeiss\/MetaSystems \u00e9 uma plataforma de escaneamento r\u00e1pida e vers\u00e1til de l\u00e2minas. Conta com o microsc\u00f3pio Axio <strong>Imager.Z2<\/strong> da Zeiss e o software de captura <strong>Metafer<\/strong> da MetaSystems. Esta combina\u00e7\u00e3o garante qualidade e versatilidade para obten\u00e7\u00e3o de imagens.<\/p>\n<p>O Metafer digitaliza amostras de v\u00e1rios tamanhos, com diferentes m\u00e9todos de contraste e amplia\u00e7\u00f5es. Devido \u00e0 modularidade do Metafer e sua arquitetura flex\u00edvel, \u00e9 \u00fatil em in\u00fameras aplica\u00e7\u00f5es, incluindo diagn\u00f3stico citogen\u00e9tico, hematologia, patologia, toxicologia, ci\u00eancias forenses e muito mais.<\/p>\n<p>A\u00a0gera\u00e7\u00e3o de imagens automatizada economiza tempo. Mas ainda mais importante \u00e9 a reprodutibilidade, alcan\u00e7ada pela aplica\u00e7\u00e3o de padr\u00f5es claramente definidos a qualquer an\u00e1lise &#8211; slide a slide, experimento por experimento e paciente por paciente. Dessa forma, o Metafer adiciona um grau imparcial de qualidade aos seus resultados.<\/p>\n<p><strong>Modelo da C\u00e2mera:<\/strong> CoolCube 1 &#8211; Metasystems.<br \/>\n<strong>Software de captura:\u00a0<\/strong>Metafer 4 \/ VSlide<br \/>\n<b>Microsc\u00f3pio:<\/b> Zeiss Axio Imager Z2<\/p>\n<p>Objetivas Zeiss de 5, 10, 20, 63 (\u00f3leo) e 100x (\u00f3leo). N\u00e3o tem 40.<\/p>\n<p><strong>Filtros de Fluoresc\u00eancia:<\/strong><\/p>\n<p>Conjunto de filtros DAPi<br \/>\nEX D 350\/50; BS 400 DCLP; EM D 470\/40<br \/>\nConjunto de filtros FITC<br \/>\nEX HQ493\/16; BS Q507LP; EM HQ527\/30<br \/>\nConjunto de filtros TEXAS RED<br \/>\nEX HQ581\/10; BS Q593LP; EM HQ 617\/40<\/p>\n<div>\n<p>Interessado em utilizar este equipamento?<\/p>\n<p>Saiba como em:\u00a0<a href=\"https:\/\/bio.ufpr.br\/ctaf\/agendamento\/\">Agendamento<\/a><\/p>\n<p>Confira a disponibilidade de uso em:\u00a0<a href=\"https:\/\/bio.ufpr.br\/ctaf\/agenda\/\">Agenda<\/a><\/p>\n<p>Ou entre em contato conosco:\u00a0<a href=\"https:\/\/bio.ufpr.br\/ctaf\/contato\/\">Contato<\/a><\/p>\n<\/div>\n<p>&nbsp;<\/p>\n<p><img loading=\"lazy\" decoding=\"async\" class=\"aligncenter size-medium wp-image-1303\" src=\"https:\/\/bio.ufpr.br\/ctaf\/wp-content\/uploads\/sites\/47\/2023\/06\/scanner-3-300x225.jpg\" alt=\"scanner (3)\" width=\"300\" height=\"225\" srcset=\"https:\/\/bio.ufpr.br\/ctaf\/wp-content\/uploads\/sites\/47\/2023\/06\/scanner-3-300x225.jpg 300w, https:\/\/bio.ufpr.br\/ctaf\/wp-content\/uploads\/sites\/47\/2023\/06\/scanner-3-768x576.jpg 768w, https:\/\/bio.ufpr.br\/ctaf\/wp-content\/uploads\/sites\/47\/2023\/06\/scanner-3-1024x768.jpg 1024w\" sizes=\"auto, (max-width: 300px) 100vw, 300px\" \/>\u00a0<img loading=\"lazy\" decoding=\"async\" class=\"aligncenter size-medium wp-image-1304\" src=\"https:\/\/bio.ufpr.br\/ctaf\/wp-content\/uploads\/sites\/47\/2023\/06\/scanner-4-300x225.jpg\" alt=\"scanner (4)\" width=\"300\" height=\"225\" srcset=\"https:\/\/bio.ufpr.br\/ctaf\/wp-content\/uploads\/sites\/47\/2023\/06\/scanner-4-300x225.jpg 300w, https:\/\/bio.ufpr.br\/ctaf\/wp-content\/uploads\/sites\/47\/2023\/06\/scanner-4-768x576.jpg 768w, https:\/\/bio.ufpr.br\/ctaf\/wp-content\/uploads\/sites\/47\/2023\/06\/scanner-4-1024x768.jpg 1024w\" sizes=\"auto, (max-width: 300px) 100vw, 300px\" \/>\u00a0<img loading=\"lazy\" decoding=\"async\" class=\"aligncenter size-medium wp-image-1302\" src=\"https:\/\/bio.ufpr.br\/ctaf\/wp-content\/uploads\/sites\/47\/2023\/06\/scanner-2-300x225.jpg\" alt=\"scanner (2)\" width=\"300\" height=\"225\" srcset=\"https:\/\/bio.ufpr.br\/ctaf\/wp-content\/uploads\/sites\/47\/2023\/06\/scanner-2-300x225.jpg 300w, https:\/\/bio.ufpr.br\/ctaf\/wp-content\/uploads\/sites\/47\/2023\/06\/scanner-2-768x576.jpg 768w, https:\/\/bio.ufpr.br\/ctaf\/wp-content\/uploads\/sites\/47\/2023\/06\/scanner-2-1024x768.jpg 1024w\" sizes=\"auto, (max-width: 300px) 100vw, 300px\" \/>\u00a0<img loading=\"lazy\" decoding=\"async\" class=\"aligncenter size-medium wp-image-1305\" src=\"https:\/\/bio.ufpr.br\/ctaf\/wp-content\/uploads\/sites\/47\/2023\/06\/scanner-5-300x225.jpg\" alt=\"scanner (5)\" width=\"300\" height=\"225\" srcset=\"https:\/\/bio.ufpr.br\/ctaf\/wp-content\/uploads\/sites\/47\/2023\/06\/scanner-5-300x225.jpg 300w, https:\/\/bio.ufpr.br\/ctaf\/wp-content\/uploads\/sites\/47\/2023\/06\/scanner-5-768x576.jpg 768w, https:\/\/bio.ufpr.br\/ctaf\/wp-content\/uploads\/sites\/47\/2023\/06\/scanner-5-1024x768.jpg 1024w\" sizes=\"auto, (max-width: 300px) 100vw, 300px\" \/>\u00a0<img loading=\"lazy\" decoding=\"async\" class=\"aligncenter size-medium wp-image-1306\" src=\"https:\/\/bio.ufpr.br\/ctaf\/wp-content\/uploads\/sites\/47\/2023\/06\/scanner-6-300x225.jpg\" alt=\"scanner (6)\" width=\"300\" height=\"225\" srcset=\"https:\/\/bio.ufpr.br\/ctaf\/wp-content\/uploads\/sites\/47\/2023\/06\/scanner-6-300x225.jpg 300w, https:\/\/bio.ufpr.br\/ctaf\/wp-content\/uploads\/sites\/47\/2023\/06\/scanner-6-768x576.jpg 768w, https:\/\/bio.ufpr.br\/ctaf\/wp-content\/uploads\/sites\/47\/2023\/06\/scanner-6-1024x768.jpg 1024w\" sizes=\"auto, (max-width: 300px) 100vw, 300px\" \/>\u00a0<img loading=\"lazy\" decoding=\"async\" class=\"aligncenter size-medium wp-image-1308\" src=\"https:\/\/bio.ufpr.br\/ctaf\/wp-content\/uploads\/sites\/47\/2023\/06\/scanner-8-300x225.jpg\" alt=\"scanner (8)\" width=\"300\" height=\"225\" srcset=\"https:\/\/bio.ufpr.br\/ctaf\/wp-content\/uploads\/sites\/47\/2023\/06\/scanner-8-300x225.jpg 300w, https:\/\/bio.ufpr.br\/ctaf\/wp-content\/uploads\/sites\/47\/2023\/06\/scanner-8-768x576.jpg 768w, https:\/\/bio.ufpr.br\/ctaf\/wp-content\/uploads\/sites\/47\/2023\/06\/scanner-8-1024x768.jpg 1024w\" sizes=\"auto, (max-width: 300px) 100vw, 300px\" \/>\u00a0<img loading=\"lazy\" decoding=\"async\" class=\"aligncenter size-medium wp-image-1307\" src=\"https:\/\/bio.ufpr.br\/ctaf\/wp-content\/uploads\/sites\/47\/2023\/06\/scanner-7-225x300.jpg\" alt=\"scanner (7)\" width=\"225\" height=\"300\" srcset=\"https:\/\/bio.ufpr.br\/ctaf\/wp-content\/uploads\/sites\/47\/2023\/06\/scanner-7-225x300.jpg 225w, https:\/\/bio.ufpr.br\/ctaf\/wp-content\/uploads\/sites\/47\/2023\/06\/scanner-7-768x1024.jpg 768w\" sizes=\"auto, (max-width: 225px) 100vw, 225px\" \/>\u00a0<img loading=\"lazy\" decoding=\"async\" class=\"aligncenter size-medium wp-image-1301\" src=\"https:\/\/bio.ufpr.br\/ctaf\/wp-content\/uploads\/sites\/47\/2023\/06\/scanner-1-225x300.jpg\" alt=\"scanner (1)\" width=\"225\" height=\"300\" srcset=\"https:\/\/bio.ufpr.br\/ctaf\/wp-content\/uploads\/sites\/47\/2023\/06\/scanner-1-225x300.jpg 225w, https:\/\/bio.ufpr.br\/ctaf\/wp-content\/uploads\/sites\/47\/2023\/06\/scanner-1-768x1024.jpg 768w\" sizes=\"auto, (max-width: 225px) 100vw, 225px\" \/>\u00a0<img loading=\"lazy\" decoding=\"async\" class=\"aligncenter size-medium wp-image-1310\" src=\"https:\/\/bio.ufpr.br\/ctaf\/wp-content\/uploads\/sites\/47\/2023\/06\/scanner-lindo-2-1-225x300.jpg\" alt=\"scanner lindo (2)\" width=\"225\" height=\"300\" srcset=\"https:\/\/bio.ufpr.br\/ctaf\/wp-content\/uploads\/sites\/47\/2023\/06\/scanner-lindo-2-1-225x300.jpg 225w, https:\/\/bio.ufpr.br\/ctaf\/wp-content\/uploads\/sites\/47\/2023\/06\/scanner-lindo-2-1-768x1024.jpg 768w\" sizes=\"auto, (max-width: 225px) 100vw, 225px\" \/>\u00a0<img loading=\"lazy\" decoding=\"async\" class=\"aligncenter size-medium wp-image-1311\" src=\"https:\/\/bio.ufpr.br\/ctaf\/wp-content\/uploads\/sites\/47\/2023\/06\/scanner-lindo-4-1-300x225.jpg\" alt=\"scanner lindo (4)\" width=\"300\" height=\"225\" srcset=\"https:\/\/bio.ufpr.br\/ctaf\/wp-content\/uploads\/sites\/47\/2023\/06\/scanner-lindo-4-1-300x225.jpg 300w, https:\/\/bio.ufpr.br\/ctaf\/wp-content\/uploads\/sites\/47\/2023\/06\/scanner-lindo-4-1-768x576.jpg 768w, https:\/\/bio.ufpr.br\/ctaf\/wp-content\/uploads\/sites\/47\/2023\/06\/scanner-lindo-4-1-1024x768.jpg 1024w\" sizes=\"auto, (max-width: 300px) 100vw, 300px\" \/>\u00a0<img loading=\"lazy\" decoding=\"async\" class=\"aligncenter size-medium wp-image-1309\" src=\"https:\/\/bio.ufpr.br\/ctaf\/wp-content\/uploads\/sites\/47\/2023\/06\/scanner-lindo-1-1-300x225.jpg\" alt=\"scanner lindo (1)\" width=\"300\" height=\"225\" srcset=\"https:\/\/bio.ufpr.br\/ctaf\/wp-content\/uploads\/sites\/47\/2023\/06\/scanner-lindo-1-1-300x225.jpg 300w, https:\/\/bio.ufpr.br\/ctaf\/wp-content\/uploads\/sites\/47\/2023\/06\/scanner-lindo-1-1-768x576.jpg 768w, https:\/\/bio.ufpr.br\/ctaf\/wp-content\/uploads\/sites\/47\/2023\/06\/scanner-lindo-1-1-1024x768.jpg 1024w\" sizes=\"auto, (max-width: 300px) 100vw, 300px\" \/><\/p>\n","protected":false},"excerpt":{"rendered":"<p>O Scanner de l\u00e2minas Zeiss\/MetaSystems \u00e9 uma plataforma de escaneamento r\u00e1pida e vers\u00e1til de l\u00e2minas. Conta com o microsc\u00f3pio Axio Imager.Z2 da Zeiss e o software de captura Metafer da MetaSystems. Esta combina\u00e7\u00e3o garante qualidade e versatilidade para obten\u00e7\u00e3o de imagens. O Metafer digitaliza amostras de v\u00e1rios tamanhos, com diferentes m\u00e9todos de contraste e amplia\u00e7\u00f5es. [&hellip;]<\/p>\n","protected":false},"author":1998,"featured_media":0,"parent":0,"menu_order":0,"comment_status":"closed","ping_status":"closed","template":"","meta":{"_acf_changed":false,"_monsterinsights_skip_tracking":false,"_monsterinsights_sitenote_active":false,"_monsterinsights_sitenote_note":"","_monsterinsights_sitenote_category":0,"footnotes":""},"class_list":["post-577","page","type-page","status-publish","hentry"],"acf":[],"_links":{"self":[{"href":"https:\/\/bio.ufpr.br\/ctaf\/wp-json\/wp\/v2\/pages\/577","targetHints":{"allow":["GET"]}}],"collection":[{"href":"https:\/\/bio.ufpr.br\/ctaf\/wp-json\/wp\/v2\/pages"}],"about":[{"href":"https:\/\/bio.ufpr.br\/ctaf\/wp-json\/wp\/v2\/types\/page"}],"author":[{"embeddable":true,"href":"https:\/\/bio.ufpr.br\/ctaf\/wp-json\/wp\/v2\/users\/1998"}],"replies":[{"embeddable":true,"href":"https:\/\/bio.ufpr.br\/ctaf\/wp-json\/wp\/v2\/comments?post=577"}],"version-history":[{"count":13,"href":"https:\/\/bio.ufpr.br\/ctaf\/wp-json\/wp\/v2\/pages\/577\/revisions"}],"predecessor-version":[{"id":1598,"href":"https:\/\/bio.ufpr.br\/ctaf\/wp-json\/wp\/v2\/pages\/577\/revisions\/1598"}],"wp:attachment":[{"href":"https:\/\/bio.ufpr.br\/ctaf\/wp-json\/wp\/v2\/media?parent=577"}],"curies":[{"name":"wp","href":"https:\/\/api.w.org\/{rel}","templated":true}]}}