{"id":696,"date":"2020-10-06T12:44:01","date_gmt":"2020-10-06T12:44:01","guid":{"rendered":"https:\/\/bio.ufpr.br\/ctaf\/?page_id=696"},"modified":"2025-07-11T14:53:12","modified_gmt":"2025-07-11T14:53:12","slug":"planejamento-estrategico","status":"publish","type":"page","link":"https:\/\/bio.ufpr.br\/ctaf\/o-centro\/planejamento-estrategico\/","title":{"rendered":"Planejamento estrat\u00e9gico"},"content":{"rendered":"<h4><strong>\u00a0<u>APRESENTA\u00c7\u00c3O<\/u><\/strong><\/h4>\n<p><strong>\u00a0<\/strong>O <strong>CTAF<\/strong> (Centro de Tecnologias Avan\u00e7adas em Fluoresc\u00eancia) da Universidade Federal do Paran\u00e1 (UFPR) \u00e9 um laborat\u00f3rio de apoio \u00e0 pesquisa cient\u00edfica em regime de funcionamento multiusu\u00e1rio. O principal produto obtido nesse laborat\u00f3rio \u00e9 a imagem cient\u00edfica e sua an\u00e1lise.<\/p>\n<p>Conta com equipamentos de microscopia, citometria de fluxo e esta\u00e7\u00f5es de trabalho para edi\u00e7\u00e3o e an\u00e1lise b\u00e1sica de imagens. Esses equipamentos, de alta sensibilidade na forma\u00e7\u00e3o de imagens, foram adquiridos atrav\u00e9s de editais CT-Infra (FINEP), Pr\u00f3-Equipamentos (CAPES) e Fundo de Desenvolvimento Acad\u00eamico (FDA\/UFPR).<\/p>\n<p>As salas onde est\u00e3o instalados esses equipamentos s\u00e3o climatizadas, com controle de temperatura e de umidade. Est\u00e3o localizadas no andar t\u00e9rreo do Setor de Ci\u00eancias Biol\u00f3gicas, no Centro Polit\u00e9cnico.<\/p>\n<p>O <strong>CTAF<\/strong> atende a comunidade cient\u00edfica da UFPR, mas tamb\u00e9m est\u00e1 aberto a outras Institui\u00e7\u00f5es que promovam a educa\u00e7\u00e3o, pesquisa e desenvolvimento. O atendimento \u00e9 feito por t\u00e9cnicos treinados para operar os equipamentos e para conversar com os usu\u00e1rios sobre estrat\u00e9gias de montagem e observa\u00e7\u00e3o dos materiais de an\u00e1lise.<\/p>\n<p>&nbsp;<\/p>\n<h4><strong><u>ESTRUTURA ORGANIZACIONAL<\/u><\/strong><\/h4>\n<p class=\"ds-markdown-paragraph\">O CTAF \u00e9 gerido por um\u00a0<strong>Comit\u00ea Gestor<\/strong>, composto por pesquisadores experientes e um representante t\u00e9cnico, respons\u00e1veis pela orienta\u00e7\u00e3o estrat\u00e9gica, gest\u00e3o de recursos e de pesquisa.<\/p>\n<p class=\"ds-markdown-paragraph\"><strong>Comit\u00ea Gestor:<\/strong><\/p>\n<ul>\n<li>\n<p class=\"ds-markdown-paragraph\"><strong>Prof. Dr. Claudio da Cunha<\/strong><\/p>\n<\/li>\n<li>\n<p class=\"ds-markdown-paragraph\"><strong>Prof. Dr. Daniel Pacheco Bruschi<\/strong><\/p>\n<\/li>\n<li>\n<p class=\"ds-markdown-paragraph\"><strong>Prof. Dr. Edvaldo da Silva Trindade<\/strong>\u00a0<em>(Coordenador)<\/em><\/p>\n<\/li>\n<li>\n<p class=\"ds-markdown-paragraph\"><strong>Prof. Dr. Silvio Marques Zanata<\/strong><\/p>\n<\/li>\n<li>\n<p class=\"ds-markdown-paragraph\"><strong>T\u00e9c. Me. Israel Henrique Bini<\/strong>\u00a0<em>(Representante T\u00e9cnico)<\/em><\/p>\n<\/li>\n<\/ul>\n<p class=\"ds-markdown-paragraph\">Este comit\u00ea assegura que o laborat\u00f3rio mantenha\u00a0<strong>padr\u00f5es de excel\u00eancia<\/strong>, alinhando suas opera\u00e7\u00f5es \u00e0s demandas da pesquisa cient\u00edfica e ao desenvolvimento tecnol\u00f3gico.<\/p>\n<p>&nbsp;<\/p>\n<h4><strong><u>MISS\u00c3O<\/u><\/strong><\/h4>\n<p>Dar suporte \u00e0 forma\u00e7\u00e3o de cientistas e ao desenvolvimento de pesquisas de alta qualidade por possibilitar a aquisi\u00e7\u00e3o de dados de alta resolu\u00e7\u00e3o e confiabilidade em microscopias de luz e citometria.<\/p>\n<p><strong>\u00a0<\/strong><\/p>\n<h4><strong><u>DESAFIOS ESTRAT\u00c9GICOS<\/u><\/strong><\/h4>\n<p><strong>\u00a0<\/strong>Atender pesquisadores e estudantes com efici\u00eancia, com pessoal t\u00e9cnico altamente qualificado.<\/p>\n<p>Oferecer equipamentos calibrados e com manuten\u00e7\u00e3o adequada, que permitam a produ\u00e7\u00e3o de resultados confi\u00e1veis e de alta resolu\u00e7\u00e3o em microscopias de luz e citometria.<\/p>\n<p><strong><u>\u00a0<\/u><\/strong><\/p>\n<h4><strong><u>DETALHAMENTO DAS METAS PARA O PER\u00cdODO 2020-2024<\/u><\/strong><\/h4>\n<table class=\" aligncenter\" style=\"height: 1004px;border-color: #000000\" width=\"872\">\n<tbody>\n<tr>\n<td style=\"border-color: #000000;width: 206px\" width=\"206\"><strong>Meta<\/strong><\/td>\n<td style=\"border-color: #000000;width: 206px\" width=\"359\"><strong>Descri\u00e7\u00e3o<\/strong><\/td>\n<td style=\"border-color: #000000;width: 206px\" width=\"142\"><strong>Prazo<\/strong><\/td>\n<\/tr>\n<tr>\n<td rowspan=\"2\" width=\"206\">Manuten\u00e7\u00e3o do funcionamento de equipamentos de microscopia confocal<\/td>\n<td width=\"359\">Contrata\u00e7\u00e3o de servi\u00e7os especializados de manuten\u00e7\u00e3o dos microsc\u00f3pios confocais (limpeza e alinhamento) e dos sistemas de ilumina\u00e7\u00e3o a laser (troca e alinhamento) e de detectores fotomultiplicadores do sistema (troca e calibra\u00e7\u00e3o)<\/td>\n<td width=\"142\">2\u00ba semestre 2021 e 1\u00ba semestre 2024<\/td>\n<\/tr>\n<tr>\n<td width=\"359\">Compra de novo LASER OBIS 488 com Kit de conex\u00e3o<\/td>\n<td width=\"142\">1\u00ba semestre 2021<\/td>\n<\/tr>\n<tr>\n<td width=\"206\">Manuten\u00e7\u00e3o do funcionamento do sistema de varredura de l\u00e2minas histol\u00f3gicas MetaSystem<\/td>\n<td width=\"359\">Aquisi\u00e7\u00e3o de software e computador atualizados para manter o funcionamento do scanner de l\u00e2minas histol\u00f3gicas Zeiss, na plataforma de imageamento MetaSystem.<\/td>\n<td width=\"142\">2\u00ba semestre 2020<\/td>\n<\/tr>\n<tr>\n<td width=\"206\">Recupera\u00e7\u00e3o de esta\u00e7\u00e3o off-line de tratamento de imagens<\/td>\n<td width=\"359\">Aquisi\u00e7\u00e3o de fonte de energia para computador<\/td>\n<td width=\"142\">1\u00ba semestre 2021<\/td>\n<\/tr>\n<tr>\n<td width=\"206\">Manuten\u00e7\u00e3o do funcionamento de equipamentos de citometriz de fluxo<\/td>\n<td width=\"359\">Alinhamento das fontes de luz e detectores.<\/td>\n<td width=\"142\">2022<\/td>\n<\/tr>\n<tr>\n<td width=\"206\">Manuten\u00e7\u00e3o do funcionamento do sistema de microscopia de super resolu\u00e7\u00e3o<\/td>\n<td width=\"359\">Contrata\u00e7\u00e3o de servi\u00e7o de manuten\u00e7\u00e3o preventiva e corretiva do microsc\u00f3pio de super resolu\u00e7\u00e3o Nikon<\/td>\n<td width=\"142\">2022-2023<\/td>\n<\/tr>\n<tr>\n<td width=\"206\">Capacita\u00e7\u00e3o de pessoal t\u00e9cnico do <strong>CTAF<\/strong><\/td>\n<td width=\"359\">Contrata\u00e7\u00e3o de treinamentos de atualiza\u00e7\u00e3o nos diferentes equipamentos do <strong>CTAF<\/strong><\/td>\n<td width=\"142\">Cont\u00ednuo<\/td>\n<\/tr>\n<tr>\n<td width=\"206\">Aumento da capacidade de atendimento do <strong>CTAF<\/strong><\/td>\n<td width=\"359\">Contrata\u00e7\u00e3o\/aloca\u00e7\u00e3o de t\u00e9cnicos para atuarem no atendimento nos equipamentos do <strong>CTAF<\/strong><\/td>\n<td width=\"142\">Cont\u00ednuo<\/td>\n<\/tr>\n<\/tbody>\n<\/table>\n<p>&nbsp;<\/p>\n","protected":false},"excerpt":{"rendered":"<p>\u00a0APRESENTA\u00c7\u00c3O \u00a0O CTAF (Centro de Tecnologias Avan\u00e7adas em Fluoresc\u00eancia) da Universidade Federal do Paran\u00e1 (UFPR) \u00e9 um laborat\u00f3rio de apoio \u00e0 pesquisa cient\u00edfica em regime de funcionamento multiusu\u00e1rio. O principal produto obtido nesse laborat\u00f3rio \u00e9 a imagem cient\u00edfica e sua an\u00e1lise. Conta com equipamentos de microscopia, citometria de fluxo e esta\u00e7\u00f5es de trabalho para edi\u00e7\u00e3o [&hellip;]<\/p>\n","protected":false},"author":2102,"featured_media":0,"parent":408,"menu_order":1,"comment_status":"closed","ping_status":"closed","template":"","meta":{"_acf_changed":false,"_monsterinsights_skip_tracking":false,"_monsterinsights_sitenote_active":false,"_monsterinsights_sitenote_note":"","_monsterinsights_sitenote_category":0,"footnotes":""},"class_list":["post-696","page","type-page","status-publish","hentry"],"acf":[],"_links":{"self":[{"href":"https:\/\/bio.ufpr.br\/ctaf\/wp-json\/wp\/v2\/pages\/696","targetHints":{"allow":["GET"]}}],"collection":[{"href":"https:\/\/bio.ufpr.br\/ctaf\/wp-json\/wp\/v2\/pages"}],"about":[{"href":"https:\/\/bio.ufpr.br\/ctaf\/wp-json\/wp\/v2\/types\/page"}],"author":[{"embeddable":true,"href":"https:\/\/bio.ufpr.br\/ctaf\/wp-json\/wp\/v2\/users\/2102"}],"replies":[{"embeddable":true,"href":"https:\/\/bio.ufpr.br\/ctaf\/wp-json\/wp\/v2\/comments?post=696"}],"version-history":[{"count":11,"href":"https:\/\/bio.ufpr.br\/ctaf\/wp-json\/wp\/v2\/pages\/696\/revisions"}],"predecessor-version":[{"id":1585,"href":"https:\/\/bio.ufpr.br\/ctaf\/wp-json\/wp\/v2\/pages\/696\/revisions\/1585"}],"up":[{"embeddable":true,"href":"https:\/\/bio.ufpr.br\/ctaf\/wp-json\/wp\/v2\/pages\/408"}],"wp:attachment":[{"href":"https:\/\/bio.ufpr.br\/ctaf\/wp-json\/wp\/v2\/media?parent=696"}],"curies":[{"name":"wp","href":"https:\/\/api.w.org\/{rel}","templated":true}]}}