{"id":705,"date":"2020-10-09T11:24:56","date_gmt":"2020-10-09T11:24:56","guid":{"rendered":"https:\/\/bio.ufpr.br\/ctaf\/?page_id=705"},"modified":"2025-09-19T14:42:44","modified_gmt":"2025-09-19T14:42:44","slug":"equipamentos","status":"publish","type":"page","link":"https:\/\/bio.ufpr.br\/ctaf\/equipamentos\/","title":{"rendered":"Equipamentos"},"content":{"rendered":"<p><strong>Confira nos links abaixo algumas informa\u00e7\u00f5es sobre os equipamentos dispon\u00edveis no CTAF.<\/strong><\/p>\n<p>Acesse o <strong>CTAF<\/strong> no portal <strong>PNIPE-MCTI<\/strong> pelo link &#8211;&gt;\u00a0<a href=\"https:\/\/pnipe.mcti.gov.br\/laboratory\/8776\">https:\/\/pnipe.mctic.gov.br\/laboratory\/8776<\/a><\/p>\n<p>&nbsp;<\/p>\n<p>&nbsp;<\/p>\n<table style=\"height: 266px\" width=\"1085\">\n<tbody>\n<tr>\n<td style=\"text-align: center\"><strong>Microsc\u00f3pios<\/strong><\/td>\n<td style=\"text-align: center\"><strong style=\"text-align: center\">Cit\u00f4metros<\/strong><\/td>\n<td style=\"text-align: center\"><strong style=\"text-align: center\">Computadores<\/strong><\/td>\n<\/tr>\n<tr>\n<td style=\"text-align: center\"><span style=\"color: #0000ff\"><a style=\"color: #0000ff\" href=\"https:\/\/bio.ufpr.br\/ctaf\/?page_id=527&amp;preview=true\">Confocal A1R MP+ Nikon<\/a><\/span><\/td>\n<td style=\"text-align: center\"><span style=\"color: #0000ff\"><a style=\"color: #0000ff\" href=\"https:\/\/bio.ufpr.br\/ctaf\/citometro-facsmelody\/\">FACS Melody BD<\/a><\/span><\/td>\n<td style=\"text-align: center\"><span style=\"color: #0000ff\"><a style=\"color: #0000ff\" href=\"https:\/\/bio.ufpr.br\/ctaf\/estacao-de-trabalho-nikon\/\">Esta\u00e7\u00e3o de trabalho Nikon<\/a><\/span><\/td>\n<\/tr>\n<tr>\n<td style=\"text-align: center\"><span style=\"color: #0000ff\"><a style=\"color: #0000ff\" href=\"https:\/\/bio.ufpr.br\/ctaf\/scanner-de-laminas-zeissmetasystems\/\">Scanner de l\u00e2minas Zeiss<\/a><\/span><\/td>\n<td style=\"text-align: center\"><span style=\"color: #0000ff\">FACS Calibur BD<\/span><\/td>\n<td style=\"text-align: center\"><span style=\"color: #0000ff\"><a style=\"color: #0000ff\" href=\"https:\/\/bio.ufpr.br\/ctaf\/estacao-de-trabalho-ctaf-01\/\">Esta\u00e7\u00e3o de trabalho CTAF 01<\/a><\/span><\/td>\n<\/tr>\n<tr>\n<td style=\"text-align: center\"><span style=\"color: #0000ff\"><a style=\"color: #0000ff\" href=\"https:\/\/bio.ufpr.br\/ctaf\/microscopio-bx51-olympus\/\">Olympus BX51<\/a><\/span><\/td>\n<td><\/td>\n<td style=\"text-align: center\"><a href=\"https:\/\/bio.ufpr.br\/ctaf\/estacao-de-trabalho-zeiss\/\"><span style=\"color: #0000ff\">Esta\u00e7\u00e3o de trabalho Zeiss<\/span><\/a><\/td>\n<\/tr>\n<tr>\n<td style=\"text-align: center\"><span style=\"color: #0000ff\"><a style=\"color: #0000ff\" href=\"https:\/\/bio.ufpr.br\/ctaf\/axiolab-a1-zeiss\/\">Axio LabA1 Zeiss<\/a><\/span><\/td>\n<td><\/td>\n<td style=\"text-align: center\"><span style=\"color: #0000ff\">Esta\u00e7\u00e3o de trabalho Backup<\/span><\/td>\n<\/tr>\n<tr>\n<td style=\"text-align: center\"><span style=\"color: #0000ff\"><a style=\"color: #0000ff\" href=\"https:\/\/bio.ufpr.br\/ctaf\/microscopio-axio-observer-z1-invertido-zeiss\/\">Axio Z1 Zeiss invertido<\/a><\/span><\/td>\n<td style=\"text-align: center\"><strong>Outros<\/strong><\/td>\n<td><\/td>\n<\/tr>\n<tr>\n<td style=\"text-align: center\"><span style=\"color: #0000ff\"><a style=\"color: #0000ff\" href=\"https:\/\/bio.ufpr.br\/ctaf\/microdisseccao-a-laser-leica\/\">Microdissec\u00e7\u00e3o a laser Leica<\/a><\/span><\/td>\n<td style=\"text-align: center\"><a href=\"https:\/\/bio.ufpr.br\/ctaf\/macrotomo-leica\/\"><span style=\"color: #0000ff\">Criomacr\u00f3tomo Leica<\/span><\/a><\/td>\n<td style=\"text-align: center\"><\/td>\n<\/tr>\n<tr>\n<td style=\"text-align: center\"><a href=\"https:\/\/bio.ufpr.br\/ctaf\/super-resolucao-nikon\/\"><span style=\"color: #0000ff\">Super resolu\u00e7\u00e3o Nikon<\/span><\/a><\/td>\n<td style=\"text-align: center\"><span style=\"color: #0000ff\"><a style=\"color: #0000ff\" href=\"https:\/\/bio.ufpr.br\/ctaf\/sistema-de-imageamento-in-vivo\/\">Sistema In-Vivo FX PRO<\/a><\/span><\/td>\n<td style=\"text-align: center\"><\/td>\n<\/tr>\n<tr>\n<td style=\"text-align: center\"><a href=\"https:\/\/bio.ufpr.br\/ctaf\/nikon-e800\/\"><span style=\"color: #0000ff\">E800 Nikon<\/span><\/a><\/td>\n<td><\/td>\n<td style=\"text-align: center\"><\/td>\n<\/tr>\n<\/tbody>\n<\/table>\n<p>&nbsp;<\/p>\n","protected":false},"excerpt":{"rendered":"<p>Confira nos links abaixo algumas informa\u00e7\u00f5es sobre os equipamentos dispon\u00edveis no CTAF. Acesse o CTAF no portal PNIPE-MCTI pelo link &#8211;&gt;\u00a0https:\/\/pnipe.mctic.gov.br\/laboratory\/8776 &nbsp; &nbsp; Microsc\u00f3pios Cit\u00f4metros Computadores Confocal A1R MP+ Nikon FACS Melody BD Esta\u00e7\u00e3o de trabalho Nikon Scanner de l\u00e2minas Zeiss FACS Calibur BD Esta\u00e7\u00e3o de trabalho CTAF 01 Olympus BX51 Esta\u00e7\u00e3o de trabalho Zeiss [&hellip;]<\/p>\n","protected":false},"author":6,"featured_media":0,"parent":0,"menu_order":0,"comment_status":"closed","ping_status":"closed","template":"","meta":{"_acf_changed":false,"_monsterinsights_skip_tracking":false,"_monsterinsights_sitenote_active":false,"_monsterinsights_sitenote_note":"","_monsterinsights_sitenote_category":0,"footnotes":""},"class_list":["post-705","page","type-page","status-publish","hentry"],"acf":[],"_links":{"self":[{"href":"https:\/\/bio.ufpr.br\/ctaf\/wp-json\/wp\/v2\/pages\/705","targetHints":{"allow":["GET"]}}],"collection":[{"href":"https:\/\/bio.ufpr.br\/ctaf\/wp-json\/wp\/v2\/pages"}],"about":[{"href":"https:\/\/bio.ufpr.br\/ctaf\/wp-json\/wp\/v2\/types\/page"}],"author":[{"embeddable":true,"href":"https:\/\/bio.ufpr.br\/ctaf\/wp-json\/wp\/v2\/users\/6"}],"replies":[{"embeddable":true,"href":"https:\/\/bio.ufpr.br\/ctaf\/wp-json\/wp\/v2\/comments?post=705"}],"version-history":[{"count":32,"href":"https:\/\/bio.ufpr.br\/ctaf\/wp-json\/wp\/v2\/pages\/705\/revisions"}],"predecessor-version":[{"id":1656,"href":"https:\/\/bio.ufpr.br\/ctaf\/wp-json\/wp\/v2\/pages\/705\/revisions\/1656"}],"wp:attachment":[{"href":"https:\/\/bio.ufpr.br\/ctaf\/wp-json\/wp\/v2\/media?parent=705"}],"curies":[{"name":"wp","href":"https:\/\/api.w.org\/{rel}","templated":true}]}}