{"id":732,"date":"2020-10-09T11:30:17","date_gmt":"2020-10-09T11:30:17","guid":{"rendered":"https:\/\/bio.ufpr.br\/ctaf\/?page_id=732"},"modified":"2023-06-19T17:37:09","modified_gmt":"2023-06-19T17:37:09","slug":"cadastro-de-usuarios","status":"publish","type":"page","link":"https:\/\/bio.ufpr.br\/ctaf\/cadastro-de-usuarios\/","title":{"rendered":"Cadastro de Usu\u00e1rios"},"content":{"rendered":"<p>O <strong>CTAF<\/strong> \u00e9 um laborat\u00f3rio de microscopia e citometria multiusu\u00e1rio, dispon\u00edvel a toda comunidade da UFPR e Institui\u00e7\u00f5es de ensino que promovam educa\u00e7\u00e3o, pesquisa e extens\u00e3o.<\/p>\n<p>Para ter acesso aos equipamentos \u00e9 necess\u00e1rio que o\u00a0interessado fa\u00e7a um cadastro pr\u00e9vio. Com este preenchido,\u00a0o usu\u00e1rio\u00a0poder\u00e1 solicitar agendamentos\u00a0e treinamentos para uso de todos os nossos recursos.<\/p>\n<p>Preencha o cadastro no link abaixo:<\/p>\n<p><a href=\"https:\/\/docs.google.com\/forms\/d\/e\/1FAIpQLSc9hyrRQF2OgLhIQ_IdYyWSj-JNUDkh-Nnql5fl4jVVFWrGMw\/viewform?usp=sf_link\">Cadastro de usu\u00e1rio<\/a><\/p>\n","protected":false},"excerpt":{"rendered":"<p>O CTAF \u00e9 um laborat\u00f3rio de microscopia e citometria multiusu\u00e1rio, dispon\u00edvel a toda comunidade da UFPR e Institui\u00e7\u00f5es de ensino que promovam educa\u00e7\u00e3o, pesquisa e extens\u00e3o. Para ter acesso aos equipamentos \u00e9 necess\u00e1rio que o\u00a0interessado fa\u00e7a um cadastro pr\u00e9vio. Com este preenchido,\u00a0o usu\u00e1rio\u00a0poder\u00e1 solicitar agendamentos\u00a0e treinamentos para uso de todos os nossos recursos. Preencha o [&hellip;]<\/p>\n","protected":false},"author":6,"featured_media":0,"parent":0,"menu_order":0,"comment_status":"closed","ping_status":"closed","template":"","meta":{"_acf_changed":false,"_monsterinsights_skip_tracking":false,"_monsterinsights_sitenote_active":false,"_monsterinsights_sitenote_note":"","_monsterinsights_sitenote_category":0,"footnotes":""},"class_list":["post-732","page","type-page","status-publish","hentry"],"acf":[],"_links":{"self":[{"href":"https:\/\/bio.ufpr.br\/ctaf\/wp-json\/wp\/v2\/pages\/732","targetHints":{"allow":["GET"]}}],"collection":[{"href":"https:\/\/bio.ufpr.br\/ctaf\/wp-json\/wp\/v2\/pages"}],"about":[{"href":"https:\/\/bio.ufpr.br\/ctaf\/wp-json\/wp\/v2\/types\/page"}],"author":[{"embeddable":true,"href":"https:\/\/bio.ufpr.br\/ctaf\/wp-json\/wp\/v2\/users\/6"}],"replies":[{"embeddable":true,"href":"https:\/\/bio.ufpr.br\/ctaf\/wp-json\/wp\/v2\/comments?post=732"}],"version-history":[{"count":6,"href":"https:\/\/bio.ufpr.br\/ctaf\/wp-json\/wp\/v2\/pages\/732\/revisions"}],"predecessor-version":[{"id":1195,"href":"https:\/\/bio.ufpr.br\/ctaf\/wp-json\/wp\/v2\/pages\/732\/revisions\/1195"}],"wp:attachment":[{"href":"https:\/\/bio.ufpr.br\/ctaf\/wp-json\/wp\/v2\/media?parent=732"}],"curies":[{"name":"wp","href":"https:\/\/api.w.org\/{rel}","templated":true}]}}